{"id":7294,"date":"2026-03-27T01:03:45","date_gmt":"2026-03-27T09:03:45","guid":{"rendered":"https:\/\/szlmi.com\/?post_type=product&#038;p=7294"},"modified":"2026-04-02T19:47:00","modified_gmt":"2026-04-03T03:47:00","slug":"tower-crane-lmi","status":"publish","type":"product","link":"https:\/\/szlmi.com\/pt\/product\/tower-crane-lmi\/","title":{"rendered":"Grua de torre LMI"},"content":{"rendered":"<h1 style=\"text-align: center;\"><span style=\"color: #336699;\"><strong>Grua de torre LMI<\/strong><\/span><\/h1>\n<h3><span style=\"color: #336699;\"><strong>Descri\u00e7\u00e3o da imagem<\/strong><\/span><\/h3>\n<p><img fetchpriority=\"high\" decoding=\"async\" class=\"size-full wp-image-7295 aligncenter\" src=\"https:\/\/szlmi.com\/wp-content\/uploads\/2026\/03\/1-2.jpg\" alt=\"\" width=\"600\" height=\"748\" \/><\/p>\n<hr \/>\n<h3><span style=\"color: #336699;\"><strong>Introdu\u00e7\u00e3o<\/strong><\/span><\/h3>\n<p>The tower crane LMI integrates comprehensive tower crane safety monitoring capabilities: the core intelligent lifting LMI simultaneously monitors key parameters such as lifting weight, working radius, boom angle, and adjacent crane position. When the moment reaches 90% of the rated value, an automatic audible and visual warning is issued. If the threshold is exceeded, power in the dangerous direction is instantly cut off, achieving precise tower crane overload protection. Combined with a tower crane anti-collision module, it supports multi-machine collaborative warnings. The newly added wire rope wear monitoring can detect broken wires and loose strands in real time, providing early warnings of equipment wear. It also integrates wind speed monitoring and electronic fence area restriction functions, along with full-cycle data traceability from the tower crane&#8217;s black box and remote cloud monitoring, achieving comprehensive coverage of operational risks.<\/p>\n<hr \/>\n<h3><span style=\"color: #336699;\">Modelos de gruas de torre com suporte<\/span><\/h3>\n<p>Adequado para todos os tipos de gruas de torre de lan\u00e7a fixa e gruas de torre de lan\u00e7a vari\u00e1vel<\/p>\n<hr \/>\n<h3><span style=\"color: #336699;\"><strong>Funcionalidades\u00a0<\/strong><\/span><\/h3>\n<ul>\n<li>Prote\u00e7\u00e3o contra sobrecarga<\/li>\n<li>Evitar colis\u00f5es<\/li>\n<li>Veda\u00e7\u00e3o eletr\u00f3nica<\/li>\n<li>Monitoriza\u00e7\u00e3o de cabos de a\u00e7o<\/li>\n<li>Rastreabilidade dos dados do ciclo de vida completo da caixa negra<\/li>\n<li>Monitoriza\u00e7\u00e3o remota da nuvem<\/li>\n<\/ul>\n<hr \/>\n<h3><span style=\"color: #336699;\"><strong>Par\u00e2metros do sistema<\/strong><\/span><\/h3>\n<ul>\n<li>Tens\u00e3o nominal de funcionamento: AC 220V \u00b110%, 50Hz;<\/li>\n<li>Circuito de controlo \/ fonte de alimenta\u00e7\u00e3o do sensor: DC 24V<\/li>\n<li>Temperatura de trabalho: -20\u2103\uff5e+70\u2103;<\/li>\n<li>Temperatura de armazenamento: -20\u2103\uff5e+70\u2103;<\/li>\n<li>Erro do sistema: \u00b13%,<\/li>\n<li>erro de visualiza\u00e7\u00e3o: \u00b15%<\/li>\n<li>Capacidade de contacto do rel\u00e9: AC220V 5A;<\/li>\n<li>N\u00edvel de prote\u00e7\u00e3o: IP65;<\/li>\n<\/ul>\n<hr \/>\n<h3><span style=\"color: #336699;\"><strong>Partes<\/strong><\/span><\/h3>\n<p><img decoding=\"async\" class=\"size-full wp-image-7296 aligncenter\" src=\"https:\/\/szlmi.com\/wp-content\/uploads\/2026\/03\/11.jpg\" alt=\"\" width=\"600\" height=\"1400\" \/><\/p>\n<hr \/>\n<h3><span style=\"color: #336699;\"><strong>Caso<\/strong><\/span><\/h3>\n<p><img decoding=\"async\" class=\"size-full wp-image-7331 aligncenter\" src=\"https:\/\/szlmi.com\/wp-content\/uploads\/2026\/04\/\u6848\u4f8b.jpg\" alt=\"\" width=\" 1000\" height=\"407\" srcset=\"https:\/\/szlmi.com\/wp-content\/uploads\/2026\/04\/\u6848\u4f8b.jpg 1981w, https:\/\/szlmi.com\/wp-content\/uploads\/2026\/04\/\u6848\u4f8b-300x62.jpg 300w, https:\/\/szlmi.com\/wp-content\/uploads\/2026\/04\/\u6848\u4f8b-1024x210.jpg 1024w, https:\/\/szlmi.com\/wp-content\/uploads\/2026\/04\/\u6848\u4f8b-768x158.jpg 768w, https:\/\/szlmi.com\/wp-content\/uploads\/2026\/04\/\u6848\u4f8b-1536x316.jpg 1536w, https:\/\/szlmi.com\/wp-content\/uploads\/2026\/04\/\u6848\u4f8b-18x4.jpg 18w, https:\/\/szlmi.com\/wp-content\/uploads\/2026\/04\/\u6848\u4f8b-600x123.jpg 600w, https:\/\/szlmi.com\/wp-content\/uploads\/2026\/04\/\u6848\u4f8b-64x13.jpg 64w\" sizes=\"(max-width: 1981px) 100vw, 1981px\" \/><\/p>\n<hr \/>\n<div class=\"ast-oembed-container\" style=\"height: 100%;\"><iframe title=\"Dispositivos de prote\u00e7\u00e3o para gruas-torre\" width=\"500\" height=\"375\" src=\"https:\/\/www.youtube.com\/embed\/H4lqFe8Nw-0?feature=oembed\" frameborder=\"0\" allow=\"accelerometer; autoplay; clipboard-write; encrypted-media; gyroscope; picture-in-picture; web-share\" referrerpolicy=\"strict-origin-when-cross-origin\" allowfullscreen><\/iframe><\/div>","protected":false},"excerpt":{"rendered":"<p>Tower Crane LMI Picture Description Introduction The tower crane LMI integrates comprehensive tower crane safety monitoring capabilities: the core intelligent lifting LMI simultaneously monitors key parameters such as lifting weight, working radius, boom angle, and adjacent crane position. When the moment reaches 90% of the rated value, an automatic audible and visual warning is issued. [&hellip;]<\/p>","protected":false},"featured_media":7298,"template":"","meta":{"_monsterinsights_skip_tracking":false,"_monsterinsights_sitenote_active":false,"_monsterinsights_sitenote_note":"","_monsterinsights_sitenote_category":0,"site-sidebar-layout":"default","site-content-layout":"","ast-site-content-layout":"default","site-content-style":"default","site-sidebar-style":"default","ast-global-header-display":"","ast-banner-title-visibility":"","ast-main-header-display":"","ast-hfb-above-header-display":"","ast-hfb-below-header-display":"","ast-hfb-mobile-header-display":"","site-post-title":"","ast-breadcrumbs-content":"","ast-featured-img":"","footer-sml-layout":"","theme-transparent-header-meta":"default","adv-header-id-meta":"","stick-header-meta":"","header-above-stick-meta":"","header-main-stick-meta":"","header-below-stick-meta":"","astra-migrate-meta-layouts":"set","ast-page-background-enabled":"default","ast-page-background-meta":{"desktop":{"background-color":"","background-image":"","background-repeat":"repeat","background-position":"center center","background-size":"auto","background-attachment":"scroll","background-type":"","background-media":"","overlay-type":"","overlay-color":"","overlay-opacity":"","overlay-gradient":""},"tablet":{"background-color":"","background-image":"","background-repeat":"repeat","background-position":"center center","background-size":"auto","background-attachment":"scroll","background-type":"","background-media":"","overlay-type":"","overlay-color":"","overlay-opacity":"","overlay-gradient":""},"mobile":{"background-color":"","background-image":"","background-repeat":"repeat","background-position":"center center","background-size":"auto","background-attachment":"scroll","background-type":"","background-media":"","overlay-type":"","overlay-color":"","overlay-opacity":"","overlay-gradient":""}},"ast-content-background-meta":{"desktop":{"background-color":"var(--ast-global-color-5)","background-image":"","background-repeat":"repeat","background-position":"center center","background-size":"auto","background-attachment":"scroll","background-type":"","background-media":"","overlay-type":"","overlay-color":"","overlay-opacity":"","overlay-gradient":""},"tablet":{"background-color":"var(--ast-global-color-5)","background-image":"","background-repeat":"repeat","background-position":"center center","background-size":"auto","background-attachment":"scroll","background-type":"","background-media":"","overlay-type":"","overlay-color":"","overlay-opacity":"","overlay-gradient":""},"mobile":{"background-color":"var(--ast-global-color-5)","background-image":"","background-repeat":"repeat","background-position":"center center","background-size":"auto","background-attachment":"scroll","background-type":"","background-media":"","overlay-type":"","overlay-color":"","overlay-opacity":"","overlay-gradient":""}}},"product_cat":[69],"product_tag":[84,169,260],"class_list":{"0":"post-7294","1":"product","2":"type-product","3":"status-publish","4":"has-post-thumbnail","6":"product_cat-product","7":"product_tag-crane-load-moment-indicator","8":"product_tag-load-moment-indicator","9":"product_tag-tower-crane-lmi","10":"desktop-align-left","11":"tablet-align-left","12":"mobile-align-left","14":"first","15":"instock","16":"shipping-taxable","17":"product-type-simple"},"aioseo_notices":[],"_links":{"self":[{"href":"https:\/\/szlmi.com\/pt\/wp-json\/wp\/v2\/product\/7294","targetHints":{"allow":["GET"]}}],"collection":[{"href":"https:\/\/szlmi.com\/pt\/wp-json\/wp\/v2\/product"}],"about":[{"href":"https:\/\/szlmi.com\/pt\/wp-json\/wp\/v2\/types\/product"}],"wp:featuredmedia":[{"embeddable":true,"href":"https:\/\/szlmi.com\/pt\/wp-json\/wp\/v2\/media\/7298"}],"wp:attachment":[{"href":"https:\/\/szlmi.com\/pt\/wp-json\/wp\/v2\/media?parent=7294"}],"wp:term":[{"taxonomy":"product_cat","embeddable":true,"href":"https:\/\/szlmi.com\/pt\/wp-json\/wp\/v2\/product_cat?post=7294"},{"taxonomy":"product_tag","embeddable":true,"href":"https:\/\/szlmi.com\/pt\/wp-json\/wp\/v2\/product_tag?post=7294"}],"curies":[{"name":"wp","href":"https:\/\/api.w.org\/{rel}","templated":true}]}}