{"id":7075,"date":"2026-02-10T18:32:24","date_gmt":"2026-02-11T02:32:24","guid":{"rendered":"https:\/\/szlmi.com\/?post_type=product&#038;p=7075"},"modified":"2026-03-05T01:37:49","modified_gmt":"2026-03-05T09:37:49","slug":"crane-safe-load-limiter","status":"publish","type":"product","link":"https:\/\/szlmi.com\/pt\/product\/crane-safe-load-limiter\/","title":{"rendered":"Indicador do momento de carga da grua do cami\u00e3o (LMI)"},"content":{"rendered":"<h1 style=\"text-align: center;\"><span style=\"color: #336699;\"><strong>Cami\u00e3o Carga de grua<\/strong> monitor<\/span><\/h1>\n<p>&nbsp;<\/p>\n<h3><span style=\"color: #336699;\"><strong>Descri\u00e7\u00e3o da imagem<\/strong><\/span><\/h3>\n<p><img fetchpriority=\"high\" decoding=\"async\" class=\"size-full wp-image-7076 aligncenter\" src=\"https:\/\/szlmi.com\/wp-content\/uploads\/2026\/02\/1-1.jpg\" alt=\"\" width=\"600\" height=\"600\" srcset=\"https:\/\/szlmi.com\/wp-content\/uploads\/2026\/02\/1-1.jpg 1000w, https:\/\/szlmi.com\/wp-content\/uploads\/2026\/02\/1-1-300x300.jpg 300w, https:\/\/szlmi.com\/wp-content\/uploads\/2026\/02\/1-1-150x150.jpg 150w, https:\/\/szlmi.com\/wp-content\/uploads\/2026\/02\/1-1-768x768.jpg 768w, https:\/\/szlmi.com\/wp-content\/uploads\/2026\/02\/1-1-12x12.jpg 12w, https:\/\/szlmi.com\/wp-content\/uploads\/2026\/02\/1-1-600x600.jpg 600w, https:\/\/szlmi.com\/wp-content\/uploads\/2026\/02\/1-1-100x100.jpg 100w, https:\/\/szlmi.com\/wp-content\/uploads\/2026\/02\/1-1-64x64.jpg 64w\" sizes=\"(max-width: 600px) 100vw, 600px\" \/><\/p>\n<hr \/>\n<h3><span style=\"color: #336699;\"><strong>Introdu\u00e7\u00e3o<\/strong><\/span><\/h3>\n<p class=\"ds-markdown-paragraph\"><span data-imt-p=\"1\">O SZ-TC01 <a class=\"key-tag\" href=\"https:\/\/szlmi.com\/product-category\/product\/load-moment-indicator\/\" target=\"_blank\" rel=\"noopener\"><strong>indicador de momento de carga<\/strong><\/a> (LMI) para um cami\u00e3o-grua \u00e9 um dispositivo de seguran\u00e7a essencial que monitoriza o estado da carga da grua em tempo real e evita a sobrecarga e a inclina\u00e7\u00e3o. Ao integrar dados mec\u00e2nicos com par\u00e2metros do equipamento, fornece aos operadores avisos de seguran\u00e7a precisos para garantir a seguran\u00e7a operacional.<\/span><\/p>\n<hr \/>\n<h3><span style=\"color: #336699;\"><strong>Principais componentes do sistema LMI<\/strong><\/span><\/h3>\n<ol class=\"list-paddingleft-2\" start=\"1\">\n<li>\n<p class=\"ds-markdown-paragraph\"><span data-imt-p=\"1\">Unidade de visualiza\u00e7\u00e3o<\/span><\/p>\n<ul class=\"list-paddingleft-2\">\n<li>\n<p class=\"ds-markdown-paragraph\"><span data-imt-p=\"1\">Capacidade nominal de eleva\u00e7\u00e3o (carga de trabalho segura)<\/span><\/p>\n<\/li>\n<li>\n<p class=\"ds-markdown-paragraph\"><span data-imt-p=\"1\">Carga real (medida por sensores)<\/span><\/p>\n<\/li>\n<li>\n<p class=\"ds-markdown-paragraph\"><span data-imt-p=\"1\">Comprimento da lan\u00e7a (a partir dos sensores de comprimento)<\/span><\/p>\n<\/li>\n<li>\n<p class=\"ds-markdown-paragraph\"><span data-imt-p=\"1\">\u00c2ngulo da lan\u00e7a (dos sensores de \u00e2ngulo)<\/span><\/p>\n<\/li>\n<\/ul>\n<ul class=\"list-paddingleft-2\">\n<li>\n<p class=\"ds-markdown-paragraph\"><span data-imt-p=\"1\">Mostra dados em tempo real, tais como:<\/span><\/p>\n<\/li>\n<li>\n<p class=\"ds-markdown-paragraph\"><span data-imt-p=\"1\">Pode tamb\u00e9m apresentar a velocidade do vento, o estado do estabilizador e o raio (alcance de trabalho).<\/span><\/p>\n<\/li>\n<\/ul>\n<\/li>\n<li>\n<p class=\"ds-markdown-paragraph\"><span data-imt-p=\"1\">Sensores de press\u00e3o hidr\u00e1ulica<\/span><\/p>\n<ul class=\"list-paddingleft-2\">\n<li>\n<p class=\"ds-markdown-paragraph\"><span data-imt-p=\"1\">Medir a carga da grua atrav\u00e9s da dete\u00e7\u00e3o da press\u00e3o no sistema hidr\u00e1ulico de eleva\u00e7\u00e3o.<\/span><\/p>\n<\/li>\n<li>\n<p class=\"ds-markdown-paragraph\"><span data-imt-p=\"1\">Converter a for\u00e7a hidr\u00e1ulica num sinal el\u00e9trico para o processador LMI.<\/span><\/p>\n<\/li>\n<\/ul>\n<\/li>\n<li>\n<p class=\"ds-markdown-paragraph\"><span data-imt-p=\"1\">Sensores de comprimento da lan\u00e7a<\/span><\/p>\n<ul class=\"list-paddingleft-2\">\n<li>\n<p class=\"ds-markdown-paragraph\"><span data-imt-p=\"1\">Normalmente, um potenci\u00f3metro ou codificador que controla a extens\u00e3o da lan\u00e7a telesc\u00f3pica.<\/span><\/p>\n<\/li>\n<\/ul>\n<\/li>\n<li>\n<p class=\"ds-markdown-paragraph\"><span data-imt-p=\"1\">Sensor do \u00e2ngulo da lan\u00e7a (Inclin\u00f3metro)<\/span><\/p>\n<ul class=\"list-paddingleft-2\">\n<li>\n<p class=\"ds-markdown-paragraph\"><span data-imt-p=\"1\">Mede o \u00e2ngulo da barra em rela\u00e7\u00e3o ao solo.<\/span><\/p>\n<\/li>\n<li>\n<p class=\"ds-markdown-paragraph\"><span data-imt-p=\"1\">Cr\u00edtico para o c\u00e1lculo da capacidade de carga (\u00e2ngulos mais elevados permitem geralmente cargas mais pesadas).<\/span><\/p>\n<\/li>\n<\/ul>\n<\/li>\n<li>\n<p class=\"ds-markdown-paragraph\"><span data-imt-p=\"1\">Unidade de controlo (Processador)<\/span><\/p>\n<ul class=\"list-paddingleft-2\">\n<li>\n<p class=\"ds-markdown-paragraph\"><span data-imt-p=\"1\">Calcula os limites de trabalho seguros com base nas entradas do sensor.<\/span><\/p>\n<\/li>\n<li>\n<p class=\"ds-markdown-paragraph\"><span data-imt-p=\"1\">Compara a carga real com a capacidade nominal e acciona alarmes se os limites forem excedidos.<\/span><\/p>\n<\/li>\n<\/ul>\n<\/li>\n<\/ol>\n<p><img decoding=\"async\" class=\"size-full wp-image-7077 aligncenter\" src=\"https:\/\/szlmi.com\/wp-content\/uploads\/2026\/02\/\u672a\u6807\u9898-1.jpg\" alt=\"\" width=\"1656\" height=\"300\" srcset=\"https:\/\/szlmi.com\/wp-content\/uploads\/2026\/02\/\u672a\u6807\u9898-1.jpg 1656w, https:\/\/szlmi.com\/wp-content\/uploads\/2026\/02\/\u672a\u6807\u9898-1-300x54.jpg 300w, https:\/\/szlmi.com\/wp-content\/uploads\/2026\/02\/\u672a\u6807\u9898-1-1024x186.jpg 1024w, https:\/\/szlmi.com\/wp-content\/uploads\/2026\/02\/\u672a\u6807\u9898-1-768x139.jpg 768w, https:\/\/szlmi.com\/wp-content\/uploads\/2026\/02\/\u672a\u6807\u9898-1-1536x278.jpg 1536w, https:\/\/szlmi.com\/wp-content\/uploads\/2026\/02\/\u672a\u6807\u9898-1-18x3.jpg 18w, https:\/\/szlmi.com\/wp-content\/uploads\/2026\/02\/\u672a\u6807\u9898-1-600x109.jpg 600w, https:\/\/szlmi.com\/wp-content\/uploads\/2026\/02\/\u672a\u6807\u9898-1-64x12.jpg 64w\" sizes=\"(max-width: 1656px) 100vw, 1656px\" \/><\/p>\n<hr \/>\n<h3><span style=\"color: #336699;\"><strong>Funcionalidades\u00a0<\/strong><\/span><\/h3>\n<ul>\n<li>F\u00e1cil de instalar, instale voc\u00ea mesmo<\/li>\n<li>Peso real, raio, exibi\u00e7\u00e3o de altura<\/li>\n<li>altura, peso, aviso de sobrecarga<\/li>\n<li>sobrecarga de registo de dados<\/li>\n<li>Alarme por aud\u00edvel<\/li>\n<\/ul>\n<hr \/>\n<h3><span style=\"color: #336699;\"><strong>Par\u00e2metros do sistema<\/strong><\/span><\/h3>\n<table style=\"line-height: 30px;\" width=\"809\" cellspacing=\"0\" align=\"center\">\n<tbody>\n<tr class=\"firstRow\">\n<td align=\"center\" valign=\"middle\" width=\"200\">\n<p data-imt-p=\"1\">Intervalo de medi\u00e7\u00e3o<\/p>\n<\/td>\n<td align=\"center\" valign=\"middle\" width=\"200\">\n<p data-imt-p=\"1\">1 \uff5e 60T<\/p>\n<\/td>\n<\/tr>\n<tr>\n<td align=\"center\" valign=\"middle\" width=\"154\">\n<p data-imt-p=\"1\">Capacidade de resolu\u00e7\u00e3o<\/p>\n<\/td>\n<td align=\"center\" valign=\"middle\" width=\"154\">0.02T<\/td>\n<\/tr>\n<tr>\n<td align=\"center\" valign=\"middle\" width=\"154\">\n<p data-imt-p=\"1\">Precis\u00e3o combinada<\/p>\n<\/td>\n<td align=\"center\" valign=\"middle\" width=\"154\">\n<p data-imt-p=\"1\">\u00b13%\uff08F.S.\uff09<\/p>\n<\/td>\n<\/tr>\n<tr>\n<td align=\"center\" valign=\"middle\" width=\"154\">\n<p data-imt-p=\"1\">Tens\u00e3o el\u00e9ctrica<\/p>\n<\/td>\n<td align=\"center\" valign=\"middle\" width=\"154\">\n<p data-imt-p=\"1\">DC12-36V \u00b1 5%<\/p>\n<\/td>\n<\/tr>\n<tr>\n<td align=\"center\" valign=\"middle\" width=\"154\">\n<p data-imt-p=\"1\">Temperatura<\/p>\n<\/td>\n<td align=\"center\" valign=\"middle\" width=\"154\">\n<p data-imt-p=\"1\">-20\u2103 - +70\u2103<\/p>\n<\/td>\n<\/tr>\n<tr>\n<td align=\"center\" valign=\"middle\" width=\"154\">\n<p data-imt-p=\"1\">Humidade relativa<\/p>\n<\/td>\n<td align=\"center\" valign=\"middle\" width=\"154\">\n<p data-imt-p=\"1\">90%(20\u2103)<\/p>\n<\/td>\n<\/tr>\n<tr>\n<td align=\"center\" valign=\"middle\" width=\"154\">\n<p data-imt-p=\"1\">Erro de a\u00e7\u00e3o<\/p>\n<\/td>\n<td align=\"center\" valign=\"middle\" width=\"154\">\n<p data-imt-p=\"1\">&lt;\u00b11%\uff08F.S.\uff09<\/p>\n<\/td>\n<\/tr>\n<tr>\n<td align=\"center\" valign=\"middle\" width=\"154\">\n<p data-imt-p=\"1\">Prote\u00e7\u00e3o contra entrada<\/p>\n<\/td>\n<td align=\"center\" valign=\"middle\" width=\"154\">IP65<\/td>\n<\/tr>\n<\/tbody>\n<\/table>\n<hr \/>\n<h3><span style=\"color: #336699;\">Modelos de cami\u00f5es-grua suportados<\/span><\/h3>\n<p><img decoding=\"async\" class=\"size-full wp-image-7078 aligncenter\" src=\"https:\/\/szlmi.com\/wp-content\/uploads\/2026\/02\/1.jpg\" alt=\"\" width=\"1656\" height=\"300\" srcset=\"https:\/\/szlmi.com\/wp-content\/uploads\/2026\/02\/1.jpg 1656w, https:\/\/szlmi.com\/wp-content\/uploads\/2026\/02\/1-300x54.jpg 300w, https:\/\/szlmi.com\/wp-content\/uploads\/2026\/02\/1-1024x186.jpg 1024w, https:\/\/szlmi.com\/wp-content\/uploads\/2026\/02\/1-768x139.jpg 768w, https:\/\/szlmi.com\/wp-content\/uploads\/2026\/02\/1-1536x278.jpg 1536w, https:\/\/szlmi.com\/wp-content\/uploads\/2026\/02\/1-18x3.jpg 18w, https:\/\/szlmi.com\/wp-content\/uploads\/2026\/02\/1-600x109.jpg 600w, https:\/\/szlmi.com\/wp-content\/uploads\/2026\/02\/1-64x12.jpg 64w\" sizes=\"(max-width: 1656px) 100vw, 1656px\" \/><\/p>","protected":false},"excerpt":{"rendered":"<p>Truck Crane load indicator &nbsp; Picture Description Introduction The SZ-TC01 load moment indicator (LMI) system for a Truck\u00a0 Crane is a core safety device that monitors the crane&#8217;s load status in real time and prevents overloading and tipping. By integrating mechanical data with equipment parameters, it provides operators with accurate safety warnings to ensure operational [&hellip;]<\/p>","protected":false},"featured_media":7079,"template":"","meta":{"_monsterinsights_skip_tracking":false,"_monsterinsights_sitenote_active":false,"_monsterinsights_sitenote_note":"","_monsterinsights_sitenote_category":0,"site-sidebar-layout":"default","site-content-layout":"","ast-site-content-layout":"default","site-content-style":"default","site-sidebar-style":"default","ast-global-header-display":"","ast-banner-title-visibility":"","ast-main-header-display":"","ast-hfb-above-header-display":"","ast-hfb-below-header-display":"","ast-hfb-mobile-header-display":"","site-post-title":"","ast-breadcrumbs-content":"","ast-featured-img":"","footer-sml-layout":"","theme-transparent-header-meta":"default","adv-header-id-meta":"","stick-header-meta":"","header-above-stick-meta":"","header-main-stick-meta":"","header-below-stick-meta":"","astra-migrate-meta-layouts":"set","ast-page-background-enabled":"default","ast-page-background-meta":{"desktop":{"background-color":"","background-image":"","background-repeat":"repeat","background-position":"center center","background-size":"auto","background-attachment":"scroll","background-type":"","background-media":"","overlay-type":"","overlay-color":"","overlay-opacity":"","overlay-gradient":""},"tablet":{"background-color":"","background-image":"","background-repeat":"repeat","background-position":"center center","background-size":"auto","background-attachment":"scroll","background-type":"","background-media":"","overlay-type":"","overlay-color":"","overlay-opacity":"","overlay-gradient":""},"mobile":{"background-color":"","background-image":"","background-repeat":"repeat","background-position":"center center","background-size":"auto","background-attachment":"scroll","background-type":"","background-media":"","overlay-type":"","overlay-color":"","overlay-opacity":"","overlay-gradient":""}},"ast-content-background-meta":{"desktop":{"background-color":"var(--ast-global-color-5)","background-image":"","background-repeat":"repeat","background-position":"center center","background-size":"auto","background-attachment":"scroll","background-type":"","background-media":"","overlay-type":"","overlay-color":"","overlay-opacity":"","overlay-gradient":""},"tablet":{"background-color":"var(--ast-global-color-5)","background-image":"","background-repeat":"repeat","background-position":"center center","background-size":"auto","background-attachment":"scroll","background-type":"","background-media":"","overlay-type":"","overlay-color":"","overlay-opacity":"","overlay-gradient":""},"mobile":{"background-color":"var(--ast-global-color-5)","background-image":"","background-repeat":"repeat","background-position":"center center","background-size":"auto","background-attachment":"scroll","background-type":"","background-media":"","overlay-type":"","overlay-color":"","overlay-opacity":"","overlay-gradient":""}}},"product_cat":[64],"product_tag":[84,198,80],"class_list":{"0":"post-7075","1":"product","2":"type-product","3":"status-publish","4":"has-post-thumbnail","6":"product_cat-load-moment-indicator","7":"product_tag-crane-load-moment-indicator","8":"product_tag-crane-safe-load-indicator-sli","9":"product_tag-lmi","10":"desktop-align-left","11":"tablet-align-left","12":"mobile-align-left","14":"first","15":"instock","16":"shipping-taxable","17":"product-type-simple"},"aioseo_notices":[],"_links":{"self":[{"href":"https:\/\/szlmi.com\/pt\/wp-json\/wp\/v2\/product\/7075","targetHints":{"allow":["GET"]}}],"collection":[{"href":"https:\/\/szlmi.com\/pt\/wp-json\/wp\/v2\/product"}],"about":[{"href":"https:\/\/szlmi.com\/pt\/wp-json\/wp\/v2\/types\/product"}],"wp:featuredmedia":[{"embeddable":true,"href":"https:\/\/szlmi.com\/pt\/wp-json\/wp\/v2\/media\/7079"}],"wp:attachment":[{"href":"https:\/\/szlmi.com\/pt\/wp-json\/wp\/v2\/media?parent=7075"}],"wp:term":[{"taxonomy":"product_cat","embeddable":true,"href":"https:\/\/szlmi.com\/pt\/wp-json\/wp\/v2\/product_cat?post=7075"},{"taxonomy":"product_tag","embeddable":true,"href":"https:\/\/szlmi.com\/pt\/wp-json\/wp\/v2\/product_tag?post=7075"}],"curies":[{"name":"wp","href":"https:\/\/api.w.org\/{rel}","templated":true}]}}