{"id":6845,"date":"2024-12-21T17:59:15","date_gmt":"2024-12-22T01:59:15","guid":{"rendered":"https:\/\/szlmi.com\/?post_type=product&#038;p=6845"},"modified":"2026-03-05T21:32:37","modified_gmt":"2026-03-06T05:32:37","slug":"angle-sensor","status":"publish","type":"product","link":"https:\/\/szlmi.com\/pt\/product\/angle-sensor\/","title":{"rendered":"Sensor de \u00e2ngulo"},"content":{"rendered":"<h3><span style=\"color: #336699;\"><strong>Descri\u00e7\u00e3o da imagem<\/strong><\/span><\/h3>\n<div style=\"text-align: center;\"><img fetchpriority=\"high\" decoding=\"async\" style=\"display: inline;\" src=\"https:\/\/szlmi.com\/wp-content\/uploads\/2025\/12\/1-2-2.jpg\" alt=\"\" width=\"300\" height=\"300\" \/>\u00a0 \u00a0 <img decoding=\"async\" style=\"display: inline;\" src=\"https:\/\/szlmi.com\/wp-content\/uploads\/2025\/12\/1-3-2.jpg\" alt=\"\" width=\"300\" height=\"300\" \/><\/div>\n<hr \/>\n<h3><span style=\"color: #336699;\"><strong>Introdu\u00e7\u00e3o<\/strong><\/span><\/h3>\n<div>Os sensores de inclina\u00e7\u00e3o, tamb\u00e9m designados por inclin\u00f3metros, medem o \u00e2ngulo de um objeto em rela\u00e7\u00e3o \u00e0 gravidade da Terra. S\u00e3o amplamente utilizados em ind\u00fastrias como a constru\u00e7\u00e3o, autom\u00f3vel, aeroespacial, rob\u00f3tica e eletr\u00f3nica de consumo para monitorizar a orienta\u00e7\u00e3o, a inclina\u00e7\u00e3o e o declive.<\/div>\n<hr \/>\n<h3><span style=\"color: #336699;\"><strong>Princ\u00edpio de funcionamento<\/strong><\/span><\/h3>\n<div class=\"br-block\">Os sensores de inclina\u00e7\u00e3o detectam altera\u00e7\u00f5es na posi\u00e7\u00e3o angular medindo o efeito da gravidade nos componentes internos. Os mecanismos de dete\u00e7\u00e3o comuns incluem:<\/div>\n<div>Baseado em p\u00eandulo (mec\u00e2nico): Utiliza um p\u00eandulo ponderado que se inclina com a inclina\u00e7\u00e3o.<br \/>\nMEMS (Sistemas Micro-Electro-Mec\u00e2nicos): Baseia-se em elementos capacitivos ou piezoresistivos para detetar o movimento induzido pela gravidade.<br \/>\nEletrol\u00edtico (\u00e0 base de l\u00edquido): Mede as altera\u00e7\u00f5es na condutividade devido \u00e0 desloca\u00e7\u00e3o do fluido.<br \/>\n\u00d3tico: Utiliza feixes de luz e fotodetectores para determinar os \u00e2ngulos de inclina\u00e7\u00e3o.<\/div>\n<div>\n<div>\n<div id=\"wJLQvAnxFPTc-text\" class=\"lc-a-text show\">\n<hr \/>\n<h3><span style=\"color: #336699;\"><strong>Par\u00e2metros<\/strong><\/span><\/h3>\n<\/div>\n<\/div>\n<\/div>\n<div>\n<div>\n<div class=\"lc-a-table\" data-atom-id=\"FmPQXLJKsuTV-table\">\n<table class=\"rich-text-table fill-zebra\">\n<colgroup>\n<col width=\"200\" \/><\/colgroup>\n<colgroup>\n<col width=\"200\" \/><\/colgroup>\n<tbody>\n<tr>\n<td class=\"td-view\" colspan=\"1\" rowspan=\"1\" data-row=\"0\" data-col=\"0\">\n<div style=\"text-align: center;\">Fonte de energia<\/div>\n<\/td>\n<td class=\"td-view\" style=\"text-align: center;\" colspan=\"1\" rowspan=\"1\" data-row=\"0\" data-col=\"1\">\n<div>9-36V DC<\/div>\n<\/td>\n<\/tr>\n<tr>\n<td class=\"td-view\" style=\"text-align: center;\" colspan=\"1\" rowspan=\"1\" data-row=\"1\" data-col=\"0\">\n<div>Sa\u00eddas<\/div>\n<\/td>\n<td class=\"td-view\" colspan=\"1\" rowspan=\"1\" data-row=\"1\" data-col=\"1\">\n<div style=\"text-align: center;\">Sa\u00edda de corrente, sa\u00edda de tens\u00e3o, RS232, RS485<\/div>\n<\/td>\n<\/tr>\n<tr>\n<td class=\"td-view\" colspan=\"1\" rowspan=\"1\" data-row=\"2\" data-col=\"0\">\n<div style=\"text-align: center;\">Frequ\u00eancia de resposta (Hz)<\/div>\n<\/td>\n<td class=\"td-view\" style=\"text-align: center;\" colspan=\"1\" rowspan=\"1\" data-row=\"2\" data-col=\"1\">\n<div>5, 15, 35 e 50 Hz dispon\u00edveis<\/div>\n<\/td>\n<\/tr>\n<tr>\n<td class=\"td-view\" colspan=\"1\" rowspan=\"1\" data-row=\"3\" data-col=\"0\">\n<div style=\"text-align: center;\">Gama de medi\u00e7\u00e3o<\/div>\n<\/td>\n<td class=\"td-view\" style=\"text-align: center;\" colspan=\"1\" rowspan=\"1\" data-row=\"3\" data-col=\"1\">\n<div>\u00b110 graus a \u00b190 graus<\/div>\n<\/td>\n<\/tr>\n<tr>\n<td class=\"td-view\" colspan=\"1\" rowspan=\"1\" data-row=\"4\" data-col=\"0\">\n<div style=\"text-align: center;\">Resolu\u00e7\u00e3o<\/div>\n<\/td>\n<td class=\"td-view\" colspan=\"1\" rowspan=\"1\" data-row=\"4\" data-col=\"1\">\n<div style=\"text-align: center;\" data-imt_insert_failed=\"1\">0.05\u00b0<\/div>\n<\/td>\n<\/tr>\n<tr>\n<td class=\"td-view\" style=\"text-align: center;\" colspan=\"1\" rowspan=\"1\" data-row=\"5\" data-col=\"0\">\n<div>Precis\u00e3o absoluta<\/div>\n<\/td>\n<td class=\"td-view\" colspan=\"1\" rowspan=\"1\" data-row=\"5\" data-col=\"1\">\n<div style=\"text-align: center;\" data-imt_insert_failed=\"1\">0.1\u00b0<\/div>\n<\/td>\n<\/tr>\n<tr>\n<td class=\"td-view\" style=\"text-align: center;\" colspan=\"1\" rowspan=\"1\" data-row=\"6\" data-col=\"0\">\n<div>3. Tempo de resposta<\/div>\n<\/td>\n<td class=\"td-view\" colspan=\"1\" rowspan=\"1\" data-row=\"6\" data-col=\"1\">\n<div style=\"text-align: center;\">0.02s<\/div>\n<\/td>\n<\/tr>\n<tr>\n<td class=\"td-view\" style=\"text-align: center;\" colspan=\"1\" rowspan=\"1\" data-row=\"7\" data-col=\"0\">\n<div>Prote\u00e7\u00e3o<\/div>\n<\/td>\n<td class=\"td-view\" colspan=\"1\" rowspan=\"1\" data-row=\"7\" data-col=\"1\">\n<div style=\"text-align: center;\">IP67<\/div>\n<\/td>\n<\/tr>\n<\/tbody>\n<\/table>\n<\/div>\n<\/div>\n<\/div>\n<div>\n<div>\n<div class=\"lc-a-text show\">\n<div>\n<hr \/>\n<h3><span style=\"color: #336699;\"><strong>Principais aplica\u00e7\u00f5es<\/strong><\/span><\/h3>\n<p>Constru\u00e7\u00e3o e engenharia civil: Monitoriza\u00e7\u00e3o da inclina\u00e7\u00e3o estrutural em pontes, edif\u00edcios e barragens. Autom\u00f3vel e transportes: Controlo de estabilidade, dete\u00e7\u00e3o de capotamento e nivelamento de ve\u00edculos.<br \/>\nRob\u00f3tica e Drones: Controlo do equil\u00edbrio e da orienta\u00e7\u00e3o.<br \/>\nMaquinaria industrial: Assegurar o alinhamento correto do equipamento pesado.<\/p>\n<hr \/>\n<h3><span style=\"color: #336699;\"><strong>Casos<\/strong><\/span><\/h3>\n<div style=\"text-align: center;\"><img decoding=\"async\" style=\"display: inline;\" src=\"https:\/\/szlmi.com\/wp-content\/uploads\/2025\/12\/OEM-Factory-Direct-Selling-Angle-Sensor-for-Load-Indicator-1.webp\" alt=\"\" width=\"300\" height=\"300\" \/>\u00a0 \u00a0 <img loading=\"lazy\" decoding=\"async\" style=\"display: inline;\" src=\"https:\/\/szlmi.com\/wp-content\/uploads\/2025\/12\/OEM-Factory-Direct-Selling-Angle-Sensor-for-Load-Indicator-2.webp\" alt=\"\" width=\"300\" height=\"300\" \/>\u00a0 \u00a0 <img loading=\"lazy\" decoding=\"async\" style=\"display: inline;\" src=\"https:\/\/szlmi.com\/wp-content\/uploads\/2025\/12\/OEM-Factory-Direct-Selling-Angle-Sensor-for-Load-Indicator.webp\" alt=\"\" width=\"300\" height=\"300\" \/><\/div>\n<\/div>\n<\/div>\n<\/div>\n<\/div>","protected":false},"excerpt":{"rendered":"<p>Picture Description \u00a0 \u00a0 Introduction Tilt sensors, also called inclinometers, measure the angle of an object relative to Earth&#8217;s gravity. They are widely used in industries such as construction, automotive, aerospace, robotics, and consumer electronics to monitor orientation, slope, and inclination. Working Principle Tilt sensors detect changes in angular position by measuring the effect of [&hellip;]<\/p>","protected":false},"featured_media":6850,"template":"","meta":{"_monsterinsights_skip_tracking":false,"_monsterinsights_sitenote_active":false,"_monsterinsights_sitenote_note":"","_monsterinsights_sitenote_category":0,"site-sidebar-layout":"default","site-content-layout":"","ast-site-content-layout":"default","site-content-style":"default","site-sidebar-style":"default","ast-global-header-display":"","ast-banner-title-visibility":"","ast-main-header-display":"","ast-hfb-above-header-display":"","ast-hfb-below-header-display":"","ast-hfb-mobile-header-display":"","site-post-title":"","ast-breadcrumbs-content":"","ast-featured-img":"","footer-sml-layout":"","theme-transparent-header-meta":"default","adv-header-id-meta":"","stick-header-meta":"","header-above-stick-meta":"","header-main-stick-meta":"","header-below-stick-meta":"","astra-migrate-meta-layouts":"set","ast-page-background-enabled":"default","ast-page-background-meta":{"desktop":{"background-color":"","background-image":"","background-repeat":"repeat","background-position":"center center","background-size":"auto","background-attachment":"scroll","background-type":"","background-media":"","overlay-type":"","overlay-color":"","overlay-opacity":"","overlay-gradient":""},"tablet":{"background-color":"","background-image":"","background-repeat":"repeat","background-position":"center center","background-size":"auto","background-attachment":"scroll","background-type":"","background-media":"","overlay-type":"","overlay-color":"","overlay-opacity":"","overlay-gradient":""},"mobile":{"background-color":"","background-image":"","background-repeat":"repeat","background-position":"center center","background-size":"auto","background-attachment":"scroll","background-type":"","background-media":"","overlay-type":"","overlay-color":"","overlay-opacity":"","overlay-gradient":""}},"ast-content-background-meta":{"desktop":{"background-color":"var(--ast-global-color-5)","background-image":"","background-repeat":"repeat","background-position":"center center","background-size":"auto","background-attachment":"scroll","background-type":"","background-media":"","overlay-type":"","overlay-color":"","overlay-opacity":"","overlay-gradient":""},"tablet":{"background-color":"var(--ast-global-color-5)","background-image":"","background-repeat":"repeat","background-position":"center center","background-size":"auto","background-attachment":"scroll","background-type":"","background-media":"","overlay-type":"","overlay-color":"","overlay-opacity":"","overlay-gradient":""},"mobile":{"background-color":"var(--ast-global-color-5)","background-image":"","background-repeat":"repeat","background-position":"center center","background-size":"auto","background-attachment":"scroll","background-type":"","background-media":"","overlay-type":"","overlay-color":"","overlay-opacity":"","overlay-gradient":""}}},"product_cat":[146],"product_tag":[239,238,235],"class_list":{"0":"post-6845","1":"product","2":"type-product","3":"status-publish","4":"has-post-thumbnail","6":"product_cat-sensor","7":"product_tag-angle","8":"product_tag-angle-sensor","9":"product_tag-sensor","10":"desktop-align-left","11":"tablet-align-left","12":"mobile-align-left","14":"first","15":"instock","16":"shipping-taxable","17":"product-type-simple"},"aioseo_notices":[],"_links":{"self":[{"href":"https:\/\/szlmi.com\/pt\/wp-json\/wp\/v2\/product\/6845","targetHints":{"allow":["GET"]}}],"collection":[{"href":"https:\/\/szlmi.com\/pt\/wp-json\/wp\/v2\/product"}],"about":[{"href":"https:\/\/szlmi.com\/pt\/wp-json\/wp\/v2\/types\/product"}],"wp:featuredmedia":[{"embeddable":true,"href":"https:\/\/szlmi.com\/pt\/wp-json\/wp\/v2\/media\/6850"}],"wp:attachment":[{"href":"https:\/\/szlmi.com\/pt\/wp-json\/wp\/v2\/media?parent=6845"}],"wp:term":[{"taxonomy":"product_cat","embeddable":true,"href":"https:\/\/szlmi.com\/pt\/wp-json\/wp\/v2\/product_cat?post=6845"},{"taxonomy":"product_tag","embeddable":true,"href":"https:\/\/szlmi.com\/pt\/wp-json\/wp\/v2\/product_tag?post=6845"}],"curies":[{"name":"wp","href":"https:\/\/api.w.org\/{rel}","templated":true}]}}