{"id":6831,"date":"2024-12-21T17:40:13","date_gmt":"2024-12-22T01:40:13","guid":{"rendered":"https:\/\/szlmi.com\/?post_type=product&#038;p=6831"},"modified":"2026-03-05T21:37:39","modified_gmt":"2026-03-06T05:37:39","slug":"hydraulic-pressure-sensor","status":"publish","type":"product","link":"https:\/\/szlmi.com\/pt\/product\/hydraulic-pressure-sensor\/","title":{"rendered":"Sensor de press\u00e3o hidr\u00e1ulica"},"content":{"rendered":"<h3><span style=\"color: #336699;\"><strong>Descri\u00e7\u00e3o da imagem<\/strong><\/span><\/h3>\n<div style=\"text-align: center;\"><img fetchpriority=\"high\" decoding=\"async\" style=\"display: inline;\" src=\"https:\/\/szlmi.com\/wp-content\/uploads\/2025\/12\/111.jpg\" alt=\"\" width=\"300\" height=\"238\" \/>\u00a0 \u00a0 <img decoding=\"async\" style=\"display: inline;\" src=\"https:\/\/szlmi.com\/wp-content\/uploads\/2025\/12\/\u5fae\u4fe1\u56fe\u7247_20251105150013.jpg\" alt=\"\" width=\"300\" height=\"234\" \/><\/div>\n<hr \/>\n<h3><span style=\"color: #336699;\"><strong>Introdu\u00e7\u00e3o<\/strong><\/span><\/h3>\n<p>Os sensores de press\u00e3o hidr\u00e1ulica s\u00e3o produtos industriais padronizados e modulares. S\u00e3o adequados para a medi\u00e7\u00e3o exacta da press\u00e3o hidr\u00e1ulica nos cilindros da lan\u00e7a de gruas acionadas hidraulicamente. O elemento de dete\u00e7\u00e3o \u00e9 feito de sil\u00edcio difuso piezoresistivo importado ou n\u00facleos de cer\u00e2mica, oferecendo fortes capacidades anti-interfer\u00eancia, alta sensibilidade e desvio m\u00ednimo de temperatura.<\/p>\n<div>\n<div>\n<div id=\"wETmvKJFOIft-text\" class=\"lc-a-text show\">\n<hr \/>\n<h3><span style=\"color: #336699;\"><strong>Par\u00e2metros<\/strong><\/span><\/h3>\n<\/div>\n<\/div>\n<\/div>\n<div>\n<div>\n<div class=\"lc-a-table\" data-atom-id=\"wmaQSOErIDTf-table\">\n<table class=\"rich-text-table fill-zebra\">\n<colgroup>\n<col width=\"200\" \/><\/colgroup>\n<colgroup>\n<col width=\"200\" \/><\/colgroup>\n<tbody>\n<tr>\n<td class=\"td-view\" style=\"text-align: center;\" colspan=\"1\" rowspan=\"1\" data-row=\"0\" data-col=\"0\">\n<div>Gama<\/div>\n<\/td>\n<td class=\"td-view\" colspan=\"1\" rowspan=\"1\" data-row=\"0\" data-col=\"1\">\n<div style=\"text-align: center;\">0-400bar<\/div>\n<\/td>\n<\/tr>\n<tr>\n<td class=\"td-view\" colspan=\"1\" rowspan=\"1\" data-row=\"1\" data-col=\"0\">\n<div style=\"text-align: center;\">Sa\u00eddas<\/div>\n<\/td>\n<td class=\"td-view\" style=\"text-align: center;\" colspan=\"1\" rowspan=\"1\" data-row=\"1\" data-col=\"1\">\n<div data-imt_insert_failed=\"1\">4-20mA<\/div>\n<\/td>\n<\/tr>\n<tr>\n<td class=\"td-view\" colspan=\"1\" rowspan=\"1\" data-row=\"2\" data-col=\"0\">\n<div style=\"text-align: center;\">Acc<\/div>\n<\/td>\n<td class=\"td-view\" style=\"text-align: center;\" colspan=\"1\" rowspan=\"1\" data-row=\"2\" data-col=\"1\">\n<div>0,5%F.S<\/div>\n<\/td>\n<\/tr>\n<tr>\n<td class=\"td-view\" colspan=\"1\" rowspan=\"1\" data-row=\"3\" data-col=\"0\">\n<div style=\"text-align: center;\">Gama de medi\u00e7\u00e3o<\/div>\n<\/td>\n<td class=\"td-view\" style=\"text-align: center;\" colspan=\"1\" rowspan=\"1\" data-row=\"3\" data-col=\"1\">\n<div>\u00b110 graus a \u00b190 graus<\/div>\n<\/td>\n<\/tr>\n<tr>\n<td class=\"td-view\" style=\"text-align: center;\" colspan=\"1\" rowspan=\"1\" data-row=\"4\" data-col=\"0\">\n<div>Entrada<\/div>\n<\/td>\n<td class=\"td-view\" colspan=\"1\" rowspan=\"1\" data-row=\"4\" data-col=\"1\">\n<div style=\"text-align: center;\">12-30Vdc<\/div>\n<\/td>\n<\/tr>\n<tr>\n<td class=\"td-view\" style=\"text-align: center;\" colspan=\"1\" rowspan=\"1\" data-row=\"5\" data-col=\"0\">\n<div>Precis\u00e3o absoluta<\/div>\n<\/td>\n<td class=\"td-view\" colspan=\"1\" rowspan=\"1\" data-row=\"5\" data-col=\"1\">\n<div style=\"text-align: center;\">0,1bar<\/div>\n<\/td>\n<\/tr>\n<tr>\n<td class=\"td-view\" style=\"text-align: center;\" colspan=\"1\" rowspan=\"1\" data-row=\"6\" data-col=\"0\">\n<div>3. Tempo de resposta<\/div>\n<\/td>\n<td class=\"td-view\" colspan=\"1\" rowspan=\"1\" data-row=\"6\" data-col=\"1\">\n<div style=\"text-align: center;\">0.02s<\/div>\n<\/td>\n<\/tr>\n<tr>\n<td class=\"td-view\" style=\"text-align: center;\" colspan=\"1\" rowspan=\"1\" data-row=\"7\" data-col=\"0\">\n<div>Prote\u00e7\u00e3o<\/div>\n<\/td>\n<td class=\"td-view\" colspan=\"1\" rowspan=\"1\" data-row=\"7\" data-col=\"1\">\n<div style=\"text-align: center;\">IP67<\/div>\n<\/td>\n<\/tr>\n<\/tbody>\n<\/table>\n<\/div>\n<\/div>\n<\/div>\n<hr \/>\n<h3><span style=\"color: #336699;\"><strong>Fun\u00e7\u00e3o:<\/strong><\/span><\/h3>\n<p>Dete\u00e7\u00e3o de press\u00e3o: Mede com precis\u00e3o os valores de press\u00e3o din\u00e2mica ou est\u00e1tica de meios como o \u00f3leo e a \u00e1gua no sistema hidr\u00e1ulico, incluindo a press\u00e3o de pico e a press\u00e3o em estado estacion\u00e1rio.<\/p>\n<p>Convers\u00e3o de sinais: Converte a quantidade de press\u00e3o f\u00edsica detectada (por exemplo, press\u00e3o mec\u00e2nica) em sinais el\u00e9ctricos (por exemplo, sinais anal\u00f3gicos como 4-20mA, 0-10V, ou sinais digitais) para processamento subsequente.<\/p>\n<p>Transmiss\u00e3o de dados: Transmite sinais de press\u00e3o para o sistema de controlo (por exemplo, PLC, painel de instrumentos, computador anfitri\u00e3o) atrav\u00e9s de fios (por exemplo, cabo) ou sem fios (por exemplo, Bluetooth, LoRa).<\/p>\n<p>Monitoriza\u00e7\u00e3o do estado: Fornece feedback em tempo real sobre as altera\u00e7\u00f5es de press\u00e3o do sistema hidr\u00e1ulico, ajudando a determinar se o sistema est\u00e1 a funcionar normalmente (por exemplo, sobrecarga, fuga).<\/p>\n<p>Prote\u00e7\u00e3o de seguran\u00e7a: Combinado com a funcionalidade do interrutor de press\u00e3o, acciona alarmes ou desliga-se automaticamente quando a press\u00e3o excede ou desce abaixo de um limite definido para evitar danos no equipamento.<\/p>\n<p>Controlo do processo: Fornece dados para a regula\u00e7\u00e3o da press\u00e3o do sistema hidr\u00e1ulico, trabalhando com v\u00e1lvulas, bombas e outros componentes para obter um controlo de press\u00e3o em circuito fechado e garantir um funcionamento est\u00e1vel do sistema.<\/p>\n<hr \/>\n<h3><span style=\"color: #336699;\"><strong>Casos<\/strong><\/span><\/h3>\n<div style=\"text-align: center;\"><img decoding=\"async\" style=\"display: inline;\" src=\"https:\/\/szlmi.com\/wp-content\/uploads\/2025\/12\/OEM-Factory-Direct-Selling-Hydraulic-Pressure-Sensors-for-Crane-Lmi-1.webp\" alt=\"\" width=\"300\" height=\"238\" \/>\u00a0 \u00a0 <img loading=\"lazy\" decoding=\"async\" style=\"display: inline;\" src=\"https:\/\/szlmi.com\/wp-content\/uploads\/2025\/12\/OEM-Factory-Direct-Selling-Hydraulic-Pressure-Sensors-for-Crane-Lmi-2.webp\" alt=\"\" width=\"300\" height=\"234\" \/>\u00a0 \u00a0 <img loading=\"lazy\" decoding=\"async\" style=\"display: inline;\" src=\"https:\/\/szlmi.com\/wp-content\/uploads\/2025\/12\/OEM-Factory-Direct-Selling-Hydraulic-Pressure-Sensors-for-Crane-Lmi.webp\" alt=\"\" width=\"300\" height=\"234\" \/><\/div>","protected":false},"excerpt":{"rendered":"<p>Picture Description \u00a0 \u00a0 Introduction Hydraulic pressure sensors are standardized, modular industrial products. They are suitable for the precise measurement of hydraulic pressure in the boom cylinders of hydraulically powered cranes. The sensing element is made of imported piezoresistive diffused silicon or ceramic cores, offering strong anti-interference capabilities, high sensitivity, and minimal temperature drift. Parameters [&hellip;]<\/p>","protected":false},"featured_media":6843,"template":"","meta":{"_monsterinsights_skip_tracking":false,"_monsterinsights_sitenote_active":false,"_monsterinsights_sitenote_note":"","_monsterinsights_sitenote_category":0,"site-sidebar-layout":"default","site-content-layout":"","ast-site-content-layout":"default","site-content-style":"default","site-sidebar-style":"default","ast-global-header-display":"","ast-banner-title-visibility":"","ast-main-header-display":"","ast-hfb-above-header-display":"","ast-hfb-below-header-display":"","ast-hfb-mobile-header-display":"","site-post-title":"","ast-breadcrumbs-content":"","ast-featured-img":"","footer-sml-layout":"","theme-transparent-header-meta":"default","adv-header-id-meta":"","stick-header-meta":"","header-above-stick-meta":"","header-main-stick-meta":"","header-below-stick-meta":"","astra-migrate-meta-layouts":"set","ast-page-background-enabled":"default","ast-page-background-meta":{"desktop":{"background-color":"","background-image":"","background-repeat":"repeat","background-position":"center center","background-size":"auto","background-attachment":"scroll","background-type":"","background-media":"","overlay-type":"","overlay-color":"","overlay-opacity":"","overlay-gradient":""},"tablet":{"background-color":"","background-image":"","background-repeat":"repeat","background-position":"center center","background-size":"auto","background-attachment":"scroll","background-type":"","background-media":"","overlay-type":"","overlay-color":"","overlay-opacity":"","overlay-gradient":""},"mobile":{"background-color":"","background-image":"","background-repeat":"repeat","background-position":"center center","background-size":"auto","background-attachment":"scroll","background-type":"","background-media":"","overlay-type":"","overlay-color":"","overlay-opacity":"","overlay-gradient":""}},"ast-content-background-meta":{"desktop":{"background-color":"var(--ast-global-color-5)","background-image":"","background-repeat":"repeat","background-position":"center center","background-size":"auto","background-attachment":"scroll","background-type":"","background-media":"","overlay-type":"","overlay-color":"","overlay-opacity":"","overlay-gradient":""},"tablet":{"background-color":"var(--ast-global-color-5)","background-image":"","background-repeat":"repeat","background-position":"center center","background-size":"auto","background-attachment":"scroll","background-type":"","background-media":"","overlay-type":"","overlay-color":"","overlay-opacity":"","overlay-gradient":""},"mobile":{"background-color":"var(--ast-global-color-5)","background-image":"","background-repeat":"repeat","background-position":"center center","background-size":"auto","background-attachment":"scroll","background-type":"","background-media":"","overlay-type":"","overlay-color":"","overlay-opacity":"","overlay-gradient":""}}},"product_cat":[146],"product_tag":[237,236,235],"class_list":{"0":"post-6831","1":"product","2":"type-product","3":"status-publish","4":"has-post-thumbnail","6":"product_cat-sensor","7":"product_tag-pressure","8":"product_tag-pressure-sensor","9":"product_tag-sensor","10":"desktop-align-left","11":"tablet-align-left","12":"mobile-align-left","14":"first","15":"instock","16":"shipping-taxable","17":"product-type-simple"},"aioseo_notices":[],"_links":{"self":[{"href":"https:\/\/szlmi.com\/pt\/wp-json\/wp\/v2\/product\/6831","targetHints":{"allow":["GET"]}}],"collection":[{"href":"https:\/\/szlmi.com\/pt\/wp-json\/wp\/v2\/product"}],"about":[{"href":"https:\/\/szlmi.com\/pt\/wp-json\/wp\/v2\/types\/product"}],"wp:featuredmedia":[{"embeddable":true,"href":"https:\/\/szlmi.com\/pt\/wp-json\/wp\/v2\/media\/6843"}],"wp:attachment":[{"href":"https:\/\/szlmi.com\/pt\/wp-json\/wp\/v2\/media?parent=6831"}],"wp:term":[{"taxonomy":"product_cat","embeddable":true,"href":"https:\/\/szlmi.com\/pt\/wp-json\/wp\/v2\/product_cat?post=6831"},{"taxonomy":"product_tag","embeddable":true,"href":"https:\/\/szlmi.com\/pt\/wp-json\/wp\/v2\/product_tag?post=6831"}],"curies":[{"name":"wp","href":"https:\/\/api.w.org\/{rel}","templated":true}]}}