{"id":5218,"date":"2025-03-08T18:35:54","date_gmt":"2025-03-09T02:35:54","guid":{"rendered":"https:\/\/szlmi.com\/?post_type=product&#038;p=5218"},"modified":"2026-03-05T21:02:44","modified_gmt":"2026-03-06T05:02:44","slug":"ps-on-line-liquid-concentration-sensor","status":"publish","type":"product","link":"https:\/\/szlmi.com\/pt\/product\/ps-on-line-liquid-concentration-sensor\/","title":{"rendered":"Sensor de concentra\u00e7\u00e3o de l\u00edquidos on-line PS"},"content":{"rendered":"<h3><span style=\"color: #336699;\"><strong>Apresenta\u00e7\u00e3o do produto<\/strong><\/span><\/h3>\n<p data-immersive-translate-paragraph=\"1\" data-spm-anchor-id=\"a2700.details-description.0.i2.6c37VtCNVtCNIW\" data-immersive-translate-walked=\"75aacf22-5f62-41f9-ac75-efc12976376e\">O sensor de concentra\u00e7\u00e3o de l\u00edquidos imersos da s\u00e9rie SZ-PS \u00e9 um instrumento \u00f3tico de alta precis\u00e3o baseado no princ\u00edpio de refra\u00e7\u00e3o da luz e reflex\u00e3o total para medir a concentra\u00e7\u00e3o de l\u00edquidos, adequado para temperaturas inferiores a 0\u00b0C a 80\u00b0C em todos os tipos de dete\u00e7\u00e3o de concentra\u00e7\u00e3o de solu\u00e7\u00f5es. Geralmente instalado em recipientes, piscinas, tanques e outras aplica\u00e7\u00f5es abertas. O produto possui sa\u00edda de sinal de medi\u00e7\u00e3o, ecr\u00e3 e controlo de comuta\u00e7\u00e3o integrados, f\u00e1cil de instalar e manter.<\/p>\n<hr \/>\n<h3><span style=\"color: #336699;\"><strong>Par\u00e2metros<\/strong><\/span><\/h3>\n<p data-immersive-translate-paragraph=\"1\" data-spm-anchor-id=\"a2700.details-description.0.i2.6c37VtCNVtCNIW\" data-immersive-translate-walked=\"75aacf22-5f62-41f9-ac75-efc12976376e\"><img fetchpriority=\"high\" decoding=\"async\" class=\"wp-image-5224 size-full aligncenter\" src=\"https:\/\/szlmi.com\/wp-content\/uploads\/2025\/06\/freecompress-6-e1749435752301.jpg\" alt=\"\" width=\"500\" height=\"380\" srcset=\"https:\/\/szlmi.com\/wp-content\/uploads\/2025\/06\/freecompress-6-e1749435752301.jpg 500w, https:\/\/szlmi.com\/wp-content\/uploads\/2025\/06\/freecompress-6-e1749435752301-300x228.jpg 300w, https:\/\/szlmi.com\/wp-content\/uploads\/2025\/06\/freecompress-6-e1749435752301-16x12.jpg 16w, https:\/\/szlmi.com\/wp-content\/uploads\/2025\/06\/freecompress-6-e1749435752301-64x49.jpg 64w\" sizes=\"(max-width: 500px) 100vw, 500px\" \/><\/p>\n<hr \/>\n<h3><span style=\"color: #336699;\"><strong>Principais carater\u00edsticas t\u00e9cnicas<\/strong><\/span><\/h3>\n<p data-immersive-translate-walked=\"eec4a8c8-19c7-459b-87ae-6ab1768e3ab4\"><strong data-immersive-translate-walked=\"eec4a8c8-19c7-459b-87ae-6ab1768e3ab4\"><span data-immersive-translate-walked=\"eec4a8c8-19c7-459b-87ae-6ab1768e3ab4\" data-immersive-translate-paragraph=\"1\">1. Monitoriza\u00e7\u00e3o cont\u00ednua e em tempo real<\/span><\/strong><\/p>\n<p data-immersive-translate-walked=\"eec4a8c8-19c7-459b-87ae-6ab1768e3ab4\"><span data-immersive-translate-walked=\"eec4a8c8-19c7-459b-87ae-6ab1768e3ab4\" data-immersive-translate-paragraph=\"1\">Instalado diretamente nas linhas de processo (por exemplo, tubagens, reatores) sem amostragem manual, permitindo uma monitoriza\u00e7\u00e3o cont\u00ednua 24 horas por dia, 7 dias por semana, com uma resposta em menos de um segundo.<\/span><\/p>\n<p data-immersive-translate-paragraph=\"1\" data-immersive-translate-walked=\"eec4a8c8-19c7-459b-87ae-6ab1768e3ab4\"><strong data-immersive-translate-walked=\"eec4a8c8-19c7-459b-87ae-6ab1768e3ab4\"><span data-immersive-translate-walked=\"eec4a8c8-19c7-459b-87ae-6ab1768e3ab4\">2.<\/span><\/strong><strong data-immersive-translate-walked=\"eec4a8c8-19c7-459b-87ae-6ab1768e3ab4\"><span data-immersive-translate-walked=\"eec4a8c8-19c7-459b-87ae-6ab1768e3ab4\">Alta precis\u00e3o e estabilidade<\/span><\/strong><\/p>\n<p data-immersive-translate-walked=\"eec4a8c8-19c7-459b-87ae-6ab1768e3ab4\"><span data-immersive-translate-walked=\"eec4a8c8-19c7-459b-87ae-6ab1768e3ab4\" data-immersive-translate-paragraph=\"1\">Incorpora tecnologias como a compensa\u00e7\u00e3o de temperatura e a calibra\u00e7\u00e3o autom\u00e1tica (por exemplo, inje\u00e7\u00e3o peri\u00f3dica de solu\u00e7\u00e3o padr\u00e3o) para reduzir a interfer\u00eancia ambiental (temperatura, press\u00e3o, impurezas).<\/span><\/p>\n<p data-immersive-translate-paragraph=\"1\" data-immersive-translate-walked=\"eec4a8c8-19c7-459b-87ae-6ab1768e3ab4\"><strong data-immersive-translate-walked=\"eec4a8c8-19c7-459b-87ae-6ab1768e3ab4\"><span data-immersive-translate-walked=\"eec4a8c8-19c7-459b-87ae-6ab1768e3ab4\">3.<\/span><\/strong><strong data-immersive-translate-walked=\"eec4a8c8-19c7-459b-87ae-6ab1768e3ab4\"><span data-immersive-translate-walked=\"eec4a8c8-19c7-459b-87ae-6ab1768e3ab4\">Intelig\u00eancia e Integra\u00e7\u00e3o<\/span><\/strong><\/p>\n<p data-immersive-translate-walked=\"eec4a8c8-19c7-459b-87ae-6ab1768e3ab4\"><span data-immersive-translate-walked=\"eec4a8c8-19c7-459b-87ae-6ab1768e3ab4\" data-immersive-translate-paragraph=\"1\">Os microprocessadores integrados suportam o armazenamento de dados, a an\u00e1lise de tend\u00eancias e a integra\u00e7\u00e3o perfeita com sistemas PLC\/DCS atrav\u00e9s de sinais de corrente de 4-20 mA ou interfaces RS485 para controlo automatizado.<\/span><\/p>\n<p data-immersive-translate-paragraph=\"1\" data-immersive-translate-walked=\"eec4a8c8-19c7-459b-87ae-6ab1768e3ab4\"><strong data-immersive-translate-walked=\"eec4a8c8-19c7-459b-87ae-6ab1768e3ab4\"><span data-immersive-translate-walked=\"eec4a8c8-19c7-459b-87ae-6ab1768e3ab4\">4.<\/span><\/strong><strong data-immersive-translate-walked=\"eec4a8c8-19c7-459b-87ae-6ab1768e3ab4\"><span data-immersive-translate-walked=\"eec4a8c8-19c7-459b-87ae-6ab1768e3ab4\">Design dur\u00e1vel<\/span><\/strong><\/p>\n<p data-immersive-translate-walked=\"eec4a8c8-19c7-459b-87ae-6ab1768e3ab4\" data-spm-anchor-id=\"a2700.details-description.0.i7.6c37VtCNVtCNIW\"><span data-immersive-translate-walked=\"eec4a8c8-19c7-459b-87ae-6ab1768e3ab4\" data-immersive-translate-paragraph=\"1\">Os materiais da sonda s\u00e3o normalmente a\u00e7o inoxid\u00e1vel, liga de tit\u00e2nio ou PTFE, oferecendo uma forte resist\u00eancia \u00e0 corros\u00e3o para ambientes de alta temperatura, alta press\u00e3o e altamente corrosivos (por exemplo, rea\u00e7\u00f5es qu\u00edmicas, tratamento de \u00e1guas residuais).<\/span><\/p>\n<hr \/>\n<h3><span style=\"color: #336699;\"><strong>Cen\u00e1rios de aplica\u00e7\u00e3o t\u00edpicos<\/strong><\/span><\/h3>\n<table border=\"0\" cellspacing=\"0\" data-immersive-translate-walked=\"c91d0338-99d6-4fb5-9e69-3e51b3c1ecd1\">\n<tbody data-immersive-translate-walked=\"c91d0338-99d6-4fb5-9e69-3e51b3c1ecd1\">\n<tr data-immersive-translate-walked=\"c91d0338-99d6-4fb5-9e69-3e51b3c1ecd1\">\n<td valign=\"center\" data-immersive-translate-walked=\"c91d0338-99d6-4fb5-9e69-3e51b3c1ecd1\">\n<p align=\"center\" data-immersive-translate-walked=\"c91d0338-99d6-4fb5-9e69-3e51b3c1ecd1\"><strong data-immersive-translate-walked=\"c91d0338-99d6-4fb5-9e69-3e51b3c1ecd1\"><span data-immersive-translate-walked=\"c91d0338-99d6-4fb5-9e69-3e51b3c1ecd1\" data-immersive-translate-paragraph=\"1\">Ind\u00fastria<\/span><\/strong><\/p>\n<\/td>\n<td valign=\"center\" data-immersive-translate-walked=\"c91d0338-99d6-4fb5-9e69-3e51b3c1ecd1\">\n<p align=\"center\" data-immersive-translate-walked=\"c91d0338-99d6-4fb5-9e69-3e51b3c1ecd1\"><strong data-immersive-translate-walked=\"c91d0338-99d6-4fb5-9e69-3e51b3c1ecd1\"><span data-immersive-translate-walked=\"c91d0338-99d6-4fb5-9e69-3e51b3c1ecd1\" data-immersive-translate-paragraph=\"1\">Cen\u00e1rio de Aplica\u00e7\u00e3o<\/span><\/strong><\/p>\n<\/td>\n<td valign=\"center\" data-immersive-translate-walked=\"c91d0338-99d6-4fb5-9e69-3e51b3c1ecd1\" data-spm-anchor-id=\"a2700.details-description.0.i10.6c37VtCNVtCNIW\">\n<p align=\"center\" data-immersive-translate-walked=\"c91d0338-99d6-4fb5-9e69-3e51b3c1ecd1\"><strong data-immersive-translate-walked=\"c91d0338-99d6-4fb5-9e69-3e51b3c1ecd1\"><span data-immersive-translate-walked=\"c91d0338-99d6-4fb5-9e69-3e51b3c1ecd1\" data-immersive-translate-paragraph=\"1\">Alvos de detec\u00e7\u00e3o<\/span><\/strong><\/p>\n<\/td>\n<\/tr>\n<tr data-immersive-translate-walked=\"c91d0338-99d6-4fb5-9e69-3e51b3c1ecd1\">\n<td valign=\"center\" data-immersive-translate-walked=\"c91d0338-99d6-4fb5-9e69-3e51b3c1ecd1\">\n<p data-immersive-translate-walked=\"c91d0338-99d6-4fb5-9e69-3e51b3c1ecd1\"><strong data-immersive-translate-walked=\"c91d0338-99d6-4fb5-9e69-3e51b3c1ecd1\"><span data-immersive-translate-walked=\"c91d0338-99d6-4fb5-9e69-3e51b3c1ecd1\" data-immersive-translate-paragraph=\"1\">Qu\u00edmica e Petroqu\u00edmica<\/span><\/strong><\/p>\n<\/td>\n<td valign=\"center\" data-immersive-translate-walked=\"c91d0338-99d6-4fb5-9e69-3e51b3c1ecd1\">\n<p data-immersive-translate-walked=\"c91d0338-99d6-4fb5-9e69-3e51b3c1ecd1\"><span data-immersive-translate-walked=\"c91d0338-99d6-4fb5-9e69-3e51b3c1ecd1\" data-immersive-translate-paragraph=\"1\">Monitoriza\u00e7\u00e3o da concentra\u00e7\u00e3o em reatores, an\u00e1lise de componentes de coluna de destila\u00e7\u00e3o<\/span><\/p>\n<\/td>\n<td valign=\"center\" data-immersive-translate-walked=\"c91d0338-99d6-4fb5-9e69-3e51b3c1ecd1\">\n<p data-immersive-translate-walked=\"c91d0338-99d6-4fb5-9e69-3e51b3c1ecd1\"><span data-immersive-translate-walked=\"c91d0338-99d6-4fb5-9e69-3e51b3c1ecd1\" data-immersive-translate-paragraph=\"1\">Concentra\u00e7\u00e3o de \u00e1cido\/\u00e1lcali, teor de metanol, corte de \u00e1gua do petr\u00f3leo bruto<\/span><\/p>\n<\/td>\n<\/tr>\n<tr data-immersive-translate-walked=\"c91d0338-99d6-4fb5-9e69-3e51b3c1ecd1\">\n<td valign=\"center\" data-immersive-translate-walked=\"c91d0338-99d6-4fb5-9e69-3e51b3c1ecd1\">\n<p data-immersive-translate-walked=\"c91d0338-99d6-4fb5-9e69-3e51b3c1ecd1\"><strong data-immersive-translate-walked=\"c91d0338-99d6-4fb5-9e69-3e51b3c1ecd1\"><span data-immersive-translate-walked=\"c91d0338-99d6-4fb5-9e69-3e51b3c1ecd1\" data-immersive-translate-paragraph=\"1\">Alimentos e bebidas<\/span><\/strong><\/p>\n<\/td>\n<td valign=\"center\" data-immersive-translate-walked=\"c91d0338-99d6-4fb5-9e69-3e51b3c1ecd1\">\n<p data-immersive-translate-walked=\"c91d0338-99d6-4fb5-9e69-3e51b3c1ecd1\"><span data-immersive-translate-walked=\"c91d0338-99d6-4fb5-9e69-3e51b3c1ecd1\" data-immersive-translate-paragraph=\"1\">Mistura de xaropes em linhas de produ\u00e7\u00e3o, dete\u00e7\u00e3o de componentes l\u00e1cteos, mistura de vinhos<\/span><\/p>\n<\/td>\n<td valign=\"center\" data-immersive-translate-walked=\"c91d0338-99d6-4fb5-9e69-3e51b3c1ecd1\">\n<p data-immersive-translate-walked=\"c91d0338-99d6-4fb5-9e69-3e51b3c1ecd1\" data-spm-anchor-id=\"a2700.details-description.0.i12.6c37VtCNVtCNIW\"><span data-immersive-translate-walked=\"c91d0338-99d6-4fb5-9e69-3e51b3c1ecd1\" data-immersive-translate-paragraph=\"1\" data-spm-anchor-id=\"a2700.details-description.0.i11.6c37VtCNVtCNIW\">Valor Brix, teor de gordura do leite, concentra\u00e7\u00e3o de \u00e1lcool<\/span><\/p>\n<\/td>\n<\/tr>\n<tr data-immersive-translate-walked=\"c91d0338-99d6-4fb5-9e69-3e51b3c1ecd1\">\n<td valign=\"center\" data-immersive-translate-walked=\"c91d0338-99d6-4fb5-9e69-3e51b3c1ecd1\">\n<p data-immersive-translate-walked=\"c91d0338-99d6-4fb5-9e69-3e51b3c1ecd1\"><strong data-immersive-translate-walked=\"c91d0338-99d6-4fb5-9e69-3e51b3c1ecd1\"><span data-immersive-translate-walked=\"c91d0338-99d6-4fb5-9e69-3e51b3c1ecd1\" data-immersive-translate-paragraph=\"1\">Produtos Farmac\u00eauticos e Biotecnologia<\/span><\/strong><\/p>\n<\/td>\n<td valign=\"center\" data-immersive-translate-walked=\"c91d0338-99d6-4fb5-9e69-3e51b3c1ecd1\">\n<p data-immersive-translate-walked=\"c91d0338-99d6-4fb5-9e69-3e51b3c1ecd1\"><span data-immersive-translate-walked=\"c91d0338-99d6-4fb5-9e69-3e51b3c1ecd1\" data-immersive-translate-paragraph=\"1\" data-spm-anchor-id=\"a2700.details-description.0.i14.6c37VtCNVtCNIW\">Monitoriza\u00e7\u00e3o da concentra\u00e7\u00e3o de substrato em tanques de fermenta\u00e7\u00e3o, controlo de impurezas em processos de purifica\u00e7\u00e3o<\/span><\/p>\n<\/td>\n<td valign=\"center\" data-immersive-translate-walked=\"c91d0338-99d6-4fb5-9e69-3e51b3c1ecd1\">\n<p data-immersive-translate-walked=\"c91d0338-99d6-4fb5-9e69-3e51b3c1ecd1\"><span data-immersive-translate-walked=\"c91d0338-99d6-4fb5-9e69-3e51b3c1ecd1\" data-immersive-translate-paragraph=\"1\">Concentra\u00e7\u00e3o de glicose, teor de prote\u00edna, pureza interm\u00e9dia farmac\u00eautica<\/span><\/p>\n<\/td>\n<\/tr>\n<tr data-immersive-translate-walked=\"c91d0338-99d6-4fb5-9e69-3e51b3c1ecd1\">\n<td valign=\"center\" data-immersive-translate-walked=\"c91d0338-99d6-4fb5-9e69-3e51b3c1ecd1\">\n<p data-immersive-translate-walked=\"c91d0338-99d6-4fb5-9e69-3e51b3c1ecd1\"><strong data-immersive-translate-walked=\"c91d0338-99d6-4fb5-9e69-3e51b3c1ecd1\"><span data-immersive-translate-walked=\"c91d0338-99d6-4fb5-9e69-3e51b3c1ecd1\" data-immersive-translate-paragraph=\"1\">Prote\u00e7\u00e3o Ambiental e Tratamento de \u00c1guas<\/span><\/strong><\/p>\n<\/td>\n<td valign=\"center\" data-immersive-translate-walked=\"c91d0338-99d6-4fb5-9e69-3e51b3c1ecd1\">\n<p data-immersive-translate-walked=\"c91d0338-99d6-4fb5-9e69-3e51b3c1ecd1\"><span data-immersive-translate-walked=\"c91d0338-99d6-4fb5-9e69-3e51b3c1ecd1\" data-immersive-translate-paragraph=\"1\">Monitoriza\u00e7\u00e3o da concentra\u00e7\u00e3o de metais pesados \u200b\u200bnas \u00e1guas residuais, dete\u00e7\u00e3o de cloro residual na \u00e1gua pot\u00e1vel<\/span><\/p>\n<\/td>\n<td valign=\"center\" data-immersive-translate-walked=\"c91d0338-99d6-4fb5-9e69-3e51b3c1ecd1\">\n<p data-immersive-translate-walked=\"c91d0338-99d6-4fb5-9e69-3e51b3c1ecd1\"><span data-immersive-translate-walked=\"c91d0338-99d6-4fb5-9e69-3e51b3c1ecd1\" data-immersive-translate-paragraph=\"1\">Concentra\u00e7\u00e3o de i\u00f5es cobre\/n\u00edquel, DQO (demanda qu\u00edmica de oxig\u00e9nio), pH<\/span><\/p>\n<\/td>\n<\/tr>\n<tr data-immersive-translate-walked=\"c91d0338-99d6-4fb5-9e69-3e51b3c1ecd1\">\n<td valign=\"center\" data-immersive-translate-walked=\"c91d0338-99d6-4fb5-9e69-3e51b3c1ecd1\">\n<p data-immersive-translate-walked=\"c91d0338-99d6-4fb5-9e69-3e51b3c1ecd1\"><strong data-immersive-translate-walked=\"c91d0338-99d6-4fb5-9e69-3e51b3c1ecd1\"><span data-immersive-translate-walked=\"c91d0338-99d6-4fb5-9e69-3e51b3c1ecd1\" data-immersive-translate-paragraph=\"1\">Agricultura y elaboraci\u00f3n de cerveza<\/span><\/strong><\/p>\n<\/td>\n<td valign=\"center\" data-immersive-translate-walked=\"c91d0338-99d6-4fb5-9e69-3e51b3c1ecd1\">\n<p data-immersive-translate-walked=\"c91d0338-99d6-4fb5-9e69-3e51b3c1ecd1\"><span data-immersive-translate-walked=\"c91d0338-99d6-4fb5-9e69-3e51b3c1ecd1\" data-immersive-translate-paragraph=\"1\">Controlo da concentra\u00e7\u00e3o na prensagem de sumos, monitoriza\u00e7\u00e3o dos processos de fermenta\u00e7\u00e3o do vinho<\/span><\/p>\n<\/td>\n<td valign=\"center\" data-immersive-translate-walked=\"c91d0338-99d6-4fb5-9e69-3e51b3c1ecd1\">\n<p data-immersive-translate-walked=\"c91d0338-99d6-4fb5-9e69-3e51b3c1ecd1\" data-spm-anchor-id=\"a2700.details-description.0.i8.6c37VtCNVtCNIW\"><span data-immersive-translate-walked=\"c91d0338-99d6-4fb5-9e69-3e51b3c1ecd1\" data-immersive-translate-paragraph=\"1\" data-spm-anchor-id=\"a2700.details-description.0.i13.6c37VtCNVtCNIW\">Taxa de convers\u00e3o do a\u00e7\u00facar, concentra\u00e7\u00e3o de levedura, teor de \u00e1cido ac\u00e9tico<\/span><\/p>\n<\/td>\n<\/tr>\n<\/tbody>\n<\/table>\n<p data-immersive-translate-walked=\"c91d0338-99d6-4fb5-9e69-3e51b3c1ecd1\">","protected":false},"excerpt":{"rendered":"<p>O sensor de concentra\u00e7\u00e3o de l\u00edquidos imersos da s\u00e9rie SZ-PS \u00e9 um instrumento \u00f3tico de alta precis\u00e3o baseado no princ\u00edpio de refra\u00e7\u00e3o da luz e reflex\u00e3o total para medir a concentra\u00e7\u00e3o de l\u00edquidos, adequado para temperaturas inferiores a 0\u00b0C a 80\u00b0C em todos os tipos de dete\u00e7\u00e3o de concentra\u00e7\u00e3o de solu\u00e7\u00f5es. Geralmente instalado em recipientes, piscinas, tanques e outras aplica\u00e7\u00f5es abertas. O produto possui sa\u00edda de sinal de medi\u00e7\u00e3o, ecr\u00e3 e controlo de comuta\u00e7\u00e3o integrados, f\u00e1cil de instalar e manter.<\/p>","protected":false},"featured_media":5536,"template":"","meta":{"_monsterinsights_skip_tracking":false,"_monsterinsights_sitenote_active":false,"_monsterinsights_sitenote_note":"","_monsterinsights_sitenote_category":0,"site-sidebar-layout":"default","site-content-layout":"","ast-site-content-layout":"default","site-content-style":"default","site-sidebar-style":"default","ast-global-header-display":"","ast-banner-title-visibility":"","ast-main-header-display":"","ast-hfb-above-header-display":"","ast-hfb-below-header-display":"","ast-hfb-mobile-header-display":"","site-post-title":"","ast-breadcrumbs-content":"","ast-featured-img":"","footer-sml-layout":"","theme-transparent-header-meta":"default","adv-header-id-meta":"","stick-header-meta":"","header-above-stick-meta":"","header-main-stick-meta":"","header-below-stick-meta":"","astra-migrate-meta-layouts":"set","ast-page-background-enabled":"default","ast-page-background-meta":{"desktop":{"background-color":"","background-image":"","background-repeat":"repeat","background-position":"center center","background-size":"auto","background-attachment":"scroll","background-type":"","background-media":"","overlay-type":"","overlay-color":"","overlay-opacity":"","overlay-gradient":""},"tablet":{"background-color":"","background-image":"","background-repeat":"repeat","background-position":"center center","background-size":"auto","background-attachment":"scroll","background-type":"","background-media":"","overlay-type":"","overlay-color":"","overlay-opacity":"","overlay-gradient":""},"mobile":{"background-color":"","background-image":"","background-repeat":"repeat","background-position":"center center","background-size":"auto","background-attachment":"scroll","background-type":"","background-media":"","overlay-type":"","overlay-color":"","overlay-opacity":"","overlay-gradient":""}},"ast-content-background-meta":{"desktop":{"background-color":"var(--ast-global-color-5)","background-image":"","background-repeat":"repeat","background-position":"center center","background-size":"auto","background-attachment":"scroll","background-type":"","background-media":"","overlay-type":"","overlay-color":"","overlay-opacity":"","overlay-gradient":""},"tablet":{"background-color":"var(--ast-global-color-5)","background-image":"","background-repeat":"repeat","background-position":"center center","background-size":"auto","background-attachment":"scroll","background-type":"","background-media":"","overlay-type":"","overlay-color":"","overlay-opacity":"","overlay-gradient":""},"mobile":{"background-color":"var(--ast-global-color-5)","background-image":"","background-repeat":"repeat","background-position":"center center","background-size":"auto","background-attachment":"scroll","background-type":"","background-media":"","overlay-type":"","overlay-color":"","overlay-opacity":"","overlay-gradient":""}}},"product_cat":[146],"product_tag":[212,211],"class_list":{"0":"post-5218","1":"product","2":"type-product","3":"status-publish","4":"has-post-thumbnail","6":"product_cat-sensor","7":"product_tag-liquid-concentration-sensor","8":"product_tag-online-solution-concentration-meter","9":"desktop-align-left","10":"tablet-align-left","11":"mobile-align-left","13":"first","14":"instock","15":"shipping-taxable","16":"product-type-simple"},"aioseo_notices":[],"_links":{"self":[{"href":"https:\/\/szlmi.com\/pt\/wp-json\/wp\/v2\/product\/5218","targetHints":{"allow":["GET"]}}],"collection":[{"href":"https:\/\/szlmi.com\/pt\/wp-json\/wp\/v2\/product"}],"about":[{"href":"https:\/\/szlmi.com\/pt\/wp-json\/wp\/v2\/types\/product"}],"wp:featuredmedia":[{"embeddable":true,"href":"https:\/\/szlmi.com\/pt\/wp-json\/wp\/v2\/media\/5536"}],"wp:attachment":[{"href":"https:\/\/szlmi.com\/pt\/wp-json\/wp\/v2\/media?parent=5218"}],"wp:term":[{"taxonomy":"product_cat","embeddable":true,"href":"https:\/\/szlmi.com\/pt\/wp-json\/wp\/v2\/product_cat?post=5218"},{"taxonomy":"product_tag","embeddable":true,"href":"https:\/\/szlmi.com\/pt\/wp-json\/wp\/v2\/product_tag?post=5218"}],"curies":[{"name":"wp","href":"https:\/\/api.w.org\/{rel}","templated":true}]}}