{"id":5080,"date":"2025-03-20T22:33:04","date_gmt":"2025-03-21T06:33:04","guid":{"rendered":"https:\/\/szlmi.com\/?post_type=product&#038;p=5080"},"modified":"2026-02-25T17:54:30","modified_gmt":"2026-02-26T01:54:30","slug":"self-loading-concrete-mixer-batching-weighing-system","status":"publish","type":"product","link":"https:\/\/szlmi.com\/pt\/product\/self-loading-concrete-mixer-batching-weighing-system\/","title":{"rendered":"Sistema de pesagem de dosagem de betoneira autocarreg\u00e1vel"},"content":{"rendered":"<h1 style=\"text-align: center;\"><span style=\"color: #336699;\"><strong>Sistema de pesagem de dosagem de betoneira autocarreg\u00e1vel<\/strong><\/span><\/h1>\n<h3><span style=\"color: #336699;\"><strong>Descri\u00e7\u00e3o da imagem<\/strong><\/span><\/h3>\n<p><img fetchpriority=\"high\" decoding=\"async\" class=\"size-full wp-image-5081 aligncenter\" src=\"https:\/\/szlmi.com\/wp-content\/uploads\/2025\/05\/\u4e3b\u56fe.jpg\" alt=\"\" width=\"600\" height=\"870\" \/><\/p>\n<hr \/>\n<h3><span style=\"color: #336699;\"><strong>Introdu\u00e7\u00e3o<\/strong><\/span><\/h3>\n<p>O sistema de pesagem de betoneiras m\u00f3veis autocarreg\u00e1veis, tamb\u00e9m conhecido como sistema de r\u00e1cio de dosagem, \u00e9 uma solu\u00e7\u00e3o integral de pesagem de materiais concebida especificamente para cami\u00f5es betoneiras. Este sistema monitoriza principalmente o peso em tempo real dos ingredientes recebidos, medindo os materiais de forma din\u00e2mica e precisa durante o carregamento para controlar as cargas \u00fateis e garantir a precis\u00e3o dos lotes. Permite propor\u00e7\u00f5es de mistura personalizadas para diferentes requisitos do projeto, ao mesmo tempo que evita a sobrecarga, agiliza a produ\u00e7\u00e3o de bet\u00e3o no local, melhora a qualidade da constru\u00e7\u00e3o, reduz os custos de m\u00e3o-de-obra e aumenta a produtividade global.<\/p>\n<hr \/>\n<h3><span style=\"color: #336699;\"><strong>Principais vantagens<\/strong><\/span><\/h3>\n<ol class=\"auto-hide-last-sibling-br\">\n<li>\n<div class=\"auto-hide-last-sibling-br paragraph-fz9qvc paragraph-element br-paragraph-space\"><strong>Controle Inteligente<\/strong><\/div>\n<ul class=\"auto-hide-last-sibling-br\">\n<li>Arranque com um bot\u00e3o e uma interface intuitiva, permitindo a opera\u00e7\u00e3o por um \u00fanico operador.<\/li>\n<\/ul>\n<\/li>\n<li>\n<div class=\"auto-hide-last-sibling-br paragraph-fz9qvc paragraph-element br-paragraph-space\"><strong>Pesagem de precis\u00e3o<\/strong><\/div>\n<ul class=\"auto-hide-last-sibling-br\">\n<li>Utiliza algoritmos avan\u00e7ados com uma margem de erro inferior a 1%.<\/li>\n<\/ul>\n<\/li>\n<li>\n<div class=\"auto-hide-last-sibling-br paragraph-fz9qvc paragraph-element br-paragraph-space\"><strong>Opera\u00e7\u00e3o amig\u00e1vel para o utilizador<\/strong><\/div>\n<ul class=\"auto-hide-last-sibling-br\">\n<li>Ecr\u00e3 t\u00e1til de alta defini\u00e7\u00e3o de 7 polegadas com feedback responsivo, t\u00e3o intuitivo como um smartphone.<\/li>\n<\/ul>\n<\/li>\n<li>\n<div class=\"auto-hide-last-sibling-br paragraph-fz9qvc paragraph-element br-paragraph-space\"><strong>Gest\u00e3o de Receitas<\/strong><\/div>\n<ul class=\"auto-hide-last-sibling-br\">\n<li>Suporta v\u00e1rios modos de processamento em batch, facilmente adapt\u00e1veis \u200b\u200ba diversos requisitos de produ\u00e7\u00e3o.<\/li>\n<\/ul>\n<\/li>\n<\/ol>\n<hr \/>\n<h3><span style=\"color: #336699;\"><strong>Componentes do sistema<\/strong><\/span><\/h3>\n<ol class=\"auto-hide-last-sibling-br\">\n<li>\n<div class=\"auto-hide-last-sibling-br paragraph-fz9qvc paragraph-element br-paragraph-space\"><strong>Sensores de carga<\/strong><\/div>\n<ul class=\"auto-hide-last-sibling-br\">\n<li><strong>Fun\u00e7\u00e3o:<\/strong>: Detete diretamente as altera\u00e7\u00f5es de peso na tremonha de carga do cami\u00e3o betoneira e converta-as em sinais el\u00e9tricos.<\/li>\n<li><strong>Tipo<\/strong>: Sensores de press\u00e3o instalados nos tubos de eleva\u00e7\u00e3o hidr\u00e1ulica da tremonha.<\/li>\n<\/ul>\n<\/li>\n<li>\n<div class=\"auto-hide-last-sibling-br paragraph-fz9qvc paragraph-element br-paragraph-space\"><strong>Sensor de disparo<\/strong><\/div>\n<ul class=\"auto-hide-last-sibling-br\">\n<li><strong>Fun\u00e7\u00e3o:<\/strong>: Acione a grava\u00e7\u00e3o de dados de peso com base na posi\u00e7\u00e3o de eleva\u00e7\u00e3o da tremonha.<\/li>\n<li><strong>Tipo<\/strong>: Interruptores magn\u00e9ticos de proximidade instalados no bra\u00e7o do funil e nos pontos de articula\u00e7\u00e3o.<\/li>\n<\/ul>\n<\/li>\n<li>\n<div class=\"auto-hide-last-sibling-br paragraph-fz9qvc paragraph-element br-paragraph-space\"><strong>M\u00f3dulo de Processamento de Sinal<\/strong><\/div>\n<ul class=\"auto-hide-last-sibling-br\">\n<li><strong>Fun\u00e7\u00e3o:<\/strong>: Amplifique e filtre os sinais fracos dos sensores para melhorar a rela\u00e7\u00e3o sinal-ru\u00eddo e realizar a convers\u00e3o AD.<\/li>\n<li><strong>Funcionalidades<\/strong>: Compensa\u00e7\u00e3o de temperatura, velocidade e vibra\u00e7\u00e3o (reduz as imprecis\u00f5es causadas pela temperatura ambiente, velocidade de eleva\u00e7\u00e3o, movimento do ve\u00edculo ou rota\u00e7\u00e3o do tambor), corre\u00e7\u00e3o da linearidade.<\/li>\n<\/ul>\n<\/li>\n<li>\n<div class=\"auto-hide-last-sibling-br paragraph-fz9qvc paragraph-element br-paragraph-space\"><strong>Terminal de exibi\u00e7\u00e3o<\/strong><\/div>\n<ul class=\"auto-hide-last-sibling-br\">\n<li><strong>Fun\u00e7\u00e3o:<\/strong>: Visualiza\u00e7\u00e3o e armazenamento em tempo real dos dados de peso processados.<\/li>\n<li><strong>Formatos<\/strong>:\n<ul class=\"auto-hide-last-sibling-br\">\n<li><strong>Ecr\u00e3 de 7 polegadas no ve\u00edculo<\/strong>: Montado na cabine, mostrando o peso em tempo real, totais acumulados, etc.<\/li>\n<li><strong>Terminal inteligente<\/strong>: Liga-se a smartphones ou PCs industriais atrav\u00e9s de Bluetooth\/WiFi para monitoriza\u00e7\u00e3o remota e exporta\u00e7\u00e3o de dados.<\/li>\n<\/ul>\n<\/li>\n<\/ul>\n<\/li>\n<\/ol>\n<hr \/>\n<h3><span style=\"color: #336699;\"><strong>Intera\u00e7\u00e3o e Controlo de Dados<\/strong><\/span><\/h3>\n<ul class=\"auto-hide-last-sibling-br\">\n<li>\n<div class=\"auto-hide-last-sibling-br paragraph-fz9qvc paragraph-element br-paragraph-space\"><strong>Integra\u00e7\u00e3o com o Sistema de Controlo de Cami\u00f5es Betoneira<\/strong><br class=\"container-at6D_3 wrapper-iJdwc2 undefined\" \/>Predefine v\u00e1rios modos de processamento em lote. Quando o peso atinge o valor predefinido, a alimenta\u00e7\u00e3o \u00e9 automaticamente interrompida ou \u00e9 disparado um alarme.<\/div>\n<\/li>\n<li>\n<div class=\"auto-hide-last-sibling-br paragraph-fz9qvc paragraph-element br-paragraph-space\"><strong>Acoplamento com a plataforma de gest\u00e3o empresarial<\/strong><br class=\"container-at6D_3 wrapper-iJdwc2 undefined\" \/>Carrega dados via GPS ou IoT para programa\u00e7\u00e3o da produ\u00e7\u00e3o e contabilidade de custos.<\/div>\n<\/li>\n<\/ul>\n<hr \/>\n<h3><span style=\"color: #336699;\"><strong>Par\u00e2metros do sistema<\/strong><\/span><\/h3>\n<div class=\"auto-hide-last-sibling-br table-container-thXsRO\">\n<table>\n<thead>\n<tr>\n<th style=\"text-align: center;\"><strong>Par\u00e2metro<\/strong><\/th>\n<th style=\"text-align: center;\"><strong>Especifica\u00e7\u00e3o<\/strong><\/th>\n<\/tr>\n<\/thead>\n<tbody>\n<tr>\n<td style=\"text-align: center;\"><strong>Fonte de energia<\/strong><\/td>\n<td style=\"text-align: center;\">12-36 V CC<\/td>\n<\/tr>\n<tr>\n<td style=\"text-align: center;\"><strong>Gama de medi\u00e7\u00e3o<\/strong><\/td>\n<td style=\"text-align: center;\">Cobre totalmente a capacidade m\u00e1xima do funil de carga<\/td>\n<\/tr>\n<tr>\n<td style=\"text-align: center;\"><strong>Exatid\u00e3o<\/strong><\/td>\n<td style=\"text-align: center;\">Erro est\u00e1tico \u2264\u00b10,5%, erro din\u00e2mico \u2264\u00b11%<\/td>\n<\/tr>\n<tr>\n<td style=\"text-align: center;\"><strong>Classe de prote\u00e7\u00e3o<\/strong><\/td>\n<td style=\"text-align: center;\">IP67 (\u00e0 prova de poeira e \u00e0 prova de \u00e1gua)<\/td>\n<\/tr>\n<tr>\n<td style=\"text-align: center;\"><strong>Tempo de resposta<\/strong><\/td>\n<td style=\"text-align: center;\">\u226450 ms<\/td>\n<\/tr>\n<tr>\n<td style=\"text-align: center;\"><strong>Compatibilidade<\/strong><\/td>\n<td style=\"text-align: center;\">Suporta m\u00faltiplas sa\u00eddas de sinal (por exemplo, 4~20mA, RS485, CAN Bus)<\/td>\n<\/tr>\n<\/tbody>\n<\/table>\n<\/div>\n<p>&nbsp;<\/p>","protected":false},"excerpt":{"rendered":"<p>O sistema de pesagem de betoneiras m\u00f3veis autocarreg\u00e1veis, tamb\u00e9m conhecido como sistema de r\u00e1cio de dosagem, \u00e9 uma solu\u00e7\u00e3o integral de pesagem de materiais concebida especificamente para cami\u00f5es betoneiras. Este sistema monitoriza principalmente o peso em tempo real dos ingredientes recebidos, medindo os materiais de forma din\u00e2mica e precisa durante o carregamento para controlar as cargas \u00fateis e garantir a precis\u00e3o dos lotes. Permite propor\u00e7\u00f5es de mistura personalizadas para diferentes requisitos do projeto, ao mesmo tempo que evita a sobrecarga, agiliza a produ\u00e7\u00e3o de bet\u00e3o no local, melhora a qualidade da constru\u00e7\u00e3o, reduz os custos de m\u00e3o-de-obra e aumenta a produtividade global.<\/p>","protected":false},"featured_media":5083,"template":"","meta":{"_monsterinsights_skip_tracking":false,"_monsterinsights_sitenote_active":false,"_monsterinsights_sitenote_note":"","_monsterinsights_sitenote_category":0,"site-sidebar-layout":"default","site-content-layout":"","ast-site-content-layout":"default","site-content-style":"default","site-sidebar-style":"default","ast-global-header-display":"","ast-banner-title-visibility":"","ast-main-header-display":"","ast-hfb-above-header-display":"","ast-hfb-below-header-display":"","ast-hfb-mobile-header-display":"","site-post-title":"","ast-breadcrumbs-content":"","ast-featured-img":"","footer-sml-layout":"","theme-transparent-header-meta":"default","adv-header-id-meta":"","stick-header-meta":"","header-above-stick-meta":"","header-main-stick-meta":"","header-below-stick-meta":"","astra-migrate-meta-layouts":"set","ast-page-background-enabled":"default","ast-page-background-meta":{"desktop":{"background-color":"","background-image":"","background-repeat":"repeat","background-position":"center center","background-size":"auto","background-attachment":"scroll","background-type":"","background-media":"","overlay-type":"","overlay-color":"","overlay-opacity":"","overlay-gradient":""},"tablet":{"background-color":"","background-image":"","background-repeat":"repeat","background-position":"center center","background-size":"auto","background-attachment":"scroll","background-type":"","background-media":"","overlay-type":"","overlay-color":"","overlay-opacity":"","overlay-gradient":""},"mobile":{"background-color":"","background-image":"","background-repeat":"repeat","background-position":"center center","background-size":"auto","background-attachment":"scroll","background-type":"","background-media":"","overlay-type":"","overlay-color":"","overlay-opacity":"","overlay-gradient":""}},"ast-content-background-meta":{"desktop":{"background-color":"var(--ast-global-color-5)","background-image":"","background-repeat":"repeat","background-position":"center center","background-size":"auto","background-attachment":"scroll","background-type":"","background-media":"","overlay-type":"","overlay-color":"","overlay-opacity":"","overlay-gradient":""},"tablet":{"background-color":"var(--ast-global-color-5)","background-image":"","background-repeat":"repeat","background-position":"center center","background-size":"auto","background-attachment":"scroll","background-type":"","background-media":"","overlay-type":"","overlay-color":"","overlay-opacity":"","overlay-gradient":""},"mobile":{"background-color":"var(--ast-global-color-5)","background-image":"","background-repeat":"repeat","background-position":"center center","background-size":"auto","background-attachment":"scroll","background-type":"","background-media":"","overlay-type":"","overlay-color":"","overlay-opacity":"","overlay-gradient":""}}},"product_cat":[69,68],"product_tag":[207,174,206,71],"class_list":{"0":"post-5080","1":"product","2":"type-product","3":"status-publish","4":"has-post-thumbnail","6":"product_cat-product","7":"product_cat-weighing-system","8":"product_tag-batching-proportion-system","9":"product_tag-on-board-weighing-system","10":"product_tag-self-loading-concrete-mixer-batching-scales","11":"product_tag-weighing-system","12":"desktop-align-left","13":"tablet-align-left","14":"mobile-align-left","16":"first","17":"instock","18":"shipping-taxable","19":"purchasable","20":"product-type-simple"},"aioseo_notices":[],"_links":{"self":[{"href":"https:\/\/szlmi.com\/pt\/wp-json\/wp\/v2\/product\/5080","targetHints":{"allow":["GET"]}}],"collection":[{"href":"https:\/\/szlmi.com\/pt\/wp-json\/wp\/v2\/product"}],"about":[{"href":"https:\/\/szlmi.com\/pt\/wp-json\/wp\/v2\/types\/product"}],"wp:featuredmedia":[{"embeddable":true,"href":"https:\/\/szlmi.com\/pt\/wp-json\/wp\/v2\/media\/5083"}],"wp:attachment":[{"href":"https:\/\/szlmi.com\/pt\/wp-json\/wp\/v2\/media?parent=5080"}],"wp:term":[{"taxonomy":"product_cat","embeddable":true,"href":"https:\/\/szlmi.com\/pt\/wp-json\/wp\/v2\/product_cat?post=5080"},{"taxonomy":"product_tag","embeddable":true,"href":"https:\/\/szlmi.com\/pt\/wp-json\/wp\/v2\/product_tag?post=5080"}],"curies":[{"name":"wp","href":"https:\/\/api.w.org\/{rel}","templated":true}]}}