{"id":4166,"date":"2025-02-20T23:56:46","date_gmt":"2025-02-21T07:56:46","guid":{"rendered":"https:\/\/szlmi.com\/?post_type=product&#038;p=4166"},"modified":"2026-02-25T19:39:29","modified_gmt":"2026-02-26T03:39:29","slug":"telehandler-forklift-load-moment-indicator","status":"publish","type":"product","link":"https:\/\/szlmi.com\/pt\/product\/telehandler-forklift-load-moment-indicator\/","title":{"rendered":"Indicador de momento de carga de empilhador telesc\u00f3pico"},"content":{"rendered":"<h1 style=\"text-align: center;\"><span style=\"color: #336699;\"><strong>Indicador de momento de carga de empilhador telesc\u00f3pico<\/strong><\/span><\/h1>\n<h3><span style=\"color: #336699;\"><strong>Descri\u00e7\u00e3o da imagem<\/strong><\/span><\/h3>\n<p><img fetchpriority=\"high\" decoding=\"async\" class=\"wp-image-4167 size-large aligncenter\" src=\"https:\/\/szlmi.com\/wp-content\/uploads\/2024\/06\/\u5fae\u4fe1\u56fe\u7247_20240613154011-1024x526.png\" alt=\"\" width=\"600\" height=\"526\" \/><\/p>\n<hr \/>\n<h3><span style=\"color: #336699;\"><strong>Introdu\u00e7\u00e3o<\/strong><\/span><\/h3>\n<p>Empilhador Telesc\u00f3pico<a href=\"https:\/\/szlmi.com\/product\/telehandler-forklift-load-moment-indicator\/\"> Indicador de momento de carga<\/a> tamb\u00e9m conhecido como guindaste<a title=\"Sistema de Gest\u00e3o de M\u00e1quinas de Engenharia SeeZol\" href=\"https:\/\/szlmi.com\/product-category\/product\/load-moment-indicator\/\">\u00a0<\/a> LMI ou <a href=\"https:\/\/szlmi.com\/product-category\/product\/load-moment-indicator\/\">Indicador de carga segura (SLI)<\/a> \u00a0\u00e9 um importante dispositivo de seguran\u00e7a especialmente concebido para empilhadores telesc\u00f3picos.<br \/>\n\u00c9 composto principalmente pelas seguintes partes:<br \/>\nConjunto do sensor: inclui um sensor de \u00e2ngulo para detetar o \u00e2ngulo do bra\u00e7o telesc\u00f3pico; Sensores de press\u00e3o para detetar a press\u00e3o do sistema hidr\u00e1ulico, etc. Estes sensores podem recolher dados relevantes em tempo real.<br \/>\nUnidade de processamento de dados: analisa, calcula e processa os dados do sensor para determinar se o estado de bin\u00e1rio atual est\u00e1 dentro do intervalo seguro.<br \/>\nUnidade de visualiza\u00e7\u00e3o e alarme: apresenta visualmente informa\u00e7\u00f5es relevantes para o operador atrav\u00e9s do ecr\u00e3 de visualiza\u00e7\u00e3o, como o valor de bin\u00e1rio atual, a situa\u00e7\u00e3o de carga, etc. Quando existe uma situa\u00e7\u00e3o anormal, ser\u00e1 emitido um sinal de alarme sonoro e visual para lembrar o operador de prestar aten\u00e7\u00e3o.<br \/>\nO seu princ\u00edpio de funcionamento baseia-se na monitoriza\u00e7\u00e3o e c\u00e1lculo do \u00e2ngulo do bra\u00e7o telesc\u00f3pico, press\u00e3o de carga e outros dados. Atrav\u00e9s destes dados, para determinar a dimens\u00e3o do bin\u00e1rio atual, uma vez que o bin\u00e1rio exceda os limites de seguran\u00e7a definidos, o limitador de bin\u00e1rio tomar\u00e1 as medidas correspondentes, tais como a\u00e7\u00e3o limitadora, alarme, etc., para evitar a ocorr\u00eancia de sobrecarga e outras situa\u00e7\u00f5es que levem ao capotamento do ve\u00edculo ou a outros acidentes perigosos.<br \/>\nO indicador de momento de carga do empilhador telesc\u00f3pico melhora muito a seguran\u00e7a e a fiabilidade da opera\u00e7\u00e3o do empilhador telesc\u00f3pico, garante a seguran\u00e7a da vida do operador e o funcionamento normal do equipamento e \u00e9 uma parte indispens\u00e1vel do empilhador telesc\u00f3pico.<\/p>\n<hr \/>\n<h3><span style=\"color: #336699;\"><strong>Partes<\/strong><\/span><\/h3>\n<div id='gallery-1' class='gallery galleryid-4166 gallery-columns-3 gallery-size-full'><figure class='gallery-item'>\n\t\t\t<div class='gallery-icon landscape'>\n\t\t\t\t<a href='https:\/\/szlmi.com\/pt'><img decoding=\"async\" width=\"960\" height=\"655\" src=\"https:\/\/szlmi.com\/wp-content\/uploads\/2024\/06\/\u5fae\u4fe1\u56fe\u7247_20240530104715.jpg\" class=\"attachment-full size-full\" alt=\"\" aria-describedby=\"gallery-1-4280\" srcset=\"https:\/\/szlmi.com\/wp-content\/uploads\/2024\/06\/\u5fae\u4fe1\u56fe\u7247_20240530104715.jpg 960w, https:\/\/szlmi.com\/wp-content\/uploads\/2024\/06\/\u5fae\u4fe1\u56fe\u7247_20240530104715-300x205.jpg 300w, https:\/\/szlmi.com\/wp-content\/uploads\/2024\/06\/\u5fae\u4fe1\u56fe\u7247_20240530104715-768x524.jpg 768w, https:\/\/szlmi.com\/wp-content\/uploads\/2024\/06\/\u5fae\u4fe1\u56fe\u7247_20240530104715-18x12.jpg 18w, https:\/\/szlmi.com\/wp-content\/uploads\/2024\/06\/\u5fae\u4fe1\u56fe\u7247_20240530104715-600x409.jpg 600w, https:\/\/szlmi.com\/wp-content\/uploads\/2024\/06\/\u5fae\u4fe1\u56fe\u7247_20240530104715-64x44.jpg 64w\" sizes=\"(max-width: 960px) 100vw, 960px\" \/><\/a>\n\t\t\t<\/div>\n\t\t\t\t<figcaption class='wp-caption-text gallery-caption' id='gallery-1-4280'>\n\t\t\t\tSensor de \u00e2ngulo longo\n\t\t\t\t<\/figcaption><\/figure><figure class='gallery-item'>\n\t\t\t<div class='gallery-icon landscape'>\n\t\t\t\t<a href='https:\/\/szlmi.com\/pt'><img decoding=\"async\" width=\"516\" height=\"355\" src=\"https:\/\/szlmi.com\/wp-content\/uploads\/2024\/06\/_20240807111027-scaled-e1723002761627.jpg\" class=\"attachment-full size-full\" alt=\"\" aria-describedby=\"gallery-1-4281\" srcset=\"https:\/\/szlmi.com\/wp-content\/uploads\/2024\/06\/_20240807111027-scaled-e1723002761627.jpg 516w, https:\/\/szlmi.com\/wp-content\/uploads\/2024\/06\/_20240807111027-scaled-e1723002761627-300x206.jpg 300w, https:\/\/szlmi.com\/wp-content\/uploads\/2024\/06\/_20240807111027-scaled-e1723002761627-18x12.jpg 18w, https:\/\/szlmi.com\/wp-content\/uploads\/2024\/06\/_20240807111027-scaled-e1723002761627-64x44.jpg 64w\" sizes=\"(max-width: 516px) 100vw, 516px\" \/><\/a>\n\t\t\t<\/div>\n\t\t\t\t<figcaption class='wp-caption-text gallery-caption' id='gallery-1-4281'>\n\t\t\t\tIndicador\n\t\t\t\t<\/figcaption><\/figure><figure class='gallery-item'>\n\t\t\t<div class='gallery-icon landscape'>\n\t\t\t\t<a href='https:\/\/szlmi.com\/pt'><img loading=\"lazy\" decoding=\"async\" width=\"2560\" height=\"1707\" src=\"https:\/\/szlmi.com\/wp-content\/uploads\/2024\/06\/Pressure-Sensor-scaled.jpg\" class=\"attachment-full size-full\" alt=\"\" aria-describedby=\"gallery-1-4282\" srcset=\"https:\/\/szlmi.com\/wp-content\/uploads\/2024\/06\/Pressure-Sensor-scaled.jpg 2560w, https:\/\/szlmi.com\/wp-content\/uploads\/2024\/06\/Pressure-Sensor-300x200.jpg 300w, https:\/\/szlmi.com\/wp-content\/uploads\/2024\/06\/Pressure-Sensor-1024x683.jpg 1024w, https:\/\/szlmi.com\/wp-content\/uploads\/2024\/06\/Pressure-Sensor-768x512.jpg 768w, https:\/\/szlmi.com\/wp-content\/uploads\/2024\/06\/Pressure-Sensor-1536x1024.jpg 1536w, https:\/\/szlmi.com\/wp-content\/uploads\/2024\/06\/Pressure-Sensor-2048x1365.jpg 2048w, https:\/\/szlmi.com\/wp-content\/uploads\/2024\/06\/Pressure-Sensor-18x12.jpg 18w, https:\/\/szlmi.com\/wp-content\/uploads\/2024\/06\/Pressure-Sensor-600x400.jpg 600w, https:\/\/szlmi.com\/wp-content\/uploads\/2024\/06\/Pressure-Sensor-64x43.jpg 64w\" sizes=\"(max-width: 2560px) 100vw, 2560px\" \/><\/a>\n\t\t\t<\/div>\n\t\t\t\t<figcaption class='wp-caption-text gallery-caption' id='gallery-1-4282'>\n\t\t\t\tSensor de press\u00e3o\n\t\t\t\t<\/figcaption><\/figure>\n\t\t<\/div>\n\n<hr \/>\n<h3><span style=\"color: #336699;\"><strong>Fun\u00e7\u00e3o:<\/strong><\/span><\/h3>\n<p>1. Exibi\u00e7\u00e3o de dados: apresenta o peso atual, altura, raio, \u00e2ngulo<br \/>\n2. Aviso de perigo: Avisos de alarme de sobrecarga e de alcance excedido<br \/>\n3. registo de sobrecarga: armazenar registos de sobrecarga durante duas semanas<br \/>\n4. sem fios: transmiss\u00e3o sem fios personaliz\u00e1vel, monitoriza\u00e7\u00e3o remota de seguran\u00e7a<\/p>\n<hr \/>\n<h3><span style=\"color: #336699;\"><strong>Caso<\/strong><\/span><\/h3>\n<div style=\"text-align: center;\"><img loading=\"lazy\" decoding=\"async\" style=\"display: inline;\" src=\"https:\/\/szlmi.com\/wp-content\/uploads\/2024\/06\/1-300x188.png\" alt=\"\" width=\"380\" height=\"238\" \/>\u00a0 \u00a0 <img loading=\"lazy\" decoding=\"async\" style=\"display: inline;\" src=\"https:\/\/szlmi.com\/wp-content\/uploads\/2024\/06\/2-300x291.png\" alt=\"\" width=\"242\" height=\"234\" \/><\/div>\n<p>&nbsp;<\/p>\n<div class=\"ast-oembed-container\" style=\"height: 100%;\"><iframe title=\"Empilhador telesc\u00f3pico LMI\" width=\"500\" height=\"281\" src=\"https:\/\/www.youtube.com\/embed\/tu-cM5C_-VU?feature=oembed\" frameborder=\"0\" allow=\"accelerometer; autoplay; clipboard-write; encrypted-media; gyroscope; picture-in-picture; web-share\" referrerpolicy=\"strict-origin-when-cross-origin\" allowfullscreen><\/iframe><\/div>","protected":false},"excerpt":{"rendered":"<p>Empilhador Telesc\u00f3pico<a href=\"https:\/\/szlmi.com\/product\/telehandler-forklift-load-moment-indicator\/\"> Indicador de momento de carga<\/a> tamb\u00e9m conhecido como guindaste<a title=\"Sistema de Gest\u00e3o de M\u00e1quinas de Engenharia SeeZol\" href=\"https:\/\/szlmi.com\/product-category\/product\/load-moment-indicator\/\">\u00a0<\/a> LMI ou <a href=\"https:\/\/szlmi.com\/product-category\/product\/load-moment-indicator\/\">Indicador de carga segura (SLI)<\/a> \u00a0\u00e9 um importante dispositivo de seguran\u00e7a especialmente concebido para empilhadores telesc\u00f3picos.<br \/>\n\u00c9 composto principalmente pelas seguintes partes:<br \/>\nConjunto do sensor: inclui um sensor de \u00e2ngulo para detetar o \u00e2ngulo do bra\u00e7o telesc\u00f3pico; Sensores de press\u00e3o para detetar a press\u00e3o do sistema hidr\u00e1ulico, etc. Estes sensores podem recolher dados relevantes em tempo real.<br \/>\nUnidade de processamento de dados: analisa, calcula e processa os dados do sensor para determinar se o estado de bin\u00e1rio atual est\u00e1 dentro do intervalo seguro.<br \/>\nUnidade de visualiza\u00e7\u00e3o e alarme: apresenta visualmente informa\u00e7\u00f5es relevantes para o operador atrav\u00e9s do ecr\u00e3 de visualiza\u00e7\u00e3o, como o valor de bin\u00e1rio atual, a situa\u00e7\u00e3o de carga, etc. Quando existe uma situa\u00e7\u00e3o anormal, ser\u00e1 emitido um sinal de alarme sonoro e visual para lembrar o operador de prestar aten\u00e7\u00e3o.<\/p>","protected":false},"featured_media":4640,"template":"","meta":{"_monsterinsights_skip_tracking":false,"_monsterinsights_sitenote_active":false,"_monsterinsights_sitenote_note":"","_monsterinsights_sitenote_category":0,"site-sidebar-layout":"default","site-content-layout":"","ast-site-content-layout":"default","site-content-style":"default","site-sidebar-style":"default","ast-global-header-display":"","ast-banner-title-visibility":"","ast-main-header-display":"","ast-hfb-above-header-display":"","ast-hfb-below-header-display":"","ast-hfb-mobile-header-display":"","site-post-title":"","ast-breadcrumbs-content":"","ast-featured-img":"","footer-sml-layout":"","theme-transparent-header-meta":"default","adv-header-id-meta":"","stick-header-meta":"","header-above-stick-meta":"","header-main-stick-meta":"","header-below-stick-meta":"","astra-migrate-meta-layouts":"set","ast-page-background-enabled":"default","ast-page-background-meta":{"desktop":{"background-color":"","background-image":"","background-repeat":"repeat","background-position":"center center","background-size":"auto","background-attachment":"scroll","background-type":"","background-media":"","overlay-type":"","overlay-color":"","overlay-opacity":"","overlay-gradient":""},"tablet":{"background-color":"","background-image":"","background-repeat":"repeat","background-position":"center center","background-size":"auto","background-attachment":"scroll","background-type":"","background-media":"","overlay-type":"","overlay-color":"","overlay-opacity":"","overlay-gradient":""},"mobile":{"background-color":"","background-image":"","background-repeat":"repeat","background-position":"center center","background-size":"auto","background-attachment":"scroll","background-type":"","background-media":"","overlay-type":"","overlay-color":"","overlay-opacity":"","overlay-gradient":""}},"ast-content-background-meta":{"desktop":{"background-color":"var(--ast-global-color-5)","background-image":"","background-repeat":"repeat","background-position":"center center","background-size":"auto","background-attachment":"scroll","background-type":"","background-media":"","overlay-type":"","overlay-color":"","overlay-opacity":"","overlay-gradient":""},"tablet":{"background-color":"var(--ast-global-color-5)","background-image":"","background-repeat":"repeat","background-position":"center center","background-size":"auto","background-attachment":"scroll","background-type":"","background-media":"","overlay-type":"","overlay-color":"","overlay-opacity":"","overlay-gradient":""},"mobile":{"background-color":"var(--ast-global-color-5)","background-image":"","background-repeat":"repeat","background-position":"center center","background-size":"auto","background-attachment":"scroll","background-type":"","background-media":"","overlay-type":"","overlay-color":"","overlay-opacity":"","overlay-gradient":""}}},"product_cat":[69,64],"product_tag":[170,80,169,193,168],"class_list":{"0":"post-4166","1":"product","2":"type-product","3":"status-publish","4":"has-post-thumbnail","6":"product_cat-product","7":"product_cat-load-moment-indicator","8":"product_tag-forklift-load-moment-indicator","9":"product_tag-lmi","10":"product_tag-load-moment-indicator","11":"product_tag-safe-load-indicator-sll","12":"product_tag-telehandler-forklift-load-moment-indicator","13":"desktop-align-left","14":"tablet-align-left","15":"mobile-align-left","17":"first","18":"instock","19":"shipping-taxable","20":"product-type-simple"},"aioseo_notices":[],"_links":{"self":[{"href":"https:\/\/szlmi.com\/pt\/wp-json\/wp\/v2\/product\/4166","targetHints":{"allow":["GET"]}}],"collection":[{"href":"https:\/\/szlmi.com\/pt\/wp-json\/wp\/v2\/product"}],"about":[{"href":"https:\/\/szlmi.com\/pt\/wp-json\/wp\/v2\/types\/product"}],"wp:featuredmedia":[{"embeddable":true,"href":"https:\/\/szlmi.com\/pt\/wp-json\/wp\/v2\/media\/4640"}],"wp:attachment":[{"href":"https:\/\/szlmi.com\/pt\/wp-json\/wp\/v2\/media?parent=4166"}],"wp:term":[{"taxonomy":"product_cat","embeddable":true,"href":"https:\/\/szlmi.com\/pt\/wp-json\/wp\/v2\/product_cat?post=4166"},{"taxonomy":"product_tag","embeddable":true,"href":"https:\/\/szlmi.com\/pt\/wp-json\/wp\/v2\/product_tag?post=4166"}],"curies":[{"name":"wp","href":"https:\/\/api.w.org\/{rel}","templated":true}]}}