{"id":2730,"date":"2021-06-10T04:04:56","date_gmt":"2021-06-10T12:04:56","guid":{"rendered":"http:\/\/wh-ng29fgyvclm5x8xhpsh.my3w.com\/?post_type=product&#038;p=2730"},"modified":"2025-11-20T22:39:29","modified_gmt":"2025-11-21T06:39:29","slug":"truck-weighing-system","status":"publish","type":"product","link":"https:\/\/szlmi.com\/pt\/product\/truck-weighing-system\/","title":{"rendered":"indicador de carga do cami\u00e3o"},"content":{"rendered":"<p><strong>Descri\u00e7\u00e3o da imagem<\/strong><\/p>\n<p><img fetchpriority=\"high\" decoding=\"async\" class=\"wp-image-3174\" src=\"http:\/\/wh-ng29fgyvclm5x8xhpsh.my3w.com\/wp-content\/uploads\/2021\/06\/\u793a\u610f\u56fe-300x159.gif\" alt=\"indicador de sobrecarga do cami\u00e3o\" width=\"396\" height=\"210\" srcset=\"https:\/\/szlmi.com\/wp-content\/uploads\/2021\/06\/\u793a\u610f\u56fe-300x159.gif 300w, https:\/\/szlmi.com\/wp-content\/uploads\/2021\/06\/\u793a\u610f\u56fe-64x34.gif 64w\" sizes=\"(max-width: 396px) 100vw, 396px\" \/><\/p>\n<p><strong>Introdu\u00e7\u00e3o<\/strong><\/p>\n<p><a href=\"http:\/\/wh-ng29fgyvclm5x8xhpsh.my3w.com\/\">indicador de carga do cami\u00e3o<\/a> recolhe o peso da carga do ve\u00edculo em tempo real, apresenta as informa\u00e7\u00f5es de peso no instrumento de visualiza\u00e7\u00e3o do ve\u00edculo em tempo real e transmite os dados de volta para o terminal de visualiza\u00e7\u00e3o de monitoriza\u00e7\u00e3o atrav\u00e9s do m\u00f3dulo de transmiss\u00e3o de posicionamento GPS. Evite a sobrecarga.<\/p>\n<p><strong>Funcionalidades<\/strong><\/p>\n<ul>\n<li>Peso em tempo real<\/li>\n<li>Carga nominal<\/li>\n<li>Alarme de sobrecarga<\/li>\n<li>Registo de sobrecarga<\/li>\n<li>Dados remotos<\/li>\n<\/ul>\n<p><strong>Par\u00e2metros do sistema<\/strong><\/p>\n<ul>\n<li>alcance\uff1a5~100t<\/li>\n<li>Erro do sistema: \u00b13%<\/li>\n<li>erro de visualiza\u00e7\u00e3o: \u00b15%<\/li>\n<li>modo: Pesagem din\u00e2mica<\/li>\n<li>N\u00edvel de prote\u00e7\u00e3o: IP65<\/li>\n<li>Temperatura de trabalho: -20\u2103\uff5e+70\u2103;<\/li>\n<li>Tens\u00e3o de trabalho: DC9-36v;<\/li>\n<\/ul>\n<p><strong>Modelo aplic\u00e1vel<\/strong><\/p>\n<p>cami\u00e3o de 10 a 100 toneladas, cami\u00e3o basculante, cami\u00e3o de lixo e carrinho de mina.<\/p>\n<p>&nbsp;<\/p>\n<p><strong>Cen\u00e1rio de aplica\u00e7\u00e3o<\/strong><\/p>\n<figure id=\"attachment_3021\" class=\"wp-caption alignnone\" aria-describedby=\"caption-attachment-3021\"><figcaption id=\"caption-attachment-3021\" class=\"wp-caption-text\"><img decoding=\"async\" class=\"alignnone size-medium wp-image-3162\" src=\"http:\/\/wh-ng29fgyvclm5x8xhpsh.my3w.com\/wp-content\/uploads\/2021\/06\/excavators-truck-auto-1673927-300x189.jpg\" alt=\"escavadoras, cami\u00e3o, auto-1673927.jpg\" width=\"300\" height=\"189\" srcset=\"https:\/\/szlmi.com\/wp-content\/uploads\/2021\/06\/excavators-truck-auto-1673927-300x189.jpg 300w, https:\/\/szlmi.com\/wp-content\/uploads\/2021\/06\/excavators-truck-auto-1673927-1024x646.jpg 1024w, https:\/\/szlmi.com\/wp-content\/uploads\/2021\/06\/excavators-truck-auto-1673927-768x484.jpg 768w, https:\/\/szlmi.com\/wp-content\/uploads\/2021\/06\/excavators-truck-auto-1673927-600x378.jpg 600w, https:\/\/szlmi.com\/wp-content\/uploads\/2021\/06\/excavators-truck-auto-1673927-64x40.jpg 64w, https:\/\/szlmi.com\/wp-content\/uploads\/2021\/06\/excavators-truck-auto-1673927.jpg 1280w\" sizes=\"(max-width: 300px) 100vw, 300px\" \/><\/figcaption><\/figure>","protected":false},"excerpt":{"rendered":"<p><a href=\"http:\/\/wh-ng29fgyvclm5x8xhpsh.my3w.com\/\">indicador de carga do cami\u00e3o<\/a> recolhe o peso da carga do ve\u00edculo em tempo real, apresenta as informa\u00e7\u00f5es de peso no instrumento de visualiza\u00e7\u00e3o do ve\u00edculo em tempo real e transmite os dados de volta para o terminal de visualiza\u00e7\u00e3o de monitoriza\u00e7\u00e3o atrav\u00e9s do m\u00f3dulo de transmiss\u00e3o de posicionamento GPS. Evite a sobrecarga.<\/p>","protected":false},"featured_media":4643,"template":"","meta":{"_monsterinsights_skip_tracking":false,"_monsterinsights_sitenote_active":false,"_monsterinsights_sitenote_note":"","_monsterinsights_sitenote_category":0,"site-sidebar-layout":"no-sidebar","site-content-layout":"default","ast-site-content-layout":"default","site-content-style":"default","site-sidebar-style":"default","ast-global-header-display":"","ast-banner-title-visibility":"","ast-main-header-display":"","ast-hfb-above-header-display":"","ast-hfb-below-header-display":"","ast-hfb-mobile-header-display":"","site-post-title":"","ast-breadcrumbs-content":"disabled","ast-featured-img":"","footer-sml-layout":"","theme-transparent-header-meta":"enabled","adv-header-id-meta":"","stick-header-meta":"","header-above-stick-meta":"","header-main-stick-meta":"","header-below-stick-meta":"","astra-migrate-meta-layouts":"set","ast-page-background-enabled":"default","ast-page-background-meta":{"desktop":{"background-color":"","background-image":"","background-repeat":"repeat","background-position":"center center","background-size":"auto","background-attachment":"scroll","background-type":"","background-media":"","overlay-type":"","overlay-color":"","overlay-opacity":"","overlay-gradient":""},"tablet":{"background-color":"","background-image":"","background-repeat":"repeat","background-position":"center center","background-size":"auto","background-attachment":"scroll","background-type":"","background-media":"","overlay-type":"","overlay-color":"","overlay-opacity":"","overlay-gradient":""},"mobile":{"background-color":"","background-image":"","background-repeat":"repeat","background-position":"center center","background-size":"auto","background-attachment":"scroll","background-type":"","background-media":"","overlay-type":"","overlay-color":"","overlay-opacity":"","overlay-gradient":""}},"ast-content-background-meta":{"desktop":{"background-color":"var(--ast-global-color-5)","background-image":"","background-repeat":"repeat","background-position":"center center","background-size":"auto","background-attachment":"scroll","background-type":"","background-media":"","overlay-type":"","overlay-color":"","overlay-opacity":"","overlay-gradient":""},"tablet":{"background-color":"var(--ast-global-color-5)","background-image":"","background-repeat":"repeat","background-position":"center center","background-size":"auto","background-attachment":"scroll","background-type":"","background-media":"","overlay-type":"","overlay-color":"","overlay-opacity":"","overlay-gradient":""},"mobile":{"background-color":"var(--ast-global-color-5)","background-image":"","background-repeat":"repeat","background-position":"center center","background-size":"auto","background-attachment":"scroll","background-type":"","background-media":"","overlay-type":"","overlay-color":"","overlay-opacity":"","overlay-gradient":""}}},"product_cat":[69,68],"product_tag":[66,65,88,75,76,71],"class_list":{"0":"post-2730","1":"product","2":"type-product","3":"status-publish","4":"has-post-thumbnail","6":"product_cat-product","7":"product_cat-weighing-system","8":"product_tag-excavator-indicator","9":"product_tag-excavator-lmi","10":"product_tag-lorry-load-indicator","11":"product_tag-truck-loading","12":"product_tag-truck-overload","13":"product_tag-weighing-system","14":"desktop-align-left","15":"tablet-align-left","16":"mobile-align-left","18":"first","19":"instock","20":"sale","21":"shipping-taxable","22":"purchasable","23":"product-type-simple"},"aioseo_notices":[],"_links":{"self":[{"href":"https:\/\/szlmi.com\/pt\/wp-json\/wp\/v2\/product\/2730","targetHints":{"allow":["GET"]}}],"collection":[{"href":"https:\/\/szlmi.com\/pt\/wp-json\/wp\/v2\/product"}],"about":[{"href":"https:\/\/szlmi.com\/pt\/wp-json\/wp\/v2\/types\/product"}],"wp:featuredmedia":[{"embeddable":true,"href":"https:\/\/szlmi.com\/pt\/wp-json\/wp\/v2\/media\/4643"}],"wp:attachment":[{"href":"https:\/\/szlmi.com\/pt\/wp-json\/wp\/v2\/media?parent=2730"}],"wp:term":[{"taxonomy":"product_cat","embeddable":true,"href":"https:\/\/szlmi.com\/pt\/wp-json\/wp\/v2\/product_cat?post=2730"},{"taxonomy":"product_tag","embeddable":true,"href":"https:\/\/szlmi.com\/pt\/wp-json\/wp\/v2\/product_tag?post=2730"}],"curies":[{"name":"wp","href":"https:\/\/api.w.org\/{rel}","templated":true}]}}