{"id":2729,"date":"2025-03-15T04:03:29","date_gmt":"2025-03-15T12:03:29","guid":{"rendered":"http:\/\/wh-ng29fgyvclm5x8xhpsh.my3w.com\/?post_type=product&#038;p=2729"},"modified":"2026-03-05T19:24:54","modified_gmt":"2026-03-06T03:24:54","slug":"mobile-crane-lmi","status":"publish","type":"product","link":"https:\/\/szlmi.com\/pt\/product\/mobile-crane-lmi\/","title":{"rendered":"Indicador de carga de grua m\u00f3vel (LMI)"},"content":{"rendered":"<figure id=\"attachment_3021\" class=\"wp-caption aligncenter\" style=\"width: 662px;\" aria-describedby=\"caption-attachment-3021\"><figcaption id=\"caption-attachment-3021\" class=\"wp-caption-text\"><\/figcaption><\/figure>\n<h1 style=\"text-align: center;\"><span style=\"color: #336699;\"><strong>Indicador de carga de grua m\u00f3vel (LMI)<\/strong><\/span><\/h1>\n<h3><span style=\"color: #336699;\"><strong>Descri\u00e7\u00e3o da imagem<\/strong><\/span><\/h3>\n<p><img fetchpriority=\"high\" decoding=\"async\" class=\"size-full wp-image-5492 aligncenter\" src=\"https:\/\/szlmi.com\/wp-content\/uploads\/2021\/06\/mobile-crane-LMI-1024x624-1.jpg\" alt=\"\" width=\"600\" height=\"914\" \/><\/p>\n<hr \/>\n<h3><span style=\"color: #336699;\"><strong>Introdu\u00e7\u00e3o<\/strong><\/span><\/h3>\n<p><a href=\"https:\/\/szlmi.com\/product\/mobile-crane-lmi\/\"><strong>Limitador de momento de carga de grua m\u00f3vel<\/strong><\/a> tamb\u00e9m conhecido como guindaste<a href=\"https:\/\/szlmi.com\/product-category\/product\/load-moment-indicator\/\"><strong> Indicador de momento de carga (LMI)<\/strong><\/a> ou guindaste <a href=\"https:\/\/szlmi.com\/product-category\/product\/load-moment-indicator\/\"><strong>Indicador de carga segura (SLI)<\/strong><\/a> fornece ao operador do guindaste informa\u00e7\u00f5es operacionais eficazes, o que permite que o guindaste seja utilizado eficazmente dentro da gama dos seus par\u00e2metros de projeto.<\/p>\n<hr \/>\n<h3><span style=\"color: #336699;\">Casos<\/span><\/h3>\n<div style=\"text-align: center;\"><img decoding=\"async\" style=\"display: inline;\" src=\"https:\/\/szlmi.com\/wp-content\/uploads\/2025\/03\/5f2cf00bbdhhckuv.jpg\" alt=\"\" width=\"190\" height=\"238\" \/> <img decoding=\"async\" style=\"display: inline;\" src=\"https:\/\/szlmi.com\/wp-content\/uploads\/2025\/03\/2bc7727207rcsm5o.jpg\" alt=\"\" width=\"190\" height=\"234\" \/> <img loading=\"lazy\" decoding=\"async\" style=\"display: inline;\" src=\"https:\/\/szlmi.com\/wp-content\/uploads\/2025\/03\/0ff301aee9okny24.jpg\" alt=\"\" width=\"190\" height=\"234\" \/> <img loading=\"lazy\" decoding=\"async\" style=\"display: inline;\" src=\"https:\/\/szlmi.com\/wp-content\/uploads\/2025\/03\/load-cell-install-pic_orig.jpg\" alt=\"\" width=\"190\" height=\"238\" \/> <img loading=\"lazy\" decoding=\"async\" style=\"display: inline;\" src=\"https:\/\/szlmi.com\/wp-content\/uploads\/2025\/03\/linerider-installation-lattice-boom_orig.jpg\" alt=\"\" width=\"190\" height=\"234\" \/> <img loading=\"lazy\" decoding=\"async\" style=\"display: inline;\" src=\"https:\/\/szlmi.com\/wp-content\/uploads\/2025\/03\/5cc561cbda28f.jpg\" alt=\"\" width=\"190\" height=\"234\" \/><\/div>\n<hr \/>\n<h3><span style=\"color: #336699;\"><strong>Funcionalidades\u00a0<\/strong><\/span><\/h3>\n<ul>\n<li style=\"list-style-type: none;\">\n<ul>\n<li style=\"font-weight: 400;\">Exibi\u00e7\u00e3o de peso em tempo real<\/li>\n<li>Exibi\u00e7\u00e3o de altura em tempo real<\/li>\n<li>Exibi\u00e7\u00e3o de bin\u00e1rio<\/li>\n<li>Alarme e controlo de sobrecarga<\/li>\n<li>Registo de dados hist\u00f3ricos<\/li>\n<\/ul>\n<\/li>\n<\/ul>\n<hr \/>\n<h3><span style=\"color: #336699;\"><strong>Par\u00e2metros do sistema<\/strong><\/span><\/h3>\n<ul>\n<li>alcance\uff1a5~260t<\/li>\n<li>Erro do sistema: \u00b13%<\/li>\n<li>erro de visualiza\u00e7\u00e3o: \u00b15%<\/li>\n<li>modo: Pesagem din\u00e2mica<\/li>\n<li>N\u00edvel de prote\u00e7\u00e3o: IP65<\/li>\n<li>Temperatura de trabalho: -20\u2103\uff5e+70\u2103<\/li>\n<li>Tens\u00e3o de trabalho: DC9-36v<\/li>\n<\/ul>\n<hr \/>\n<h3><span style=\"color: #336699;\"><strong>Modelo aplic\u00e1vel<\/strong><\/span><\/h3>\n<p>Grua m\u00f3vel de 10 a 100 toneladas.<\/p>\n<h3><span style=\"color: #336699;\"><strong>Cen\u00e1rio de aplica\u00e7\u00e3o<\/strong><\/span><\/h3>\n<p><img loading=\"lazy\" decoding=\"async\" class=\"aligncenter wp-image-3128\" src=\"https:\/\/szlmi.com\/wp-content\/uploads\/2021\/06\/cranes-industrial-construction-4139905.png\" alt=\"gruas, industrial, constru\u00e7\u00e3o-4139905.jpg\" width=\"600\" height=\"409\" \/><\/p>","protected":false},"excerpt":{"rendered":"<p><a href=\"https:\/\/szlmi.com\/product\/mobile-crane-lmi\/\"><strong>Limitador de momento de carga de grua m\u00f3vel<\/strong><\/a> tamb\u00e9m conhecido como guindaste<a href=\"https:\/\/szlmi.com\/product-category\/product\/load-moment-indicator\/\"><strong> Indicador de momento de carga (LMI)<\/strong><\/a> ou guindaste <a href=\"https:\/\/szlmi.com\/product-category\/product\/load-moment-indicator\/\"><strong>Indicador de carga segura (SLI)<\/strong><\/a> fornece ao operador do guindaste informa\u00e7\u00f5es operacionais eficazes, o que permite que o guindaste seja utilizado eficazmente dentro da gama dos seus par\u00e2metros de projeto.<\/p>","protected":false},"featured_media":5509,"template":"","meta":{"_monsterinsights_skip_tracking":false,"_monsterinsights_sitenote_active":false,"_monsterinsights_sitenote_note":"","_monsterinsights_sitenote_category":0,"site-sidebar-layout":"no-sidebar","site-content-layout":"default","ast-site-content-layout":"default","site-content-style":"default","site-sidebar-style":"default","ast-global-header-display":"","ast-banner-title-visibility":"","ast-main-header-display":"","ast-hfb-above-header-display":"","ast-hfb-below-header-display":"","ast-hfb-mobile-header-display":"","site-post-title":"","ast-breadcrumbs-content":"","ast-featured-img":"","footer-sml-layout":"","theme-transparent-header-meta":"enabled","adv-header-id-meta":"","stick-header-meta":"","header-above-stick-meta":"","header-main-stick-meta":"","header-below-stick-meta":"","astra-migrate-meta-layouts":"set","ast-page-background-enabled":"default","ast-page-background-meta":{"desktop":{"background-color":"","background-image":"","background-repeat":"repeat","background-position":"center center","background-size":"auto","background-attachment":"scroll","background-type":"","background-media":"","overlay-type":"","overlay-color":"","overlay-opacity":"","overlay-gradient":""},"tablet":{"background-color":"","background-image":"","background-repeat":"repeat","background-position":"center center","background-size":"auto","background-attachment":"scroll","background-type":"","background-media":"","overlay-type":"","overlay-color":"","overlay-opacity":"","overlay-gradient":""},"mobile":{"background-color":"","background-image":"","background-repeat":"repeat","background-position":"center center","background-size":"auto","background-attachment":"scroll","background-type":"","background-media":"","overlay-type":"","overlay-color":"","overlay-opacity":"","overlay-gradient":""}},"ast-content-background-meta":{"desktop":{"background-color":"var(--ast-global-color-5)","background-image":"","background-repeat":"repeat","background-position":"center center","background-size":"auto","background-attachment":"scroll","background-type":"","background-media":"","overlay-type":"","overlay-color":"","overlay-opacity":"","overlay-gradient":""},"tablet":{"background-color":"var(--ast-global-color-5)","background-image":"","background-repeat":"repeat","background-position":"center center","background-size":"auto","background-attachment":"scroll","background-type":"","background-media":"","overlay-type":"","overlay-color":"","overlay-opacity":"","overlay-gradient":""},"mobile":{"background-color":"var(--ast-global-color-5)","background-image":"","background-repeat":"repeat","background-position":"center center","background-size":"auto","background-attachment":"scroll","background-type":"","background-media":"","overlay-type":"","overlay-color":"","overlay-opacity":"","overlay-gradient":""}}},"product_cat":[69,64],"product_tag":[81,198,80,77,78,79],"class_list":{"0":"post-2729","1":"product","2":"type-product","3":"status-publish","4":"has-post-thumbnail","6":"product_cat-product","7":"product_cat-load-moment-indicator","8":"product_tag-crane","9":"product_tag-crane-safe-load-indicator-sli","10":"product_tag-lmi","11":"product_tag-mobile-crane","12":"product_tag-mobile-crane-lmi","13":"product_tag-mobile-crane-load-moment-indicator","14":"desktop-align-left","15":"tablet-align-left","16":"mobile-align-left","18":"first","19":"instock","20":"sale","21":"shipping-taxable","22":"purchasable","23":"product-type-simple"},"aioseo_notices":[],"_links":{"self":[{"href":"https:\/\/szlmi.com\/pt\/wp-json\/wp\/v2\/product\/2729","targetHints":{"allow":["GET"]}}],"collection":[{"href":"https:\/\/szlmi.com\/pt\/wp-json\/wp\/v2\/product"}],"about":[{"href":"https:\/\/szlmi.com\/pt\/wp-json\/wp\/v2\/types\/product"}],"wp:featuredmedia":[{"embeddable":true,"href":"https:\/\/szlmi.com\/pt\/wp-json\/wp\/v2\/media\/5509"}],"wp:attachment":[{"href":"https:\/\/szlmi.com\/pt\/wp-json\/wp\/v2\/media?parent=2729"}],"wp:term":[{"taxonomy":"product_cat","embeddable":true,"href":"https:\/\/szlmi.com\/pt\/wp-json\/wp\/v2\/product_cat?post=2729"},{"taxonomy":"product_tag","embeddable":true,"href":"https:\/\/szlmi.com\/pt\/wp-json\/wp\/v2\/product_tag?post=2729"}],"curies":[{"name":"wp","href":"https:\/\/api.w.org\/{rel}","templated":true}]}}