{"id":7075,"date":"2026-02-10T18:32:24","date_gmt":"2026-02-11T02:32:24","guid":{"rendered":"https:\/\/szlmi.com\/?post_type=product&#038;p=7075"},"modified":"2026-03-05T01:37:49","modified_gmt":"2026-03-05T09:37:49","slug":"crane-safe-load-limiter","status":"publish","type":"product","link":"https:\/\/szlmi.com\/fr\/produit\/crane-safe-load-limiter\/","title":{"rendered":"Indicateur de moment de charge (LMI) pour grue de camion"},"content":{"rendered":"<h1 style=\"text-align: center;\"><span style=\"color: #336699;\"><strong>Camion Chargement de la grue<\/strong> moniteur<\/span><\/h1>\n<p>&nbsp;<\/p>\n<h3><span style=\"color: #336699;\"><strong>Description de l'image<\/strong><\/span><\/h3>\n<p><img fetchpriority=\"high\" decoding=\"async\" class=\"size-full wp-image-7076 aligncenter\" src=\"https:\/\/szlmi.com\/wp-content\/uploads\/2026\/02\/1-1.jpg\" alt=\"\" width=\"600\" height=\"600\" srcset=\"https:\/\/szlmi.com\/wp-content\/uploads\/2026\/02\/1-1.jpg 1000w, https:\/\/szlmi.com\/wp-content\/uploads\/2026\/02\/1-1-300x300.jpg 300w, https:\/\/szlmi.com\/wp-content\/uploads\/2026\/02\/1-1-150x150.jpg 150w, https:\/\/szlmi.com\/wp-content\/uploads\/2026\/02\/1-1-768x768.jpg 768w, https:\/\/szlmi.com\/wp-content\/uploads\/2026\/02\/1-1-12x12.jpg 12w, https:\/\/szlmi.com\/wp-content\/uploads\/2026\/02\/1-1-600x600.jpg 600w, https:\/\/szlmi.com\/wp-content\/uploads\/2026\/02\/1-1-100x100.jpg 100w, https:\/\/szlmi.com\/wp-content\/uploads\/2026\/02\/1-1-64x64.jpg 64w\" sizes=\"(max-width: 600px) 100vw, 600px\" \/><\/p>\n<hr \/>\n<h3><span style=\"color: #336699;\"><strong>Introduction<\/strong><\/span><\/h3>\n<p class=\"ds-markdown-paragraph\"><span data-imt-p=\"1\">Le SZ-TC01 <a class=\"key-tag\" href=\"https:\/\/szlmi.com\/product-category\/product\/load-moment-indicator\/\" target=\"_blank\" rel=\"noopener\"><strong>indicateur de moment de charge<\/strong><\/a> (LMI) pour un camion-grue est un dispositif de s\u00e9curit\u00e9 essentiel qui surveille l'\u00e9tat de la charge de la grue en temps r\u00e9el et emp\u00eache la surcharge et le basculement. En int\u00e9grant les donn\u00e9es m\u00e9caniques aux param\u00e8tres de l'\u00e9quipement, il fournit aux op\u00e9rateurs des avertissements de s\u00e9curit\u00e9 pr\u00e9cis afin de garantir la s\u00e9curit\u00e9 op\u00e9rationnelle.<\/span><\/p>\n<hr \/>\n<h3><span style=\"color: #336699;\"><strong>Principaux \u00e9l\u00e9ments du syst\u00e8me d'IMT<\/strong><\/span><\/h3>\n<ol class=\"list-paddingleft-2\" start=\"1\">\n<li>\n<p class=\"ds-markdown-paragraph\"><span data-imt-p=\"1\">Unit\u00e9 d'affichage<\/span><\/p>\n<ul class=\"list-paddingleft-2\">\n<li>\n<p class=\"ds-markdown-paragraph\"><span data-imt-p=\"1\">Capacit\u00e9 de levage nominale (charge de travail s\u00fbre)<\/span><\/p>\n<\/li>\n<li>\n<p class=\"ds-markdown-paragraph\"><span data-imt-p=\"1\">Charge r\u00e9elle (mesur\u00e9e par des capteurs)<\/span><\/p>\n<\/li>\n<li>\n<p class=\"ds-markdown-paragraph\"><span data-imt-p=\"1\">Longueur de la rampe (\u00e0 partir des capteurs de longueur)<\/span><\/p>\n<\/li>\n<li>\n<p class=\"ds-markdown-paragraph\"><span data-imt-p=\"1\">Angle de la rampe (\u00e0 partir des capteurs d'angle)<\/span><\/p>\n<\/li>\n<\/ul>\n<ul class=\"list-paddingleft-2\">\n<li>\n<p class=\"ds-markdown-paragraph\"><span data-imt-p=\"1\">Affiche des donn\u00e9es en temps r\u00e9el telles que<\/span><\/p>\n<\/li>\n<li>\n<p class=\"ds-markdown-paragraph\"><span data-imt-p=\"1\">Peut \u00e9galement afficher la vitesse du vent, l'\u00e9tat des stabilisateurs et le rayon d'action.<\/span><\/p>\n<\/li>\n<\/ul>\n<\/li>\n<li>\n<p class=\"ds-markdown-paragraph\"><span data-imt-p=\"1\">Capteurs de pression hydraulique<\/span><\/p>\n<ul class=\"list-paddingleft-2\">\n<li>\n<p class=\"ds-markdown-paragraph\"><span data-imt-p=\"1\">Mesurer la charge sur la grue en d\u00e9tectant la pression dans le syst\u00e8me hydraulique de levage.<\/span><\/p>\n<\/li>\n<li>\n<p class=\"ds-markdown-paragraph\"><span data-imt-p=\"1\">Convertir la force hydraulique en un signal \u00e9lectrique pour le processeur LMI.<\/span><\/p>\n<\/li>\n<\/ul>\n<\/li>\n<li>\n<p class=\"ds-markdown-paragraph\"><span data-imt-p=\"1\">Capteurs de longueur de rampe<\/span><\/p>\n<ul class=\"list-paddingleft-2\">\n<li>\n<p class=\"ds-markdown-paragraph\"><span data-imt-p=\"1\">Il s'agit g\u00e9n\u00e9ralement d'un potentiom\u00e8tre ou d'un encodeur qui suit l'extension de la fl\u00e8che t\u00e9lescopique.<\/span><\/p>\n<\/li>\n<\/ul>\n<\/li>\n<li>\n<p class=\"ds-markdown-paragraph\"><span data-imt-p=\"1\">Capteur d'angle de rampe (inclinom\u00e8tre)<\/span><\/p>\n<ul class=\"list-paddingleft-2\">\n<li>\n<p class=\"ds-markdown-paragraph\"><span data-imt-p=\"1\">Mesure l'angle de la fl\u00e8che par rapport au sol.<\/span><\/p>\n<\/li>\n<li>\n<p class=\"ds-markdown-paragraph\"><span data-imt-p=\"1\">Il est essentiel pour le calcul de la capacit\u00e9 de charge (des angles plus \u00e9lev\u00e9s permettent g\u00e9n\u00e9ralement de supporter des charges plus lourdes).<\/span><\/p>\n<\/li>\n<\/ul>\n<\/li>\n<li>\n<p class=\"ds-markdown-paragraph\"><span data-imt-p=\"1\">Unit\u00e9 de contr\u00f4le (processeur)<\/span><\/p>\n<ul class=\"list-paddingleft-2\">\n<li>\n<p class=\"ds-markdown-paragraph\"><span data-imt-p=\"1\">Calcule les limites de s\u00e9curit\u00e9 en fonction des donn\u00e9es fournies par les capteurs.<\/span><\/p>\n<\/li>\n<li>\n<p class=\"ds-markdown-paragraph\"><span data-imt-p=\"1\">Compare la charge r\u00e9elle \u00e0 la capacit\u00e9 nominale et d\u00e9clenche des alarmes en cas de d\u00e9passement des limites.<\/span><\/p>\n<\/li>\n<\/ul>\n<\/li>\n<\/ol>\n<p><img decoding=\"async\" class=\"size-full wp-image-7077 aligncenter\" src=\"https:\/\/szlmi.com\/wp-content\/uploads\/2026\/02\/\u672a\u6807\u9898-1.jpg\" alt=\"\" width=\"1656\" height=\"300\" srcset=\"https:\/\/szlmi.com\/wp-content\/uploads\/2026\/02\/\u672a\u6807\u9898-1.jpg 1656w, https:\/\/szlmi.com\/wp-content\/uploads\/2026\/02\/\u672a\u6807\u9898-1-300x54.jpg 300w, https:\/\/szlmi.com\/wp-content\/uploads\/2026\/02\/\u672a\u6807\u9898-1-1024x186.jpg 1024w, https:\/\/szlmi.com\/wp-content\/uploads\/2026\/02\/\u672a\u6807\u9898-1-768x139.jpg 768w, https:\/\/szlmi.com\/wp-content\/uploads\/2026\/02\/\u672a\u6807\u9898-1-1536x278.jpg 1536w, https:\/\/szlmi.com\/wp-content\/uploads\/2026\/02\/\u672a\u6807\u9898-1-18x3.jpg 18w, https:\/\/szlmi.com\/wp-content\/uploads\/2026\/02\/\u672a\u6807\u9898-1-600x109.jpg 600w, https:\/\/szlmi.com\/wp-content\/uploads\/2026\/02\/\u672a\u6807\u9898-1-64x12.jpg 64w\" sizes=\"(max-width: 1656px) 100vw, 1656px\" \/><\/p>\n<hr \/>\n<h3><span style=\"color: #336699;\"><strong>Caract\u00e9ristiques\u00a0<\/strong><\/span><\/h3>\n<ul>\n<li>Facile \u00e0 installer, installez-le vous-m\u00eame<\/li>\n<li>Affichage du poids, du rayon et de la hauteur des faits<\/li>\n<li>avertissement de taille, de poids et de surcharge<\/li>\n<li>enregistrement de donn\u00e9es de surcharge<\/li>\n<li>Alarme par Audible<\/li>\n<\/ul>\n<hr \/>\n<h3><span style=\"color: #336699;\"><strong>Param\u00e8tres du syst\u00e8me<\/strong><\/span><\/h3>\n<table style=\"line-height: 30px;\" width=\"809\" cellspacing=\"0\" align=\"center\">\n<tbody>\n<tr class=\"firstRow\">\n<td align=\"center\" valign=\"middle\" width=\"200\">\n<p data-imt-p=\"1\">Plage de mesure<\/p>\n<\/td>\n<td align=\"center\" valign=\"middle\" width=\"200\">\n<p data-imt-p=\"1\">1 \uff5e 60T<\/p>\n<\/td>\n<\/tr>\n<tr>\n<td align=\"center\" valign=\"middle\" width=\"154\">\n<p data-imt-p=\"1\">Capacit\u00e9 de r\u00e9solution<\/p>\n<\/td>\n<td align=\"center\" valign=\"middle\" width=\"154\">0.02T<\/td>\n<\/tr>\n<tr>\n<td align=\"center\" valign=\"middle\" width=\"154\">\n<p data-imt-p=\"1\">Pr\u00e9cision combin\u00e9e<\/p>\n<\/td>\n<td align=\"center\" valign=\"middle\" width=\"154\">\n<p data-imt-p=\"1\">\u00b13%\uff08F.S.\uff09<\/p>\n<\/td>\n<\/tr>\n<tr>\n<td align=\"center\" valign=\"middle\" width=\"154\">\n<p data-imt-p=\"1\">Tension \u00e9lectrique<\/p>\n<\/td>\n<td align=\"center\" valign=\"middle\" width=\"154\">\n<p data-imt-p=\"1\">DC12-36V \u00b1 5%<\/p>\n<\/td>\n<\/tr>\n<tr>\n<td align=\"center\" valign=\"middle\" width=\"154\">\n<p data-imt-p=\"1\">Temp\u00e9rature<\/p>\n<\/td>\n<td align=\"center\" valign=\"middle\" width=\"154\">\n<p data-imt-p=\"1\">-20\u2103 - +70\u2103<\/p>\n<\/td>\n<\/tr>\n<tr>\n<td align=\"center\" valign=\"middle\" width=\"154\">\n<p data-imt-p=\"1\">Humidit\u00e9 relative<\/p>\n<\/td>\n<td align=\"center\" valign=\"middle\" width=\"154\">\n<p data-imt-p=\"1\">90%(20\u2103)<\/p>\n<\/td>\n<\/tr>\n<tr>\n<td align=\"center\" valign=\"middle\" width=\"154\">\n<p data-imt-p=\"1\">Erreur d'action<\/p>\n<\/td>\n<td align=\"center\" valign=\"middle\" width=\"154\">\n<p data-imt-p=\"1\">&lt;\u00b11%\uff08F.S.\uff09<\/p>\n<\/td>\n<\/tr>\n<tr>\n<td align=\"center\" valign=\"middle\" width=\"154\">\n<p data-imt-p=\"1\">Protection contre les infiltrations<\/p>\n<\/td>\n<td align=\"center\" valign=\"middle\" width=\"154\">IP65<\/td>\n<\/tr>\n<\/tbody>\n<\/table>\n<hr \/>\n<h3><span style=\"color: #336699;\">Mod\u00e8les de grues sur camion pris en charge<\/span><\/h3>\n<p><img decoding=\"async\" class=\"size-full wp-image-7078 aligncenter\" src=\"https:\/\/szlmi.com\/wp-content\/uploads\/2026\/02\/1.jpg\" alt=\"\" width=\"1656\" height=\"300\" srcset=\"https:\/\/szlmi.com\/wp-content\/uploads\/2026\/02\/1.jpg 1656w, https:\/\/szlmi.com\/wp-content\/uploads\/2026\/02\/1-300x54.jpg 300w, https:\/\/szlmi.com\/wp-content\/uploads\/2026\/02\/1-1024x186.jpg 1024w, https:\/\/szlmi.com\/wp-content\/uploads\/2026\/02\/1-768x139.jpg 768w, https:\/\/szlmi.com\/wp-content\/uploads\/2026\/02\/1-1536x278.jpg 1536w, https:\/\/szlmi.com\/wp-content\/uploads\/2026\/02\/1-18x3.jpg 18w, https:\/\/szlmi.com\/wp-content\/uploads\/2026\/02\/1-600x109.jpg 600w, https:\/\/szlmi.com\/wp-content\/uploads\/2026\/02\/1-64x12.jpg 64w\" sizes=\"(max-width: 1656px) 100vw, 1656px\" \/><\/p>","protected":false},"excerpt":{"rendered":"<p>Truck Crane load indicator &nbsp; Picture Description Introduction The SZ-TC01 load moment indicator (LMI) system for a Truck\u00a0 Crane is a core safety device that monitors the crane&#8217;s load status in real time and prevents overloading and tipping. By integrating mechanical data with equipment parameters, it provides operators with accurate safety warnings to ensure operational [&hellip;]<\/p>","protected":false},"featured_media":7079,"template":"","meta":{"_monsterinsights_skip_tracking":false,"_monsterinsights_sitenote_active":false,"_monsterinsights_sitenote_note":"","_monsterinsights_sitenote_category":0,"site-sidebar-layout":"default","site-content-layout":"","ast-site-content-layout":"default","site-content-style":"default","site-sidebar-style":"default","ast-global-header-display":"","ast-banner-title-visibility":"","ast-main-header-display":"","ast-hfb-above-header-display":"","ast-hfb-below-header-display":"","ast-hfb-mobile-header-display":"","site-post-title":"","ast-breadcrumbs-content":"","ast-featured-img":"","footer-sml-layout":"","theme-transparent-header-meta":"default","adv-header-id-meta":"","stick-header-meta":"","header-above-stick-meta":"","header-main-stick-meta":"","header-below-stick-meta":"","astra-migrate-meta-layouts":"set","ast-page-background-enabled":"default","ast-page-background-meta":{"desktop":{"background-color":"","background-image":"","background-repeat":"repeat","background-position":"center center","background-size":"auto","background-attachment":"scroll","background-type":"","background-media":"","overlay-type":"","overlay-color":"","overlay-opacity":"","overlay-gradient":""},"tablet":{"background-color":"","background-image":"","background-repeat":"repeat","background-position":"center center","background-size":"auto","background-attachment":"scroll","background-type":"","background-media":"","overlay-type":"","overlay-color":"","overlay-opacity":"","overlay-gradient":""},"mobile":{"background-color":"","background-image":"","background-repeat":"repeat","background-position":"center center","background-size":"auto","background-attachment":"scroll","background-type":"","background-media":"","overlay-type":"","overlay-color":"","overlay-opacity":"","overlay-gradient":""}},"ast-content-background-meta":{"desktop":{"background-color":"var(--ast-global-color-5)","background-image":"","background-repeat":"repeat","background-position":"center center","background-size":"auto","background-attachment":"scroll","background-type":"","background-media":"","overlay-type":"","overlay-color":"","overlay-opacity":"","overlay-gradient":""},"tablet":{"background-color":"var(--ast-global-color-5)","background-image":"","background-repeat":"repeat","background-position":"center center","background-size":"auto","background-attachment":"scroll","background-type":"","background-media":"","overlay-type":"","overlay-color":"","overlay-opacity":"","overlay-gradient":""},"mobile":{"background-color":"var(--ast-global-color-5)","background-image":"","background-repeat":"repeat","background-position":"center center","background-size":"auto","background-attachment":"scroll","background-type":"","background-media":"","overlay-type":"","overlay-color":"","overlay-opacity":"","overlay-gradient":""}}},"product_cat":[64],"product_tag":[84,198,80],"class_list":{"0":"post-7075","1":"product","2":"type-product","3":"status-publish","4":"has-post-thumbnail","6":"product_cat-load-moment-indicator","7":"product_tag-crane-load-moment-indicator","8":"product_tag-crane-safe-load-indicator-sli","9":"product_tag-lmi","10":"desktop-align-left","11":"tablet-align-left","12":"mobile-align-left","14":"first","15":"instock","16":"shipping-taxable","17":"product-type-simple"},"aioseo_notices":[],"_links":{"self":[{"href":"https:\/\/szlmi.com\/fr\/wp-json\/wp\/v2\/product\/7075","targetHints":{"allow":["GET"]}}],"collection":[{"href":"https:\/\/szlmi.com\/fr\/wp-json\/wp\/v2\/product"}],"about":[{"href":"https:\/\/szlmi.com\/fr\/wp-json\/wp\/v2\/types\/product"}],"wp:featuredmedia":[{"embeddable":true,"href":"https:\/\/szlmi.com\/fr\/wp-json\/wp\/v2\/media\/7079"}],"wp:attachment":[{"href":"https:\/\/szlmi.com\/fr\/wp-json\/wp\/v2\/media?parent=7075"}],"wp:term":[{"taxonomy":"product_cat","embeddable":true,"href":"https:\/\/szlmi.com\/fr\/wp-json\/wp\/v2\/product_cat?post=7075"},{"taxonomy":"product_tag","embeddable":true,"href":"https:\/\/szlmi.com\/fr\/wp-json\/wp\/v2\/product_tag?post=7075"}],"curies":[{"name":"wp","href":"https:\/\/api.w.org\/{rel}","templated":true}]}}