{"id":6845,"date":"2024-12-21T17:59:15","date_gmt":"2024-12-22T01:59:15","guid":{"rendered":"https:\/\/szlmi.com\/?post_type=product&#038;p=6845"},"modified":"2026-03-05T21:32:37","modified_gmt":"2026-03-06T05:32:37","slug":"angle-sensor","status":"publish","type":"product","link":"https:\/\/szlmi.com\/fr\/produit\/angle-sensor\/","title":{"rendered":"Capteur d'angle"},"content":{"rendered":"<h3><span style=\"color: #336699;\"><strong>Description de l'image<\/strong><\/span><\/h3>\n<div style=\"text-align: center;\"><img fetchpriority=\"high\" decoding=\"async\" style=\"display: inline;\" src=\"https:\/\/szlmi.com\/wp-content\/uploads\/2025\/12\/1-2-2.jpg\" alt=\"\" width=\"300\" height=\"300\" \/>\u00a0 \u00a0 <img decoding=\"async\" style=\"display: inline;\" src=\"https:\/\/szlmi.com\/wp-content\/uploads\/2025\/12\/1-3-2.jpg\" alt=\"\" width=\"300\" height=\"300\" \/><\/div>\n<hr \/>\n<h3><span style=\"color: #336699;\"><strong>Introduction<\/strong><\/span><\/h3>\n<div>Les capteurs d'inclinaison, \u00e9galement appel\u00e9s inclinom\u00e8tres, mesurent l'angle d'un objet par rapport \u00e0 la gravit\u00e9 terrestre. Ils sont largement utilis\u00e9s dans des secteurs tels que la construction, l'automobile, l'a\u00e9rospatiale, la robotique et l'\u00e9lectronique grand public pour contr\u00f4ler l'orientation, la pente et l'inclinaison.<\/div>\n<hr \/>\n<h3><span style=\"color: #336699;\"><strong>Principe de fonctionnement<\/strong><\/span><\/h3>\n<div class=\"br-block\">Les capteurs d'inclinaison d\u00e9tectent les changements de position angulaire en mesurant l'effet de la gravit\u00e9 sur les composants internes. Les m\u00e9canismes de d\u00e9tection les plus courants sont les suivants<\/div>\n<div>Bas\u00e9 sur un pendule (m\u00e9canique) : Utilise un pendule lest\u00e9 qui bascule en fonction de l'inclinaison.<br \/>\nMEMS (syst\u00e8mes micro-\u00e9lectro-m\u00e9caniques) : S'appuie sur des \u00e9l\u00e9ments capacitifs ou pi\u00e9zor\u00e9sistifs pour d\u00e9tecter les mouvements induits par la gravit\u00e9.<br \/>\n\u00c9lectrolytique (\u00e0 base de liquide) : Mesure les changements de conductivit\u00e9 dus au d\u00e9placement d'un liquide.<br \/>\nOptique : utilise des faisceaux lumineux et des photod\u00e9tecteurs pour d\u00e9terminer les angles d'inclinaison.<\/div>\n<div>\n<div>\n<div id=\"wJLQvAnxFPTc-text\" class=\"lc-a-text show\">\n<hr \/>\n<h3><span style=\"color: #336699;\"><strong>Param\u00e8tres<\/strong><\/span><\/h3>\n<\/div>\n<\/div>\n<\/div>\n<div>\n<div>\n<div class=\"lc-a-table\" data-atom-id=\"FmPQXLJKsuTV-table\">\n<table class=\"rich-text-table fill-zebra\">\n<colgroup>\n<col width=\"200\" \/><\/colgroup>\n<colgroup>\n<col width=\"200\" \/><\/colgroup>\n<tbody>\n<tr>\n<td class=\"td-view\" colspan=\"1\" rowspan=\"1\" data-row=\"0\" data-col=\"0\">\n<div style=\"text-align: center;\">Alimentation \u00e9lectrique<\/div>\n<\/td>\n<td class=\"td-view\" style=\"text-align: center;\" colspan=\"1\" rowspan=\"1\" data-row=\"0\" data-col=\"1\">\n<div>9-36V DC<\/div>\n<\/td>\n<\/tr>\n<tr>\n<td class=\"td-view\" style=\"text-align: center;\" colspan=\"1\" rowspan=\"1\" data-row=\"1\" data-col=\"0\">\n<div>Sorties<\/div>\n<\/td>\n<td class=\"td-view\" colspan=\"1\" rowspan=\"1\" data-row=\"1\" data-col=\"1\">\n<div style=\"text-align: center;\">Sortie courant, sortie tension, RS232, RS485<\/div>\n<\/td>\n<\/tr>\n<tr>\n<td class=\"td-view\" colspan=\"1\" rowspan=\"1\" data-row=\"2\" data-col=\"0\">\n<div style=\"text-align: center;\">Fr\u00e9quence de r\u00e9ponse (Hz)<\/div>\n<\/td>\n<td class=\"td-view\" style=\"text-align: center;\" colspan=\"1\" rowspan=\"1\" data-row=\"2\" data-col=\"1\">\n<div>5, 15, 35 et 50 Hz disponibles<\/div>\n<\/td>\n<\/tr>\n<tr>\n<td class=\"td-view\" colspan=\"1\" rowspan=\"1\" data-row=\"3\" data-col=\"0\">\n<div style=\"text-align: center;\">Plage de mesure<\/div>\n<\/td>\n<td class=\"td-view\" style=\"text-align: center;\" colspan=\"1\" rowspan=\"1\" data-row=\"3\" data-col=\"1\">\n<div>De \u00b110 degr\u00e9s \u00e0 \u00b190 degr\u00e9s<\/div>\n<\/td>\n<\/tr>\n<tr>\n<td class=\"td-view\" colspan=\"1\" rowspan=\"1\" data-row=\"4\" data-col=\"0\">\n<div style=\"text-align: center;\">R\u00e9solution<\/div>\n<\/td>\n<td class=\"td-view\" colspan=\"1\" rowspan=\"1\" data-row=\"4\" data-col=\"1\">\n<div style=\"text-align: center;\" data-imt_insert_failed=\"1\">0.05\u00b0<\/div>\n<\/td>\n<\/tr>\n<tr>\n<td class=\"td-view\" style=\"text-align: center;\" colspan=\"1\" rowspan=\"1\" data-row=\"5\" data-col=\"0\">\n<div>Pr\u00e9cision absolue<\/div>\n<\/td>\n<td class=\"td-view\" colspan=\"1\" rowspan=\"1\" data-row=\"5\" data-col=\"1\">\n<div style=\"text-align: center;\" data-imt_insert_failed=\"1\">0.1\u00b0<\/div>\n<\/td>\n<\/tr>\n<tr>\n<td class=\"td-view\" style=\"text-align: center;\" colspan=\"1\" rowspan=\"1\" data-row=\"6\" data-col=\"0\">\n<div>3. Temps de r\u00e9ponse<\/div>\n<\/td>\n<td class=\"td-view\" colspan=\"1\" rowspan=\"1\" data-row=\"6\" data-col=\"1\">\n<div style=\"text-align: center;\">0.02s<\/div>\n<\/td>\n<\/tr>\n<tr>\n<td class=\"td-view\" style=\"text-align: center;\" colspan=\"1\" rowspan=\"1\" data-row=\"7\" data-col=\"0\">\n<div>Protection de l'environnement<\/div>\n<\/td>\n<td class=\"td-view\" colspan=\"1\" rowspan=\"1\" data-row=\"7\" data-col=\"1\">\n<div style=\"text-align: center;\">IP67<\/div>\n<\/td>\n<\/tr>\n<\/tbody>\n<\/table>\n<\/div>\n<\/div>\n<\/div>\n<div>\n<div>\n<div class=\"lc-a-text show\">\n<div>\n<hr \/>\n<h3><span style=\"color: #336699;\"><strong>Applications cl\u00e9s<\/strong><\/span><\/h3>\n<p>Construction et g\u00e9nie civil : Surveillance de l'inclinaison structurelle des ponts, des b\u00e2timents et des barrages : Contr\u00f4le de stabilit\u00e9, d\u00e9tection de renversement et nivellement des v\u00e9hicules.<br \/>\nRobotique et drones : Contr\u00f4le de l'\u00e9quilibre et de l'orientation.<br \/>\nMachines industrielles : Assurer un alignement correct des \u00e9quipements lourds.<\/p>\n<hr \/>\n<h3><span style=\"color: #336699;\"><strong>Cas<\/strong><\/span><\/h3>\n<div style=\"text-align: center;\"><img decoding=\"async\" style=\"display: inline;\" src=\"https:\/\/szlmi.com\/wp-content\/uploads\/2025\/12\/OEM-Factory-Direct-Selling-Angle-Sensor-for-Load-Indicator-1.webp\" alt=\"\" width=\"300\" height=\"300\" \/>\u00a0 \u00a0 <img loading=\"lazy\" decoding=\"async\" style=\"display: inline;\" src=\"https:\/\/szlmi.com\/wp-content\/uploads\/2025\/12\/OEM-Factory-Direct-Selling-Angle-Sensor-for-Load-Indicator-2.webp\" alt=\"\" width=\"300\" height=\"300\" \/>\u00a0 \u00a0 <img loading=\"lazy\" decoding=\"async\" style=\"display: inline;\" src=\"https:\/\/szlmi.com\/wp-content\/uploads\/2025\/12\/OEM-Factory-Direct-Selling-Angle-Sensor-for-Load-Indicator.webp\" alt=\"\" width=\"300\" height=\"300\" \/><\/div>\n<\/div>\n<\/div>\n<\/div>\n<\/div>","protected":false},"excerpt":{"rendered":"<p>Picture Description \u00a0 \u00a0 Introduction Tilt sensors, also called inclinometers, measure the angle of an object relative to Earth&#8217;s gravity. They are widely used in industries such as construction, automotive, aerospace, robotics, and consumer electronics to monitor orientation, slope, and inclination. Working Principle Tilt sensors detect changes in angular position by measuring the effect of [&hellip;]<\/p>","protected":false},"featured_media":6850,"template":"","meta":{"_monsterinsights_skip_tracking":false,"_monsterinsights_sitenote_active":false,"_monsterinsights_sitenote_note":"","_monsterinsights_sitenote_category":0,"site-sidebar-layout":"default","site-content-layout":"","ast-site-content-layout":"default","site-content-style":"default","site-sidebar-style":"default","ast-global-header-display":"","ast-banner-title-visibility":"","ast-main-header-display":"","ast-hfb-above-header-display":"","ast-hfb-below-header-display":"","ast-hfb-mobile-header-display":"","site-post-title":"","ast-breadcrumbs-content":"","ast-featured-img":"","footer-sml-layout":"","theme-transparent-header-meta":"default","adv-header-id-meta":"","stick-header-meta":"","header-above-stick-meta":"","header-main-stick-meta":"","header-below-stick-meta":"","astra-migrate-meta-layouts":"set","ast-page-background-enabled":"default","ast-page-background-meta":{"desktop":{"background-color":"","background-image":"","background-repeat":"repeat","background-position":"center center","background-size":"auto","background-attachment":"scroll","background-type":"","background-media":"","overlay-type":"","overlay-color":"","overlay-opacity":"","overlay-gradient":""},"tablet":{"background-color":"","background-image":"","background-repeat":"repeat","background-position":"center center","background-size":"auto","background-attachment":"scroll","background-type":"","background-media":"","overlay-type":"","overlay-color":"","overlay-opacity":"","overlay-gradient":""},"mobile":{"background-color":"","background-image":"","background-repeat":"repeat","background-position":"center center","background-size":"auto","background-attachment":"scroll","background-type":"","background-media":"","overlay-type":"","overlay-color":"","overlay-opacity":"","overlay-gradient":""}},"ast-content-background-meta":{"desktop":{"background-color":"var(--ast-global-color-5)","background-image":"","background-repeat":"repeat","background-position":"center center","background-size":"auto","background-attachment":"scroll","background-type":"","background-media":"","overlay-type":"","overlay-color":"","overlay-opacity":"","overlay-gradient":""},"tablet":{"background-color":"var(--ast-global-color-5)","background-image":"","background-repeat":"repeat","background-position":"center center","background-size":"auto","background-attachment":"scroll","background-type":"","background-media":"","overlay-type":"","overlay-color":"","overlay-opacity":"","overlay-gradient":""},"mobile":{"background-color":"var(--ast-global-color-5)","background-image":"","background-repeat":"repeat","background-position":"center center","background-size":"auto","background-attachment":"scroll","background-type":"","background-media":"","overlay-type":"","overlay-color":"","overlay-opacity":"","overlay-gradient":""}}},"product_cat":[146],"product_tag":[239,238,235],"class_list":{"0":"post-6845","1":"product","2":"type-product","3":"status-publish","4":"has-post-thumbnail","6":"product_cat-sensor","7":"product_tag-angle","8":"product_tag-angle-sensor","9":"product_tag-sensor","10":"desktop-align-left","11":"tablet-align-left","12":"mobile-align-left","14":"first","15":"instock","16":"shipping-taxable","17":"product-type-simple"},"aioseo_notices":[],"_links":{"self":[{"href":"https:\/\/szlmi.com\/fr\/wp-json\/wp\/v2\/product\/6845","targetHints":{"allow":["GET"]}}],"collection":[{"href":"https:\/\/szlmi.com\/fr\/wp-json\/wp\/v2\/product"}],"about":[{"href":"https:\/\/szlmi.com\/fr\/wp-json\/wp\/v2\/types\/product"}],"wp:featuredmedia":[{"embeddable":true,"href":"https:\/\/szlmi.com\/fr\/wp-json\/wp\/v2\/media\/6850"}],"wp:attachment":[{"href":"https:\/\/szlmi.com\/fr\/wp-json\/wp\/v2\/media?parent=6845"}],"wp:term":[{"taxonomy":"product_cat","embeddable":true,"href":"https:\/\/szlmi.com\/fr\/wp-json\/wp\/v2\/product_cat?post=6845"},{"taxonomy":"product_tag","embeddable":true,"href":"https:\/\/szlmi.com\/fr\/wp-json\/wp\/v2\/product_tag?post=6845"}],"curies":[{"name":"wp","href":"https:\/\/api.w.org\/{rel}","templated":true}]}}