{"id":6831,"date":"2024-12-21T17:40:13","date_gmt":"2024-12-22T01:40:13","guid":{"rendered":"https:\/\/szlmi.com\/?post_type=product&#038;p=6831"},"modified":"2026-03-05T21:37:39","modified_gmt":"2026-03-06T05:37:39","slug":"hydraulic-pressure-sensor","status":"publish","type":"product","link":"https:\/\/szlmi.com\/fr\/produit\/hydraulic-pressure-sensor\/","title":{"rendered":"Capteur de pression hydraulique"},"content":{"rendered":"<h3><span style=\"color: #336699;\"><strong>Description de l'image<\/strong><\/span><\/h3>\n<div style=\"text-align: center;\"><img fetchpriority=\"high\" decoding=\"async\" style=\"display: inline;\" src=\"https:\/\/szlmi.com\/wp-content\/uploads\/2025\/12\/111.jpg\" alt=\"\" width=\"300\" height=\"238\" \/>\u00a0 \u00a0 <img decoding=\"async\" style=\"display: inline;\" src=\"https:\/\/szlmi.com\/wp-content\/uploads\/2025\/12\/\u5fae\u4fe1\u56fe\u7247_20251105150013.jpg\" alt=\"\" width=\"300\" height=\"234\" \/><\/div>\n<hr \/>\n<h3><span style=\"color: #336699;\"><strong>Introduction<\/strong><\/span><\/h3>\n<p>Les capteurs de pression hydraulique sont des produits industriels standardis\u00e9s et modulaires. Ils conviennent \u00e0 la mesure pr\u00e9cise de la pression hydraulique dans les v\u00e9rins de fl\u00e8che des grues \u00e0 commande hydraulique. L'\u00e9l\u00e9ment sensible est constitu\u00e9 de noyaux pi\u00e9zor\u00e9sistifs diffus\u00e9s en silicium ou en c\u00e9ramique import\u00e9s, offrant de fortes capacit\u00e9s anti-interf\u00e9rences, une sensibilit\u00e9 \u00e9lev\u00e9e et une d\u00e9rive de temp\u00e9rature minimale.<\/p>\n<div>\n<div>\n<div id=\"wETmvKJFOIft-text\" class=\"lc-a-text show\">\n<hr \/>\n<h3><span style=\"color: #336699;\"><strong>Param\u00e8tres<\/strong><\/span><\/h3>\n<\/div>\n<\/div>\n<\/div>\n<div>\n<div>\n<div class=\"lc-a-table\" data-atom-id=\"wmaQSOErIDTf-table\">\n<table class=\"rich-text-table fill-zebra\">\n<colgroup>\n<col width=\"200\" \/><\/colgroup>\n<colgroup>\n<col width=\"200\" \/><\/colgroup>\n<tbody>\n<tr>\n<td class=\"td-view\" style=\"text-align: center;\" colspan=\"1\" rowspan=\"1\" data-row=\"0\" data-col=\"0\">\n<div>Gamme<\/div>\n<\/td>\n<td class=\"td-view\" colspan=\"1\" rowspan=\"1\" data-row=\"0\" data-col=\"1\">\n<div style=\"text-align: center;\">0-400bar<\/div>\n<\/td>\n<\/tr>\n<tr>\n<td class=\"td-view\" colspan=\"1\" rowspan=\"1\" data-row=\"1\" data-col=\"0\">\n<div style=\"text-align: center;\">Sorties<\/div>\n<\/td>\n<td class=\"td-view\" style=\"text-align: center;\" colspan=\"1\" rowspan=\"1\" data-row=\"1\" data-col=\"1\">\n<div data-imt_insert_failed=\"1\">4-20mA<\/div>\n<\/td>\n<\/tr>\n<tr>\n<td class=\"td-view\" colspan=\"1\" rowspan=\"1\" data-row=\"2\" data-col=\"0\">\n<div style=\"text-align: center;\">Acc<\/div>\n<\/td>\n<td class=\"td-view\" style=\"text-align: center;\" colspan=\"1\" rowspan=\"1\" data-row=\"2\" data-col=\"1\">\n<div>0,5%F.S<\/div>\n<\/td>\n<\/tr>\n<tr>\n<td class=\"td-view\" colspan=\"1\" rowspan=\"1\" data-row=\"3\" data-col=\"0\">\n<div style=\"text-align: center;\">Plage de mesure<\/div>\n<\/td>\n<td class=\"td-view\" style=\"text-align: center;\" colspan=\"1\" rowspan=\"1\" data-row=\"3\" data-col=\"1\">\n<div>De \u00b110 degr\u00e9s \u00e0 \u00b190 degr\u00e9s<\/div>\n<\/td>\n<\/tr>\n<tr>\n<td class=\"td-view\" style=\"text-align: center;\" colspan=\"1\" rowspan=\"1\" data-row=\"4\" data-col=\"0\">\n<div>Entr\u00e9e<\/div>\n<\/td>\n<td class=\"td-view\" colspan=\"1\" rowspan=\"1\" data-row=\"4\" data-col=\"1\">\n<div style=\"text-align: center;\">12-30Vdc<\/div>\n<\/td>\n<\/tr>\n<tr>\n<td class=\"td-view\" style=\"text-align: center;\" colspan=\"1\" rowspan=\"1\" data-row=\"5\" data-col=\"0\">\n<div>Pr\u00e9cision absolue<\/div>\n<\/td>\n<td class=\"td-view\" colspan=\"1\" rowspan=\"1\" data-row=\"5\" data-col=\"1\">\n<div style=\"text-align: center;\">0,1bar<\/div>\n<\/td>\n<\/tr>\n<tr>\n<td class=\"td-view\" style=\"text-align: center;\" colspan=\"1\" rowspan=\"1\" data-row=\"6\" data-col=\"0\">\n<div>3. Temps de r\u00e9ponse<\/div>\n<\/td>\n<td class=\"td-view\" colspan=\"1\" rowspan=\"1\" data-row=\"6\" data-col=\"1\">\n<div style=\"text-align: center;\">0.02s<\/div>\n<\/td>\n<\/tr>\n<tr>\n<td class=\"td-view\" style=\"text-align: center;\" colspan=\"1\" rowspan=\"1\" data-row=\"7\" data-col=\"0\">\n<div>Protection de l'environnement<\/div>\n<\/td>\n<td class=\"td-view\" colspan=\"1\" rowspan=\"1\" data-row=\"7\" data-col=\"1\">\n<div style=\"text-align: center;\">IP67<\/div>\n<\/td>\n<\/tr>\n<\/tbody>\n<\/table>\n<\/div>\n<\/div>\n<\/div>\n<hr \/>\n<h3><span style=\"color: #336699;\"><strong>Fonction:<\/strong><\/span><\/h3>\n<p>D\u00e9tection de la pression : Mesure avec pr\u00e9cision les valeurs de pression dynamique ou statique de fluides tels que l'huile et l'eau dans le syst\u00e8me hydraulique, y compris la pression de pointe et la pression en r\u00e9gime permanent.<\/p>\n<p>Conversion du signal : Convertit la quantit\u00e9 de pression physique d\u00e9tect\u00e9e (par exemple, la pression m\u00e9canique) en signaux \u00e9lectriques (par exemple, des signaux analogiques tels que 4-20mA, 0-10V, ou des signaux num\u00e9riques) en vue d'un traitement ult\u00e9rieur.<\/p>\n<p>Transmission des donn\u00e9es : Transmet les signaux de pression au syst\u00e8me de contr\u00f4le (par exemple, PLC, tableau de bord, ordinateur h\u00f4te) par c\u00e2ble ou sans fil (par exemple, Bluetooth, LoRa).<\/p>\n<p>Surveillance de l'\u00e9tat : Fournit un retour d'information en temps r\u00e9el sur les changements de pression du syst\u00e8me hydraulique, ce qui permet de d\u00e9terminer si le syst\u00e8me fonctionne normalement (par exemple, surcharge, fuite).<\/p>\n<p>Protection de la s\u00e9curit\u00e9 : Associ\u00e9e \u00e0 la fonctionnalit\u00e9 du pressostat, elle d\u00e9clenche des alarmes ou s'arr\u00eate automatiquement lorsque la pression d\u00e9passe ou tombe en dessous d'un seuil d\u00e9fini afin d'\u00e9viter d'endommager l'\u00e9quipement.<\/p>\n<p>Contr\u00f4le des processus : Fournit des donn\u00e9es pour la r\u00e9gulation de la pression du syst\u00e8me hydraulique, en travaillant avec des vannes, des pompes et d'autres composants pour obtenir un contr\u00f4le de la pression en boucle ferm\u00e9e et assurer un fonctionnement stable du syst\u00e8me.<\/p>\n<hr \/>\n<h3><span style=\"color: #336699;\"><strong>Cas<\/strong><\/span><\/h3>\n<div style=\"text-align: center;\"><img decoding=\"async\" style=\"display: inline;\" src=\"https:\/\/szlmi.com\/wp-content\/uploads\/2025\/12\/OEM-Factory-Direct-Selling-Hydraulic-Pressure-Sensors-for-Crane-Lmi-1.webp\" alt=\"\" width=\"300\" height=\"238\" \/>\u00a0 \u00a0 <img loading=\"lazy\" decoding=\"async\" style=\"display: inline;\" src=\"https:\/\/szlmi.com\/wp-content\/uploads\/2025\/12\/OEM-Factory-Direct-Selling-Hydraulic-Pressure-Sensors-for-Crane-Lmi-2.webp\" alt=\"\" width=\"300\" height=\"234\" \/>\u00a0 \u00a0 <img loading=\"lazy\" decoding=\"async\" style=\"display: inline;\" src=\"https:\/\/szlmi.com\/wp-content\/uploads\/2025\/12\/OEM-Factory-Direct-Selling-Hydraulic-Pressure-Sensors-for-Crane-Lmi.webp\" alt=\"\" width=\"300\" height=\"234\" \/><\/div>","protected":false},"excerpt":{"rendered":"<p>Picture Description \u00a0 \u00a0 Introduction Hydraulic pressure sensors are standardized, modular industrial products. They are suitable for the precise measurement of hydraulic pressure in the boom cylinders of hydraulically powered cranes. The sensing element is made of imported piezoresistive diffused silicon or ceramic cores, offering strong anti-interference capabilities, high sensitivity, and minimal temperature drift. Parameters [&hellip;]<\/p>","protected":false},"featured_media":6843,"template":"","meta":{"_monsterinsights_skip_tracking":false,"_monsterinsights_sitenote_active":false,"_monsterinsights_sitenote_note":"","_monsterinsights_sitenote_category":0,"site-sidebar-layout":"default","site-content-layout":"","ast-site-content-layout":"default","site-content-style":"default","site-sidebar-style":"default","ast-global-header-display":"","ast-banner-title-visibility":"","ast-main-header-display":"","ast-hfb-above-header-display":"","ast-hfb-below-header-display":"","ast-hfb-mobile-header-display":"","site-post-title":"","ast-breadcrumbs-content":"","ast-featured-img":"","footer-sml-layout":"","theme-transparent-header-meta":"default","adv-header-id-meta":"","stick-header-meta":"","header-above-stick-meta":"","header-main-stick-meta":"","header-below-stick-meta":"","astra-migrate-meta-layouts":"set","ast-page-background-enabled":"default","ast-page-background-meta":{"desktop":{"background-color":"","background-image":"","background-repeat":"repeat","background-position":"center center","background-size":"auto","background-attachment":"scroll","background-type":"","background-media":"","overlay-type":"","overlay-color":"","overlay-opacity":"","overlay-gradient":""},"tablet":{"background-color":"","background-image":"","background-repeat":"repeat","background-position":"center center","background-size":"auto","background-attachment":"scroll","background-type":"","background-media":"","overlay-type":"","overlay-color":"","overlay-opacity":"","overlay-gradient":""},"mobile":{"background-color":"","background-image":"","background-repeat":"repeat","background-position":"center center","background-size":"auto","background-attachment":"scroll","background-type":"","background-media":"","overlay-type":"","overlay-color":"","overlay-opacity":"","overlay-gradient":""}},"ast-content-background-meta":{"desktop":{"background-color":"var(--ast-global-color-5)","background-image":"","background-repeat":"repeat","background-position":"center center","background-size":"auto","background-attachment":"scroll","background-type":"","background-media":"","overlay-type":"","overlay-color":"","overlay-opacity":"","overlay-gradient":""},"tablet":{"background-color":"var(--ast-global-color-5)","background-image":"","background-repeat":"repeat","background-position":"center center","background-size":"auto","background-attachment":"scroll","background-type":"","background-media":"","overlay-type":"","overlay-color":"","overlay-opacity":"","overlay-gradient":""},"mobile":{"background-color":"var(--ast-global-color-5)","background-image":"","background-repeat":"repeat","background-position":"center center","background-size":"auto","background-attachment":"scroll","background-type":"","background-media":"","overlay-type":"","overlay-color":"","overlay-opacity":"","overlay-gradient":""}}},"product_cat":[146],"product_tag":[237,236,235],"class_list":{"0":"post-6831","1":"product","2":"type-product","3":"status-publish","4":"has-post-thumbnail","6":"product_cat-sensor","7":"product_tag-pressure","8":"product_tag-pressure-sensor","9":"product_tag-sensor","10":"desktop-align-left","11":"tablet-align-left","12":"mobile-align-left","14":"first","15":"instock","16":"shipping-taxable","17":"product-type-simple"},"aioseo_notices":[],"_links":{"self":[{"href":"https:\/\/szlmi.com\/fr\/wp-json\/wp\/v2\/product\/6831","targetHints":{"allow":["GET"]}}],"collection":[{"href":"https:\/\/szlmi.com\/fr\/wp-json\/wp\/v2\/product"}],"about":[{"href":"https:\/\/szlmi.com\/fr\/wp-json\/wp\/v2\/types\/product"}],"wp:featuredmedia":[{"embeddable":true,"href":"https:\/\/szlmi.com\/fr\/wp-json\/wp\/v2\/media\/6843"}],"wp:attachment":[{"href":"https:\/\/szlmi.com\/fr\/wp-json\/wp\/v2\/media?parent=6831"}],"wp:term":[{"taxonomy":"product_cat","embeddable":true,"href":"https:\/\/szlmi.com\/fr\/wp-json\/wp\/v2\/product_cat?post=6831"},{"taxonomy":"product_tag","embeddable":true,"href":"https:\/\/szlmi.com\/fr\/wp-json\/wp\/v2\/product_tag?post=6831"}],"curies":[{"name":"wp","href":"https:\/\/api.w.org\/{rel}","templated":true}]}}