{"id":6815,"date":"2025-05-01T17:50:37","date_gmt":"2025-05-02T01:50:37","guid":{"rendered":"https:\/\/szlmi.com\/?post_type=product&#038;p=6815"},"modified":"2026-03-29T20:05:40","modified_gmt":"2026-03-30T04:05:40","slug":"wheel-loader-safe-load-limiter","status":"publish","type":"product","link":"https:\/\/szlmi.com\/fr\/produit\/wheel-loader-safe-load-limiter\/","title":{"rendered":"Indicateur de charge de s\u00e9curit\u00e9 du chargeur (limiteur de charge)"},"content":{"rendered":"<h1 style=\"text-align: center;\"><span style=\"color: #336699;\"><strong>Limiteur de charge pour chargeuse sur roues<\/strong><\/span><\/h1>\n<h3><span style=\"color: #336699;\"><strong>Description de l'image<\/strong><\/span><\/h3>\n<p><img fetchpriority=\"high\" decoding=\"async\" class=\"size-full wp-image-7108 aligncenter\" src=\"https:\/\/szlmi.com\/wp-content\/uploads\/2025\/05\/1-1.jpg\" alt=\"\" width=\"600\" height=\"1205\" \/><\/p>\n<hr \/>\n<h3><span style=\"color: #336699;\"><strong>Introduction<\/strong><\/span><\/h3>\n<div class=\"br-block\">Le limiteur de charge de s\u00e9curit\u00e9 pour chargeuse sur pneus SZ-LD01, \u00e9galement connu sous le nom d'indicateur de moment de charge (LMI) ou d'indicateur de charge de s\u00e9curit\u00e9 (SLI), est un dispositif de s\u00e9curit\u00e9 install\u00e9 sur une chargeuse sur pneus pour surveiller le poids de la charge et le centre de gravit\u00e9 en temps r\u00e9el pendant l'utilisation de la chargeuse. Lorsque la chargeuse d\u00e9passe le seuil de s\u00e9curit\u00e9 autoris\u00e9, le syst\u00e8me d\u00e9clenche une alarme sonore et visuelle pour le rappeler \u00e0 l'op\u00e9rateur, ce qui permet \u00e0 ce dernier d'utiliser la chargeuse en toute s\u00e9curit\u00e9 dans la plage autoris\u00e9e pour garantir un fonctionnement s\u00fbr de la chargeuse.<br \/>\nIl est principalement compos\u00e9 d'un h\u00f4te d'affichage et d'un capteur de poids, et peut \u00e9galement \u00eatre \u00e9quip\u00e9 de capteurs d'angle, d'imprimantes, de transmission de donn\u00e9es \u00e0 distance et d'autres fonctions selon les besoins.<\/div>\n<div class=\"br-block\">\n<hr \/>\n<h3><span style=\"color: #336699;\"><strong>Principe de fonctionnement<\/strong><\/span><\/h3>\n<p>Le principe de fonctionnement de ce syst\u00e8me est de mesurer les donn\u00e9es de poids pendant le chargement gr\u00e2ce au capteur install\u00e9 sur le chargeur. Ces donn\u00e9es sont transmises au contr\u00f4leur d'affichage de pesage dans la cabine par l'interm\u00e9diaire de l'\u00e9metteur de conversion d'acquisition de donn\u00e9es ; le contr\u00f4leur traite et analyse les donn\u00e9es et calcule le poids en temps r\u00e9el. Si le poids d\u00e9passe la valeur pr\u00e9d\u00e9finie, l'instrument \u00e9met une alarme pour avertir l'op\u00e9rateur.<\/p>\n<\/div>\n<div>\n<div>\n<div id=\"XnZmqDzTVitE-text\" class=\"lc-a-text show\">\n<hr \/>\n<h3><span style=\"color: #336699;\"><strong>Param\u00e8tres<\/strong><\/span><\/h3>\n<\/div>\n<\/div>\n<\/div>\n<div>\n<div>\n<div class=\"lc-a-table\" data-atom-id=\"XJwxoMLHJIGm-table\">\n<table class=\"rich-text-table fill-zebra\" style=\"height: 423px;\" width=\"690\">\n<colgroup>\n<col width=\"300\" \/><\/colgroup>\n<colgroup>\n<col width=\"300\" \/><\/colgroup>\n<tbody>\n<tr>\n<td class=\"td-view\" colspan=\"1\" rowspan=\"1\" data-row=\"0\" data-col=\"0\">\n<div style=\"text-align: center;\">Plage de mesure<\/div>\n<\/td>\n<td class=\"td-view\" style=\"text-align: center;\" colspan=\"1\" rowspan=\"1\" data-row=\"0\" data-col=\"1\">\n<div>1-20T (poids d'un seul camion)<\/div>\n<\/td>\n<\/tr>\n<tr>\n<td class=\"td-view\" colspan=\"1\" rowspan=\"1\" data-row=\"1\" data-col=\"0\">\n<div style=\"text-align: center;\">R\u00e9solution<\/div>\n<\/td>\n<td class=\"td-view\" style=\"text-align: center;\" colspan=\"1\" rowspan=\"1\" data-row=\"1\" data-col=\"1\">\n<div>0.02T<\/div>\n<\/td>\n<\/tr>\n<tr>\n<td class=\"td-view\" colspan=\"1\" rowspan=\"1\" data-row=\"2\" data-col=\"0\">\n<div style=\"text-align: center;\">Pr\u00e9cision combin\u00e9e<\/div>\n<\/td>\n<td class=\"td-view\" style=\"text-align: center;\" colspan=\"1\" rowspan=\"1\" data-row=\"2\" data-col=\"1\">\n<div>\u00b11%(F.S.)<\/div>\n<\/td>\n<\/tr>\n<tr>\n<td class=\"td-view\" colspan=\"1\" rowspan=\"1\" data-row=\"3\" data-col=\"0\">\n<div style=\"text-align: center;\">Tension \u00e9lectrique<\/div>\n<\/td>\n<td class=\"td-view\" colspan=\"1\" rowspan=\"1\" data-row=\"3\" data-col=\"1\">\n<div style=\"text-align: center;\">DC12-36V\u00b15%<\/div>\n<\/td>\n<\/tr>\n<tr>\n<td class=\"td-view\" style=\"text-align: center;\" colspan=\"1\" rowspan=\"1\" data-row=\"4\" data-col=\"0\">\n<div>Temp\u00e9rature<\/div>\n<\/td>\n<td class=\"td-view\" colspan=\"1\" rowspan=\"1\" data-row=\"4\" data-col=\"1\">\n<div style=\"text-align: center;\">-20\u2103 -+70\u2103<\/div>\n<\/td>\n<\/tr>\n<tr>\n<td class=\"td-view\" colspan=\"1\" rowspan=\"1\" data-row=\"5\" data-col=\"0\">\n<div style=\"text-align: center;\">Humidit\u00e9 relative<\/div>\n<\/td>\n<td class=\"td-view\" colspan=\"1\" rowspan=\"1\" data-row=\"5\" data-col=\"1\">\n<div style=\"text-align: center;\">90%(20\u2103)<\/div>\n<\/td>\n<\/tr>\n<tr>\n<td class=\"td-view\" style=\"text-align: center;\" colspan=\"1\" rowspan=\"1\" data-row=\"6\" data-col=\"0\">\n<div>Erreur d'action<\/div>\n<\/td>\n<td class=\"td-view\" colspan=\"1\" rowspan=\"1\" data-row=\"6\" data-col=\"1\">\n<div style=\"text-align: center;\">&lt;\u00b11%(F.S.)<\/div>\n<\/td>\n<\/tr>\n<tr>\n<td class=\"td-view\" style=\"text-align: center;\" colspan=\"1\" rowspan=\"1\" data-row=\"7\" data-col=\"0\">\n<div>Protection contre les infiltrations<\/div>\n<\/td>\n<td class=\"td-view\" colspan=\"1\" rowspan=\"1\" data-row=\"7\" data-col=\"1\">\n<div style=\"text-align: center;\">IP65<\/div>\n<\/td>\n<\/tr>\n<\/tbody>\n<\/table>\n<\/div>\n<\/div>\n<\/div>\n<div>\n<div>\n<div id=\"SQOxeNLybIfE-text\" class=\"lc-a-text show\">\n<hr \/>\n<h3><span style=\"color: #336699;\"><strong>Fonction:<\/strong><\/span><\/h3>\n<\/div>\n<\/div>\n<\/div>\n<div>\n<div>\n<div class=\"lc-a-text show\">\n<div>\n<ul>\n<li>Protection contre les surcharges<\/li>\n<li>Gestion intelligente du centre de gravit\u00e9<\/li>\n<li>M\u00e9canisme d'alarme multidimensionnel<\/li>\n<li>Enregistrement des donn\u00e9es et tra\u00e7abilit\u00e9<\/li>\n<li>Adaptabilit\u00e9 et facilit\u00e9 d'installation<\/li>\n<\/ul>\n<\/div>\n<div>\n<hr \/>\n<h3><span style=\"color: #336699;\"><strong>Parties<\/strong><\/span><\/h3>\n<p><img decoding=\"async\" class=\"size-full wp-image-7109 aligncenter\" src=\"https:\/\/szlmi.com\/wp-content\/uploads\/2025\/05\/Fullset.jpg\" alt=\"\" width=\"1000\" height=\"434\" \/><\/p>\n<div class=\"ast-oembed-container\" style=\"height: 100%;\"><iframe title=\"Indicateur de charge de s\u00e9curit\u00e9 du chargeur\" width=\"500\" height=\"281\" src=\"https:\/\/www.youtube.com\/embed\/q9yMprNkbnc?feature=oembed\" frameborder=\"0\" allow=\"accelerometer; autoplay; clipboard-write; encrypted-media; gyroscope; picture-in-picture; web-share\" referrerpolicy=\"strict-origin-when-cross-origin\" allowfullscreen><\/iframe><\/div>\n<\/div>\n<\/div>\n<\/div>\n<\/div>","protected":false},"excerpt":{"rendered":"<p>Le limiteur de charge de s\u00e9curit\u00e9 pour chargeuse sur pneus SZ-LD01, \u00e9galement connu sous le nom d'indicateur de moment de charge (LMI) ou d'indicateur de charge de s\u00e9curit\u00e9 (SLI), est un dispositif de s\u00e9curit\u00e9 install\u00e9 sur une chargeuse sur pneus pour surveiller le poids de la charge et le centre de gravit\u00e9 en temps r\u00e9el pendant le fonctionnement de la chargeuse.<\/p>\n<p>&nbsp;<\/p>","protected":false},"featured_media":7322,"template":"","meta":{"_monsterinsights_skip_tracking":false,"_monsterinsights_sitenote_active":false,"_monsterinsights_sitenote_note":"","_monsterinsights_sitenote_category":0,"site-sidebar-layout":"default","site-content-layout":"","ast-site-content-layout":"default","site-content-style":"default","site-sidebar-style":"default","ast-global-header-display":"","ast-banner-title-visibility":"","ast-main-header-display":"","ast-hfb-above-header-display":"","ast-hfb-below-header-display":"","ast-hfb-mobile-header-display":"","site-post-title":"","ast-breadcrumbs-content":"","ast-featured-img":"","footer-sml-layout":"","theme-transparent-header-meta":"default","adv-header-id-meta":"","stick-header-meta":"","header-above-stick-meta":"","header-main-stick-meta":"","header-below-stick-meta":"","astra-migrate-meta-layouts":"set","ast-page-background-enabled":"default","ast-page-background-meta":{"desktop":{"background-color":"","background-image":"","background-repeat":"repeat","background-position":"center center","background-size":"auto","background-attachment":"scroll","background-type":"","background-media":"","overlay-type":"","overlay-color":"","overlay-opacity":"","overlay-gradient":""},"tablet":{"background-color":"","background-image":"","background-repeat":"repeat","background-position":"center center","background-size":"auto","background-attachment":"scroll","background-type":"","background-media":"","overlay-type":"","overlay-color":"","overlay-opacity":"","overlay-gradient":""},"mobile":{"background-color":"","background-image":"","background-repeat":"repeat","background-position":"center center","background-size":"auto","background-attachment":"scroll","background-type":"","background-media":"","overlay-type":"","overlay-color":"","overlay-opacity":"","overlay-gradient":""}},"ast-content-background-meta":{"desktop":{"background-color":"var(--ast-global-color-5)","background-image":"","background-repeat":"repeat","background-position":"center center","background-size":"auto","background-attachment":"scroll","background-type":"","background-media":"","overlay-type":"","overlay-color":"","overlay-opacity":"","overlay-gradient":""},"tablet":{"background-color":"var(--ast-global-color-5)","background-image":"","background-repeat":"repeat","background-position":"center center","background-size":"auto","background-attachment":"scroll","background-type":"","background-media":"","overlay-type":"","overlay-color":"","overlay-opacity":"","overlay-gradient":""},"mobile":{"background-color":"var(--ast-global-color-5)","background-image":"","background-repeat":"repeat","background-position":"center center","background-size":"auto","background-attachment":"scroll","background-type":"","background-media":"","overlay-type":"","overlay-color":"","overlay-opacity":"","overlay-gradient":""}}},"product_cat":[64],"product_tag":[87,234,193],"class_list":{"0":"post-6815","1":"product","2":"type-product","3":"status-publish","4":"has-post-thumbnail","6":"product_cat-load-moment-indicator","7":"product_tag-load-indicator","8":"product_tag-load-limiter","9":"product_tag-safe-load-indicator-sll","10":"desktop-align-left","11":"tablet-align-left","12":"mobile-align-left","14":"first","15":"instock","16":"shipping-taxable","17":"product-type-simple"},"aioseo_notices":[],"_links":{"self":[{"href":"https:\/\/szlmi.com\/fr\/wp-json\/wp\/v2\/product\/6815","targetHints":{"allow":["GET"]}}],"collection":[{"href":"https:\/\/szlmi.com\/fr\/wp-json\/wp\/v2\/product"}],"about":[{"href":"https:\/\/szlmi.com\/fr\/wp-json\/wp\/v2\/types\/product"}],"wp:featuredmedia":[{"embeddable":true,"href":"https:\/\/szlmi.com\/fr\/wp-json\/wp\/v2\/media\/7322"}],"wp:attachment":[{"href":"https:\/\/szlmi.com\/fr\/wp-json\/wp\/v2\/media?parent=6815"}],"wp:term":[{"taxonomy":"product_cat","embeddable":true,"href":"https:\/\/szlmi.com\/fr\/wp-json\/wp\/v2\/product_cat?post=6815"},{"taxonomy":"product_tag","embeddable":true,"href":"https:\/\/szlmi.com\/fr\/wp-json\/wp\/v2\/product_tag?post=6815"}],"curies":[{"name":"wp","href":"https:\/\/api.w.org\/{rel}","templated":true}]}}