{"id":6011,"date":"2025-03-18T00:37:35","date_gmt":"2025-03-18T08:37:35","guid":{"rendered":"https:\/\/szlmi.com\/?post_type=product&#038;p=6011"},"modified":"2026-03-05T20:04:40","modified_gmt":"2026-03-06T04:04:40","slug":"marine-ship-cranes-load-indicator-indicator","status":"publish","type":"product","link":"https:\/\/szlmi.com\/fr\/produit\/marine-ship-cranes-load-indicator-indicator\/","title":{"rendered":"Indicateur de moment de charge des grues navales"},"content":{"rendered":"<h1 style=\"text-align: center;\"><span style=\"color: #336699;\"><strong>Indicateur de moment de charge des grues navales<\/strong><\/span><\/h1>\n<h3><span style=\"color: #336699;\"><strong>Description de l'image<\/strong><\/span><\/h3>\n<p><img fetchpriority=\"high\" decoding=\"async\" class=\"wp-image-6012 size-full aligncenter\" src=\"https:\/\/szlmi.com\/wp-content\/uploads\/2025\/11\/\u8239\u540a2-e1772082233850.jpg\" alt=\"\" width=\"600\" height=\"888\" \/><\/p>\n<hr \/>\n<h3><span style=\"color: #336699;\"><strong>Introduction<\/strong><\/span><\/h3>\n<p>La grue marine SZ-S100<a style=\"box-sizing: border-box; font-family: Arial, sans-serif; word-break: break-word; color: #4f81bd; text-decoration: underline; background-color: #ffffff; -webkit-tap-highlight-color: transparent; cursor: pointer; transition: 0.5s; font-size: 14px; font-style: normal; font-variant-ligatures: normal; font-variant-caps: normal; font-weight: 400; letter-spacing: normal; orphans: 2; text-align: left; text-indent: 0px; text-transform: none; widows: 2; word-spacing: 0px; -webkit-text-stroke-width: 0px; white-space: normal;\" href=\"https:\/\/szlmi.com\/product-category\/product\/load-moment-indicator\/\" target=\"_self\"><strong>\u00a0indicateur de moment de charge<\/strong><\/a>, produit par\u00a0<a href=\"https:\/\/szlmi.com\" target=\"_self\"><strong>Technologie SeeZol<\/strong><\/a>, est un dispositif de s\u00e9curit\u00e9 essentiel install\u00e9 sur les grues de navire pour pr\u00e9venir les accidents tels que le chavirement ou les dommages structurels dus \u00e0 une surcharge ou \u00e0 un fonctionnement incorrect.<\/p>\n<div class=\"br-block\">Il constitue le v\u00e9ritable \u00ab cerveau de s\u00e9curit\u00e9 \u00bb des op\u00e9rations de grues navales\u00a0: gr\u00e2ce \u00e0 la surveillance et au calcul en temps r\u00e9el des moments, aux alertes de surcharge et \u00e0 une protection renforc\u00e9e, \u00e0 l\u2019enregistrement tra\u00e7able des donn\u00e9es et \u00e0 l\u2019adaptation aux conditions de mer pour un fonctionnement stable, il pr\u00e9vient non seulement les accidents dus \u00e0 des erreurs humaines, mais contribue \u00e9galement \u00e0 am\u00e9liorer l\u2019efficacit\u00e9 op\u00e9rationnelle, ce qui en fait un dispositif de s\u00e9curit\u00e9 indispensable et obligatoire pour les grues navales.<\/div>\n<div class=\"br-block\">L'indicateur de moment de charge pour grue maritime SZ-S100 se compose principalement de capteurs, d'un module d'acquisition et de traitement du signal, d'un microprocesseur, d'une unit\u00e9 d'affichage et de commande, d'une unit\u00e9 d'alarme et de contr\u00f4le, et d'un module d'alimentation. Ces composants fonctionnent de concert pour garantir le bon fonctionnement de la grue.<\/div>\n<div>\n<div>\n<div>\n<div id=\"rxAnEUOdIFYQ-text\" class=\"lc-a-text show\">\n<hr \/>\n<h3><span style=\"color: #336699;\"><strong>Param\u00e8tres<\/strong><\/span><\/h3>\n<\/div>\n<\/div>\n<\/div>\n<div>\n<div>\n<div class=\"lc-a-table\" data-atom-id=\"UJaEQidKIFrm-table\">\n<table class=\"rich-text-table fill-zebra\">\n<colgroup>\n<col width=\"480\" \/>\n<col width=\"480\" \/><\/colgroup>\n<tbody>\n<tr>\n<td class=\"td-view\" colspan=\"1\" rowspan=\"1\" data-row=\"0\" data-col=\"0\">\n<div style=\"text-align: center;\">Plage de mesure<\/div>\n<\/td>\n<td class=\"td-view\" style=\"text-align: center;\" colspan=\"1\" rowspan=\"1\" data-row=\"0\" data-col=\"1\">\n<div>5 - 260T<\/div>\n<\/td>\n<\/tr>\n<tr>\n<td class=\"td-view\" colspan=\"1\" rowspan=\"1\" data-row=\"1\" data-col=\"0\">\n<div style=\"text-align: center;\">R\u00e9solution<\/div>\n<\/td>\n<td class=\"td-view\" colspan=\"1\" rowspan=\"1\" data-row=\"1\" data-col=\"1\">\n<div style=\"text-align: center;\">0.01T<\/div>\n<\/td>\n<\/tr>\n<tr>\n<td class=\"td-view\" colspan=\"1\" rowspan=\"1\" data-row=\"2\" data-col=\"0\">\n<div style=\"text-align: center;\">Pr\u00e9cision combin\u00e9e<\/div>\n<\/td>\n<td class=\"td-view\" style=\"text-align: center;\" colspan=\"1\" rowspan=\"1\" data-row=\"2\" data-col=\"1\">\n<div>\u00b13%(F.S.)<\/div>\n<\/td>\n<\/tr>\n<tr>\n<td class=\"td-view\" style=\"text-align: center;\" colspan=\"1\" rowspan=\"1\" data-row=\"3\" data-col=\"0\">\n<div>Tension \u00e9lectrique<\/div>\n<\/td>\n<td class=\"td-view\" colspan=\"1\" rowspan=\"1\" data-row=\"3\" data-col=\"1\">\n<div style=\"text-align: center;\">DC12-36V\u00b1 5%<\/div>\n<\/td>\n<\/tr>\n<tr>\n<td class=\"td-view\" colspan=\"1\" rowspan=\"1\" data-row=\"4\" data-col=\"0\">\n<div style=\"text-align: center;\">Temp\u00e9rature<\/div>\n<\/td>\n<td class=\"td-view\" style=\"text-align: center;\" colspan=\"1\" rowspan=\"1\" data-row=\"4\" data-col=\"1\">\n<div>-20\u2103 -+70\u2103<\/div>\n<\/td>\n<\/tr>\n<tr>\n<td class=\"td-view\" colspan=\"1\" rowspan=\"1\" data-row=\"5\" data-col=\"0\">\n<div style=\"text-align: center;\">Humidit\u00e9 relative<\/div>\n<\/td>\n<td class=\"td-view\" colspan=\"1\" rowspan=\"1\" data-row=\"5\" data-col=\"1\">\n<div style=\"text-align: center;\">90%(20\u2103)<\/div>\n<\/td>\n<\/tr>\n<tr>\n<td class=\"td-view\" style=\"text-align: center;\" colspan=\"1\" rowspan=\"1\" data-row=\"6\" data-col=\"0\">\n<div>Erreur d'action<\/div>\n<\/td>\n<td class=\"td-view\" colspan=\"1\" rowspan=\"1\" data-row=\"6\" data-col=\"1\">\n<div style=\"text-align: center;\">&lt;\u00b11%(F.S.)<\/div>\n<\/td>\n<\/tr>\n<tr>\n<td class=\"td-view\" style=\"text-align: center;\" colspan=\"1\" rowspan=\"1\" data-row=\"7\" data-col=\"0\">\n<div>Protection contre les infiltrations<\/div>\n<\/td>\n<td class=\"td-view\" colspan=\"1\" rowspan=\"1\" data-row=\"7\" data-col=\"1\">\n<div style=\"text-align: center;\">IP65<\/div>\n<\/td>\n<\/tr>\n<\/tbody>\n<\/table>\n<\/div>\n<\/div>\n<\/div>\n<div>\n<div>\n<div id=\"rnAEmqOJFwRQ-text\" class=\"lc-a-text show\">\n<hr \/>\n<h3><span style=\"color: #336699;\"><strong>Fonction:<\/strong><\/span><\/h3>\n<\/div>\n<\/div>\n<\/div>\n<div>\n<div>\n<div class=\"lc-a-text show\">\n<div>\n<div>Affichage du poids en temps r\u00e9el<br \/>\nAffichage de la hauteur en temps r\u00e9el<br \/>\nAffichage du couple<br \/>\nAlarme et contr\u00f4le de surcharge<br \/>\nContr\u00f4ler la sortie<br \/>\nEnregistrement des donn\u00e9es historiques<\/div>\n<div><\/div>\n<\/div>\n<div>\n<hr \/>\n<h3><span style=\"color: #336699;\"><strong>Cas<\/strong><\/span><\/h3>\n<\/div>\n<div>\n<div>\n<div id='gallery-1' class='gallery galleryid-6011 gallery-columns-3 gallery-size-thumbnail'><figure class='gallery-item'>\n\t\t\t<div class='gallery-icon landscape'>\n\t\t\t\t<a href='https:\/\/szlmi.com\/wp-content\/uploads\/2025\/11\/211-e1762159314939.jpg'><img decoding=\"async\" width=\"150\" height=\"150\" src=\"https:\/\/szlmi.com\/wp-content\/uploads\/2025\/11\/211-150x150.jpg\" class=\"attachment-thumbnail size-thumbnail\" alt=\"\" srcset=\"https:\/\/szlmi.com\/wp-content\/uploads\/2025\/11\/211-150x150.jpg 150w, https:\/\/szlmi.com\/wp-content\/uploads\/2025\/11\/211-300x300.jpg 300w, https:\/\/szlmi.com\/wp-content\/uploads\/2025\/11\/211-768x768.jpg 768w, https:\/\/szlmi.com\/wp-content\/uploads\/2025\/11\/211-12x12.jpg 12w, https:\/\/szlmi.com\/wp-content\/uploads\/2025\/11\/211-600x600.jpg 600w, https:\/\/szlmi.com\/wp-content\/uploads\/2025\/11\/211-100x100.jpg 100w, https:\/\/szlmi.com\/wp-content\/uploads\/2025\/11\/211-64x64.jpg 64w, https:\/\/szlmi.com\/wp-content\/uploads\/2025\/11\/211-e1762159314939.jpg 400w\" sizes=\"(max-width: 150px) 100vw, 150px\" \/><\/a>\n\t\t\t<\/div><\/figure><figure class='gallery-item'>\n\t\t\t<div class='gallery-icon landscape'>\n\t\t\t\t<a href='https:\/\/szlmi.com\/wp-content\/uploads\/2025\/11\/1212-e1762159303149.jpg'><img decoding=\"async\" width=\"150\" height=\"150\" src=\"https:\/\/szlmi.com\/wp-content\/uploads\/2025\/11\/1212-150x150.jpg\" class=\"attachment-thumbnail size-thumbnail\" alt=\"\" srcset=\"https:\/\/szlmi.com\/wp-content\/uploads\/2025\/11\/1212-150x150.jpg 150w, https:\/\/szlmi.com\/wp-content\/uploads\/2025\/11\/1212-300x300.jpg 300w, https:\/\/szlmi.com\/wp-content\/uploads\/2025\/11\/1212-768x768.jpg 768w, https:\/\/szlmi.com\/wp-content\/uploads\/2025\/11\/1212-12x12.jpg 12w, https:\/\/szlmi.com\/wp-content\/uploads\/2025\/11\/1212-600x600.jpg 600w, https:\/\/szlmi.com\/wp-content\/uploads\/2025\/11\/1212-100x100.jpg 100w, https:\/\/szlmi.com\/wp-content\/uploads\/2025\/11\/1212-64x64.jpg 64w, https:\/\/szlmi.com\/wp-content\/uploads\/2025\/11\/1212-e1762159303149.jpg 400w\" sizes=\"(max-width: 150px) 100vw, 150px\" \/><\/a>\n\t\t\t<\/div><\/figure><figure class='gallery-item'>\n\t\t\t<div class='gallery-icon landscape'>\n\t\t\t\t<a href='https:\/\/szlmi.com\/wp-content\/uploads\/2025\/11\/IMG_20171221_084807R-e1762159291676.jpg'><img loading=\"lazy\" decoding=\"async\" width=\"150\" height=\"150\" src=\"https:\/\/szlmi.com\/wp-content\/uploads\/2025\/11\/IMG_20171221_084807R-150x150.jpg\" class=\"attachment-thumbnail size-thumbnail\" alt=\"\" srcset=\"https:\/\/szlmi.com\/wp-content\/uploads\/2025\/11\/IMG_20171221_084807R-150x150.jpg 150w, https:\/\/szlmi.com\/wp-content\/uploads\/2025\/11\/IMG_20171221_084807R-300x300.jpg 300w, https:\/\/szlmi.com\/wp-content\/uploads\/2025\/11\/IMG_20171221_084807R-1024x1024.jpg 1024w, https:\/\/szlmi.com\/wp-content\/uploads\/2025\/11\/IMG_20171221_084807R-768x768.jpg 768w, https:\/\/szlmi.com\/wp-content\/uploads\/2025\/11\/IMG_20171221_084807R-1536x1536.jpg 1536w, https:\/\/szlmi.com\/wp-content\/uploads\/2025\/11\/IMG_20171221_084807R-12x12.jpg 12w, https:\/\/szlmi.com\/wp-content\/uploads\/2025\/11\/IMG_20171221_084807R-600x600.jpg 600w, https:\/\/szlmi.com\/wp-content\/uploads\/2025\/11\/IMG_20171221_084807R-100x100.jpg 100w, https:\/\/szlmi.com\/wp-content\/uploads\/2025\/11\/IMG_20171221_084807R-64x64.jpg 64w, https:\/\/szlmi.com\/wp-content\/uploads\/2025\/11\/IMG_20171221_084807R-e1762159291676.jpg 400w\" sizes=\"(max-width: 150px) 100vw, 150px\" \/><\/a>\n\t\t\t<\/div><\/figure><figure class='gallery-item'>\n\t\t\t<div class='gallery-icon landscape'>\n\t\t\t\t<a href='https:\/\/szlmi.com\/wp-content\/uploads\/2025\/11\/mmexport1514083910895-e1762158541513.jpg'><img loading=\"lazy\" decoding=\"async\" width=\"150\" height=\"150\" src=\"https:\/\/szlmi.com\/wp-content\/uploads\/2025\/11\/mmexport1514083910895-150x150.jpg\" class=\"attachment-thumbnail size-thumbnail\" alt=\"\" srcset=\"https:\/\/szlmi.com\/wp-content\/uploads\/2025\/11\/mmexport1514083910895-150x150.jpg 150w, https:\/\/szlmi.com\/wp-content\/uploads\/2025\/11\/mmexport1514083910895-300x300.jpg 300w, https:\/\/szlmi.com\/wp-content\/uploads\/2025\/11\/mmexport1514083910895-1024x1024.jpg 1024w, https:\/\/szlmi.com\/wp-content\/uploads\/2025\/11\/mmexport1514083910895-768x768.jpg 768w, https:\/\/szlmi.com\/wp-content\/uploads\/2025\/11\/mmexport1514083910895-12x12.jpg 12w, https:\/\/szlmi.com\/wp-content\/uploads\/2025\/11\/mmexport1514083910895-600x600.jpg 600w, https:\/\/szlmi.com\/wp-content\/uploads\/2025\/11\/mmexport1514083910895-100x100.jpg 100w, https:\/\/szlmi.com\/wp-content\/uploads\/2025\/11\/mmexport1514083910895-64x64.jpg 64w, https:\/\/szlmi.com\/wp-content\/uploads\/2025\/11\/mmexport1514083910895-e1762158541513.jpg 400w\" sizes=\"(max-width: 150px) 100vw, 150px\" \/><\/a>\n\t\t\t<\/div><\/figure><figure class='gallery-item'>\n\t\t\t<div class='gallery-icon landscape'>\n\t\t\t\t<a href='https:\/\/szlmi.com\/wp-content\/uploads\/2025\/11\/212-e1762159425496.jpg'><img loading=\"lazy\" decoding=\"async\" width=\"150\" height=\"150\" src=\"https:\/\/szlmi.com\/wp-content\/uploads\/2025\/11\/212-150x150.jpg\" class=\"attachment-thumbnail size-thumbnail\" alt=\"\" srcset=\"https:\/\/szlmi.com\/wp-content\/uploads\/2025\/11\/212-150x150.jpg 150w, https:\/\/szlmi.com\/wp-content\/uploads\/2025\/11\/212-300x300.jpg 300w, https:\/\/szlmi.com\/wp-content\/uploads\/2025\/11\/212-768x768.jpg 768w, https:\/\/szlmi.com\/wp-content\/uploads\/2025\/11\/212-12x12.jpg 12w, https:\/\/szlmi.com\/wp-content\/uploads\/2025\/11\/212-600x600.jpg 600w, https:\/\/szlmi.com\/wp-content\/uploads\/2025\/11\/212-100x100.jpg 100w, https:\/\/szlmi.com\/wp-content\/uploads\/2025\/11\/212-64x64.jpg 64w, https:\/\/szlmi.com\/wp-content\/uploads\/2025\/11\/212-e1762159425496.jpg 400w\" sizes=\"(max-width: 150px) 100vw, 150px\" \/><\/a>\n\t\t\t<\/div><\/figure><figure class='gallery-item'>\n\t\t\t<div class='gallery-icon landscape'>\n\t\t\t\t<a href='https:\/\/szlmi.com\/wp-content\/uploads\/2025\/11\/2015010813230971971-e1762159414637.jpg'><img loading=\"lazy\" decoding=\"async\" width=\"150\" height=\"150\" src=\"https:\/\/szlmi.com\/wp-content\/uploads\/2025\/11\/2015010813230971971-150x150.jpg\" class=\"attachment-thumbnail size-thumbnail\" alt=\"\" srcset=\"https:\/\/szlmi.com\/wp-content\/uploads\/2025\/11\/2015010813230971971-150x150.jpg 150w, https:\/\/szlmi.com\/wp-content\/uploads\/2025\/11\/2015010813230971971-300x300.jpg 300w, https:\/\/szlmi.com\/wp-content\/uploads\/2025\/11\/2015010813230971971-768x768.jpg 768w, https:\/\/szlmi.com\/wp-content\/uploads\/2025\/11\/2015010813230971971-12x12.jpg 12w, https:\/\/szlmi.com\/wp-content\/uploads\/2025\/11\/2015010813230971971-600x600.jpg 600w, https:\/\/szlmi.com\/wp-content\/uploads\/2025\/11\/2015010813230971971-100x100.jpg 100w, https:\/\/szlmi.com\/wp-content\/uploads\/2025\/11\/2015010813230971971-64x64.jpg 64w, https:\/\/szlmi.com\/wp-content\/uploads\/2025\/11\/2015010813230971971-e1762159414637.jpg 400w\" sizes=\"(max-width: 150px) 100vw, 150px\" \/><\/a>\n\t\t\t<\/div><\/figure>\n\t\t<\/div>\n\n<\/div>\n<\/div>\n<\/div>\n<\/div>\n<\/div>\n<\/div>","protected":false},"excerpt":{"rendered":"<p>La grue marine SZ-S100<a href=\"https:\/\/szlmi.com\/product-category\/product\/load-moment-indicator\/\" target=\"_self\"><strong>\u00a0indicateur de moment de charge<\/strong><\/a>, produit par\u00a0<a href=\"https:\/\/szlmi.com\" target=\"_self\"><strong>Technologie SeeZol<\/strong><\/a>, est un dispositif de s\u00e9curit\u00e9 essentiel install\u00e9 sur les grues de navire pour pr\u00e9venir les accidents tels que le chavirement ou les dommages structurels dus \u00e0 une surcharge ou \u00e0 un fonctionnement incorrect.<\/p>\n<div class=\"br-block\">Il constitue le v\u00e9ritable \u00ab cerveau de s\u00e9curit\u00e9 \u00bb des op\u00e9rations de grues navales\u00a0: gr\u00e2ce \u00e0 la surveillance et au calcul en temps r\u00e9el des moments, aux alertes de surcharge et \u00e0 une protection renforc\u00e9e, \u00e0 l\u2019enregistrement tra\u00e7able des donn\u00e9es et \u00e0 l\u2019adaptation aux conditions de mer pour un fonctionnement stable, il pr\u00e9vient non seulement les accidents dus \u00e0 des erreurs humaines, mais contribue \u00e9galement \u00e0 am\u00e9liorer l\u2019efficacit\u00e9 op\u00e9rationnelle, ce qui en fait un dispositif de s\u00e9curit\u00e9 indispensable et obligatoire pour les grues navales.<\/div>","protected":false},"featured_media":6017,"template":"","meta":{"_monsterinsights_skip_tracking":false,"_monsterinsights_sitenote_active":false,"_monsterinsights_sitenote_note":"","_monsterinsights_sitenote_category":0,"site-sidebar-layout":"default","site-content-layout":"","ast-site-content-layout":"default","site-content-style":"default","site-sidebar-style":"default","ast-global-header-display":"","ast-banner-title-visibility":"","ast-main-header-display":"","ast-hfb-above-header-display":"","ast-hfb-below-header-display":"","ast-hfb-mobile-header-display":"","site-post-title":"","ast-breadcrumbs-content":"","ast-featured-img":"","footer-sml-layout":"","theme-transparent-header-meta":"default","adv-header-id-meta":"","stick-header-meta":"","header-above-stick-meta":"","header-main-stick-meta":"","header-below-stick-meta":"","astra-migrate-meta-layouts":"set","ast-page-background-enabled":"default","ast-page-background-meta":{"desktop":{"background-color":"","background-image":"","background-repeat":"repeat","background-position":"center center","background-size":"auto","background-attachment":"scroll","background-type":"","background-media":"","overlay-type":"","overlay-color":"","overlay-opacity":"","overlay-gradient":""},"tablet":{"background-color":"","background-image":"","background-repeat":"repeat","background-position":"center center","background-size":"auto","background-attachment":"scroll","background-type":"","background-media":"","overlay-type":"","overlay-color":"","overlay-opacity":"","overlay-gradient":""},"mobile":{"background-color":"","background-image":"","background-repeat":"repeat","background-position":"center center","background-size":"auto","background-attachment":"scroll","background-type":"","background-media":"","overlay-type":"","overlay-color":"","overlay-opacity":"","overlay-gradient":""}},"ast-content-background-meta":{"desktop":{"background-color":"var(--ast-global-color-5)","background-image":"","background-repeat":"repeat","background-position":"center center","background-size":"auto","background-attachment":"scroll","background-type":"","background-media":"","overlay-type":"","overlay-color":"","overlay-opacity":"","overlay-gradient":""},"tablet":{"background-color":"var(--ast-global-color-5)","background-image":"","background-repeat":"repeat","background-position":"center center","background-size":"auto","background-attachment":"scroll","background-type":"","background-media":"","overlay-type":"","overlay-color":"","overlay-opacity":"","overlay-gradient":""},"mobile":{"background-color":"var(--ast-global-color-5)","background-image":"","background-repeat":"repeat","background-position":"center center","background-size":"auto","background-attachment":"scroll","background-type":"","background-media":"","overlay-type":"","overlay-color":"","overlay-opacity":"","overlay-gradient":""}}},"product_cat":[64],"product_tag":[255,84],"class_list":{"0":"post-6011","1":"product","2":"type-product","3":"status-publish","4":"has-post-thumbnail","6":"product_cat-load-moment-indicator","7":"product_tag-crane-lmi","8":"product_tag-crane-load-moment-indicator","9":"desktop-align-left","10":"tablet-align-left","11":"mobile-align-left","13":"first","14":"instock","15":"shipping-taxable","16":"product-type-simple"},"aioseo_notices":[],"_links":{"self":[{"href":"https:\/\/szlmi.com\/fr\/wp-json\/wp\/v2\/product\/6011","targetHints":{"allow":["GET"]}}],"collection":[{"href":"https:\/\/szlmi.com\/fr\/wp-json\/wp\/v2\/product"}],"about":[{"href":"https:\/\/szlmi.com\/fr\/wp-json\/wp\/v2\/types\/product"}],"wp:featuredmedia":[{"embeddable":true,"href":"https:\/\/szlmi.com\/fr\/wp-json\/wp\/v2\/media\/6017"}],"wp:attachment":[{"href":"https:\/\/szlmi.com\/fr\/wp-json\/wp\/v2\/media?parent=6011"}],"wp:term":[{"taxonomy":"product_cat","embeddable":true,"href":"https:\/\/szlmi.com\/fr\/wp-json\/wp\/v2\/product_cat?post=6011"},{"taxonomy":"product_tag","embeddable":true,"href":"https:\/\/szlmi.com\/fr\/wp-json\/wp\/v2\/product_tag?post=6011"}],"curies":[{"name":"wp","href":"https:\/\/api.w.org\/{rel}","templated":true}]}}