{"id":5218,"date":"2025-03-08T18:35:54","date_gmt":"2025-03-09T02:35:54","guid":{"rendered":"https:\/\/szlmi.com\/?post_type=product&#038;p=5218"},"modified":"2026-03-05T21:02:44","modified_gmt":"2026-03-06T05:02:44","slug":"ps-on-line-liquid-concentration-sensor","status":"publish","type":"product","link":"https:\/\/szlmi.com\/fr\/produit\/ps-on-line-liquid-concentration-sensor\/","title":{"rendered":"Capteur de concentration de liquide en ligne PS"},"content":{"rendered":"<h3><span style=\"color: #336699;\"><strong>Pr\u00e9sentation du produit<\/strong><\/span><\/h3>\n<p data-immersive-translate-paragraph=\"1\" data-spm-anchor-id=\"a2700.details-description.0.i2.6c37VtCNVtCNIW\" data-immersive-translate-walked=\"75aacf22-5f62-41f9-ac75-efc12976376e\">Le capteur de concentration de liquide immerg\u00e9 de la s\u00e9rie SZ-PS est un instrument optique de haute pr\u00e9cision bas\u00e9 sur le principe de la r\u00e9fraction de la lumi\u00e8re et de la r\u00e9flexion totale pour mesurer la concentration de liquide. Il est adapt\u00e9 \u00e0 des temp\u00e9ratures inf\u00e9rieures \u00e0 0 \u00b0C et \u00e0 80 \u00b0C pour la d\u00e9tection de toutes sortes de solutions. Il est g\u00e9n\u00e9ralement install\u00e9 dans des conteneurs, des piscines, des r\u00e9servoirs et autres applications ouvertes. Il int\u00e8gre des fonctions de mesure, d'affichage et de commutation, ainsi qu'une sortie de signal de commande, ce qui facilite son installation et sa maintenance.<\/p>\n<hr \/>\n<h3><span style=\"color: #336699;\"><strong>Param\u00e8tres<\/strong><\/span><\/h3>\n<p data-immersive-translate-paragraph=\"1\" data-spm-anchor-id=\"a2700.details-description.0.i2.6c37VtCNVtCNIW\" data-immersive-translate-walked=\"75aacf22-5f62-41f9-ac75-efc12976376e\"><img fetchpriority=\"high\" decoding=\"async\" class=\"wp-image-5224 size-full aligncenter\" src=\"https:\/\/szlmi.com\/wp-content\/uploads\/2025\/06\/freecompress-6-e1749435752301.jpg\" alt=\"\" width=\"500\" height=\"380\" srcset=\"https:\/\/szlmi.com\/wp-content\/uploads\/2025\/06\/freecompress-6-e1749435752301.jpg 500w, https:\/\/szlmi.com\/wp-content\/uploads\/2025\/06\/freecompress-6-e1749435752301-300x228.jpg 300w, https:\/\/szlmi.com\/wp-content\/uploads\/2025\/06\/freecompress-6-e1749435752301-16x12.jpg 16w, https:\/\/szlmi.com\/wp-content\/uploads\/2025\/06\/freecompress-6-e1749435752301-64x49.jpg 64w\" sizes=\"(max-width: 500px) 100vw, 500px\" \/><\/p>\n<hr \/>\n<h3><span style=\"color: #336699;\"><strong>Principales caract\u00e9ristiques techniques<\/strong><\/span><\/h3>\n<p data-immersive-translate-walked=\"eec4a8c8-19c7-459b-87ae-6ab1768e3ab4\"><strong data-immersive-translate-walked=\"eec4a8c8-19c7-459b-87ae-6ab1768e3ab4\"><span data-immersive-translate-walked=\"eec4a8c8-19c7-459b-87ae-6ab1768e3ab4\" data-immersive-translate-paragraph=\"1\">1. Surveillance en temps r\u00e9el et continue<\/span><\/strong><\/p>\n<p data-immersive-translate-walked=\"eec4a8c8-19c7-459b-87ae-6ab1768e3ab4\"><span data-immersive-translate-walked=\"eec4a8c8-19c7-459b-87ae-6ab1768e3ab4\" data-immersive-translate-paragraph=\"1\">Install\u00e9 directement dans les lignes de processus (par exemple, pipelines, r\u00e9acteurs) sans \u00e9chantillonnage manuel, permettant une surveillance continue 24h\/24 et 7j\/7 avec une r\u00e9ponse inf\u00e9rieure \u00e0 la seconde.<\/span><\/p>\n<p data-immersive-translate-paragraph=\"1\" data-immersive-translate-walked=\"eec4a8c8-19c7-459b-87ae-6ab1768e3ab4\"><strong data-immersive-translate-walked=\"eec4a8c8-19c7-459b-87ae-6ab1768e3ab4\"><span data-immersive-translate-walked=\"eec4a8c8-19c7-459b-87ae-6ab1768e3ab4\">2.<\/span><\/strong><strong data-immersive-translate-walked=\"eec4a8c8-19c7-459b-87ae-6ab1768e3ab4\"><span data-immersive-translate-walked=\"eec4a8c8-19c7-459b-87ae-6ab1768e3ab4\">Haute pr\u00e9cision et stabilit\u00e9<\/span><\/strong><\/p>\n<p data-immersive-translate-walked=\"eec4a8c8-19c7-459b-87ae-6ab1768e3ab4\"><span data-immersive-translate-walked=\"eec4a8c8-19c7-459b-87ae-6ab1768e3ab4\" data-immersive-translate-paragraph=\"1\">Int\u00e8gre des technologies telles que la compensation de temp\u00e9rature et l'\u00e9talonnage automatique (par exemple, l'injection p\u00e9riodique de solution standard) pour r\u00e9duire les interf\u00e9rences environnementales (temp\u00e9rature, pression, impuret\u00e9s).<\/span><\/p>\n<p data-immersive-translate-paragraph=\"1\" data-immersive-translate-walked=\"eec4a8c8-19c7-459b-87ae-6ab1768e3ab4\"><strong data-immersive-translate-walked=\"eec4a8c8-19c7-459b-87ae-6ab1768e3ab4\"><span data-immersive-translate-walked=\"eec4a8c8-19c7-459b-87ae-6ab1768e3ab4\">3.<\/span><\/strong><strong data-immersive-translate-walked=\"eec4a8c8-19c7-459b-87ae-6ab1768e3ab4\"><span data-immersive-translate-walked=\"eec4a8c8-19c7-459b-87ae-6ab1768e3ab4\">Intelligence et int\u00e9gration<\/span><\/strong><\/p>\n<p data-immersive-translate-walked=\"eec4a8c8-19c7-459b-87ae-6ab1768e3ab4\"><span data-immersive-translate-walked=\"eec4a8c8-19c7-459b-87ae-6ab1768e3ab4\" data-immersive-translate-paragraph=\"1\">Les microprocesseurs int\u00e9gr\u00e9s prennent en charge le stockage des donn\u00e9es, l'analyse des tendances et l'int\u00e9gration transparente avec les syst\u00e8mes PLC\/DCS via des signaux de courant 4-20 mA ou des interfaces RS485 pour un contr\u00f4le automatis\u00e9.<\/span><\/p>\n<p data-immersive-translate-paragraph=\"1\" data-immersive-translate-walked=\"eec4a8c8-19c7-459b-87ae-6ab1768e3ab4\"><strong data-immersive-translate-walked=\"eec4a8c8-19c7-459b-87ae-6ab1768e3ab4\"><span data-immersive-translate-walked=\"eec4a8c8-19c7-459b-87ae-6ab1768e3ab4\">4.<\/span><\/strong><strong data-immersive-translate-walked=\"eec4a8c8-19c7-459b-87ae-6ab1768e3ab4\"><span data-immersive-translate-walked=\"eec4a8c8-19c7-459b-87ae-6ab1768e3ab4\">Conception durable<\/span><\/strong><\/p>\n<p data-immersive-translate-walked=\"eec4a8c8-19c7-459b-87ae-6ab1768e3ab4\" data-spm-anchor-id=\"a2700.details-description.0.i7.6c37VtCNVtCNIW\"><span data-immersive-translate-walked=\"eec4a8c8-19c7-459b-87ae-6ab1768e3ab4\" data-immersive-translate-paragraph=\"1\">Les mat\u00e9riaux des sondes sont g\u00e9n\u00e9ralement en acier inoxydable, en alliage de titane ou en PTFE, offrant une forte r\u00e9sistance \u00e0 la corrosion pour les environnements \u00e0 haute temp\u00e9rature, haute pression et hautement corrosifs (par exemple, r\u00e9actions chimiques, traitement des eaux us\u00e9es).<\/span><\/p>\n<hr \/>\n<h3><span style=\"color: #336699;\"><strong>Sc\u00e9narios d'application typiques<\/strong><\/span><\/h3>\n<table border=\"0\" cellspacing=\"0\" data-immersive-translate-walked=\"c91d0338-99d6-4fb5-9e69-3e51b3c1ecd1\">\n<tbody data-immersive-translate-walked=\"c91d0338-99d6-4fb5-9e69-3e51b3c1ecd1\">\n<tr data-immersive-translate-walked=\"c91d0338-99d6-4fb5-9e69-3e51b3c1ecd1\">\n<td valign=\"center\" data-immersive-translate-walked=\"c91d0338-99d6-4fb5-9e69-3e51b3c1ecd1\">\n<p align=\"center\" data-immersive-translate-walked=\"c91d0338-99d6-4fb5-9e69-3e51b3c1ecd1\"><strong data-immersive-translate-walked=\"c91d0338-99d6-4fb5-9e69-3e51b3c1ecd1\"><span data-immersive-translate-walked=\"c91d0338-99d6-4fb5-9e69-3e51b3c1ecd1\" data-immersive-translate-paragraph=\"1\">Industrie<\/span><\/strong><\/p>\n<\/td>\n<td valign=\"center\" data-immersive-translate-walked=\"c91d0338-99d6-4fb5-9e69-3e51b3c1ecd1\">\n<p align=\"center\" data-immersive-translate-walked=\"c91d0338-99d6-4fb5-9e69-3e51b3c1ecd1\"><strong data-immersive-translate-walked=\"c91d0338-99d6-4fb5-9e69-3e51b3c1ecd1\"><span data-immersive-translate-walked=\"c91d0338-99d6-4fb5-9e69-3e51b3c1ecd1\" data-immersive-translate-paragraph=\"1\">Sc\u00e9nario d'application<\/span><\/strong><\/p>\n<\/td>\n<td valign=\"center\" data-immersive-translate-walked=\"c91d0338-99d6-4fb5-9e69-3e51b3c1ecd1\" data-spm-anchor-id=\"a2700.details-description.0.i10.6c37VtCNVtCNIW\">\n<p align=\"center\" data-immersive-translate-walked=\"c91d0338-99d6-4fb5-9e69-3e51b3c1ecd1\"><strong data-immersive-translate-walked=\"c91d0338-99d6-4fb5-9e69-3e51b3c1ecd1\"><span data-immersive-translate-walked=\"c91d0338-99d6-4fb5-9e69-3e51b3c1ecd1\" data-immersive-translate-paragraph=\"1\">Cibles de d\u00e9tection<\/span><\/strong><\/p>\n<\/td>\n<\/tr>\n<tr data-immersive-translate-walked=\"c91d0338-99d6-4fb5-9e69-3e51b3c1ecd1\">\n<td valign=\"center\" data-immersive-translate-walked=\"c91d0338-99d6-4fb5-9e69-3e51b3c1ecd1\">\n<p data-immersive-translate-walked=\"c91d0338-99d6-4fb5-9e69-3e51b3c1ecd1\"><strong data-immersive-translate-walked=\"c91d0338-99d6-4fb5-9e69-3e51b3c1ecd1\"><span data-immersive-translate-walked=\"c91d0338-99d6-4fb5-9e69-3e51b3c1ecd1\" data-immersive-translate-paragraph=\"1\">Chimie et p\u00e9trochimie<\/span><\/strong><\/p>\n<\/td>\n<td valign=\"center\" data-immersive-translate-walked=\"c91d0338-99d6-4fb5-9e69-3e51b3c1ecd1\">\n<p data-immersive-translate-walked=\"c91d0338-99d6-4fb5-9e69-3e51b3c1ecd1\"><span data-immersive-translate-walked=\"c91d0338-99d6-4fb5-9e69-3e51b3c1ecd1\" data-immersive-translate-paragraph=\"1\">Surveillance de la concentration dans les r\u00e9acteurs, analyse des composants des colonnes de distillation<\/span><\/p>\n<\/td>\n<td valign=\"center\" data-immersive-translate-walked=\"c91d0338-99d6-4fb5-9e69-3e51b3c1ecd1\">\n<p data-immersive-translate-walked=\"c91d0338-99d6-4fb5-9e69-3e51b3c1ecd1\"><span data-immersive-translate-walked=\"c91d0338-99d6-4fb5-9e69-3e51b3c1ecd1\" data-immersive-translate-paragraph=\"1\">Concentration acide\/alcaline, teneur en m\u00e9thanol, coupe eau du p\u00e9trole brut<\/span><\/p>\n<\/td>\n<\/tr>\n<tr data-immersive-translate-walked=\"c91d0338-99d6-4fb5-9e69-3e51b3c1ecd1\">\n<td valign=\"center\" data-immersive-translate-walked=\"c91d0338-99d6-4fb5-9e69-3e51b3c1ecd1\">\n<p data-immersive-translate-walked=\"c91d0338-99d6-4fb5-9e69-3e51b3c1ecd1\"><strong data-immersive-translate-walked=\"c91d0338-99d6-4fb5-9e69-3e51b3c1ecd1\"><span data-immersive-translate-walked=\"c91d0338-99d6-4fb5-9e69-3e51b3c1ecd1\" data-immersive-translate-paragraph=\"1\">Alimentation et boissons<\/span><\/strong><\/p>\n<\/td>\n<td valign=\"center\" data-immersive-translate-walked=\"c91d0338-99d6-4fb5-9e69-3e51b3c1ecd1\">\n<p data-immersive-translate-walked=\"c91d0338-99d6-4fb5-9e69-3e51b3c1ecd1\"><span data-immersive-translate-walked=\"c91d0338-99d6-4fb5-9e69-3e51b3c1ecd1\" data-immersive-translate-paragraph=\"1\">M\u00e9lange de sirops dans les lignes de production, d\u00e9tection de composants laitiers, assemblage de vins<\/span><\/p>\n<\/td>\n<td valign=\"center\" data-immersive-translate-walked=\"c91d0338-99d6-4fb5-9e69-3e51b3c1ecd1\">\n<p data-immersive-translate-walked=\"c91d0338-99d6-4fb5-9e69-3e51b3c1ecd1\" data-spm-anchor-id=\"a2700.details-description.0.i12.6c37VtCNVtCNIW\"><span data-immersive-translate-walked=\"c91d0338-99d6-4fb5-9e69-3e51b3c1ecd1\" data-immersive-translate-paragraph=\"1\" data-spm-anchor-id=\"a2700.details-description.0.i11.6c37VtCNVtCNIW\">Valeur Brix, teneur en mati\u00e8re grasse du lait, concentration en alcool<\/span><\/p>\n<\/td>\n<\/tr>\n<tr data-immersive-translate-walked=\"c91d0338-99d6-4fb5-9e69-3e51b3c1ecd1\">\n<td valign=\"center\" data-immersive-translate-walked=\"c91d0338-99d6-4fb5-9e69-3e51b3c1ecd1\">\n<p data-immersive-translate-walked=\"c91d0338-99d6-4fb5-9e69-3e51b3c1ecd1\"><strong data-immersive-translate-walked=\"c91d0338-99d6-4fb5-9e69-3e51b3c1ecd1\"><span data-immersive-translate-walked=\"c91d0338-99d6-4fb5-9e69-3e51b3c1ecd1\" data-immersive-translate-paragraph=\"1\">Produits pharmaceutiques et biotechnologies<\/span><\/strong><\/p>\n<\/td>\n<td valign=\"center\" data-immersive-translate-walked=\"c91d0338-99d6-4fb5-9e69-3e51b3c1ecd1\">\n<p data-immersive-translate-walked=\"c91d0338-99d6-4fb5-9e69-3e51b3c1ecd1\"><span data-immersive-translate-walked=\"c91d0338-99d6-4fb5-9e69-3e51b3c1ecd1\" data-immersive-translate-paragraph=\"1\" data-spm-anchor-id=\"a2700.details-description.0.i14.6c37VtCNVtCNIW\">Surveillance de la concentration du substrat dans les cuves de fermentation, contr\u00f4le des impuret\u00e9s dans les processus de purification<\/span><\/p>\n<\/td>\n<td valign=\"center\" data-immersive-translate-walked=\"c91d0338-99d6-4fb5-9e69-3e51b3c1ecd1\">\n<p data-immersive-translate-walked=\"c91d0338-99d6-4fb5-9e69-3e51b3c1ecd1\"><span data-immersive-translate-walked=\"c91d0338-99d6-4fb5-9e69-3e51b3c1ecd1\" data-immersive-translate-paragraph=\"1\">Concentration de glucose, teneur en prot\u00e9ines, puret\u00e9 des interm\u00e9diaires pharmaceutiques<\/span><\/p>\n<\/td>\n<\/tr>\n<tr data-immersive-translate-walked=\"c91d0338-99d6-4fb5-9e69-3e51b3c1ecd1\">\n<td valign=\"center\" data-immersive-translate-walked=\"c91d0338-99d6-4fb5-9e69-3e51b3c1ecd1\">\n<p data-immersive-translate-walked=\"c91d0338-99d6-4fb5-9e69-3e51b3c1ecd1\"><strong data-immersive-translate-walked=\"c91d0338-99d6-4fb5-9e69-3e51b3c1ecd1\"><span data-immersive-translate-walked=\"c91d0338-99d6-4fb5-9e69-3e51b3c1ecd1\" data-immersive-translate-paragraph=\"1\">Protection de l'environnement et traitement de l'eau<\/span><\/strong><\/p>\n<\/td>\n<td valign=\"center\" data-immersive-translate-walked=\"c91d0338-99d6-4fb5-9e69-3e51b3c1ecd1\">\n<p data-immersive-translate-walked=\"c91d0338-99d6-4fb5-9e69-3e51b3c1ecd1\"><span data-immersive-translate-walked=\"c91d0338-99d6-4fb5-9e69-3e51b3c1ecd1\" data-immersive-translate-paragraph=\"1\">Surveillance de la concentration en m\u00e9taux lourds dans les eaux us\u00e9es, d\u00e9tection de chlore r\u00e9siduel dans l'eau potable<\/span><\/p>\n<\/td>\n<td valign=\"center\" data-immersive-translate-walked=\"c91d0338-99d6-4fb5-9e69-3e51b3c1ecd1\">\n<p data-immersive-translate-walked=\"c91d0338-99d6-4fb5-9e69-3e51b3c1ecd1\"><span data-immersive-translate-walked=\"c91d0338-99d6-4fb5-9e69-3e51b3c1ecd1\" data-immersive-translate-paragraph=\"1\">Concentration en ions cuivre\/nickel, DCO (demande chimique en oxyg\u00e8ne), pH<\/span><\/p>\n<\/td>\n<\/tr>\n<tr data-immersive-translate-walked=\"c91d0338-99d6-4fb5-9e69-3e51b3c1ecd1\">\n<td valign=\"center\" data-immersive-translate-walked=\"c91d0338-99d6-4fb5-9e69-3e51b3c1ecd1\">\n<p data-immersive-translate-walked=\"c91d0338-99d6-4fb5-9e69-3e51b3c1ecd1\"><strong data-immersive-translate-walked=\"c91d0338-99d6-4fb5-9e69-3e51b3c1ecd1\"><span data-immersive-translate-walked=\"c91d0338-99d6-4fb5-9e69-3e51b3c1ecd1\" data-immersive-translate-paragraph=\"1\">Agriculture et brasserie<\/span><\/strong><\/p>\n<\/td>\n<td valign=\"center\" data-immersive-translate-walked=\"c91d0338-99d6-4fb5-9e69-3e51b3c1ecd1\">\n<p data-immersive-translate-walked=\"c91d0338-99d6-4fb5-9e69-3e51b3c1ecd1\"><span data-immersive-translate-walked=\"c91d0338-99d6-4fb5-9e69-3e51b3c1ecd1\" data-immersive-translate-paragraph=\"1\">Contr\u00f4le de la concentration dans le pressurage des jus, suivi des processus de fermentation du vin<\/span><\/p>\n<\/td>\n<td valign=\"center\" data-immersive-translate-walked=\"c91d0338-99d6-4fb5-9e69-3e51b3c1ecd1\">\n<p data-immersive-translate-walked=\"c91d0338-99d6-4fb5-9e69-3e51b3c1ecd1\" data-spm-anchor-id=\"a2700.details-description.0.i8.6c37VtCNVtCNIW\"><span data-immersive-translate-walked=\"c91d0338-99d6-4fb5-9e69-3e51b3c1ecd1\" data-immersive-translate-paragraph=\"1\" data-spm-anchor-id=\"a2700.details-description.0.i13.6c37VtCNVtCNIW\">Taux de conversion du sucre, concentration en levure, teneur en acide ac\u00e9tique<\/span><\/p>\n<\/td>\n<\/tr>\n<\/tbody>\n<\/table>\n<p data-immersive-translate-walked=\"c91d0338-99d6-4fb5-9e69-3e51b3c1ecd1\">","protected":false},"excerpt":{"rendered":"<p>Le capteur de concentration de liquide immerg\u00e9 de la s\u00e9rie SZ-PS est un instrument optique de haute pr\u00e9cision bas\u00e9 sur le principe de la r\u00e9fraction de la lumi\u00e8re et de la r\u00e9flexion totale pour mesurer la concentration de liquide. Il est adapt\u00e9 \u00e0 des temp\u00e9ratures inf\u00e9rieures \u00e0 0 \u00b0C et \u00e0 80 \u00b0C pour la d\u00e9tection de toutes sortes de solutions. Il est g\u00e9n\u00e9ralement install\u00e9 dans des conteneurs, des piscines, des r\u00e9servoirs et autres applications ouvertes. Il int\u00e8gre des fonctions de mesure, d'affichage et de commutation, ainsi qu'une sortie de signal de commande, ce qui facilite son installation et sa maintenance.<\/p>","protected":false},"featured_media":5536,"template":"","meta":{"_monsterinsights_skip_tracking":false,"_monsterinsights_sitenote_active":false,"_monsterinsights_sitenote_note":"","_monsterinsights_sitenote_category":0,"site-sidebar-layout":"default","site-content-layout":"","ast-site-content-layout":"default","site-content-style":"default","site-sidebar-style":"default","ast-global-header-display":"","ast-banner-title-visibility":"","ast-main-header-display":"","ast-hfb-above-header-display":"","ast-hfb-below-header-display":"","ast-hfb-mobile-header-display":"","site-post-title":"","ast-breadcrumbs-content":"","ast-featured-img":"","footer-sml-layout":"","theme-transparent-header-meta":"default","adv-header-id-meta":"","stick-header-meta":"","header-above-stick-meta":"","header-main-stick-meta":"","header-below-stick-meta":"","astra-migrate-meta-layouts":"set","ast-page-background-enabled":"default","ast-page-background-meta":{"desktop":{"background-color":"","background-image":"","background-repeat":"repeat","background-position":"center center","background-size":"auto","background-attachment":"scroll","background-type":"","background-media":"","overlay-type":"","overlay-color":"","overlay-opacity":"","overlay-gradient":""},"tablet":{"background-color":"","background-image":"","background-repeat":"repeat","background-position":"center center","background-size":"auto","background-attachment":"scroll","background-type":"","background-media":"","overlay-type":"","overlay-color":"","overlay-opacity":"","overlay-gradient":""},"mobile":{"background-color":"","background-image":"","background-repeat":"repeat","background-position":"center center","background-size":"auto","background-attachment":"scroll","background-type":"","background-media":"","overlay-type":"","overlay-color":"","overlay-opacity":"","overlay-gradient":""}},"ast-content-background-meta":{"desktop":{"background-color":"var(--ast-global-color-5)","background-image":"","background-repeat":"repeat","background-position":"center center","background-size":"auto","background-attachment":"scroll","background-type":"","background-media":"","overlay-type":"","overlay-color":"","overlay-opacity":"","overlay-gradient":""},"tablet":{"background-color":"var(--ast-global-color-5)","background-image":"","background-repeat":"repeat","background-position":"center center","background-size":"auto","background-attachment":"scroll","background-type":"","background-media":"","overlay-type":"","overlay-color":"","overlay-opacity":"","overlay-gradient":""},"mobile":{"background-color":"var(--ast-global-color-5)","background-image":"","background-repeat":"repeat","background-position":"center center","background-size":"auto","background-attachment":"scroll","background-type":"","background-media":"","overlay-type":"","overlay-color":"","overlay-opacity":"","overlay-gradient":""}}},"product_cat":[146],"product_tag":[212,211],"class_list":{"0":"post-5218","1":"product","2":"type-product","3":"status-publish","4":"has-post-thumbnail","6":"product_cat-sensor","7":"product_tag-liquid-concentration-sensor","8":"product_tag-online-solution-concentration-meter","9":"desktop-align-left","10":"tablet-align-left","11":"mobile-align-left","13":"first","14":"instock","15":"shipping-taxable","16":"product-type-simple"},"aioseo_notices":[],"_links":{"self":[{"href":"https:\/\/szlmi.com\/fr\/wp-json\/wp\/v2\/product\/5218","targetHints":{"allow":["GET"]}}],"collection":[{"href":"https:\/\/szlmi.com\/fr\/wp-json\/wp\/v2\/product"}],"about":[{"href":"https:\/\/szlmi.com\/fr\/wp-json\/wp\/v2\/types\/product"}],"wp:featuredmedia":[{"embeddable":true,"href":"https:\/\/szlmi.com\/fr\/wp-json\/wp\/v2\/media\/5536"}],"wp:attachment":[{"href":"https:\/\/szlmi.com\/fr\/wp-json\/wp\/v2\/media?parent=5218"}],"wp:term":[{"taxonomy":"product_cat","embeddable":true,"href":"https:\/\/szlmi.com\/fr\/wp-json\/wp\/v2\/product_cat?post=5218"},{"taxonomy":"product_tag","embeddable":true,"href":"https:\/\/szlmi.com\/fr\/wp-json\/wp\/v2\/product_tag?post=5218"}],"curies":[{"name":"wp","href":"https:\/\/api.w.org\/{rel}","templated":true}]}}