{"id":5080,"date":"2025-03-20T22:33:04","date_gmt":"2025-03-21T06:33:04","guid":{"rendered":"https:\/\/szlmi.com\/?post_type=product&#038;p=5080"},"modified":"2026-02-25T17:54:30","modified_gmt":"2026-02-26T01:54:30","slug":"self-loading-concrete-mixer-batching-weighing-system","status":"publish","type":"product","link":"https:\/\/szlmi.com\/fr\/produit\/self-loading-concrete-mixer-batching-weighing-system\/","title":{"rendered":"Syst\u00e8me de pesage et de dosage pour b\u00e9tonni\u00e8re \u00e0 chargement automatique"},"content":{"rendered":"<h1 style=\"text-align: center;\"><span style=\"color: #336699;\"><strong>Syst\u00e8me de pesage et de dosage pour b\u00e9tonni\u00e8re \u00e0 chargement automatique<\/strong><\/span><\/h1>\n<h3><span style=\"color: #336699;\"><strong>Description de l'image<\/strong><\/span><\/h3>\n<p><img fetchpriority=\"high\" decoding=\"async\" class=\"size-full wp-image-5081 aligncenter\" src=\"https:\/\/szlmi.com\/wp-content\/uploads\/2025\/05\/\u4e3b\u56fe.jpg\" alt=\"\" width=\"600\" height=\"870\" \/><\/p>\n<hr \/>\n<h3><span style=\"color: #336699;\"><strong>Introduction<\/strong><\/span><\/h3>\n<p>Le syst\u00e8me de pesage pour b\u00e9tonni\u00e8re mobile autochargeuse, \u00e9galement appel\u00e9 syst\u00e8me de dosage proportionnel, est une solution de pesage int\u00e9gr\u00e9e sp\u00e9cialement con\u00e7ue pour les camions malaxeurs. Ce syst\u00e8me surveille en temps r\u00e9el le poids des ingr\u00e9dients entrants et mesure les mat\u00e9riaux de mani\u00e8re dynamique et pr\u00e9cise pendant le chargement afin de contr\u00f4ler la charge utile et de garantir la pr\u00e9cision du dosage. Il permet de personnaliser les ratios de m\u00e9lange pour r\u00e9pondre aux diff\u00e9rentes exigences du projet, tout en \u00e9vitant les surcharges, en rationalisant la production de b\u00e9ton sur site, en am\u00e9liorant la qualit\u00e9 de la construction, en r\u00e9duisant les co\u00fbts de main-d'\u0153uvre et en augmentant la productivit\u00e9 globale.<\/p>\n<hr \/>\n<h3><span style=\"color: #336699;\"><strong>Principaux avantages<\/strong><\/span><\/h3>\n<ol class=\"auto-hide-last-sibling-br\">\n<li>\n<div class=\"auto-hide-last-sibling-br paragraph-fz9qvc paragraph-element br-paragraph-space\"><strong>Contr\u00f4le intelligent<\/strong><\/div>\n<ul class=\"auto-hide-last-sibling-br\">\n<li>D\u00e9marrage \u00e0 un seul bouton avec une interface intuitive, permettant une utilisation par un seul op\u00e9rateur.<\/li>\n<\/ul>\n<\/li>\n<li>\n<div class=\"auto-hide-last-sibling-br paragraph-fz9qvc paragraph-element br-paragraph-space\"><strong>Pesage de pr\u00e9cision<\/strong><\/div>\n<ul class=\"auto-hide-last-sibling-br\">\n<li>Utilise des algorithmes avanc\u00e9s avec une marge d\u2019erreur inf\u00e9rieure \u00e0 1 %.<\/li>\n<\/ul>\n<\/li>\n<li>\n<div class=\"auto-hide-last-sibling-br paragraph-fz9qvc paragraph-element br-paragraph-space\"><strong>Fonctionnement convivial<\/strong><\/div>\n<ul class=\"auto-hide-last-sibling-br\">\n<li>\u00c9cran tactile haute d\u00e9finition de 7 pouces avec retour r\u00e9actif, aussi intuitif qu'un smartphone.<\/li>\n<\/ul>\n<\/li>\n<li>\n<div class=\"auto-hide-last-sibling-br paragraph-fz9qvc paragraph-element br-paragraph-space\"><strong>Gestion des recettes<\/strong><\/div>\n<ul class=\"auto-hide-last-sibling-br\">\n<li>Prend en charge plusieurs modes de traitement par lots, facilement adaptables \u00e0 diverses exigences de production.<\/li>\n<\/ul>\n<\/li>\n<\/ol>\n<hr \/>\n<h3><span style=\"color: #336699;\"><strong>Composants du syst\u00e8me<\/strong><\/span><\/h3>\n<ol class=\"auto-hide-last-sibling-br\">\n<li>\n<div class=\"auto-hide-last-sibling-br paragraph-fz9qvc paragraph-element br-paragraph-space\"><strong>Capteurs de charge<\/strong><\/div>\n<ul class=\"auto-hide-last-sibling-br\">\n<li><strong>Fonction:<\/strong>: D\u00e9tectez directement les changements de poids dans la tr\u00e9mie de chargement du camion malaxeur et convertissez-les en signaux \u00e9lectriques.<\/li>\n<li><strong>Taper<\/strong>:Capteurs de pression install\u00e9s sur les conduites hydrauliques de levage de la tr\u00e9mie.<\/li>\n<\/ul>\n<\/li>\n<li>\n<div class=\"auto-hide-last-sibling-br paragraph-fz9qvc paragraph-element br-paragraph-space\"><strong>Capteur de d\u00e9clenchement<\/strong><\/div>\n<ul class=\"auto-hide-last-sibling-br\">\n<li><strong>Fonction:<\/strong>: Enregistrement des donn\u00e9es de poids de d\u00e9clenchement en fonction de la position de levage de la tr\u00e9mie.<\/li>\n<li><strong>Taper<\/strong>: Interrupteurs de proximit\u00e9 magn\u00e9tiques install\u00e9s sur le bras de la tr\u00e9mie et les points de pivot.<\/li>\n<\/ul>\n<\/li>\n<li>\n<div class=\"auto-hide-last-sibling-br paragraph-fz9qvc paragraph-element br-paragraph-space\"><strong>Module de traitement du signal<\/strong><\/div>\n<ul class=\"auto-hide-last-sibling-br\">\n<li><strong>Fonction:<\/strong>:Amplifiez et filtrez les signaux de capteur faibles pour am\u00e9liorer le rapport signal\/bruit et effectuer une conversion AN.<\/li>\n<li><strong>Caract\u00e9ristiques<\/strong>: Compensation de temp\u00e9rature, de vitesse et de vibration (r\u00e9duit les impr\u00e9cisions caus\u00e9es par la temp\u00e9rature ambiante, la vitesse de levage, le mouvement du v\u00e9hicule ou la rotation du tambour), correction de lin\u00e9arit\u00e9.<\/li>\n<\/ul>\n<\/li>\n<li>\n<div class=\"auto-hide-last-sibling-br paragraph-fz9qvc paragraph-element br-paragraph-space\"><strong>Terminal d'affichage<\/strong><\/div>\n<ul class=\"auto-hide-last-sibling-br\">\n<li><strong>Fonction:<\/strong>:Affichage et stockage en temps r\u00e9el des donn\u00e9es de poids trait\u00e9es.<\/li>\n<li><strong>Formats<\/strong>:\n<ul class=\"auto-hide-last-sibling-br\">\n<li><strong>\u00c9cran 7 pouces embarqu\u00e9<\/strong>:Mont\u00e9 dans la cabine, affichant le poids en temps r\u00e9el, les totaux cumul\u00e9s, etc.<\/li>\n<li><strong>Terminal intelligent<\/strong>: Se connecte aux smartphones ou aux PC industriels via Bluetooth\/Wi-Fi pour la surveillance \u00e0 distance et l'exportation de donn\u00e9es.<\/li>\n<\/ul>\n<\/li>\n<\/ul>\n<\/li>\n<\/ol>\n<hr \/>\n<h3><span style=\"color: #336699;\"><strong>Interaction et contr\u00f4le des donn\u00e9es<\/strong><\/span><\/h3>\n<ul class=\"auto-hide-last-sibling-br\">\n<li>\n<div class=\"auto-hide-last-sibling-br paragraph-fz9qvc paragraph-element br-paragraph-space\"><strong>Int\u00e9gration avec le syst\u00e8me de contr\u00f4le du camion malaxeur<\/strong><br class=\"container-at6D_3 wrapper-iJdwc2 undefined\" \/>Plusieurs modes de dosage sont pr\u00e9d\u00e9finis. Lorsque le poids atteint la valeur pr\u00e9d\u00e9finie, l'alimentation est automatiquement interrompue ou une alarme est d\u00e9clench\u00e9e.<\/div>\n<\/li>\n<li>\n<div class=\"auto-hide-last-sibling-br paragraph-fz9qvc paragraph-element br-paragraph-space\"><strong>Connexion \u00e0 la plateforme de gestion d'entreprise<\/strong><br class=\"container-at6D_3 wrapper-iJdwc2 undefined\" \/>T\u00e9l\u00e9charge des donn\u00e9es via GPS ou IoT pour la planification de la production et la comptabilit\u00e9 analytique.<\/div>\n<\/li>\n<\/ul>\n<hr \/>\n<h3><span style=\"color: #336699;\"><strong>Param\u00e8tres du syst\u00e8me<\/strong><\/span><\/h3>\n<div class=\"auto-hide-last-sibling-br table-container-thXsRO\">\n<table>\n<thead>\n<tr>\n<th style=\"text-align: center;\"><strong>Param\u00e8tre<\/strong><\/th>\n<th style=\"text-align: center;\"><strong>Sp\u00e9cification<\/strong><\/th>\n<\/tr>\n<\/thead>\n<tbody>\n<tr>\n<td style=\"text-align: center;\"><strong>Alimentation \u00e9lectrique<\/strong><\/td>\n<td style=\"text-align: center;\">12-36 V CC<\/td>\n<\/tr>\n<tr>\n<td style=\"text-align: center;\"><strong>Plage de mesure<\/strong><\/td>\n<td style=\"text-align: center;\">Couvre enti\u00e8rement la capacit\u00e9 maximale de la tr\u00e9mie de chargement<\/td>\n<\/tr>\n<tr>\n<td style=\"text-align: center;\"><strong>Pr\u00e9cision<\/strong><\/td>\n<td style=\"text-align: center;\">Erreur statique \u2264\u00b10,5%, erreur dynamique \u2264\u00b11%<\/td>\n<\/tr>\n<tr>\n<td style=\"text-align: center;\"><strong>Classe de protection<\/strong><\/td>\n<td style=\"text-align: center;\">IP67 (\u00e9tanche \u00e0 la poussi\u00e8re et \u00e0 l'eau)<\/td>\n<\/tr>\n<tr>\n<td style=\"text-align: center;\"><strong>Temps de r\u00e9ponse<\/strong><\/td>\n<td style=\"text-align: center;\">\u2264 50 ms<\/td>\n<\/tr>\n<tr>\n<td style=\"text-align: center;\"><strong>Compatibilit\u00e9<\/strong><\/td>\n<td style=\"text-align: center;\">Prend en charge plusieurs sorties de signal (par exemple, 4~20 mA, RS485, bus CAN)<\/td>\n<\/tr>\n<\/tbody>\n<\/table>\n<\/div>\n<p>&nbsp;<\/p>","protected":false},"excerpt":{"rendered":"<p>Le syst\u00e8me de pesage pour b\u00e9tonni\u00e8re mobile autochargeuse, \u00e9galement appel\u00e9 syst\u00e8me de dosage proportionnel, est une solution de pesage int\u00e9gr\u00e9e sp\u00e9cialement con\u00e7ue pour les camions malaxeurs. Ce syst\u00e8me surveille en temps r\u00e9el le poids des ingr\u00e9dients entrants et mesure les mat\u00e9riaux de mani\u00e8re dynamique et pr\u00e9cise pendant le chargement afin de contr\u00f4ler la charge utile et de garantir la pr\u00e9cision du dosage. Il permet de personnaliser les ratios de m\u00e9lange pour r\u00e9pondre aux diff\u00e9rentes exigences du projet, tout en \u00e9vitant les surcharges, en rationalisant la production de b\u00e9ton sur site, en am\u00e9liorant la qualit\u00e9 de la construction, en r\u00e9duisant les co\u00fbts de main-d'\u0153uvre et en augmentant la productivit\u00e9 globale.<\/p>","protected":false},"featured_media":5083,"template":"","meta":{"_monsterinsights_skip_tracking":false,"_monsterinsights_sitenote_active":false,"_monsterinsights_sitenote_note":"","_monsterinsights_sitenote_category":0,"site-sidebar-layout":"default","site-content-layout":"","ast-site-content-layout":"default","site-content-style":"default","site-sidebar-style":"default","ast-global-header-display":"","ast-banner-title-visibility":"","ast-main-header-display":"","ast-hfb-above-header-display":"","ast-hfb-below-header-display":"","ast-hfb-mobile-header-display":"","site-post-title":"","ast-breadcrumbs-content":"","ast-featured-img":"","footer-sml-layout":"","theme-transparent-header-meta":"default","adv-header-id-meta":"","stick-header-meta":"","header-above-stick-meta":"","header-main-stick-meta":"","header-below-stick-meta":"","astra-migrate-meta-layouts":"set","ast-page-background-enabled":"default","ast-page-background-meta":{"desktop":{"background-color":"","background-image":"","background-repeat":"repeat","background-position":"center center","background-size":"auto","background-attachment":"scroll","background-type":"","background-media":"","overlay-type":"","overlay-color":"","overlay-opacity":"","overlay-gradient":""},"tablet":{"background-color":"","background-image":"","background-repeat":"repeat","background-position":"center center","background-size":"auto","background-attachment":"scroll","background-type":"","background-media":"","overlay-type":"","overlay-color":"","overlay-opacity":"","overlay-gradient":""},"mobile":{"background-color":"","background-image":"","background-repeat":"repeat","background-position":"center center","background-size":"auto","background-attachment":"scroll","background-type":"","background-media":"","overlay-type":"","overlay-color":"","overlay-opacity":"","overlay-gradient":""}},"ast-content-background-meta":{"desktop":{"background-color":"var(--ast-global-color-5)","background-image":"","background-repeat":"repeat","background-position":"center center","background-size":"auto","background-attachment":"scroll","background-type":"","background-media":"","overlay-type":"","overlay-color":"","overlay-opacity":"","overlay-gradient":""},"tablet":{"background-color":"var(--ast-global-color-5)","background-image":"","background-repeat":"repeat","background-position":"center center","background-size":"auto","background-attachment":"scroll","background-type":"","background-media":"","overlay-type":"","overlay-color":"","overlay-opacity":"","overlay-gradient":""},"mobile":{"background-color":"var(--ast-global-color-5)","background-image":"","background-repeat":"repeat","background-position":"center center","background-size":"auto","background-attachment":"scroll","background-type":"","background-media":"","overlay-type":"","overlay-color":"","overlay-opacity":"","overlay-gradient":""}}},"product_cat":[69,68],"product_tag":[207,174,206,71],"class_list":{"0":"post-5080","1":"product","2":"type-product","3":"status-publish","4":"has-post-thumbnail","6":"product_cat-product","7":"product_cat-weighing-system","8":"product_tag-batching-proportion-system","9":"product_tag-on-board-weighing-system","10":"product_tag-self-loading-concrete-mixer-batching-scales","11":"product_tag-weighing-system","12":"desktop-align-left","13":"tablet-align-left","14":"mobile-align-left","16":"first","17":"instock","18":"shipping-taxable","19":"purchasable","20":"product-type-simple"},"aioseo_notices":[],"_links":{"self":[{"href":"https:\/\/szlmi.com\/fr\/wp-json\/wp\/v2\/product\/5080","targetHints":{"allow":["GET"]}}],"collection":[{"href":"https:\/\/szlmi.com\/fr\/wp-json\/wp\/v2\/product"}],"about":[{"href":"https:\/\/szlmi.com\/fr\/wp-json\/wp\/v2\/types\/product"}],"wp:featuredmedia":[{"embeddable":true,"href":"https:\/\/szlmi.com\/fr\/wp-json\/wp\/v2\/media\/5083"}],"wp:attachment":[{"href":"https:\/\/szlmi.com\/fr\/wp-json\/wp\/v2\/media?parent=5080"}],"wp:term":[{"taxonomy":"product_cat","embeddable":true,"href":"https:\/\/szlmi.com\/fr\/wp-json\/wp\/v2\/product_cat?post=5080"},{"taxonomy":"product_tag","embeddable":true,"href":"https:\/\/szlmi.com\/fr\/wp-json\/wp\/v2\/product_tag?post=5080"}],"curies":[{"name":"wp","href":"https:\/\/api.w.org\/{rel}","templated":true}]}}