{"id":4814,"date":"2025-03-10T17:31:59","date_gmt":"2025-03-11T01:31:59","guid":{"rendered":"https:\/\/szlmi.com\/?post_type=product&#038;p=4814"},"modified":"2026-03-05T19:57:22","modified_gmt":"2026-03-06T03:57:22","slug":"crawler-crane-load-moment-indicator","status":"publish","type":"product","link":"https:\/\/szlmi.com\/fr\/produit\/crawler-crane-load-moment-indicator\/","title":{"rendered":"Indicateur de moment de charge de grue sur chenilles"},"content":{"rendered":"<h1 style=\"text-align: center;\"><span style=\"color: #336699;\"><strong>Indicateur de charge de grue sur chenilles<\/strong><\/span><\/h1>\n<h3><span style=\"color: #336699;\"><strong>Description de l'image<\/strong><\/span><\/h3>\n<p><img fetchpriority=\"high\" decoding=\"async\" class=\"wp-image-5534 aligncenter\" src=\"https:\/\/szlmi.com\/wp-content\/uploads\/2025\/03\/\u672a\u6807\u9898-1-1.jpg\" alt=\"\" width=\"600\" height=\"375\" \/><\/p>\n<hr \/>\n<h3><span style=\"color: #336699;\"><strong>Introduction<\/strong><\/span><\/h3>\n<p><a href=\"https:\/\/szlmi.com\/product\/crawler-crane-load-moment-indicator\/\">La grue sur chenilles LMI<\/a> \u00e9galement connu sous le nom de grue<a title=\"le syst\u00e8me de gestion des machines d&#039;ing\u00e9nierie SeeZol\" href=\"https:\/\/szlmi.com\/product-category\/product\/load-moment-indicator\/\">\u00a0Indicateur de moment de charge<\/a> (LMI) ou grue <a href=\"https:\/\/szlmi.com\/product-category\/product\/load-moment-indicator\/\">Indicateur de charge de s\u00e9curit\u00e9 (SLI)<\/a> Il s'agit d'un dispositif de protection de s\u00e9curit\u00e9 pour grues \u00e0 fl\u00e8che. Ce produit utilise un microprocesseur 32 bits hautes performances comme plateforme mat\u00e9rielle. L'algorithme logiciel adopte l'algorithme de prise de force hydraulique le plus avanc\u00e9 de Chine. Il s'appuie sur des ann\u00e9es d'exp\u00e9rience sur le terrain et est constamment am\u00e9lior\u00e9.<\/p>\n<hr \/>\n<h3><span style=\"color: #336699;\"><strong>Mod\u00e8les applicables<\/strong><\/span><\/h3>\n<p>Grue mobile 5~260 tonnes.<\/p>\n<hr \/>\n<h3><span style=\"color: #336699;\"><strong>Caract\u00e9ristiques<\/strong><\/span><\/h3>\n<ul>\n<li>Affichage du poids en temps r\u00e9el<\/li>\n<li>Affichage de la hauteur en temps r\u00e9el<\/li>\n<li>Affichage du couple<\/li>\n<li>Alarme et contr\u00f4le de surcharge<\/li>\n<li>Contr\u00f4ler la sortie<\/li>\n<li>Enregistrement des donn\u00e9es historiques<\/li>\n<\/ul>\n<hr \/>\n<h3><span style=\"color: #336699;\"><strong>Param\u00e8tres du syst\u00e8me<\/strong><\/span><\/h3>\n<ul>\n<li>Gamme : 5~260T<\/li>\n<li>Erreur syst\u00e9matique : \u00b1 3 %<\/li>\n<li>Erreur d'affichage : \u00b15 %<\/li>\n<li>Mode : Pes\u00e9e dynamique<\/li>\n<li>Degr\u00e9 de protection : IP65<\/li>\n<li>Temp\u00e9rature de fonctionnement : -20\u00b0C~+70\u00b0C ;<\/li>\n<li>Tension de fonctionnement : DC9-36v ;<\/li>\n<\/ul>\n<hr \/>\n<h3><span style=\"color: #336699;\"><strong>Cas<\/strong><\/span><\/h3>\n<div style=\"text-align: center;\">\u00a0 <img decoding=\"async\" class=\"alignnone size-full wp-image-4826\" src=\"https:\/\/szlmi.com\/wp-content\/uploads\/2025\/03\/1721355192661541-e1772769042802.jpg\" alt=\"\" width=\"200\" height=\"400\" \/> \u00a0<img decoding=\"async\" class=\"alignnone size-full wp-image-4825\" src=\"https:\/\/szlmi.com\/wp-content\/uploads\/2025\/03\/1721355141553650-e1772768973216.jpg\" alt=\"\" width=\"200\" height=\"380\" \/> \u00a0 <img loading=\"lazy\" decoding=\"async\" class=\"alignnone size-full wp-image-4824\" src=\"https:\/\/szlmi.com\/wp-content\/uploads\/2025\/03\/1721355083497901-e1772768931554.jpg\" alt=\"\" width=\"200\" height=\"399\" \/> \u00a0 <img loading=\"lazy\" decoding=\"async\" class=\"alignnone size-full wp-image-4823\" src=\"https:\/\/szlmi.com\/wp-content\/uploads\/2025\/03\/1721354863524986-1-e1772769007236.jpg\" alt=\"\" width=\"200\" height=\"420\" \/> \u00a0<img loading=\"lazy\" decoding=\"async\" class=\"alignnone size-full wp-image-4822\" src=\"https:\/\/szlmi.com\/wp-content\/uploads\/2025\/03\/66e2b91d1cb4e-e1772768886236.jpg\" alt=\"\" width=\"200\" height=\"640\" \/><\/div>","protected":false},"excerpt":{"rendered":"<p><a href=\"https:\/\/szlmi.com\/product\/crawler-crane-load-moment-indicator\/\">La grue sur chenilles LMI<\/a> \u00e9galement connu sous le nom de grue<a title=\"le syst\u00e8me de gestion des machines d&#039;ing\u00e9nierie SeeZol\" href=\"https:\/\/szlmi.com\/product-category\/product\/load-moment-indicator\/\">\u00a0Indicateur de moment de charge<\/a> (LMI) ou grue <a href=\"https:\/\/szlmi.com\/product-category\/product\/load-moment-indicator\/\">Indicateur de charge de s\u00e9curit\u00e9 (SLI)<\/a> Il s'agit d'un dispositif de protection de s\u00e9curit\u00e9 pour grues \u00e0 fl\u00e8che. Ce produit utilise un microprocesseur 32 bits hautes performances comme plateforme mat\u00e9rielle. L'algorithme logiciel adopte l'algorithme de prise de force hydraulique le plus avanc\u00e9 de Chine. Il s'appuie sur des ann\u00e9es d'exp\u00e9rience sur le terrain et est constamment am\u00e9lior\u00e9.<\/p>","protected":false},"featured_media":5528,"template":"","meta":{"_monsterinsights_skip_tracking":false,"_monsterinsights_sitenote_active":false,"_monsterinsights_sitenote_note":"","_monsterinsights_sitenote_category":0,"site-sidebar-layout":"default","site-content-layout":"","ast-site-content-layout":"default","site-content-style":"default","site-sidebar-style":"default","ast-global-header-display":"","ast-banner-title-visibility":"","ast-main-header-display":"","ast-hfb-above-header-display":"","ast-hfb-below-header-display":"","ast-hfb-mobile-header-display":"","site-post-title":"","ast-breadcrumbs-content":"","ast-featured-img":"","footer-sml-layout":"","theme-transparent-header-meta":"default","adv-header-id-meta":"","stick-header-meta":"","header-above-stick-meta":"","header-main-stick-meta":"","header-below-stick-meta":"","astra-migrate-meta-layouts":"set","ast-page-background-enabled":"default","ast-page-background-meta":{"desktop":{"background-color":"","background-image":"","background-repeat":"repeat","background-position":"center center","background-size":"auto","background-attachment":"scroll","background-type":"","background-media":"","overlay-type":"","overlay-color":"","overlay-opacity":"","overlay-gradient":""},"tablet":{"background-color":"","background-image":"","background-repeat":"repeat","background-position":"center center","background-size":"auto","background-attachment":"scroll","background-type":"","background-media":"","overlay-type":"","overlay-color":"","overlay-opacity":"","overlay-gradient":""},"mobile":{"background-color":"","background-image":"","background-repeat":"repeat","background-position":"center center","background-size":"auto","background-attachment":"scroll","background-type":"","background-media":"","overlay-type":"","overlay-color":"","overlay-opacity":"","overlay-gradient":""}},"ast-content-background-meta":{"desktop":{"background-color":"var(--ast-global-color-5)","background-image":"","background-repeat":"repeat","background-position":"center center","background-size":"auto","background-attachment":"scroll","background-type":"","background-media":"","overlay-type":"","overlay-color":"","overlay-opacity":"","overlay-gradient":""},"tablet":{"background-color":"var(--ast-global-color-5)","background-image":"","background-repeat":"repeat","background-position":"center center","background-size":"auto","background-attachment":"scroll","background-type":"","background-media":"","overlay-type":"","overlay-color":"","overlay-opacity":"","overlay-gradient":""},"mobile":{"background-color":"var(--ast-global-color-5)","background-image":"","background-repeat":"repeat","background-position":"center center","background-size":"auto","background-attachment":"scroll","background-type":"","background-media":"","overlay-type":"","overlay-color":"","overlay-opacity":"","overlay-gradient":""}}},"product_cat":[69,64],"product_tag":[82,80,169,193],"class_list":{"0":"post-4814","1":"product","2":"type-product","3":"status-publish","4":"has-post-thumbnail","6":"product_cat-product","7":"product_cat-load-moment-indicator","8":"product_tag-crawler-crane-load-moment-indicator","9":"product_tag-lmi","10":"product_tag-load-moment-indicator","11":"product_tag-safe-load-indicator-sll","12":"desktop-align-left","13":"tablet-align-left","14":"mobile-align-left","16":"first","17":"instock","18":"shipping-taxable","19":"product-type-simple"},"aioseo_notices":[],"_links":{"self":[{"href":"https:\/\/szlmi.com\/fr\/wp-json\/wp\/v2\/product\/4814","targetHints":{"allow":["GET"]}}],"collection":[{"href":"https:\/\/szlmi.com\/fr\/wp-json\/wp\/v2\/product"}],"about":[{"href":"https:\/\/szlmi.com\/fr\/wp-json\/wp\/v2\/types\/product"}],"wp:featuredmedia":[{"embeddable":true,"href":"https:\/\/szlmi.com\/fr\/wp-json\/wp\/v2\/media\/5528"}],"wp:attachment":[{"href":"https:\/\/szlmi.com\/fr\/wp-json\/wp\/v2\/media?parent=4814"}],"wp:term":[{"taxonomy":"product_cat","embeddable":true,"href":"https:\/\/szlmi.com\/fr\/wp-json\/wp\/v2\/product_cat?post=4814"},{"taxonomy":"product_tag","embeddable":true,"href":"https:\/\/szlmi.com\/fr\/wp-json\/wp\/v2\/product_tag?post=4814"}],"curies":[{"name":"wp","href":"https:\/\/api.w.org\/{rel}","templated":true}]}}