{"id":4331,"date":"2025-04-01T21:12:00","date_gmt":"2025-04-02T05:12:00","guid":{"rendered":"https:\/\/szlmi.com\/?post_type=product&#038;p=4331"},"modified":"2026-03-05T18:45:17","modified_gmt":"2026-03-06T02:45:17","slug":"forklift-weighing-system","status":"publish","type":"product","link":"https:\/\/szlmi.com\/fr\/produit\/forklift-weighing-system\/","title":{"rendered":"Syst\u00e8me de pesage pour chariot \u00e9l\u00e9vateur"},"content":{"rendered":"<h1 style=\"text-align: center;\"><span style=\"color: #336699;\">Syst\u00e8me de pesage embarqu\u00e9 pour chariot \u00e9l\u00e9vateur<\/span><\/h1>\n<h3><span style=\"color: #336699;\"><strong>Description de l'image<\/strong><\/span><\/h3>\n<p><img fetchpriority=\"high\" decoding=\"async\" class=\"size-full wp-image-7091 aligncenter\" src=\"https:\/\/szlmi.com\/wp-content\/uploads\/2025\/04\/1-1.jpg\" alt=\"\" width=\"600\" height=\"1920\" \/><\/p>\n<hr \/>\n<h3><span style=\"color: #336699;\"><strong>Introduction<\/strong><\/span><\/h3>\n<p>Le syst\u00e8me de pesage embarqu\u00e9 pour chariot \u00e9l\u00e9vateur, \u00e9galement appel\u00e9 balance \u00e9lectronique pour chariot \u00e9l\u00e9vateur, est un appareil \u00e9lectronique install\u00e9 sur le chariot \u00e9l\u00e9vateur pour calculer le poids. Il peut fournir diverses informations de chargement telles que la valeur de pelle unique et la valeur cumul\u00e9e du mat\u00e9riau pes\u00e9 et l'afficher. Imprimez la liste, pendant le chargement, refl\u00e8te de mani\u00e8re dynamique et synchrone le volume de chargement, aidant les clients \u00e0 effectuer des op\u00e9rations de pesage rapidement et \u00e0 faible co\u00fbt, \u00e0 charger et d\u00e9charger avec pr\u00e9cision, \u00e0 \u00e9viter les surcharges et \u00e0 am\u00e9liorer l'efficacit\u00e9 du travail. Il est largement utilis\u00e9 dans les usines, les mines, les chemins de fer, les ports et autres cargaisons en vrac. Op\u00e9rations de chargement et de d\u00e9chargement.<\/p>\n<hr \/>\n<h3><span style=\"color: #336699;\"><strong>Caract\u00e9ristiques<\/strong><\/span><\/h3>\n<ul>\n<li>Poids unique<\/li>\n<li>Poids cumul\u00e9<\/li>\n<li>horaires des remont\u00e9es m\u00e9caniques<\/li>\n<li>Avertissement de surcharge<\/li>\n<li>Imprimer le re\u00e7u<\/li>\n<\/ul>\n<hr \/>\n<h3><span style=\"color: #336699;\"><strong>Param\u00e8tres du syst\u00e8me<\/strong><\/span><\/h3>\n<ul>\n<li>plage\u00a0: 0 \u00e0 10\u00a0t (n\u00e9cessite une fabrication sur mesure au-dessus de 10\u00a0t)<\/li>\n<li>Erreur syst\u00e8me\u00a0: \u00b1\u00a01\u00a0%<\/li>\n<li>erreur d'affichage : \u00b13 %<\/li>\n<li>mode : pes\u00e9e dynamique<\/li>\n<li>Niveau de protection : IP65<\/li>\n<li>Temp\u00e9rature de fonctionnement : -20\u2103\uff5e+70\u2103 ;<\/li>\n<li>Tension de fonctionnement : DC9-36v ;<\/li>\n<\/ul>\n<hr \/>\n<h3><span style=\"color: #336699;\"><strong>Mod\u00e8le applicable<\/strong><\/span><\/h3>\n<p>Chariot \u00e9l\u00e9vateur 1 \u00e0 10 tonnes, pinces et chargeurs.<\/p>\n<hr \/>\n<h3><span style=\"color: #336699;\"><strong>Parties<\/strong><\/span><\/h3>\n<p><img decoding=\"async\" class=\"size-full wp-image-7097 aligncenter\" src=\"https:\/\/szlmi.com\/wp-content\/uploads\/2025\/04\/Fullset-1.jpg\" alt=\"\" width=\"1000\" height=\"434\" \/><\/p>","protected":false},"excerpt":{"rendered":"<p style=\"text-align: left;\">Le syst\u00e8me de pesage embarqu\u00e9 pour chariot \u00e9l\u00e9vateur, \u00e9galement appel\u00e9 balance \u00e9lectronique pour chariot \u00e9l\u00e9vateur, est un appareil \u00e9lectronique install\u00e9 sur le chariot \u00e9l\u00e9vateur pour calculer le poids. Il peut fournir diverses informations de chargement telles que la valeur de pelle unique et la valeur cumul\u00e9e du mat\u00e9riau pes\u00e9 et l'afficher. Imprimez la liste, pendant le chargement, refl\u00e8te de mani\u00e8re dynamique et synchrone le volume de chargement, aidant les clients \u00e0 effectuer des op\u00e9rations de pesage rapidement et \u00e0 faible co\u00fbt, \u00e0 charger et d\u00e9charger avec pr\u00e9cision, \u00e0 \u00e9viter les surcharges et \u00e0 am\u00e9liorer l'efficacit\u00e9 du travail. Il est largement utilis\u00e9 dans les usines, les mines, les chemins de fer, les ports et autres cargaisons en vrac. Op\u00e9rations de chargement et de d\u00e9chargement.<\/p>","protected":false},"featured_media":4634,"template":"","meta":{"_monsterinsights_skip_tracking":false,"_monsterinsights_sitenote_active":false,"_monsterinsights_sitenote_note":"","_monsterinsights_sitenote_category":0,"site-sidebar-layout":"no-sidebar","site-content-layout":"default","ast-site-content-layout":"default","site-content-style":"default","site-sidebar-style":"default","ast-global-header-display":"","ast-banner-title-visibility":"","ast-main-header-display":"","ast-hfb-above-header-display":"","ast-hfb-below-header-display":"","ast-hfb-mobile-header-display":"","site-post-title":"","ast-breadcrumbs-content":"","ast-featured-img":"","footer-sml-layout":"","theme-transparent-header-meta":"enabled","adv-header-id-meta":"","stick-header-meta":"","header-above-stick-meta":"","header-main-stick-meta":"","header-below-stick-meta":"","astra-migrate-meta-layouts":"set","ast-page-background-enabled":"default","ast-page-background-meta":{"desktop":{"background-color":"","background-image":"","background-repeat":"repeat","background-position":"center center","background-size":"auto","background-attachment":"scroll","background-type":"","background-media":"","overlay-type":"","overlay-color":"","overlay-opacity":"","overlay-gradient":""},"tablet":{"background-color":"","background-image":"","background-repeat":"repeat","background-position":"center center","background-size":"auto","background-attachment":"scroll","background-type":"","background-media":"","overlay-type":"","overlay-color":"","overlay-opacity":"","overlay-gradient":""},"mobile":{"background-color":"","background-image":"","background-repeat":"repeat","background-position":"center center","background-size":"auto","background-attachment":"scroll","background-type":"","background-media":"","overlay-type":"","overlay-color":"","overlay-opacity":"","overlay-gradient":""}},"ast-content-background-meta":{"desktop":{"background-color":"var(--ast-global-color-5)","background-image":"","background-repeat":"repeat","background-position":"center center","background-size":"auto","background-attachment":"scroll","background-type":"","background-media":"","overlay-type":"","overlay-color":"","overlay-opacity":"","overlay-gradient":""},"tablet":{"background-color":"var(--ast-global-color-5)","background-image":"","background-repeat":"repeat","background-position":"center center","background-size":"auto","background-attachment":"scroll","background-type":"","background-media":"","overlay-type":"","overlay-color":"","overlay-opacity":"","overlay-gradient":""},"mobile":{"background-color":"var(--ast-global-color-5)","background-image":"","background-repeat":"repeat","background-position":"center center","background-size":"auto","background-attachment":"scroll","background-type":"","background-media":"","overlay-type":"","overlay-color":"","overlay-opacity":"","overlay-gradient":""}}},"product_cat":[69,68],"product_tag":[73,176,175,174,72,71],"class_list":{"0":"post-4331","1":"product","2":"type-product","3":"status-publish","4":"has-post-thumbnail","6":"product_cat-product","7":"product_cat-weighing-system","8":"product_tag-electronic-scale","9":"product_tag-forklift-scale","10":"product_tag-forklift-weighing-system","11":"product_tag-on-board-weighing-system","12":"product_tag-weighing","13":"product_tag-weighing-system","14":"desktop-align-left","15":"tablet-align-left","16":"mobile-align-left","18":"first","19":"instock","20":"sale","21":"shipping-taxable","22":"purchasable","23":"product-type-simple"},"aioseo_notices":[],"_links":{"self":[{"href":"https:\/\/szlmi.com\/fr\/wp-json\/wp\/v2\/product\/4331","targetHints":{"allow":["GET"]}}],"collection":[{"href":"https:\/\/szlmi.com\/fr\/wp-json\/wp\/v2\/product"}],"about":[{"href":"https:\/\/szlmi.com\/fr\/wp-json\/wp\/v2\/types\/product"}],"wp:featuredmedia":[{"embeddable":true,"href":"https:\/\/szlmi.com\/fr\/wp-json\/wp\/v2\/media\/4634"}],"wp:attachment":[{"href":"https:\/\/szlmi.com\/fr\/wp-json\/wp\/v2\/media?parent=4331"}],"wp:term":[{"taxonomy":"product_cat","embeddable":true,"href":"https:\/\/szlmi.com\/fr\/wp-json\/wp\/v2\/product_cat?post=4331"},{"taxonomy":"product_tag","embeddable":true,"href":"https:\/\/szlmi.com\/fr\/wp-json\/wp\/v2\/product_tag?post=4331"}],"curies":[{"name":"wp","href":"https:\/\/api.w.org\/{rel}","templated":true}]}}