{"id":4321,"date":"2025-01-09T19:54:57","date_gmt":"2025-01-10T03:54:57","guid":{"rendered":"https:\/\/szlmi.com\/?post_type=product&#038;p=4321"},"modified":"2026-03-05T19:34:27","modified_gmt":"2026-03-06T03:34:27","slug":"spider-crane-load-moment-indicatorlmi","status":"publish","type":"product","link":"https:\/\/szlmi.com\/fr\/produit\/spider-crane-load-moment-indicatorlmi\/","title":{"rendered":"Indicateur de moment de charge (LMI) pour grue araign\u00e9e"},"content":{"rendered":"<h1 style=\"text-align: center;\"><span style=\"color: #336699;\"><strong>Charge de la grue araign\u00e9e<\/strong> Indicateur de moment<\/span><\/h1>\n<h3><span style=\"color: #336699;\"><strong>Description de l'image<\/strong><\/span><\/h3>\n<p><img fetchpriority=\"high\" decoding=\"async\" class=\"size-full wp-image-7131 aligncenter\" src=\"https:\/\/szlmi.com\/wp-content\/uploads\/2025\/01\/2-fs1-e1772077777320.jpg\" alt=\"\" width=\"600\" height=\"520\" \/><\/p>\n<hr \/>\n<h3><span style=\"color: #336699;\"><strong>Introduction<\/strong><\/span><\/h3>\n<p><a href=\"http:\/\/wh-ng29fgyvclm5x8xhpsh.my3w.com\/\"><strong><span style=\"color: #008080;\"> Indicateur de charge de la grue araign\u00e9e<\/span><\/strong><\/a><strong>,\u00a0 <\/strong>Aussi appel\u00e9 <a href=\"http:\/\/wh-ng29fgyvclm5x8xhpsh.my3w.com\/\"><strong><span style=\"color: #008080;\">Grue araign\u00e9e<\/span><\/strong><\/a><span style=\"color: #008080;\"><strong>\u00a0indicateur de moment de charge<\/strong><\/span>(LMI), <a href=\"http:\/\/wh-ng29fgyvclm5x8xhpsh.my3w.com\/\"><strong><span style=\"color: #008080;\">Grue araign\u00e9e<\/span><\/strong><\/a><span style=\"color: #008080;\"><strong>\u00a0<\/strong><\/span><strong><span style=\"color: #008080;\">indicateur de charge de s\u00e9curit\u00e9<\/span><\/strong>(SLI). Le syst\u00e8me affiche en temps r\u00e9el la hauteur, l'amplitude, le poids, la surcharge et d'autres informations sur l'\u00e9cran gr\u00e2ce \u00e0 l'interface homme-machine et \u00e0 divers capteurs, permettant \u00e0 l'op\u00e9rateur d'utiliser la pelle efficacement et en toute s\u00e9curit\u00e9. Lorsque la grue araign\u00e9e d\u00e9passe la plage de s\u00e9curit\u00e9 autoris\u00e9e, le syst\u00e8me d\u00e9clenche une alarme pour avertir l'op\u00e9rateur. Convient aux pelles, grappins, chargeuses et autres \u00e9quipements.<\/p>\n<hr \/>\n<h3><span style=\"color: #336699;\">Mod\u00e8les de grues araign\u00e9es pris en charge<\/span><\/h3>\n<p>0,8T-20T<\/p>\n<hr \/>\n<h3><span style=\"color: #336699;\"><strong>Caract\u00e9ristiques\u00a0<\/strong><\/span><\/h3>\n<ul>\n<li>Facile \u00e0 installer, installez-le vous-m\u00eame<\/li>\n<li>Affichage du poids, du rayon et de la hauteur des faits<\/li>\n<li>avertissement de taille, de poids et de surcharge<\/li>\n<li>enregistrement de donn\u00e9es de surcharge<\/li>\n<li>Alarme par Audible<\/li>\n<\/ul>\n<hr \/>\n<h3><span style=\"color: #336699;\"><strong>Param\u00e8tres du syst\u00e8me<\/strong><\/span><\/h3>\n<ul>\n<li>Tension de fonctionnement : DC9-36v ;<\/li>\n<li>Temp\u00e9rature de fonctionnement : -20\u2103\uff5e+70\u2103 ;<\/li>\n<li>Temp\u00e9rature de stockage : -20\u2103\uff5e+70\u2103 ;<\/li>\n<li>Erreur syst\u00e8me : \u00b1 3 %,<\/li>\n<li>erreur d'affichage : \u00b15 %<\/li>\n<li>Capacit\u00e9 de contact du relais : AC220V 3A ;<\/li>\n<li>Niveau de protection : IP65 ;<\/li>\n<\/ul>\n<hr \/>\n<h3><span style=\"color: #336699;\"><strong>Parties<\/strong><\/span><\/h3>\n<p><img decoding=\"async\" class=\"size-full wp-image-7132 aligncenter\" src=\"https:\/\/szlmi.com\/wp-content\/uploads\/2025\/01\/parts.jpg\" alt=\"\" width=\"1000\" height=\"218\" srcset=\"https:\/\/szlmi.com\/wp-content\/uploads\/2025\/01\/parts.jpg 1000w, https:\/\/szlmi.com\/wp-content\/uploads\/2025\/01\/parts-300x65.jpg 300w, https:\/\/szlmi.com\/wp-content\/uploads\/2025\/01\/parts-768x167.jpg 768w, https:\/\/szlmi.com\/wp-content\/uploads\/2025\/01\/parts-18x4.jpg 18w, https:\/\/szlmi.com\/wp-content\/uploads\/2025\/01\/parts-600x131.jpg 600w, https:\/\/szlmi.com\/wp-content\/uploads\/2025\/01\/parts-64x14.jpg 64w\" sizes=\"(max-width: 1000px) 100vw, 1000px\" \/><\/p>\n<hr \/>\n<h3><span style=\"color: #336699;\"><strong>Cas<\/strong><\/span><\/h3>\n<div id='gallery-1' class='gallery galleryid-4321 gallery-columns-3 gallery-size-thumbnail'><figure class='gallery-item'>\n\t\t\t<div class='gallery-icon landscape'>\n\t\t\t\t<img decoding=\"async\" width=\"150\" height=\"150\" src=\"https:\/\/szlmi.com\/wp-content\/uploads\/2025\/01\/22-1-150x150.jpg\" class=\"attachment-thumbnail size-thumbnail\" alt=\"\" srcset=\"https:\/\/szlmi.com\/wp-content\/uploads\/2025\/01\/22-1-150x150.jpg 150w, https:\/\/szlmi.com\/wp-content\/uploads\/2025\/01\/22-1-300x300.jpg 300w, https:\/\/szlmi.com\/wp-content\/uploads\/2025\/01\/22-1-12x12.jpg 12w, https:\/\/szlmi.com\/wp-content\/uploads\/2025\/01\/22-1-100x100.jpg 100w, https:\/\/szlmi.com\/wp-content\/uploads\/2025\/01\/22-1-64x64.jpg 64w, https:\/\/szlmi.com\/wp-content\/uploads\/2025\/01\/22-1.jpg 500w\" sizes=\"(max-width: 150px) 100vw, 150px\" \/>\n\t\t\t<\/div><\/figure><figure class='gallery-item'>\n\t\t\t<div class='gallery-icon portrait'>\n\t\t\t\t<img loading=\"lazy\" decoding=\"async\" width=\"150\" height=\"150\" src=\"https:\/\/szlmi.com\/wp-content\/uploads\/2021\/07\/IMG_20190813_134239R-150x150.jpg\" class=\"attachment-thumbnail size-thumbnail\" alt=\"indicateur de moment de charge de l&#039;excavatrice\" aria-describedby=\"gallery-1-3322\" srcset=\"https:\/\/szlmi.com\/wp-content\/uploads\/2021\/07\/IMG_20190813_134239R-150x150.jpg 150w, https:\/\/szlmi.com\/wp-content\/uploads\/2021\/07\/IMG_20190813_134239R-100x100.jpg 100w\" sizes=\"(max-width: 150px) 100vw, 150px\" \/>\n\t\t\t<\/div>\n\t\t\t\t<figcaption class='wp-caption-text gallery-caption' id='gallery-1-3322'>\n\t\t\t\tInstaller un capteur d'angle\n\t\t\t\t<\/figcaption><\/figure><figure class='gallery-item'>\n\t\t\t<div class='gallery-icon portrait'>\n\t\t\t\t<img loading=\"lazy\" decoding=\"async\" width=\"150\" height=\"150\" src=\"https:\/\/szlmi.com\/wp-content\/uploads\/2021\/06\/\u5fae\u4fe1\u56fe\u7247_20230407223336-150x150.jpg\" class=\"attachment-thumbnail size-thumbnail\" alt=\"bride d&#039;indicateur\" aria-describedby=\"gallery-1-3881\" srcset=\"https:\/\/szlmi.com\/wp-content\/uploads\/2021\/06\/\u5fae\u4fe1\u56fe\u7247_20230407223336-150x150.jpg 150w, https:\/\/szlmi.com\/wp-content\/uploads\/2021\/06\/\u5fae\u4fe1\u56fe\u7247_20230407223336-300x300.jpg 300w, https:\/\/szlmi.com\/wp-content\/uploads\/2021\/06\/\u5fae\u4fe1\u56fe\u7247_20230407223336-100x100.jpg 100w\" sizes=\"(max-width: 150px) 100vw, 150px\" \/>\n\t\t\t<\/div>\n\t\t\t\t<figcaption class='wp-caption-text gallery-caption' id='gallery-1-3881'>\n\t\t\t\tInstallation de la bride du capteur de pression\n\t\t\t\t<\/figcaption><\/figure><figure class='gallery-item'>\n\t\t\t<div class='gallery-icon portrait'>\n\t\t\t\t<img loading=\"lazy\" decoding=\"async\" width=\"150\" height=\"150\" src=\"https:\/\/szlmi.com\/wp-content\/uploads\/2021\/07\/IMG_20190813_171138R-150x150.jpg\" class=\"attachment-thumbnail size-thumbnail\" alt=\"indicateur de moment de charge de l&#039;excavatrice\" aria-describedby=\"gallery-1-3324\" srcset=\"https:\/\/szlmi.com\/wp-content\/uploads\/2021\/07\/IMG_20190813_171138R-150x150.jpg 150w, https:\/\/szlmi.com\/wp-content\/uploads\/2021\/07\/IMG_20190813_171138R-100x100.jpg 100w\" sizes=\"(max-width: 150px) 100vw, 150px\" \/>\n\t\t\t<\/div>\n\t\t\t\t<figcaption class='wp-caption-text gallery-caption' id='gallery-1-3324'>\n\t\t\t\tAffichage LMI\n\t\t\t\t<\/figcaption><\/figure><figure class='gallery-item'>\n\t\t\t<div class='gallery-icon landscape'>\n\t\t\t\t<img loading=\"lazy\" decoding=\"async\" width=\"150\" height=\"150\" src=\"https:\/\/szlmi.com\/wp-content\/uploads\/2021\/06\/IMG_20140905_180752-150x150.jpg\" class=\"attachment-thumbnail size-thumbnail\" alt=\"indicateur de charge de l&#039;excavatrice\" aria-describedby=\"gallery-1-3210\" srcset=\"https:\/\/szlmi.com\/wp-content\/uploads\/2021\/06\/IMG_20140905_180752-150x150.jpg 150w, https:\/\/szlmi.com\/wp-content\/uploads\/2021\/06\/IMG_20140905_180752-300x300.jpg 300w, https:\/\/szlmi.com\/wp-content\/uploads\/2021\/06\/IMG_20140905_180752-100x100.jpg 100w\" sizes=\"(max-width: 150px) 100vw, 150px\" \/>\n\t\t\t<\/div>\n\t\t\t\t<figcaption class='wp-caption-text gallery-caption' id='gallery-1-3210'>\n\t\t\t\tindicateur de charge\n\t\t\t\t<\/figcaption><\/figure><figure class='gallery-item'>\n\t\t\t<div class='gallery-icon landscape'>\n\t\t\t\t<img loading=\"lazy\" decoding=\"async\" width=\"150\" height=\"150\" src=\"https:\/\/szlmi.com\/wp-content\/uploads\/2021\/06\/excavator-LMI_2-1-150x150.gif\" class=\"attachment-thumbnail size-thumbnail\" alt=\"indicateur de charge de l&#039;excavatrice\" aria-describedby=\"gallery-1-3218\" srcset=\"https:\/\/szlmi.com\/wp-content\/uploads\/2021\/06\/excavator-LMI_2-1-150x150.gif 150w, https:\/\/szlmi.com\/wp-content\/uploads\/2021\/06\/excavator-LMI_2-1-300x300.gif 300w, https:\/\/szlmi.com\/wp-content\/uploads\/2021\/06\/excavator-LMI_2-1-100x100.gif 100w\" sizes=\"(max-width: 150px) 100vw, 150px\" \/>\n\t\t\t<\/div>\n\t\t\t\t<figcaption class='wp-caption-text gallery-caption' id='gallery-1-3218'>\n\t\t\t\tAffichage LMI\n\t\t\t\t<\/figcaption><\/figure>\n\t\t<\/div>\n\n<div class=\"ast-oembed-container\" style=\"height: 100%;\"><iframe title=\"indicateur de charge de l&#039;excavateur, indicateur de charge de s\u00e9curit\u00e9 de l&#039;excavateur\" width=\"500\" height=\"281\" src=\"https:\/\/www.youtube.com\/embed\/Rg52p0lENpU?feature=oembed\" frameborder=\"0\" allow=\"accelerometer; autoplay; clipboard-write; encrypted-media; gyroscope; picture-in-picture; web-share\" referrerpolicy=\"strict-origin-when-cross-origin\" allowfullscreen><\/iframe><\/div>","protected":false},"excerpt":{"rendered":"<p style=\"text-align: left;\"><a href=\"http:\/\/wh-ng29fgyvclm5x8xhpsh.my3w.com\/\"><strong>Indicateur de charge de la grue araign\u00e9e<\/strong><\/a><strong>,\u00a0 <\/strong>Aussi appel\u00e9 <a href=\"http:\/\/wh-ng29fgyvclm5x8xhpsh.my3w.com\/\"><strong>Grue araign\u00e9e<\/strong><\/a><strong>\u00a0indicateur de moment de charge<\/strong>(LMI), <a href=\"http:\/\/wh-ng29fgyvclm5x8xhpsh.my3w.com\/\"><strong>Grue araign\u00e9e<\/strong><\/a><strong>\u00a0<\/strong><strong>indicateur de charge de s\u00e9curit\u00e9<\/strong>(SLI). Le syst\u00e8me affiche en temps r\u00e9el la hauteur, l'amplitude, le poids, la surcharge et d'autres informations sur l'\u00e9cran gr\u00e2ce \u00e0 l'interface homme-machine et \u00e0 divers capteurs, permettant \u00e0 l'op\u00e9rateur d'utiliser la pelle efficacement et en toute s\u00e9curit\u00e9. Lorsque la grue araign\u00e9e d\u00e9passe la plage de s\u00e9curit\u00e9 autoris\u00e9e, le syst\u00e8me d\u00e9clenche une alarme pour avertir l'op\u00e9rateur. Convient aux pelles, grappins, chargeuses et autres \u00e9quipements.<\/p>","protected":false},"featured_media":4638,"template":"","meta":{"_monsterinsights_skip_tracking":false,"_monsterinsights_sitenote_active":false,"_monsterinsights_sitenote_note":"","_monsterinsights_sitenote_category":0,"site-sidebar-layout":"no-sidebar","site-content-layout":"default","ast-site-content-layout":"default","site-content-style":"default","site-sidebar-style":"default","ast-global-header-display":"","ast-banner-title-visibility":"","ast-main-header-display":"","ast-hfb-above-header-display":"","ast-hfb-below-header-display":"","ast-hfb-mobile-header-display":"","site-post-title":"","ast-breadcrumbs-content":"","ast-featured-img":"","footer-sml-layout":"","theme-transparent-header-meta":"enabled","adv-header-id-meta":"","stick-header-meta":"","header-above-stick-meta":"","header-main-stick-meta":"","header-below-stick-meta":"","astra-migrate-meta-layouts":"set","ast-page-background-enabled":"default","ast-page-background-meta":{"desktop":{"background-color":"","background-image":"","background-repeat":"repeat","background-position":"center center","background-size":"auto","background-attachment":"scroll","background-type":"","background-media":"","overlay-type":"","overlay-color":"","overlay-opacity":"","overlay-gradient":""},"tablet":{"background-color":"","background-image":"","background-repeat":"repeat","background-position":"center center","background-size":"auto","background-attachment":"scroll","background-type":"","background-media":"","overlay-type":"","overlay-color":"","overlay-opacity":"","overlay-gradient":""},"mobile":{"background-color":"","background-image":"","background-repeat":"repeat","background-position":"center center","background-size":"auto","background-attachment":"scroll","background-type":"","background-media":"","overlay-type":"","overlay-color":"","overlay-opacity":"","overlay-gradient":""}},"ast-content-background-meta":{"desktop":{"background-color":"var(--ast-global-color-5)","background-image":"","background-repeat":"repeat","background-position":"center center","background-size":"auto","background-attachment":"scroll","background-type":"","background-media":"","overlay-type":"","overlay-color":"","overlay-opacity":"","overlay-gradient":""},"tablet":{"background-color":"var(--ast-global-color-5)","background-image":"","background-repeat":"repeat","background-position":"center center","background-size":"auto","background-attachment":"scroll","background-type":"","background-media":"","overlay-type":"","overlay-color":"","overlay-opacity":"","overlay-gradient":""},"mobile":{"background-color":"var(--ast-global-color-5)","background-image":"","background-repeat":"repeat","background-position":"center center","background-size":"auto","background-attachment":"scroll","background-type":"","background-media":"","overlay-type":"","overlay-color":"","overlay-opacity":"","overlay-gradient":""}}},"product_cat":[69,64],"product_tag":[66,65,87,193,178,177],"class_list":{"0":"post-4321","1":"product","2":"type-product","3":"status-publish","4":"has-post-thumbnail","6":"product_cat-product","7":"product_cat-load-moment-indicator","8":"product_tag-excavator-indicator","9":"product_tag-excavator-lmi","10":"product_tag-load-indicator","11":"product_tag-safe-load-indicator-sll","12":"product_tag-spider-crane-lmi","13":"product_tag-spider-crane-load-moment-indicator","14":"desktop-align-left","15":"tablet-align-left","16":"mobile-align-left","18":"first","19":"instock","20":"shipping-taxable","21":"purchasable","22":"product-type-simple"},"aioseo_notices":[],"_links":{"self":[{"href":"https:\/\/szlmi.com\/fr\/wp-json\/wp\/v2\/product\/4321","targetHints":{"allow":["GET"]}}],"collection":[{"href":"https:\/\/szlmi.com\/fr\/wp-json\/wp\/v2\/product"}],"about":[{"href":"https:\/\/szlmi.com\/fr\/wp-json\/wp\/v2\/types\/product"}],"wp:featuredmedia":[{"embeddable":true,"href":"https:\/\/szlmi.com\/fr\/wp-json\/wp\/v2\/media\/4638"}],"wp:attachment":[{"href":"https:\/\/szlmi.com\/fr\/wp-json\/wp\/v2\/media?parent=4321"}],"wp:term":[{"taxonomy":"product_cat","embeddable":true,"href":"https:\/\/szlmi.com\/fr\/wp-json\/wp\/v2\/product_cat?post=4321"},{"taxonomy":"product_tag","embeddable":true,"href":"https:\/\/szlmi.com\/fr\/wp-json\/wp\/v2\/product_tag?post=4321"}],"curies":[{"name":"wp","href":"https:\/\/api.w.org\/{rel}","templated":true}]}}