{"id":4166,"date":"2025-02-20T23:56:46","date_gmt":"2025-02-21T07:56:46","guid":{"rendered":"https:\/\/szlmi.com\/?post_type=product&#038;p=4166"},"modified":"2026-02-25T19:39:29","modified_gmt":"2026-02-26T03:39:29","slug":"telehandler-forklift-load-moment-indicator","status":"publish","type":"product","link":"https:\/\/szlmi.com\/fr\/produit\/telehandler-forklift-load-moment-indicator\/","title":{"rendered":"Indicateur de moment de charge pour chariot \u00e9l\u00e9vateur t\u00e9lescopique"},"content":{"rendered":"<h1 style=\"text-align: center;\"><span style=\"color: #336699;\"><strong>Indicateur de moment de charge pour chariot \u00e9l\u00e9vateur t\u00e9lescopique<\/strong><\/span><\/h1>\n<h3><span style=\"color: #336699;\"><strong>Description de l'image<\/strong><\/span><\/h3>\n<p><img fetchpriority=\"high\" decoding=\"async\" class=\"wp-image-4167 size-large aligncenter\" src=\"https:\/\/szlmi.com\/wp-content\/uploads\/2024\/06\/\u5fae\u4fe1\u56fe\u7247_20240613154011-1024x526.png\" alt=\"\" width=\"600\" height=\"526\" \/><\/p>\n<hr \/>\n<h3><span style=\"color: #336699;\"><strong>Introduction<\/strong><\/span><\/h3>\n<p>Chariot \u00e9l\u00e9vateur t\u00e9lescopique<a href=\"https:\/\/szlmi.com\/product\/telehandler-forklift-load-moment-indicator\/\"> Indicateur de moment de charge<\/a> \u00e9galement connu sous le nom de grue<a title=\"le syst\u00e8me de gestion des machines d&#039;ing\u00e9nierie SeeZol\" href=\"https:\/\/szlmi.com\/product-category\/product\/load-moment-indicator\/\">\u00a0<\/a> LMI ou <a href=\"https:\/\/szlmi.com\/product-category\/product\/load-moment-indicator\/\">Indicateur de charge de s\u00e9curit\u00e9 (SLI)<\/a> \u00a0est un dispositif de s\u00e9curit\u00e9 important sp\u00e9cialement con\u00e7u pour les chariots \u00e9l\u00e9vateurs t\u00e9lescopiques.<br \/>\nIl se compose principalement des parties suivantes :<br \/>\nEnsemble de capteurs : comprend un capteur d'angle pour d\u00e9tecter l'angle du bras t\u00e9lescopique ; des capteurs de pression pour d\u00e9tecter la pression du syst\u00e8me hydraulique, etc. Ces capteurs peuvent collecter des donn\u00e9es pertinentes en temps r\u00e9el.<br \/>\nUnit\u00e9 de traitement des donn\u00e9es : Analysez, calculez et traitez les donn\u00e9es du capteur pour d\u00e9terminer si l'\u00e9tat de couple actuel se situe dans la plage de s\u00e9curit\u00e9.<br \/>\nUnit\u00e9 d'affichage et d'alarme : affiche visuellement les informations pertinentes \u00e0 l'op\u00e9rateur via l'\u00e9cran d'affichage, telles que la valeur de couple actuelle, la situation de charge, etc. En cas de situation anormale, un signal d'alarme sonore et visuel sera \u00e9mis pour rappeler \u00e0 l'op\u00e9rateur de faire attention.<br \/>\nSon principe de fonctionnement repose sur la surveillance et le calcul de l'angle du bras t\u00e9lescopique, de la pression de charge et d'autres donn\u00e9es. Ces donn\u00e9es permettent de d\u00e9terminer le couple actuel. D\u00e8s que le couple d\u00e9passe les limites de s\u00e9curit\u00e9 d\u00e9finies, le limiteur de couple prend les mesures appropri\u00e9es, telles que la limitation, l'alarme, etc., afin d'\u00e9viter toute surcharge et toute situation susceptible de provoquer un retournement du v\u00e9hicule ou d'autres accidents dangereux.<br \/>\nL'indicateur de moment de charge du chariot \u00e9l\u00e9vateur t\u00e9lescopique am\u00e9liore consid\u00e9rablement la s\u00e9curit\u00e9 et la fiabilit\u00e9 du fonctionnement du chariot \u00e9l\u00e9vateur t\u00e9lescopique, garantit la s\u00e9curit\u00e9 de la vie de l'op\u00e9rateur et le fonctionnement normal de l'\u00e9quipement, et constitue un \u00e9l\u00e9ment indispensable du chariot \u00e9l\u00e9vateur t\u00e9lescopique.<\/p>\n<hr \/>\n<h3><span style=\"color: #336699;\"><strong>Parties<\/strong><\/span><\/h3>\n<div id='gallery-1' class='gallery galleryid-4166 gallery-columns-3 gallery-size-full'><figure class='gallery-item'>\n\t\t\t<div class='gallery-icon landscape'>\n\t\t\t\t<a href='https:\/\/szlmi.com\/fr'><img decoding=\"async\" width=\"960\" height=\"655\" src=\"https:\/\/szlmi.com\/wp-content\/uploads\/2024\/06\/\u5fae\u4fe1\u56fe\u7247_20240530104715.jpg\" class=\"attachment-full size-full\" alt=\"\" aria-describedby=\"gallery-1-4280\" srcset=\"https:\/\/szlmi.com\/wp-content\/uploads\/2024\/06\/\u5fae\u4fe1\u56fe\u7247_20240530104715.jpg 960w, https:\/\/szlmi.com\/wp-content\/uploads\/2024\/06\/\u5fae\u4fe1\u56fe\u7247_20240530104715-300x205.jpg 300w, https:\/\/szlmi.com\/wp-content\/uploads\/2024\/06\/\u5fae\u4fe1\u56fe\u7247_20240530104715-768x524.jpg 768w, https:\/\/szlmi.com\/wp-content\/uploads\/2024\/06\/\u5fae\u4fe1\u56fe\u7247_20240530104715-18x12.jpg 18w, https:\/\/szlmi.com\/wp-content\/uploads\/2024\/06\/\u5fae\u4fe1\u56fe\u7247_20240530104715-600x409.jpg 600w, https:\/\/szlmi.com\/wp-content\/uploads\/2024\/06\/\u5fae\u4fe1\u56fe\u7247_20240530104715-64x44.jpg 64w\" sizes=\"(max-width: 960px) 100vw, 960px\" \/><\/a>\n\t\t\t<\/div>\n\t\t\t\t<figcaption class='wp-caption-text gallery-caption' id='gallery-1-4280'>\n\t\t\t\tCapteur grand angle\n\t\t\t\t<\/figcaption><\/figure><figure class='gallery-item'>\n\t\t\t<div class='gallery-icon landscape'>\n\t\t\t\t<a href='https:\/\/szlmi.com\/fr'><img decoding=\"async\" width=\"516\" height=\"355\" src=\"https:\/\/szlmi.com\/wp-content\/uploads\/2024\/06\/_20240807111027-scaled-e1723002761627.jpg\" class=\"attachment-full size-full\" alt=\"\" aria-describedby=\"gallery-1-4281\" srcset=\"https:\/\/szlmi.com\/wp-content\/uploads\/2024\/06\/_20240807111027-scaled-e1723002761627.jpg 516w, https:\/\/szlmi.com\/wp-content\/uploads\/2024\/06\/_20240807111027-scaled-e1723002761627-300x206.jpg 300w, https:\/\/szlmi.com\/wp-content\/uploads\/2024\/06\/_20240807111027-scaled-e1723002761627-18x12.jpg 18w, https:\/\/szlmi.com\/wp-content\/uploads\/2024\/06\/_20240807111027-scaled-e1723002761627-64x44.jpg 64w\" sizes=\"(max-width: 516px) 100vw, 516px\" \/><\/a>\n\t\t\t<\/div>\n\t\t\t\t<figcaption class='wp-caption-text gallery-caption' id='gallery-1-4281'>\n\t\t\t\tIndicateur\n\t\t\t\t<\/figcaption><\/figure><figure class='gallery-item'>\n\t\t\t<div class='gallery-icon landscape'>\n\t\t\t\t<a href='https:\/\/szlmi.com\/fr'><img loading=\"lazy\" decoding=\"async\" width=\"2560\" height=\"1707\" src=\"https:\/\/szlmi.com\/wp-content\/uploads\/2024\/06\/Pressure-Sensor-scaled.jpg\" class=\"attachment-full size-full\" alt=\"\" aria-describedby=\"gallery-1-4282\" srcset=\"https:\/\/szlmi.com\/wp-content\/uploads\/2024\/06\/Pressure-Sensor-scaled.jpg 2560w, https:\/\/szlmi.com\/wp-content\/uploads\/2024\/06\/Pressure-Sensor-300x200.jpg 300w, https:\/\/szlmi.com\/wp-content\/uploads\/2024\/06\/Pressure-Sensor-1024x683.jpg 1024w, https:\/\/szlmi.com\/wp-content\/uploads\/2024\/06\/Pressure-Sensor-768x512.jpg 768w, https:\/\/szlmi.com\/wp-content\/uploads\/2024\/06\/Pressure-Sensor-1536x1024.jpg 1536w, https:\/\/szlmi.com\/wp-content\/uploads\/2024\/06\/Pressure-Sensor-2048x1365.jpg 2048w, https:\/\/szlmi.com\/wp-content\/uploads\/2024\/06\/Pressure-Sensor-18x12.jpg 18w, https:\/\/szlmi.com\/wp-content\/uploads\/2024\/06\/Pressure-Sensor-600x400.jpg 600w, https:\/\/szlmi.com\/wp-content\/uploads\/2024\/06\/Pressure-Sensor-64x43.jpg 64w\" sizes=\"(max-width: 2560px) 100vw, 2560px\" \/><\/a>\n\t\t\t<\/div>\n\t\t\t\t<figcaption class='wp-caption-text gallery-caption' id='gallery-1-4282'>\n\t\t\t\tCapteur de pression\n\t\t\t\t<\/figcaption><\/figure>\n\t\t<\/div>\n\n<hr \/>\n<h3><span style=\"color: #336699;\"><strong>Fonction:<\/strong><\/span><\/h3>\n<p>1. Affichage des donn\u00e9es : affiche le poids actuel, la taille, le rayon et l'angle<br \/>\n2. Avertissement de danger : messages d'alarme de surcharge et de d\u00e9passement de plage<br \/>\n3. enregistrement de surcharge : stockez les enregistrements de surcharge pendant deux semaines<br \/>\n4. sans fil : transmission sans fil personnalisable, surveillance de s\u00e9curit\u00e9 \u00e0 distance<\/p>\n<hr \/>\n<h3><span style=\"color: #336699;\"><strong>Cas<\/strong><\/span><\/h3>\n<div style=\"text-align: center;\"><img loading=\"lazy\" decoding=\"async\" style=\"display: inline;\" src=\"https:\/\/szlmi.com\/wp-content\/uploads\/2024\/06\/1-300x188.png\" alt=\"\" width=\"380\" height=\"238\" \/>\u00a0 \u00a0 <img loading=\"lazy\" decoding=\"async\" style=\"display: inline;\" src=\"https:\/\/szlmi.com\/wp-content\/uploads\/2024\/06\/2-300x291.png\" alt=\"\" width=\"242\" height=\"234\" \/><\/div>\n<p>&nbsp;<\/p>\n<div class=\"ast-oembed-container\" style=\"height: 100%;\"><iframe title=\"Chariot t\u00e9lescopique LMI\" width=\"500\" height=\"281\" src=\"https:\/\/www.youtube.com\/embed\/tu-cM5C_-VU?feature=oembed\" frameborder=\"0\" allow=\"accelerometer; autoplay; clipboard-write; encrypted-media; gyroscope; picture-in-picture; web-share\" referrerpolicy=\"strict-origin-when-cross-origin\" allowfullscreen><\/iframe><\/div>","protected":false},"excerpt":{"rendered":"<p>Chariot \u00e9l\u00e9vateur t\u00e9lescopique<a href=\"https:\/\/szlmi.com\/product\/telehandler-forklift-load-moment-indicator\/\"> Indicateur de moment de charge<\/a> \u00e9galement connu sous le nom de grue<a title=\"le syst\u00e8me de gestion des machines d&#039;ing\u00e9nierie SeeZol\" href=\"https:\/\/szlmi.com\/product-category\/product\/load-moment-indicator\/\">\u00a0<\/a> LMI ou <a href=\"https:\/\/szlmi.com\/product-category\/product\/load-moment-indicator\/\">Indicateur de charge de s\u00e9curit\u00e9 (SLI)<\/a> \u00a0est un dispositif de s\u00e9curit\u00e9 important sp\u00e9cialement con\u00e7u pour les chariots \u00e9l\u00e9vateurs t\u00e9lescopiques.<br \/>\nIl se compose principalement des parties suivantes :<br \/>\nEnsemble de capteurs : comprend un capteur d'angle pour d\u00e9tecter l'angle du bras t\u00e9lescopique ; des capteurs de pression pour d\u00e9tecter la pression du syst\u00e8me hydraulique, etc. Ces capteurs peuvent collecter des donn\u00e9es pertinentes en temps r\u00e9el.<br \/>\nUnit\u00e9 de traitement des donn\u00e9es : Analysez, calculez et traitez les donn\u00e9es du capteur pour d\u00e9terminer si l'\u00e9tat de couple actuel se situe dans la plage de s\u00e9curit\u00e9.<br \/>\nUnit\u00e9 d'affichage et d'alarme : affiche visuellement les informations pertinentes \u00e0 l'op\u00e9rateur via l'\u00e9cran d'affichage, telles que la valeur de couple actuelle, la situation de charge, etc. En cas de situation anormale, un signal d'alarme sonore et visuel sera \u00e9mis pour rappeler \u00e0 l'op\u00e9rateur de faire attention.<\/p>","protected":false},"featured_media":4640,"template":"","meta":{"_monsterinsights_skip_tracking":false,"_monsterinsights_sitenote_active":false,"_monsterinsights_sitenote_note":"","_monsterinsights_sitenote_category":0,"site-sidebar-layout":"default","site-content-layout":"","ast-site-content-layout":"default","site-content-style":"default","site-sidebar-style":"default","ast-global-header-display":"","ast-banner-title-visibility":"","ast-main-header-display":"","ast-hfb-above-header-display":"","ast-hfb-below-header-display":"","ast-hfb-mobile-header-display":"","site-post-title":"","ast-breadcrumbs-content":"","ast-featured-img":"","footer-sml-layout":"","theme-transparent-header-meta":"default","adv-header-id-meta":"","stick-header-meta":"","header-above-stick-meta":"","header-main-stick-meta":"","header-below-stick-meta":"","astra-migrate-meta-layouts":"set","ast-page-background-enabled":"default","ast-page-background-meta":{"desktop":{"background-color":"","background-image":"","background-repeat":"repeat","background-position":"center center","background-size":"auto","background-attachment":"scroll","background-type":"","background-media":"","overlay-type":"","overlay-color":"","overlay-opacity":"","overlay-gradient":""},"tablet":{"background-color":"","background-image":"","background-repeat":"repeat","background-position":"center center","background-size":"auto","background-attachment":"scroll","background-type":"","background-media":"","overlay-type":"","overlay-color":"","overlay-opacity":"","overlay-gradient":""},"mobile":{"background-color":"","background-image":"","background-repeat":"repeat","background-position":"center center","background-size":"auto","background-attachment":"scroll","background-type":"","background-media":"","overlay-type":"","overlay-color":"","overlay-opacity":"","overlay-gradient":""}},"ast-content-background-meta":{"desktop":{"background-color":"var(--ast-global-color-5)","background-image":"","background-repeat":"repeat","background-position":"center center","background-size":"auto","background-attachment":"scroll","background-type":"","background-media":"","overlay-type":"","overlay-color":"","overlay-opacity":"","overlay-gradient":""},"tablet":{"background-color":"var(--ast-global-color-5)","background-image":"","background-repeat":"repeat","background-position":"center center","background-size":"auto","background-attachment":"scroll","background-type":"","background-media":"","overlay-type":"","overlay-color":"","overlay-opacity":"","overlay-gradient":""},"mobile":{"background-color":"var(--ast-global-color-5)","background-image":"","background-repeat":"repeat","background-position":"center center","background-size":"auto","background-attachment":"scroll","background-type":"","background-media":"","overlay-type":"","overlay-color":"","overlay-opacity":"","overlay-gradient":""}}},"product_cat":[69,64],"product_tag":[170,80,169,193,168],"class_list":{"0":"post-4166","1":"product","2":"type-product","3":"status-publish","4":"has-post-thumbnail","6":"product_cat-product","7":"product_cat-load-moment-indicator","8":"product_tag-forklift-load-moment-indicator","9":"product_tag-lmi","10":"product_tag-load-moment-indicator","11":"product_tag-safe-load-indicator-sll","12":"product_tag-telehandler-forklift-load-moment-indicator","13":"desktop-align-left","14":"tablet-align-left","15":"mobile-align-left","17":"first","18":"instock","19":"shipping-taxable","20":"product-type-simple"},"aioseo_notices":[],"_links":{"self":[{"href":"https:\/\/szlmi.com\/fr\/wp-json\/wp\/v2\/product\/4166","targetHints":{"allow":["GET"]}}],"collection":[{"href":"https:\/\/szlmi.com\/fr\/wp-json\/wp\/v2\/product"}],"about":[{"href":"https:\/\/szlmi.com\/fr\/wp-json\/wp\/v2\/types\/product"}],"wp:featuredmedia":[{"embeddable":true,"href":"https:\/\/szlmi.com\/fr\/wp-json\/wp\/v2\/media\/4640"}],"wp:attachment":[{"href":"https:\/\/szlmi.com\/fr\/wp-json\/wp\/v2\/media?parent=4166"}],"wp:term":[{"taxonomy":"product_cat","embeddable":true,"href":"https:\/\/szlmi.com\/fr\/wp-json\/wp\/v2\/product_cat?post=4166"},{"taxonomy":"product_tag","embeddable":true,"href":"https:\/\/szlmi.com\/fr\/wp-json\/wp\/v2\/product_tag?post=4166"}],"curies":[{"name":"wp","href":"https:\/\/api.w.org\/{rel}","templated":true}]}}