{"id":4047,"date":"2023-10-20T10:52:22","date_gmt":"2023-10-20T18:52:22","guid":{"rendered":"https:\/\/szlmi.com\/?post_type=product&#038;p=4047"},"modified":"2026-01-29T17:40:59","modified_gmt":"2026-01-30T01:40:59","slug":"side-boom-load-indicator","status":"publish","type":"product","link":"https:\/\/szlmi.com\/fr\/produit\/side-boom-load-indicator\/","title":{"rendered":"Indicateur de charge pour poseur de canalisations \u00e0 fl\u00e8che lat\u00e9rale"},"content":{"rendered":"<h1 style=\"text-align: center;\"><span style=\"color: #336699;\">Indicateur de charge de la fl\u00e8che lat\u00e9rale<\/span><\/h1>\n<p>&nbsp;<\/p>\n<h3><span style=\"color: #336699;\"><strong>Description de l'image<\/strong><\/span><\/h3>\n<p><img fetchpriority=\"high\" decoding=\"async\" class=\"size-medium wp-image-4225 aligncenter\" src=\"https:\/\/szlmi.com\/wp-content\/uploads\/2023\/10\/\u5fae\u4fe1\u56fe\u7247_20240627104410-300x275.png\" alt=\"\" width=\"300\" height=\"275\" srcset=\"https:\/\/szlmi.com\/wp-content\/uploads\/2023\/10\/\u5fae\u4fe1\u56fe\u7247_20240627104410-300x275.png 300w, https:\/\/szlmi.com\/wp-content\/uploads\/2023\/10\/\u5fae\u4fe1\u56fe\u7247_20240627104410-13x12.png 13w, https:\/\/szlmi.com\/wp-content\/uploads\/2023\/10\/\u5fae\u4fe1\u56fe\u7247_20240627104410-600x550.png 600w, https:\/\/szlmi.com\/wp-content\/uploads\/2023\/10\/\u5fae\u4fe1\u56fe\u7247_20240627104410-64x59.png 64w, https:\/\/szlmi.com\/wp-content\/uploads\/2023\/10\/\u5fae\u4fe1\u56fe\u7247_20240627104410.png 737w\" sizes=\"(max-width: 300px) 100vw, 300px\" \/><\/p>\n<hr \/>\n<h3><span style=\"color: #336699;\"><strong>Introduction<\/strong><\/span><\/h3>\n<p class=\" translation-block\">Indicateur de charge de fl\u00e8che lat\u00e9rale, \u00e9galement appel\u00e9 indicateur de moment de charge de fl\u00e8che lat\u00e9rale (LMI) ou indicateur de charge de s\u00e9curit\u00e9 de fl\u00e8che lat\u00e9rale (SLI). Il affiche le poids, la surcharge et d'autres informations en temps r\u00e9el sur l'\u00e9cran gr\u00e2ce \u00e0 l'interface homme-machine et \u00e0 divers capteurs, permettant \u00e0 l'op\u00e9rateur d'utiliser la fl\u00e8che lat\u00e9rale efficacement et en toute s\u00e9curit\u00e9. Lorsque la fl\u00e8che lat\u00e9rale d\u00e9passe la plage de s\u00e9curit\u00e9 autoris\u00e9e, le syst\u00e8me \u00e9met une alarme pour avertir l'op\u00e9rateur. Convient aux fl\u00e8ches lat\u00e9rales, aux chargeuses et autres \u00e9quipements.<\/p>\n<p><img decoding=\"async\" class=\"size-full wp-image-7072 aligncenter\" src=\"https:\/\/szlmi.com\/wp-content\/uploads\/2023\/10\/111.jpg\" alt=\"\" width=\"918\" height=\"378\" srcset=\"https:\/\/szlmi.com\/wp-content\/uploads\/2023\/10\/111.jpg 918w, https:\/\/szlmi.com\/wp-content\/uploads\/2023\/10\/111-300x124.jpg 300w, https:\/\/szlmi.com\/wp-content\/uploads\/2023\/10\/111-768x316.jpg 768w, https:\/\/szlmi.com\/wp-content\/uploads\/2023\/10\/111-18x7.jpg 18w, https:\/\/szlmi.com\/wp-content\/uploads\/2023\/10\/111-600x247.jpg 600w, https:\/\/szlmi.com\/wp-content\/uploads\/2023\/10\/111-64x26.jpg 64w\" sizes=\"(max-width: 918px) 100vw, 918px\" \/><\/p>\n<hr \/>\n<h3><span style=\"color: #336699;\">Mod\u00e8les pris en charge<\/span><\/h3>\n<p><img decoding=\"async\" class=\"alignnone size-full wp-image-7071\" src=\"https:\/\/szlmi.com\/wp-content\/uploads\/2023\/10\/\u672a\u6807\u9898-1.jpg\" alt=\"\" width=\"1200\" height=\"300\" srcset=\"https:\/\/szlmi.com\/wp-content\/uploads\/2023\/10\/\u672a\u6807\u9898-1.jpg 1200w, https:\/\/szlmi.com\/wp-content\/uploads\/2023\/10\/\u672a\u6807\u9898-1-300x75.jpg 300w, https:\/\/szlmi.com\/wp-content\/uploads\/2023\/10\/\u672a\u6807\u9898-1-1024x256.jpg 1024w, https:\/\/szlmi.com\/wp-content\/uploads\/2023\/10\/\u672a\u6807\u9898-1-768x192.jpg 768w, https:\/\/szlmi.com\/wp-content\/uploads\/2023\/10\/\u672a\u6807\u9898-1-18x5.jpg 18w, https:\/\/szlmi.com\/wp-content\/uploads\/2023\/10\/\u672a\u6807\u9898-1-600x150.jpg 600w, https:\/\/szlmi.com\/wp-content\/uploads\/2023\/10\/\u672a\u6807\u9898-1-64x16.jpg 64w\" sizes=\"(max-width: 1200px) 100vw, 1200px\" \/><\/p>\n<hr \/>\n<h3><span style=\"color: #336699;\"><strong>Caract\u00e9ristiques\u00a0<\/strong><\/span><\/h3>\n<div id='gallery-1' class='gallery galleryid-4047 gallery-columns-3 gallery-size-thumbnail'><figure class='gallery-item'>\n\t\t\t<div class='gallery-icon landscape'>\n\t\t\t\t<img loading=\"lazy\" decoding=\"async\" width=\"150\" height=\"150\" src=\"https:\/\/szlmi.com\/wp-content\/uploads\/2023\/10\/\u5fae\u4fe1\u56fe\u7247_20240318161801-2-150x150.png\" class=\"attachment-thumbnail size-thumbnail\" alt=\"\" aria-describedby=\"gallery-1-4255\" srcset=\"https:\/\/szlmi.com\/wp-content\/uploads\/2023\/10\/\u5fae\u4fe1\u56fe\u7247_20240318161801-2-150x150.png 150w, https:\/\/szlmi.com\/wp-content\/uploads\/2023\/10\/\u5fae\u4fe1\u56fe\u7247_20240318161801-2-13x12.png 13w, https:\/\/szlmi.com\/wp-content\/uploads\/2023\/10\/\u5fae\u4fe1\u56fe\u7247_20240318161801-2-300x300.png 300w, https:\/\/szlmi.com\/wp-content\/uploads\/2023\/10\/\u5fae\u4fe1\u56fe\u7247_20240318161801-2-100x100.png 100w\" sizes=\"(max-width: 150px) 100vw, 150px\" \/>\n\t\t\t<\/div>\n\t\t\t\t<figcaption class='wp-caption-text gallery-caption' id='gallery-1-4255'>\n\t\t\t\tInstallation sur site\n\t\t\t\t<\/figcaption><\/figure><figure class='gallery-item'>\n\t\t\t<div class='gallery-icon landscape'>\n\t\t\t\t<img loading=\"lazy\" decoding=\"async\" width=\"150\" height=\"150\" src=\"https:\/\/szlmi.com\/wp-content\/uploads\/2023\/10\/\u5fae\u4fe1\u56fe\u7247_20240318161808-2-150x150.png\" class=\"attachment-thumbnail size-thumbnail\" alt=\"\" aria-describedby=\"gallery-1-4256\" srcset=\"https:\/\/szlmi.com\/wp-content\/uploads\/2023\/10\/\u5fae\u4fe1\u56fe\u7247_20240318161808-2-150x150.png 150w, https:\/\/szlmi.com\/wp-content\/uploads\/2023\/10\/\u5fae\u4fe1\u56fe\u7247_20240318161808-2-13x12.png 13w, https:\/\/szlmi.com\/wp-content\/uploads\/2023\/10\/\u5fae\u4fe1\u56fe\u7247_20240318161808-2-300x300.png 300w, https:\/\/szlmi.com\/wp-content\/uploads\/2023\/10\/\u5fae\u4fe1\u56fe\u7247_20240318161808-2-100x100.png 100w\" sizes=\"(max-width: 150px) 100vw, 150px\" \/>\n\t\t\t<\/div>\n\t\t\t\t<figcaption class='wp-caption-text gallery-caption' id='gallery-1-4256'>\n\t\t\t\tTransmetteur de signal \n\t\t\t\t<\/figcaption><\/figure><figure class='gallery-item'>\n\t\t\t<div class='gallery-icon landscape'>\n\t\t\t\t<img loading=\"lazy\" decoding=\"async\" width=\"150\" height=\"150\" src=\"https:\/\/szlmi.com\/wp-content\/uploads\/2023\/10\/\u5fae\u4fe1\u56fe\u7247_20240318161812-2-150x150.png\" class=\"attachment-thumbnail size-thumbnail\" alt=\"\" aria-describedby=\"gallery-1-4257\" srcset=\"https:\/\/szlmi.com\/wp-content\/uploads\/2023\/10\/\u5fae\u4fe1\u56fe\u7247_20240318161812-2-150x150.png 150w, https:\/\/szlmi.com\/wp-content\/uploads\/2023\/10\/\u5fae\u4fe1\u56fe\u7247_20240318161812-2-13x12.png 13w, https:\/\/szlmi.com\/wp-content\/uploads\/2023\/10\/\u5fae\u4fe1\u56fe\u7247_20240318161812-2-300x300.png 300w, https:\/\/szlmi.com\/wp-content\/uploads\/2023\/10\/\u5fae\u4fe1\u56fe\u7247_20240318161812-2-100x100.png 100w\" sizes=\"(max-width: 150px) 100vw, 150px\" \/>\n\t\t\t<\/div>\n\t\t\t\t<figcaption class='wp-caption-text gallery-caption' id='gallery-1-4257'>\n\t\t\t\tCapteur de poids\n\t\t\t\t<\/figcaption><\/figure>\n\t\t<\/div>\n\n<ul>\n<li>Facile \u00e0 installer, installez-le vous-m\u00eame<\/li>\n<li>Affichage du poids, du rayon et de la hauteur des faits<\/li>\n<li>avertissement de taille, de poids et de surcharge<\/li>\n<li>enregistrement de donn\u00e9es de surcharge<\/li>\n<li>Alarme par Audible<\/li>\n<\/ul>\n<hr \/>\n<h3><span style=\"color: #336699;\"><strong>Param\u00e8tres du syst\u00e8me<\/strong><\/span><\/h3>\n<ul>\n<li>Tension de fonctionnement : DC9-36v ;<\/li>\n<li>Temp\u00e9rature de fonctionnement : -20\u2103\uff5e+70\u2103 ;<\/li>\n<li>Temp\u00e9rature de stockage : -20\u2103\uff5e+70\u2103 ;<\/li>\n<li>Erreur syst\u00e8me : \u00b1 3 %,<\/li>\n<li>erreur d'affichage : \u00b15 %<\/li>\n<li>Capacit\u00e9 de contact du relais : AC220V 3A ;<\/li>\n<li>Niveau de protection : IP65 ;<\/li>\n<\/ul>\n<hr \/>\n<h3><span style=\"color: #336699;\"><strong>Parties<\/strong><\/span><\/h3>\n<div id='gallery-2' class='gallery galleryid-4047 gallery-columns-3 gallery-size-thumbnail'><figure class='gallery-item'>\n\t\t\t<div class='gallery-icon landscape'>\n\t\t\t\t<img loading=\"lazy\" decoding=\"async\" width=\"150\" height=\"150\" src=\"https:\/\/szlmi.com\/wp-content\/uploads\/2023\/10\/Side-Boom-6-150x150.jpg\" class=\"attachment-thumbnail size-thumbnail\" alt=\"\" srcset=\"https:\/\/szlmi.com\/wp-content\/uploads\/2023\/10\/Side-Boom-6-150x150.jpg 150w, https:\/\/szlmi.com\/wp-content\/uploads\/2023\/10\/Side-Boom-6-300x300.jpg 300w, https:\/\/szlmi.com\/wp-content\/uploads\/2023\/10\/Side-Boom-6-100x100.jpg 100w\" sizes=\"(max-width: 150px) 100vw, 150px\" \/>\n\t\t\t<\/div><\/figure><figure class='gallery-item'>\n\t\t\t<div class='gallery-icon landscape'>\n\t\t\t\t<img loading=\"lazy\" decoding=\"async\" width=\"150\" height=\"150\" src=\"https:\/\/szlmi.com\/wp-content\/uploads\/2023\/10\/Side-Boom-2-2-150x150.jpg\" class=\"attachment-thumbnail size-thumbnail\" alt=\"\" aria-describedby=\"gallery-2-4251\" srcset=\"https:\/\/szlmi.com\/wp-content\/uploads\/2023\/10\/Side-Boom-2-2-150x150.jpg 150w, https:\/\/szlmi.com\/wp-content\/uploads\/2023\/10\/Side-Boom-2-2-300x300.jpg 300w, https:\/\/szlmi.com\/wp-content\/uploads\/2023\/10\/Side-Boom-2-2-100x100.jpg 100w\" sizes=\"(max-width: 150px) 100vw, 150px\" \/>\n\t\t\t<\/div>\n\t\t\t\t<figcaption class='wp-caption-text gallery-caption' id='gallery-2-4251'>\n\t\t\t\tCapteur de poids\n\t\t\t\t<\/figcaption><\/figure><figure class='gallery-item'>\n\t\t\t<div class='gallery-icon landscape'>\n\t\t\t\t<img loading=\"lazy\" decoding=\"async\" width=\"150\" height=\"150\" src=\"https:\/\/szlmi.com\/wp-content\/uploads\/2023\/10\/Side-Boom-1-2-150x150.jpg\" class=\"attachment-thumbnail size-thumbnail\" alt=\"\" aria-describedby=\"gallery-2-4250\" srcset=\"https:\/\/szlmi.com\/wp-content\/uploads\/2023\/10\/Side-Boom-1-2-150x150.jpg 150w, https:\/\/szlmi.com\/wp-content\/uploads\/2023\/10\/Side-Boom-1-2-300x300.jpg 300w, https:\/\/szlmi.com\/wp-content\/uploads\/2023\/10\/Side-Boom-1-2-100x100.jpg 100w\" sizes=\"(max-width: 150px) 100vw, 150px\" \/>\n\t\t\t<\/div>\n\t\t\t\t<figcaption class='wp-caption-text gallery-caption' id='gallery-2-4250'>\n\t\t\t\tIndicateur\n\t\t\t\t<\/figcaption><\/figure><figure class='gallery-item'>\n\t\t\t<div class='gallery-icon portrait'>\n\t\t\t\t<img loading=\"lazy\" decoding=\"async\" width=\"150\" height=\"150\" src=\"https:\/\/szlmi.com\/wp-content\/uploads\/2023\/10\/Boom-Side-3-150x150.png\" class=\"attachment-thumbnail size-thumbnail\" alt=\"\" aria-describedby=\"gallery-2-4249\" srcset=\"https:\/\/szlmi.com\/wp-content\/uploads\/2023\/10\/Boom-Side-3-150x150.png 150w, https:\/\/szlmi.com\/wp-content\/uploads\/2023\/10\/Boom-Side-3-11x12.png 11w, https:\/\/szlmi.com\/wp-content\/uploads\/2023\/10\/Boom-Side-3-300x300.png 300w, https:\/\/szlmi.com\/wp-content\/uploads\/2023\/10\/Boom-Side-3-100x100.png 100w\" sizes=\"(max-width: 150px) 100vw, 150px\" \/>\n\t\t\t<\/div>\n\t\t\t\t<figcaption class='wp-caption-text gallery-caption' id='gallery-2-4249'>\n\t\t\t\tCapteur d'angle\n\t\t\t\t<\/figcaption><\/figure><figure class='gallery-item'>\n\t\t\t<div class='gallery-icon landscape'>\n\t\t\t\t<img loading=\"lazy\" decoding=\"async\" width=\"150\" height=\"150\" src=\"https:\/\/szlmi.com\/wp-content\/uploads\/2023\/10\/Boom-Side-1-2-150x150.png\" class=\"attachment-thumbnail size-thumbnail\" alt=\"\" aria-describedby=\"gallery-2-4253\" srcset=\"https:\/\/szlmi.com\/wp-content\/uploads\/2023\/10\/Boom-Side-1-2-150x150.png 150w, https:\/\/szlmi.com\/wp-content\/uploads\/2023\/10\/Boom-Side-1-2-300x300.png 300w, https:\/\/szlmi.com\/wp-content\/uploads\/2023\/10\/Boom-Side-1-2-100x100.png 100w\" sizes=\"(max-width: 150px) 100vw, 150px\" \/>\n\t\t\t<\/div>\n\t\t\t\t<figcaption class='wp-caption-text gallery-caption' id='gallery-2-4253'>\n\t\t\t\tTransmetteur de signal\n\t\t\t\t<\/figcaption><\/figure><figure class='gallery-item'>\n\t\t\t<div class='gallery-icon landscape'>\n\t\t\t\t<img loading=\"lazy\" decoding=\"async\" width=\"150\" height=\"150\" src=\"https:\/\/szlmi.com\/wp-content\/uploads\/2023\/10\/Boom-Side-4-2-150x150.png\" class=\"attachment-thumbnail size-thumbnail\" alt=\"\" aria-describedby=\"gallery-2-4254\" srcset=\"https:\/\/szlmi.com\/wp-content\/uploads\/2023\/10\/Boom-Side-4-2-150x150.png 150w, https:\/\/szlmi.com\/wp-content\/uploads\/2023\/10\/Boom-Side-4-2-13x12.png 13w, https:\/\/szlmi.com\/wp-content\/uploads\/2023\/10\/Boom-Side-4-2-300x300.png 300w, https:\/\/szlmi.com\/wp-content\/uploads\/2023\/10\/Boom-Side-4-2-100x100.png 100w\" sizes=\"(max-width: 150px) 100vw, 150px\" \/>\n\t\t\t<\/div>\n\t\t\t\t<figcaption class='wp-caption-text gallery-caption' id='gallery-2-4254'>\n\t\t\t\tInterrupteur de fin de course\n\t\t\t\t<\/figcaption><\/figure>\n\t\t<\/div>\n\n<p>&nbsp;<\/p>","protected":false},"excerpt":{"rendered":"<p style=\"text-align: left;\" class=\" translation-block\">Indicateur de charge de fl\u00e8che lat\u00e9rale, \u00e9galement appel\u00e9 indicateur de moment de charge de fl\u00e8che lat\u00e9rale (LMI) ou indicateur de charge de s\u00e9curit\u00e9 de fl\u00e8che lat\u00e9rale (SLI). Il affiche le poids, la surcharge et d'autres informations en temps r\u00e9el sur l'\u00e9cran gr\u00e2ce \u00e0 l'interface homme-machine et \u00e0 divers capteurs, permettant \u00e0 l'op\u00e9rateur d'utiliser la fl\u00e8che lat\u00e9rale efficacement et en toute s\u00e9curit\u00e9. Lorsque la fl\u00e8che lat\u00e9rale d\u00e9passe la plage de s\u00e9curit\u00e9 autoris\u00e9e, le syst\u00e8me \u00e9met une alarme pour avertir l'op\u00e9rateur. Convient aux fl\u00e8ches lat\u00e9rales, aux chargeuses et autres \u00e9quipements.<\/p>","protected":false},"featured_media":4635,"template":"","meta":{"_monsterinsights_skip_tracking":false,"_monsterinsights_sitenote_active":false,"_monsterinsights_sitenote_note":"","_monsterinsights_sitenote_category":0,"site-sidebar-layout":"no-sidebar","site-content-layout":"default","ast-site-content-layout":"default","site-content-style":"default","site-sidebar-style":"default","ast-global-header-display":"","ast-banner-title-visibility":"","ast-main-header-display":"","ast-hfb-above-header-display":"","ast-hfb-below-header-display":"","ast-hfb-mobile-header-display":"","site-post-title":"","ast-breadcrumbs-content":"","ast-featured-img":"","footer-sml-layout":"","theme-transparent-header-meta":"enabled","adv-header-id-meta":"","stick-header-meta":"","header-above-stick-meta":"","header-main-stick-meta":"","header-below-stick-meta":"","astra-migrate-meta-layouts":"set","ast-page-background-enabled":"default","ast-page-background-meta":{"desktop":{"background-color":"","background-image":"","background-repeat":"repeat","background-position":"center center","background-size":"auto","background-attachment":"scroll","background-type":"","background-media":"","overlay-type":"","overlay-color":"","overlay-opacity":"","overlay-gradient":""},"tablet":{"background-color":"","background-image":"","background-repeat":"repeat","background-position":"center center","background-size":"auto","background-attachment":"scroll","background-type":"","background-media":"","overlay-type":"","overlay-color":"","overlay-opacity":"","overlay-gradient":""},"mobile":{"background-color":"","background-image":"","background-repeat":"repeat","background-position":"center center","background-size":"auto","background-attachment":"scroll","background-type":"","background-media":"","overlay-type":"","overlay-color":"","overlay-opacity":"","overlay-gradient":""}},"ast-content-background-meta":{"desktop":{"background-color":"var(--ast-global-color-5)","background-image":"","background-repeat":"repeat","background-position":"center center","background-size":"auto","background-attachment":"scroll","background-type":"","background-media":"","overlay-type":"","overlay-color":"","overlay-opacity":"","overlay-gradient":""},"tablet":{"background-color":"var(--ast-global-color-5)","background-image":"","background-repeat":"repeat","background-position":"center center","background-size":"auto","background-attachment":"scroll","background-type":"","background-media":"","overlay-type":"","overlay-color":"","overlay-opacity":"","overlay-gradient":""},"mobile":{"background-color":"var(--ast-global-color-5)","background-image":"","background-repeat":"repeat","background-position":"center center","background-size":"auto","background-attachment":"scroll","background-type":"","background-media":"","overlay-type":"","overlay-color":"","overlay-opacity":"","overlay-gradient":""}}},"product_cat":[69,64],"product_tag":[66,65,144,147,87,197,145,149,148],"class_list":{"0":"post-4047","1":"product","2":"type-product","3":"status-publish","4":"has-post-thumbnail","6":"product_cat-product","7":"product_cat-load-moment-indicator","8":"product_tag-excavator-indicator","9":"product_tag-excavator-lmi","10":"product_tag-forklift-load-indicator","11":"product_tag-installation-on-site","12":"product_tag-load-indicator","13":"product_tag-safe-load-indicatorsli","14":"product_tag-side-boom","15":"product_tag-singal-transmitter","16":"product_tag-weight-sensor","17":"desktop-align-left","18":"tablet-align-left","19":"mobile-align-left","21":"first","22":"instock","23":"shipping-taxable","24":"purchasable","25":"product-type-simple"},"aioseo_notices":[],"_links":{"self":[{"href":"https:\/\/szlmi.com\/fr\/wp-json\/wp\/v2\/product\/4047","targetHints":{"allow":["GET"]}}],"collection":[{"href":"https:\/\/szlmi.com\/fr\/wp-json\/wp\/v2\/product"}],"about":[{"href":"https:\/\/szlmi.com\/fr\/wp-json\/wp\/v2\/types\/product"}],"wp:featuredmedia":[{"embeddable":true,"href":"https:\/\/szlmi.com\/fr\/wp-json\/wp\/v2\/media\/4635"}],"wp:attachment":[{"href":"https:\/\/szlmi.com\/fr\/wp-json\/wp\/v2\/media?parent=4047"}],"wp:term":[{"taxonomy":"product_cat","embeddable":true,"href":"https:\/\/szlmi.com\/fr\/wp-json\/wp\/v2\/product_cat?post=4047"},{"taxonomy":"product_tag","embeddable":true,"href":"https:\/\/szlmi.com\/fr\/wp-json\/wp\/v2\/product_tag?post=4047"}],"curies":[{"name":"wp","href":"https:\/\/api.w.org\/{rel}","templated":true}]}}