{"id":4041,"date":"2025-04-10T00:17:42","date_gmt":"2025-04-10T08:17:42","guid":{"rendered":"https:\/\/szlmi.com\/?post_type=product&#038;p=4041"},"modified":"2026-03-05T18:43:40","modified_gmt":"2026-03-06T02:43:40","slug":"forklift-load-indicator","status":"publish","type":"product","link":"https:\/\/szlmi.com\/fr\/produit\/forklift-load-indicator\/","title":{"rendered":"Indicateur de charge du chariot \u00e9l\u00e9vateur (limiteur de charge)"},"content":{"rendered":"<h1 style=\"text-align: center;\"><span style=\"color: #336699;\">Indicateur de charge du chariot \u00e9l\u00e9vateur<\/span><\/h1>\n<p>&nbsp;<\/p>\n<h3><span style=\"color: #336699;\"><strong>Description de l'image<\/strong><\/span><\/h3>\n<p><img fetchpriority=\"high\" decoding=\"async\" class=\"size-full wp-image-7095 aligncenter\" src=\"https:\/\/szlmi.com\/wp-content\/uploads\/2025\/04\/3-Fullset.jpg\" alt=\"\" width=\"600\" height=\"1440\" \/><\/p>\n<hr \/>\n<h3><span style=\"color: #336699;\"><strong>introduire<\/strong><\/span><\/h3>\n<p><a title=\"La n\u00e9cessit\u00e9 de l&#039;indicateur de charge s\u00e9curitaire du chariot \u00e9l\u00e9vateur\" href=\"https:\/\/szlmi.com\/the-necessity-of-the-forklift-safe-load-indicator\/\"><strong>Indicateur de charge pour chariot \u00e9l\u00e9vateur<\/strong><\/a>\u00c9galement connu sous le nom de chariot \u00e9l\u00e9vateur <strong><a href=\"https:\/\/szlmi.com\/product-category\/product\/load-moment-indicator\/\">Indicateur de moment de charge (LMI)<\/a><\/strong> ou chariot \u00e9l\u00e9vateur <strong><a href=\"https:\/\/szlmi.com\/product-category\/product\/load-moment-indicator\/\">Indicateur de charge de s\u00e9curit\u00e9 (SLI)<\/a><\/strong>Gr\u00e2ce \u00e0 une interface homme-machine (IHM) et \u00e0 divers capteurs, ce syst\u00e8me affiche des informations en temps r\u00e9el, telles que le poids et l'\u00e9tat de surcharge, \u00e0 l'\u00e9cran, permettant aux op\u00e9rateurs d'utiliser le chariot \u00e9l\u00e9vateur en toute s\u00e9curit\u00e9, dans les limites autoris\u00e9es. Lorsque le chariot d\u00e9passe le seuil de s\u00e9curit\u00e9 autoris\u00e9, le syst\u00e8me d\u00e9clenche des alarmes sonores et visuelles pour alerter l'op\u00e9rateur. Ce syst\u00e8me est applicable aux chariots \u00e9l\u00e9vateurs, aux grappins, aux chargeuses et autres \u00e9quipements similaires.<\/p>\n<p><img decoding=\"async\" class=\"aligncenter wp-image-4350 size-full\" src=\"https:\/\/szlmi.com\/wp-content\/uploads\/2024\/04\/\u5fae\u4fe1\u56fe\u7247_20250116114630-e1771916882973.png\" alt=\"\" width=\"600\" height=\"391\" \/><\/p>\n<hr \/>\n<h3><span style=\"color: #336699;\">Mod\u00e8les de chariots \u00e9l\u00e9vateurs pris en charge<\/span><\/h3>\n<p><img decoding=\"async\" class=\"size-medium wp-image-4001 aligncenter\" src=\"https:\/\/szlmi.com\/wp-content\/uploads\/2023\/09\/forklift-industry-vehicle-2660508-300x169.jpg\" alt=\"chariot \u00e9l\u00e9vateur, industrie, v\u00e9hicule-2660508.jpg\" width=\"300\" height=\"169\" srcset=\"https:\/\/szlmi.com\/wp-content\/uploads\/2023\/09\/forklift-industry-vehicle-2660508-300x169.jpg 300w, https:\/\/szlmi.com\/wp-content\/uploads\/2023\/09\/forklift-industry-vehicle-2660508-1024x576.jpg 1024w, https:\/\/szlmi.com\/wp-content\/uploads\/2023\/09\/forklift-industry-vehicle-2660508-768x432.jpg 768w, https:\/\/szlmi.com\/wp-content\/uploads\/2023\/09\/forklift-industry-vehicle-2660508-18x10.jpg 18w, https:\/\/szlmi.com\/wp-content\/uploads\/2023\/09\/forklift-industry-vehicle-2660508-600x338.jpg 600w, https:\/\/szlmi.com\/wp-content\/uploads\/2023\/09\/forklift-industry-vehicle-2660508-64x36.jpg 64w, https:\/\/szlmi.com\/wp-content\/uploads\/2023\/09\/forklift-industry-vehicle-2660508.jpg 1280w\" sizes=\"(max-width: 300px) 100vw, 300px\" \/><\/p>\n<p>&nbsp;<\/p>\n<hr \/>\n<h3><span style=\"color: #336699;\"><strong>Caract\u00e9ristiques\u00a0<\/strong><\/span><\/h3>\n<div id='gallery-1' class='gallery galleryid-4041 gallery-columns-3 gallery-size-thumbnail'><figure class='gallery-item'>\n\t\t\t<div class='gallery-icon landscape'>\n\t\t\t\t<img loading=\"lazy\" decoding=\"async\" width=\"150\" height=\"150\" src=\"https:\/\/szlmi.com\/wp-content\/uploads\/2024\/06\/pexels-photo-4487423-4487423-150x150.jpg\" class=\"attachment-thumbnail size-thumbnail\" alt=\"pexels-photo-4487423-4487423.jpg\" srcset=\"https:\/\/szlmi.com\/wp-content\/uploads\/2024\/06\/pexels-photo-4487423-4487423-150x150.jpg 150w, https:\/\/szlmi.com\/wp-content\/uploads\/2024\/06\/pexels-photo-4487423-4487423-300x300.jpg 300w, https:\/\/szlmi.com\/wp-content\/uploads\/2024\/06\/pexels-photo-4487423-4487423-100x100.jpg 100w\" sizes=\"(max-width: 150px) 100vw, 150px\" \/>\n\t\t\t<\/div><\/figure><figure class='gallery-item'>\n\t\t\t<div class='gallery-icon portrait'>\n\t\t\t\t<img loading=\"lazy\" decoding=\"async\" width=\"150\" height=\"150\" src=\"https:\/\/szlmi.com\/wp-content\/uploads\/2024\/06\/pexels-photo-14998735-14998735-150x150.jpg\" class=\"attachment-thumbnail size-thumbnail\" alt=\"pexels-photo-14998735-14998735.jpg\" srcset=\"https:\/\/szlmi.com\/wp-content\/uploads\/2024\/06\/pexels-photo-14998735-14998735-150x150.jpg 150w, https:\/\/szlmi.com\/wp-content\/uploads\/2024\/06\/pexels-photo-14998735-14998735-300x300.jpg 300w, https:\/\/szlmi.com\/wp-content\/uploads\/2024\/06\/pexels-photo-14998735-14998735-100x100.jpg 100w\" sizes=\"(max-width: 150px) 100vw, 150px\" \/>\n\t\t\t<\/div><\/figure><figure class='gallery-item'>\n\t\t\t<div class='gallery-icon landscape'>\n\t\t\t\t<img loading=\"lazy\" decoding=\"async\" width=\"150\" height=\"150\" src=\"https:\/\/szlmi.com\/wp-content\/uploads\/2024\/06\/g60491cb12a6608af2cbaaa4f23017a115990584c2a7902f38eeaa34f0e1b423034406c1a111570e687bf0647e45aa71e7bbe8c0163256533f8264069b88067b8_1280-4714747-150x150.jpg\" class=\"attachment-thumbnail size-thumbnail\" alt=\"g60491cb12a6608af2cbaaa4f23017a115990584c2a7902f38eeaa34f0e1b423034406c1a111570e687bf0647e45aa71e7bbe8c0163256533f8264069b88067b8_1280-4714747.jpg\" srcset=\"https:\/\/szlmi.com\/wp-content\/uploads\/2024\/06\/g60491cb12a6608af2cbaaa4f23017a115990584c2a7902f38eeaa34f0e1b423034406c1a111570e687bf0647e45aa71e7bbe8c0163256533f8264069b88067b8_1280-4714747-150x150.jpg 150w, https:\/\/szlmi.com\/wp-content\/uploads\/2024\/06\/g60491cb12a6608af2cbaaa4f23017a115990584c2a7902f38eeaa34f0e1b423034406c1a111570e687bf0647e45aa71e7bbe8c0163256533f8264069b88067b8_1280-4714747-300x300.jpg 300w, https:\/\/szlmi.com\/wp-content\/uploads\/2024\/06\/g60491cb12a6608af2cbaaa4f23017a115990584c2a7902f38eeaa34f0e1b423034406c1a111570e687bf0647e45aa71e7bbe8c0163256533f8264069b88067b8_1280-4714747-100x100.jpg 100w\" sizes=\"(max-width: 150px) 100vw, 150px\" \/>\n\t\t\t<\/div><\/figure>\n\t\t<\/div>\n\n<ul>\n<li>Facile \u00e0 installer, installez-le vous-m\u00eame<\/li>\n<li>Poids r\u00e9el, affichage du poids de l'alarme<\/li>\n<li>avertissement de surcharge<\/li>\n<li>enregistrement de donn\u00e9es de surcharge<\/li>\n<li>Alarme par Audible<\/li>\n<\/ul>\n<hr \/>\n<h3><span style=\"color: #336699;\"><strong>Param\u00e8tres du syst\u00e8me<\/strong><\/span><\/h3>\n<ul>\n<li>Tension de fonctionnement : DC9-36v ;<\/li>\n<li>Temp\u00e9rature de fonctionnement : -20\u2103\uff5e+70\u2103 ;<\/li>\n<li>Temp\u00e9rature de stockage : -20\u2103\uff5e+70\u2103 ;<\/li>\n<li>Erreur syst\u00e8me : \u00b1 3 %,<\/li>\n<li>erreur d'affichage : \u00b15 %<\/li>\n<li>Capacit\u00e9 de contact du relais : AC220V 3A ;<\/li>\n<li>Niveau de protection : IP65 ;<\/li>\n<\/ul>\n<hr \/>\n<h3><span style=\"color: #336699;\"><strong>Parties<\/strong><\/span><\/h3>\n<p><img loading=\"lazy\" decoding=\"async\" class=\"size-full wp-image-7096 aligncenter\" src=\"https:\/\/szlmi.com\/wp-content\/uploads\/2025\/04\/Fullset.jpg\" alt=\"\" width=\"1000\" height=\"434\" \/><\/p>","protected":false},"excerpt":{"rendered":"<p style=\"text-align: left;\"><a title=\"La n\u00e9cessit\u00e9 de l&#039;indicateur de charge s\u00e9curitaire du chariot \u00e9l\u00e9vateur\" href=\"https:\/\/szlmi.com\/the-necessity-of-the-forklift-safe-load-indicator\/\"><strong>Indicateur de charge pour chariot \u00e9l\u00e9vateur<\/strong><\/a>\u00c9galement connu sous le nom de chariot \u00e9l\u00e9vateur <strong><a href=\"https:\/\/szlmi.com\/product-category\/product\/load-moment-indicator\/\">Indicateur de moment de charge (LMI)<\/a><\/strong> ou chariot \u00e9l\u00e9vateur <strong><a href=\"https:\/\/szlmi.com\/product-category\/product\/load-moment-indicator\/\">Indicateur de charge de s\u00e9curit\u00e9 (SLI)<\/a><\/strong>Gr\u00e2ce \u00e0 une interface homme-machine (IHM) et \u00e0 divers capteurs, ce syst\u00e8me affiche des informations en temps r\u00e9el, telles que le poids et l'\u00e9tat de surcharge, \u00e0 l'\u00e9cran, permettant aux op\u00e9rateurs d'utiliser le chariot \u00e9l\u00e9vateur en toute s\u00e9curit\u00e9, dans les limites autoris\u00e9es. Lorsque le chariot d\u00e9passe le seuil de s\u00e9curit\u00e9 autoris\u00e9, le syst\u00e8me d\u00e9clenche des alarmes sonores et visuelles pour alerter l'op\u00e9rateur. Ce syst\u00e8me est applicable aux chariots \u00e9l\u00e9vateurs, aux grappins, aux chargeuses et autres \u00e9quipements similaires.<\/p>","protected":false},"featured_media":4633,"template":"","meta":{"_monsterinsights_skip_tracking":false,"_monsterinsights_sitenote_active":false,"_monsterinsights_sitenote_note":"","_monsterinsights_sitenote_category":0,"site-sidebar-layout":"no-sidebar","site-content-layout":"default","ast-site-content-layout":"default","site-content-style":"default","site-sidebar-style":"default","ast-global-header-display":"","ast-banner-title-visibility":"","ast-main-header-display":"","ast-hfb-above-header-display":"","ast-hfb-below-header-display":"","ast-hfb-mobile-header-display":"","site-post-title":"","ast-breadcrumbs-content":"","ast-featured-img":"","footer-sml-layout":"","theme-transparent-header-meta":"enabled","adv-header-id-meta":"","stick-header-meta":"","header-above-stick-meta":"","header-main-stick-meta":"","header-below-stick-meta":"","astra-migrate-meta-layouts":"set","ast-page-background-enabled":"default","ast-page-background-meta":{"desktop":{"background-color":"","background-image":"","background-repeat":"repeat","background-position":"center center","background-size":"auto","background-attachment":"scroll","background-type":"","background-media":"","overlay-type":"","overlay-color":"","overlay-opacity":"","overlay-gradient":""},"tablet":{"background-color":"","background-image":"","background-repeat":"repeat","background-position":"center center","background-size":"auto","background-attachment":"scroll","background-type":"","background-media":"","overlay-type":"","overlay-color":"","overlay-opacity":"","overlay-gradient":""},"mobile":{"background-color":"","background-image":"","background-repeat":"repeat","background-position":"center center","background-size":"auto","background-attachment":"scroll","background-type":"","background-media":"","overlay-type":"","overlay-color":"","overlay-opacity":"","overlay-gradient":""}},"ast-content-background-meta":{"desktop":{"background-color":"var(--ast-global-color-5)","background-image":"","background-repeat":"repeat","background-position":"center center","background-size":"auto","background-attachment":"scroll","background-type":"","background-media":"","overlay-type":"","overlay-color":"","overlay-opacity":"","overlay-gradient":""},"tablet":{"background-color":"var(--ast-global-color-5)","background-image":"","background-repeat":"repeat","background-position":"center center","background-size":"auto","background-attachment":"scroll","background-type":"","background-media":"","overlay-type":"","overlay-color":"","overlay-opacity":"","overlay-gradient":""},"mobile":{"background-color":"var(--ast-global-color-5)","background-image":"","background-repeat":"repeat","background-position":"center center","background-size":"auto","background-attachment":"scroll","background-type":"","background-media":"","overlay-type":"","overlay-color":"","overlay-opacity":"","overlay-gradient":""}}},"product_cat":[69,64],"product_tag":[66,65,181,144,180,87,195],"class_list":{"0":"post-4041","1":"product","2":"type-product","3":"status-publish","4":"has-post-thumbnail","6":"product_cat-product","7":"product_cat-load-moment-indicator","8":"product_tag-excavator-indicator","9":"product_tag-excavator-lmi","10":"product_tag-forklift-lmi","11":"product_tag-forklift-load-indicator","12":"product_tag-forklift-load-limiter","13":"product_tag-load-indicator","14":"product_tag-safe-load-indicator-sli","15":"desktop-align-left","16":"tablet-align-left","17":"mobile-align-left","19":"first","20":"instock","21":"shipping-taxable","22":"purchasable","23":"product-type-simple"},"aioseo_notices":[],"_links":{"self":[{"href":"https:\/\/szlmi.com\/fr\/wp-json\/wp\/v2\/product\/4041","targetHints":{"allow":["GET"]}}],"collection":[{"href":"https:\/\/szlmi.com\/fr\/wp-json\/wp\/v2\/product"}],"about":[{"href":"https:\/\/szlmi.com\/fr\/wp-json\/wp\/v2\/types\/product"}],"wp:featuredmedia":[{"embeddable":true,"href":"https:\/\/szlmi.com\/fr\/wp-json\/wp\/v2\/media\/4633"}],"wp:attachment":[{"href":"https:\/\/szlmi.com\/fr\/wp-json\/wp\/v2\/media?parent=4041"}],"wp:term":[{"taxonomy":"product_cat","embeddable":true,"href":"https:\/\/szlmi.com\/fr\/wp-json\/wp\/v2\/product_cat?post=4041"},{"taxonomy":"product_tag","embeddable":true,"href":"https:\/\/szlmi.com\/fr\/wp-json\/wp\/v2\/product_tag?post=4041"}],"curies":[{"name":"wp","href":"https:\/\/api.w.org\/{rel}","templated":true}]}}