{"id":3562,"date":"2025-03-01T22:26:53","date_gmt":"2025-03-02T06:26:53","guid":{"rendered":"http:\/\/wh-ng29fgyvclm5x8xhpsh.my3w.com\/?post_type=product&#038;p=3562"},"modified":"2026-03-05T19:28:52","modified_gmt":"2026-03-06T03:28:52","slug":"reachstackers-load-indicator","status":"publish","type":"product","link":"https:\/\/szlmi.com\/fr\/produit\/reachstackers-load-indicator\/","title":{"rendered":"Indicateur de charge Reachstacker"},"content":{"rendered":"<h1 style=\"text-align: center;\"><span style=\"color: #336699;\"><strong>Indicateur de charge Reachstacker<\/strong><\/span><\/h1>\n<h3><span style=\"color: #336699;\"><strong>Description de l'image<\/strong><\/span><\/h3>\n<p><img fetchpriority=\"high\" decoding=\"async\" class=\"wp-image-4277 size-large aligncenter\" src=\"https:\/\/szlmi.com\/wp-content\/uploads\/2021\/08\/\u5fae\u4fe1\u56fe\u7247_20240731120849-1024x643.png\" alt=\"\" width=\"600\" height=\"643\" \/><\/p>\n<figure id=\"attachment_2990\" class=\"wp-caption alignnone\" aria-describedby=\"caption-attachment-2990\"><figcaption id=\"caption-attachment-2990\" class=\"wp-caption-text\"><\/figcaption><\/figure>\n<hr \/>\n<h3><span style=\"color: #336699;\"><strong>Introduction<\/strong><\/span><\/h3>\n<p>L'indicateur de charge du reachstacker, \u00e9galement appel\u00e9 syst\u00e8me anti-excentricit\u00e9, fournit \u00e0 l'op\u00e9rateur des informations de fonctionnement efficaces, afin que la grue puisse \u00eatre utilis\u00e9e efficacement dans le cadre de ses param\u00e8tres de conception. \u00c0 l'aide de divers capteurs de signal, le limiteur de force peut fournir \u00e0 l'op\u00e9rateur des informations sur la longueur de la fl\u00e8che, l'angle de la fl\u00e8che, la hauteur de travail, la plage de travail, le poids de levage nominal et le poids de levage r\u00e9el en temps r\u00e9el.<\/p>\n<hr \/>\n<h3><span style=\"color: #336699;\"><strong>Parties<\/strong><\/span><\/h3>\n<p><img decoding=\"async\" class=\"size-full wp-image-7119 aligncenter\" src=\"https:\/\/szlmi.com\/wp-content\/uploads\/2025\/03\/22.jpg\" alt=\"\" width=\"1000\" height=\"343\" \/><\/p>\n<hr \/>\n<h3><span style=\"color: #336699;\"><strong>Caract\u00e9ristiques<\/strong><\/span><\/h3>\n<ul>\n<li>Affichage du poids en temps r\u00e9el<\/li>\n<li>Emp\u00eache l'excentricit\u00e9<\/li>\n<li>affichage du rayon<\/li>\n<li>affichage de la hauteur<\/li>\n<li>avertissement de hauteur<\/li>\n<li>avertissement de poids<\/li>\n<li>enregistrement de donn\u00e9es de surcharge<\/li>\n<\/ul>\n<hr \/>\n<h3><span style=\"color: #336699;\"><strong>Param\u00e8tres du syst\u00e8me<\/strong><\/span><\/h3>\n<ul>\n<li>Tension de fonctionnement : DC9-36v ;<\/li>\n<li>Temp\u00e9rature de fonctionnement : -20\u2103\uff5e+70\u2103 ;<\/li>\n<li>Temp\u00e9rature de stockage : -20\u2103\uff5e+70\u2103 ;<\/li>\n<li>Erreur syst\u00e8me : \u00b1 3 %,<\/li>\n<li>erreur d'affichage : \u00b15 %<\/li>\n<li>Capacit\u00e9 de contact du relais : AC220V 3A ;<\/li>\n<li>Niveau de protection : IP65 ;<\/li>\n<\/ul>\n<hr \/>\n<h3><span style=\"color: #336699;\"><strong>cas<\/strong><\/span><\/h3>\n<div id='gallery-1' class='gallery galleryid-3562 gallery-columns-3 gallery-size-thumbnail'><figure class='gallery-item'>\n\t\t\t<div class='gallery-icon landscape'>\n\t\t\t\t<a href='https:\/\/szlmi.com\/fr'><img decoding=\"async\" width=\"150\" height=\"150\" src=\"https:\/\/szlmi.com\/wp-content\/uploads\/2021\/08\/\u5fae\u4fe1\u56fe\u7247_20240730171123-150x150.jpg\" class=\"attachment-thumbnail size-thumbnail\" alt=\"\" srcset=\"\" sizes=\"(max-width: 150px) 100vw, 150px\" data-srcset=\"\" \/><\/a>\n\t\t\t<\/div><\/figure><figure class='gallery-item'>\n\t\t\t<div class='gallery-icon portrait'>\n\t\t\t\t<a href='https:\/\/szlmi.com\/fr'><img loading=\"lazy\" decoding=\"async\" width=\"150\" height=\"150\" src=\"https:\/\/szlmi.com\/wp-content\/uploads\/2021\/08\/\u5fae\u4fe1\u56fe\u7247_20240730171104-150x150.jpg\" class=\"attachment-thumbnail size-thumbnail\" alt=\"\" srcset=\"\" sizes=\"(max-width: 150px) 100vw, 150px\" data-srcset=\"\" \/><\/a>\n\t\t\t<\/div><\/figure><figure class='gallery-item'>\n\t\t\t<div class='gallery-icon landscape'>\n\t\t\t\t<a href='https:\/\/szlmi.com\/fr'><img loading=\"lazy\" decoding=\"async\" width=\"150\" height=\"150\" src=\"https:\/\/szlmi.com\/wp-content\/uploads\/2021\/08\/\u5fae\u4fe1\u56fe\u7247_20240730173349-150x150.jpg\" class=\"attachment-thumbnail size-thumbnail\" alt=\"\" srcset=\"\" sizes=\"(max-width: 150px) 100vw, 150px\" data-srcset=\"\" \/><\/a>\n\t\t\t<\/div><\/figure><figure class='gallery-item'>\n\t\t\t<div class='gallery-icon landscape'>\n\t\t\t\t<a href='https:\/\/szlmi.com\/fr'><img loading=\"lazy\" decoding=\"async\" width=\"150\" height=\"150\" src=\"https:\/\/szlmi.com\/wp-content\/uploads\/2021\/08\/\u5fae\u4fe1\u56fe\u7247_202407301711261-150x150.jpg\" class=\"attachment-thumbnail size-thumbnail\" alt=\"\" srcset=\"\" sizes=\"(max-width: 150px) 100vw, 150px\" data-srcset=\"\" \/><\/a>\n\t\t\t<\/div><\/figure><figure class='gallery-item'>\n\t\t\t<div class='gallery-icon portrait'>\n\t\t\t\t<a href='https:\/\/szlmi.com\/fr'><img loading=\"lazy\" decoding=\"async\" width=\"150\" height=\"150\" src=\"https:\/\/szlmi.com\/wp-content\/uploads\/2021\/08\/\u5fae\u4fe1\u56fe\u7247_20240730171058-150x150.jpg\" class=\"attachment-thumbnail size-thumbnail\" alt=\"\" srcset=\"\" sizes=\"(max-width: 150px) 100vw, 150px\" data-srcset=\"\" \/><\/a>\n\t\t\t<\/div><\/figure><figure class='gallery-item'>\n\t\t\t<div class='gallery-icon landscape'>\n\t\t\t\t<a href='https:\/\/szlmi.com\/fr'><img loading=\"lazy\" decoding=\"async\" width=\"150\" height=\"150\" src=\"https:\/\/szlmi.com\/wp-content\/uploads\/2021\/08\/\u5fae\u4fe1\u56fe\u7247_20240730163852-150x150.jpg\" class=\"attachment-thumbnail size-thumbnail\" alt=\"\" srcset=\"\" sizes=\"(max-width: 150px) 100vw, 150px\" data-srcset=\"\" \/><\/a>\n\t\t\t<\/div><\/figure>\n\t\t<\/div>\n\n<div class=\"ast-oembed-container\" style=\"height: 100%;\"><iframe title=\"SEEZOL Reachstacker Indicateur de charge#reachstacker\" width=\"500\" height=\"375\" src=\"https:\/\/www.youtube.com\/embed\/9JyDSUGROHU?feature=oembed\" frameborder=\"0\" allow=\"accelerometer; autoplay; clipboard-write; encrypted-media; gyroscope; picture-in-picture; web-share\" referrerpolicy=\"strict-origin-when-cross-origin\" allowfullscreen><\/iframe><\/div>","protected":false},"excerpt":{"rendered":"<p>L'indicateur de charge du reachstacker, \u00e9galement appel\u00e9 syst\u00e8me anti-excentricit\u00e9, fournit \u00e0 l'op\u00e9rateur des informations de fonctionnement efficaces, afin que la grue puisse \u00eatre utilis\u00e9e efficacement dans le cadre de ses param\u00e8tres de conception. \u00c0 l'aide de divers capteurs de signal, le limiteur de force peut fournir \u00e0 l'op\u00e9rateur des informations sur la longueur de la fl\u00e8che, l'angle de la fl\u00e8che, la hauteur de travail, la plage de travail, le poids de levage nominal et le poids de levage r\u00e9el en temps r\u00e9el.<\/p>","protected":false},"featured_media":4642,"template":"","meta":{"_monsterinsights_skip_tracking":false,"_monsterinsights_sitenote_active":false,"_monsterinsights_sitenote_note":"","_monsterinsights_sitenote_category":0,"site-sidebar-layout":"default","site-content-layout":"default","ast-site-content-layout":"default","site-content-style":"default","site-sidebar-style":"default","ast-global-header-display":"","ast-banner-title-visibility":"","ast-main-header-display":"","ast-hfb-above-header-display":"","ast-hfb-below-header-display":"","ast-hfb-mobile-header-display":"","site-post-title":"","ast-breadcrumbs-content":"","ast-featured-img":"","footer-sml-layout":"","theme-transparent-header-meta":"default","adv-header-id-meta":"","stick-header-meta":"","header-above-stick-meta":"","header-main-stick-meta":"","header-below-stick-meta":"","astra-migrate-meta-layouts":"set","ast-page-background-enabled":"default","ast-page-background-meta":{"desktop":{"background-color":"","background-image":"","background-repeat":"repeat","background-position":"center center","background-size":"auto","background-attachment":"scroll","background-type":"","background-media":"","overlay-type":"","overlay-color":"","overlay-opacity":"","overlay-gradient":""},"tablet":{"background-color":"","background-image":"","background-repeat":"repeat","background-position":"center center","background-size":"auto","background-attachment":"scroll","background-type":"","background-media":"","overlay-type":"","overlay-color":"","overlay-opacity":"","overlay-gradient":""},"mobile":{"background-color":"","background-image":"","background-repeat":"repeat","background-position":"center center","background-size":"auto","background-attachment":"scroll","background-type":"","background-media":"","overlay-type":"","overlay-color":"","overlay-opacity":"","overlay-gradient":""}},"ast-content-background-meta":{"desktop":{"background-color":"var(--ast-global-color-5)","background-image":"","background-repeat":"repeat","background-position":"center center","background-size":"auto","background-attachment":"scroll","background-type":"","background-media":"","overlay-type":"","overlay-color":"","overlay-opacity":"","overlay-gradient":""},"tablet":{"background-color":"var(--ast-global-color-5)","background-image":"","background-repeat":"repeat","background-position":"center center","background-size":"auto","background-attachment":"scroll","background-type":"","background-media":"","overlay-type":"","overlay-color":"","overlay-opacity":"","overlay-gradient":""},"mobile":{"background-color":"var(--ast-global-color-5)","background-image":"","background-repeat":"repeat","background-position":"center center","background-size":"auto","background-attachment":"scroll","background-type":"","background-media":"","overlay-type":"","overlay-color":"","overlay-opacity":"","overlay-gradient":""}}},"product_cat":[69,68],"product_tag":[87,183,138,182],"class_list":{"0":"post-3562","1":"product","2":"type-product","3":"status-publish","4":"has-post-thumbnail","6":"product_cat-product","7":"product_cat-weighing-system","8":"product_tag-load-indicator","9":"product_tag-prevents-eccentricity-system","10":"product_tag-reachstackers-load","11":"product_tag-reachstackers-load-indicator","12":"desktop-align-left","13":"tablet-align-left","14":"mobile-align-left","16":"first","17":"instock","18":"shipping-taxable","19":"product-type-simple"},"aioseo_notices":[],"_links":{"self":[{"href":"https:\/\/szlmi.com\/fr\/wp-json\/wp\/v2\/product\/3562","targetHints":{"allow":["GET"]}}],"collection":[{"href":"https:\/\/szlmi.com\/fr\/wp-json\/wp\/v2\/product"}],"about":[{"href":"https:\/\/szlmi.com\/fr\/wp-json\/wp\/v2\/types\/product"}],"wp:featuredmedia":[{"embeddable":true,"href":"https:\/\/szlmi.com\/fr\/wp-json\/wp\/v2\/media\/4642"}],"wp:attachment":[{"href":"https:\/\/szlmi.com\/fr\/wp-json\/wp\/v2\/media?parent=3562"}],"wp:term":[{"taxonomy":"product_cat","embeddable":true,"href":"https:\/\/szlmi.com\/fr\/wp-json\/wp\/v2\/product_cat?post=3562"},{"taxonomy":"product_tag","embeddable":true,"href":"https:\/\/szlmi.com\/fr\/wp-json\/wp\/v2\/product_tag?post=3562"}],"curies":[{"name":"wp","href":"https:\/\/api.w.org\/{rel}","templated":true}]}}