{"id":3553,"date":"2025-03-10T05:16:54","date_gmt":"2025-03-10T13:16:54","guid":{"rendered":"http:\/\/wh-ng29fgyvclm5x8xhpsh.my3w.com\/?post_type=product&#038;p=3553"},"modified":"2026-02-23T23:56:46","modified_gmt":"2026-02-24T07:56:46","slug":"material-handler-load-indicator","status":"publish","type":"product","link":"https:\/\/szlmi.com\/fr\/produit\/material-handler-load-indicator\/","title":{"rendered":"Indicateur de charge pour manutentionnaire hydraulique"},"content":{"rendered":"<h1 style=\"text-align: center;\"><span style=\"color: #336699;\">Indicateur de charge pour manutentionnaires hydrauliques<\/span><\/h1>\n<h3><span style=\"color: #336699;\"><strong>Description de l'image<\/strong><\/span><\/h3>\n<p><img fetchpriority=\"high\" decoding=\"async\" class=\"size-full wp-image-7100 aligncenter\" src=\"https:\/\/szlmi.com\/wp-content\/uploads\/2025\/03\/1111.jpg\" alt=\"\" width=\"600\" height=\"1304\" \/><\/p>\n<hr \/>\n<h3><span style=\"color: #336699;\"><strong>Introduction<\/strong><\/span><\/h3>\n<p class=\" translation-block\">Indicateur de charge pour grue de manutention, \u00e9galement syst\u00e8me de pesage. Lors de son fonctionnement, la grue de manutention hydraulique doit fr\u00e9quemment adapter ses conditions de travail aux conditions r\u00e9elles du chantier, notamment en modifiant l'angle (plage) de levage, la hauteur de levage, etc., ainsi que la charge nominale maximale pouvant \u00eatre lev\u00e9e. Les amplitudes de travail maximales et minimales \u00e9tant diff\u00e9rentes, un \u00e9quipement est n\u00e9cessaire pour surveiller et \u00e9valuer ces param\u00e8tres et fournir des instructions sur les conditions de fonctionnement de la grue, telles que le fonctionnement normal, la pleine charge, la surcharge, l'amplitude excessive et la limite inf\u00e9rieure, ainsi que les alarmes et messages correspondants. Un contr\u00f4le est n\u00e9cessaire pour garantir le bon fonctionnement de la pince. Le syst\u00e8me de surveillance de s\u00e9curit\u00e9 de la grue de manutention hydraulique est le dispositif de protection de s\u00e9curit\u00e9 appliqu\u00e9 \u00e0 la grue pour r\u00e9pondre aux exigences ci-dessus.<\/p>\n<hr \/>\n<h3><span style=\"color: #336699;\"><strong>Caract\u00e9ristiques<\/strong><\/span><\/h3>\n<ul>\n<li>Affichage du poids de la charge<\/li>\n<li>affichage du rayon<\/li>\n<li>affichage de la hauteur<\/li>\n<li>avertissement de hauteur<\/li>\n<li>avertissement de poids<\/li>\n<li>enregistrement de donn\u00e9es de surcharge<\/li>\n<\/ul>\n<hr \/>\n<h3><span style=\"color: #336699;\"><strong>Param\u00e8tres du syst\u00e8me<\/strong><\/span><\/h3>\n<ul>\n<li style=\"list-style-type: none;\">\n<ul>\n<li>Tension de fonctionnement : DC9-36v ;<\/li>\n<li>Temp\u00e9rature de fonctionnement : -20\u2103\uff5e+70\u2103 ;<\/li>\n<li>Temp\u00e9rature de stockage : -20\u2103\uff5e+70\u2103 ;<\/li>\n<li>Erreur syst\u00e8me : \u00b1 3 %,<br \/>\nerreur d'affichage : \u00b13 %<\/li>\n<li>Capacit\u00e9 de contact du relais : AC220V 3A ;<\/li>\n<li>Niveau de protection : IP65 ;<\/li>\n<\/ul>\n<\/li>\n<\/ul>\n<hr \/>\n<h3><span style=\"color: #336699;\"><strong>Parties<\/strong><\/span><\/h3>\n<p><img decoding=\"async\" class=\"size-full wp-image-7101 aligncenter\" src=\"https:\/\/szlmi.com\/wp-content\/uploads\/2025\/03\/Fullset.jpg\" alt=\"\" width=\"1000\" height=\"434\" \/><\/p>\n<hr \/>\n<div class=\"ast-oembed-container\" style=\"height: 100%;\"><iframe title=\"Indicateur de charge pour les chariots \u00e9l\u00e9vateurs hydrauliques\" width=\"500\" height=\"281\" src=\"https:\/\/www.youtube.com\/embed\/9lHFiEIB_04?feature=oembed\" frameborder=\"0\" allow=\"accelerometer; autoplay; clipboard-write; encrypted-media; gyroscope; picture-in-picture; web-share\" referrerpolicy=\"strict-origin-when-cross-origin\" allowfullscreen><\/iframe><\/div>\n<p><img decoding=\"async\" class=\"alignnone wp-image-4369\" src=\"https:\/\/szlmi.com\/wp-content\/uploads\/2020\/08\/Hydraulic-Material-Handler5-scaled.jpg\" alt=\"\" width=\"452\" height=\"603\" srcset=\"https:\/\/szlmi.com\/wp-content\/uploads\/2020\/08\/Hydraulic-Material-Handler5-scaled.jpg 1920w, https:\/\/szlmi.com\/wp-content\/uploads\/2020\/08\/Hydraulic-Material-Handler5-225x300.jpg 225w, https:\/\/szlmi.com\/wp-content\/uploads\/2020\/08\/Hydraulic-Material-Handler5-768x1024.jpg 768w, https:\/\/szlmi.com\/wp-content\/uploads\/2020\/08\/Hydraulic-Material-Handler5-1152x1536.jpg 1152w, https:\/\/szlmi.com\/wp-content\/uploads\/2020\/08\/Hydraulic-Material-Handler5-1536x2048.jpg 1536w, https:\/\/szlmi.com\/wp-content\/uploads\/2020\/08\/Hydraulic-Material-Handler5-9x12.jpg 9w, https:\/\/szlmi.com\/wp-content\/uploads\/2020\/08\/Hydraulic-Material-Handler5-600x800.jpg 600w, https:\/\/szlmi.com\/wp-content\/uploads\/2020\/08\/Hydraulic-Material-Handler5-64x85.jpg 64w\" sizes=\"(max-width: 452px) 100vw, 452px\" \/><\/p>","protected":false},"excerpt":{"rendered":"<p class=\" translation-block\">Indicateur de charge pour grue de manutention, \u00e9galement syst\u00e8me de pesage. Lors de son fonctionnement, la grue de manutention hydraulique doit fr\u00e9quemment adapter ses conditions de travail aux conditions r\u00e9elles du chantier, notamment en modifiant l'angle (plage) de levage, la hauteur de levage, etc., ainsi que la charge nominale maximale pouvant \u00eatre lev\u00e9e. Les amplitudes de travail maximales et minimales \u00e9tant diff\u00e9rentes, un \u00e9quipement est n\u00e9cessaire pour surveiller et \u00e9valuer ces param\u00e8tres et fournir des instructions sur les conditions de fonctionnement de la grue, telles que le fonctionnement normal, la pleine charge, la surcharge, l'amplitude excessive et la limite inf\u00e9rieure, ainsi que les alarmes et messages correspondants. Un contr\u00f4le est n\u00e9cessaire pour garantir le bon fonctionnement de la pince. Le syst\u00e8me de surveillance de s\u00e9curit\u00e9 de la grue de manutention hydraulique est le dispositif de protection de s\u00e9curit\u00e9 appliqu\u00e9 \u00e0 la grue pour r\u00e9pondre aux exigences ci-dessus.<\/p>","protected":false},"featured_media":7098,"template":"","meta":{"_monsterinsights_skip_tracking":false,"_monsterinsights_sitenote_active":false,"_monsterinsights_sitenote_note":"","_monsterinsights_sitenote_category":0,"site-sidebar-layout":"default","site-content-layout":"default","ast-site-content-layout":"default","site-content-style":"default","site-sidebar-style":"default","ast-global-header-display":"","ast-banner-title-visibility":"","ast-main-header-display":"","ast-hfb-above-header-display":"","ast-hfb-below-header-display":"","ast-hfb-mobile-header-display":"","site-post-title":"","ast-breadcrumbs-content":"","ast-featured-img":"","footer-sml-layout":"","theme-transparent-header-meta":"default","adv-header-id-meta":"","stick-header-meta":"","header-above-stick-meta":"","header-main-stick-meta":"","header-below-stick-meta":"","astra-migrate-meta-layouts":"set","ast-page-background-enabled":"default","ast-page-background-meta":{"desktop":{"background-color":"","background-image":"","background-repeat":"repeat","background-position":"center center","background-size":"auto","background-attachment":"scroll","background-type":"","background-media":"","overlay-type":"","overlay-color":"","overlay-opacity":"","overlay-gradient":""},"tablet":{"background-color":"","background-image":"","background-repeat":"repeat","background-position":"center center","background-size":"auto","background-attachment":"scroll","background-type":"","background-media":"","overlay-type":"","overlay-color":"","overlay-opacity":"","overlay-gradient":""},"mobile":{"background-color":"","background-image":"","background-repeat":"repeat","background-position":"center center","background-size":"auto","background-attachment":"scroll","background-type":"","background-media":"","overlay-type":"","overlay-color":"","overlay-opacity":"","overlay-gradient":""}},"ast-content-background-meta":{"desktop":{"background-color":"var(--ast-global-color-5)","background-image":"","background-repeat":"repeat","background-position":"center center","background-size":"auto","background-attachment":"scroll","background-type":"","background-media":"","overlay-type":"","overlay-color":"","overlay-opacity":"","overlay-gradient":""},"tablet":{"background-color":"var(--ast-global-color-5)","background-image":"","background-repeat":"repeat","background-position":"center center","background-size":"auto","background-attachment":"scroll","background-type":"","background-media":"","overlay-type":"","overlay-color":"","overlay-opacity":"","overlay-gradient":""},"mobile":{"background-color":"var(--ast-global-color-5)","background-image":"","background-repeat":"repeat","background-position":"center center","background-size":"auto","background-attachment":"scroll","background-type":"","background-media":"","overlay-type":"","overlay-color":"","overlay-opacity":"","overlay-gradient":""}}},"product_cat":[69,64,68],"product_tag":[137,186,187,87,174,71],"class_list":{"0":"post-3553","1":"product","2":"type-product","3":"status-publish","4":"has-post-thumbnail","6":"product_cat-product","7":"product_cat-load-moment-indicator","8":"product_cat-weighing-system","9":"product_tag-hydraulic-material-handler","10":"product_tag-hydraulic-material-handler-load-indicator","11":"product_tag-hydraulic-material-handlers-scales","12":"product_tag-load-indicator","13":"product_tag-on-board-weighing-system","14":"product_tag-weighing-system","15":"desktop-align-left","16":"tablet-align-left","17":"mobile-align-left","19":"first","20":"instock","21":"shipping-taxable","22":"product-type-simple"},"aioseo_notices":[],"_links":{"self":[{"href":"https:\/\/szlmi.com\/fr\/wp-json\/wp\/v2\/product\/3553","targetHints":{"allow":["GET"]}}],"collection":[{"href":"https:\/\/szlmi.com\/fr\/wp-json\/wp\/v2\/product"}],"about":[{"href":"https:\/\/szlmi.com\/fr\/wp-json\/wp\/v2\/types\/product"}],"wp:featuredmedia":[{"embeddable":true,"href":"https:\/\/szlmi.com\/fr\/wp-json\/wp\/v2\/media\/7098"}],"wp:attachment":[{"href":"https:\/\/szlmi.com\/fr\/wp-json\/wp\/v2\/media?parent=3553"}],"wp:term":[{"taxonomy":"product_cat","embeddable":true,"href":"https:\/\/szlmi.com\/fr\/wp-json\/wp\/v2\/product_cat?post=3553"},{"taxonomy":"product_tag","embeddable":true,"href":"https:\/\/szlmi.com\/fr\/wp-json\/wp\/v2\/product_tag?post=3553"}],"curies":[{"name":"wp","href":"https:\/\/api.w.org\/{rel}","templated":true}]}}