{"id":2749,"date":"2024-04-01T05:43:08","date_gmt":"2024-04-01T13:43:08","guid":{"rendered":"http:\/\/wh-ng29fgyvclm5x8xhpsh.my3w.com\/?post_type=product&#038;p=2749"},"modified":"2025-11-20T22:39:01","modified_gmt":"2025-11-21T06:39:01","slug":"excavator-weighing-system","status":"publish","type":"product","link":"https:\/\/szlmi.com\/fr\/produit\/excavator-weighing-system\/","title":{"rendered":"Syst\u00e8me de pesage embarqu\u00e9 pour excavatrice"},"content":{"rendered":"<h1 style=\"text-align: center;\"><span style=\"color: #999999;\">Syst\u00e8me de pesage embarqu\u00e9 pour excavatrice<\/span><\/h1>\n<h3><strong>Description de l'image<\/strong><\/h3>\n<p><img fetchpriority=\"high\" decoding=\"async\" class=\"wp-image-4015 aligncenter\" src=\"https:\/\/szlmi.com\/wp-content\/uploads\/2021\/06\/\u5fae\u4fe1\u56fe\u7247_20231209193229-1024x543.jpg\" alt=\"indicateur de charge de l&#039;excavatrice\" width=\"500\" height=\"265\" srcset=\"https:\/\/szlmi.com\/wp-content\/uploads\/2021\/06\/\u5fae\u4fe1\u56fe\u7247_20231209193229-1024x543.jpg 1024w, https:\/\/szlmi.com\/wp-content\/uploads\/2021\/06\/\u5fae\u4fe1\u56fe\u7247_20231209193229-300x159.jpg 300w, https:\/\/szlmi.com\/wp-content\/uploads\/2021\/06\/\u5fae\u4fe1\u56fe\u7247_20231209193229-768x407.jpg 768w, https:\/\/szlmi.com\/wp-content\/uploads\/2021\/06\/\u5fae\u4fe1\u56fe\u7247_20231209193229-18x10.jpg 18w, https:\/\/szlmi.com\/wp-content\/uploads\/2021\/06\/\u5fae\u4fe1\u56fe\u7247_20231209193229-600x318.jpg 600w, https:\/\/szlmi.com\/wp-content\/uploads\/2021\/06\/\u5fae\u4fe1\u56fe\u7247_20231209193229-64x34.jpg 64w, https:\/\/szlmi.com\/wp-content\/uploads\/2021\/06\/\u5fae\u4fe1\u56fe\u7247_20231209193229.jpg 1190w\" sizes=\"(max-width: 500px) 100vw, 500px\" \/><\/p>\n<h3><strong>Introduction<\/strong><\/h3>\n<p>Le <a title=\"Test sur site du syst\u00e8me de pesage de pelleteuses nouvelle g\u00e9n\u00e9ration SEEZOL\" href=\"https:\/\/szlmi.com\/on-site-testing-of-seezol-new-generation-excavator-weighing-system\/\"><strong>Syst\u00e8me de pesage embarqu\u00e9 pour excavatrice<\/strong><\/a> , Aussi appel\u00e9<a title=\"Syst\u00e8me de pesage pour excavatrice SZ-E300\" href=\"https:\/\/szlmi.com\/product\/excavator-weighing-system-sz-e300\/\"><strong> balances d'excavatrice<\/strong><\/a>, est un dispositif \u00e9lectronique install\u00e9 sur l'excavatrice pour calculer le poids. Il peut fournir diverses informations de chargement, telles que la valeur par pelle et la valeur cumul\u00e9e du mat\u00e9riau pes\u00e9, et les afficher. L'impression de la liste, pendant le chargement, refl\u00e8te le volume de chargement de mani\u00e8re dynamique et synchrone, permettant ainsi aux clients d'effectuer des op\u00e9rations de pesage rapidement et \u00e0 moindre co\u00fbt, de charger et de d\u00e9charger avec pr\u00e9cision, d'\u00e9viter les surcharges et d'am\u00e9liorer l'efficacit\u00e9 du travail. Il est largement utilis\u00e9 dans les usines, les mines, les chemins de fer, les ports et autres zones de chargement et de d\u00e9chargement de vrac.<\/p>\n<p><strong>Remarque :<\/strong> Bienvenue pour utiliser le nouveau type\u00a0 <a href=\"https:\/\/szlmi.com\/product\/excavator-weighing-system-sz-e300\/\">SZ-E300<\/a>, plus de fonctions et plus pratique \u00e0 utiliser.<\/p>\n<h3>Cas du syst\u00e8me de pesage d'excavatrice<\/h3>\n<p><img decoding=\"async\" class=\"alignnone wp-image-4363\" src=\"https:\/\/szlmi.com\/wp-content\/uploads\/2024\/04\/excavator-load-.png\" alt=\"\" width=\"658\" height=\"658\" srcset=\"https:\/\/szlmi.com\/wp-content\/uploads\/2024\/04\/excavator-load-.png 1200w, https:\/\/szlmi.com\/wp-content\/uploads\/2024\/04\/excavator-load--300x300.png 300w, https:\/\/szlmi.com\/wp-content\/uploads\/2024\/04\/excavator-load--1024x1024.png 1024w, https:\/\/szlmi.com\/wp-content\/uploads\/2024\/04\/excavator-load--150x150.png 150w, https:\/\/szlmi.com\/wp-content\/uploads\/2024\/04\/excavator-load--768x768.png 768w, https:\/\/szlmi.com\/wp-content\/uploads\/2024\/04\/excavator-load--12x12.png 12w, https:\/\/szlmi.com\/wp-content\/uploads\/2024\/04\/excavator-load--600x600.png 600w, https:\/\/szlmi.com\/wp-content\/uploads\/2024\/04\/excavator-load--100x100.png 100w, https:\/\/szlmi.com\/wp-content\/uploads\/2024\/04\/excavator-load--64x64.png 64w\" sizes=\"(max-width: 658px) 100vw, 658px\" \/><\/p>\n<h3>Vid\u00e9o de fonctionnement du syst\u00e8me de pesage de l'excavatrice<\/h3>\n<div class=\"ast-oembed-container\" style=\"height: 100%;\"><iframe title=\"2024\u5e7410\u67085\u65e5\" width=\"422\" height=\"750\" src=\"https:\/\/www.youtube.com\/embed\/wAxbU6NEuos?feature=oembed\" frameborder=\"0\" allow=\"accelerometer; autoplay; clipboard-write; encrypted-media; gyroscope; picture-in-picture; web-share\" referrerpolicy=\"strict-origin-when-cross-origin\" allowfullscreen><\/iframe><\/div>\n<h3><strong>Caract\u00e9ristiques<\/strong><\/h3>\n<ul>\n<li>Poids unique<\/li>\n<li>Poids cumul\u00e9<\/li>\n<li>temps de fouilles<\/li>\n<li>Avertissement de surcharge<\/li>\n<li>Imprimer le re\u00e7u<\/li>\n<\/ul>\n<h3><strong>Param\u00e8tres du syst\u00e8me<\/strong><\/h3>\n<ul>\n<li>plage : 0~100t<\/li>\n<li>Erreur syst\u00e8me\u00a0: \u00b1\u00a03\u00a0%<\/li>\n<li>erreur d'affichage : \u00b15 %<\/li>\n<li>mode : pes\u00e9e dynamique<\/li>\n<li>Niveau de protection : IP65<\/li>\n<li>Temp\u00e9rature de fonctionnement : -20\u2103\uff5e+70\u2103 ;<\/li>\n<li>Tension de fonctionnement : DC9-36v ;<\/li>\n<\/ul>\n<h3><strong>Mod\u00e8le applicable<\/strong><\/h3>\n<p>excavatrice 10~100 tonnes, pinces et chargeuses.<\/p>","protected":false},"excerpt":{"rendered":"<p style=\"text-align: left;\">Le <a title=\"Test sur site du syst\u00e8me de pesage de pelleteuses nouvelle g\u00e9n\u00e9ration SEEZOL\" href=\"https:\/\/szlmi.com\/on-site-testing-of-seezol-new-generation-excavator-weighing-system\/\"><strong>Syst\u00e8me de pesage embarqu\u00e9 pour excavatrice<\/strong><\/a> , Aussi appel\u00e9<a title=\"Syst\u00e8me de pesage pour excavatrice SZ-E300\" href=\"https:\/\/szlmi.com\/product\/excavator-weighing-system-sz-e300\/\"><strong> balances d'excavatrice<\/strong><\/a>, est un dispositif \u00e9lectronique install\u00e9 sur l'excavatrice pour calculer le poids. Il peut fournir diverses informations de chargement, telles que la valeur par pelle et la valeur cumul\u00e9e du mat\u00e9riau pes\u00e9, et les afficher. L'impression de la liste, pendant le chargement, refl\u00e8te le volume de chargement de mani\u00e8re dynamique et synchrone, permettant ainsi aux clients d'effectuer des op\u00e9rations de pesage rapidement et \u00e0 moindre co\u00fbt, de charger et de d\u00e9charger avec pr\u00e9cision, d'\u00e9viter les surcharges et d'am\u00e9liorer l'efficacit\u00e9 du travail. Il est largement utilis\u00e9 dans les usines, les mines, les chemins de fer, les ports et autres zones de chargement et de d\u00e9chargement de vrac.<\/p>","protected":false},"featured_media":4632,"template":"","meta":{"_monsterinsights_skip_tracking":false,"_monsterinsights_sitenote_active":false,"_monsterinsights_sitenote_note":"","_monsterinsights_sitenote_category":0,"site-sidebar-layout":"no-sidebar","site-content-layout":"default","ast-site-content-layout":"default","site-content-style":"default","site-sidebar-style":"default","ast-global-header-display":"","ast-banner-title-visibility":"","ast-main-header-display":"","ast-hfb-above-header-display":"","ast-hfb-below-header-display":"","ast-hfb-mobile-header-display":"","site-post-title":"","ast-breadcrumbs-content":"","ast-featured-img":"","footer-sml-layout":"","theme-transparent-header-meta":"enabled","adv-header-id-meta":"","stick-header-meta":"","header-above-stick-meta":"","header-main-stick-meta":"","header-below-stick-meta":"","astra-migrate-meta-layouts":"set","ast-page-background-enabled":"default","ast-page-background-meta":{"desktop":{"background-color":"","background-image":"","background-repeat":"repeat","background-position":"center center","background-size":"auto","background-attachment":"scroll","background-type":"","background-media":"","overlay-type":"","overlay-color":"","overlay-opacity":"","overlay-gradient":""},"tablet":{"background-color":"","background-image":"","background-repeat":"repeat","background-position":"center center","background-size":"auto","background-attachment":"scroll","background-type":"","background-media":"","overlay-type":"","overlay-color":"","overlay-opacity":"","overlay-gradient":""},"mobile":{"background-color":"","background-image":"","background-repeat":"repeat","background-position":"center center","background-size":"auto","background-attachment":"scroll","background-type":"","background-media":"","overlay-type":"","overlay-color":"","overlay-opacity":"","overlay-gradient":""}},"ast-content-background-meta":{"desktop":{"background-color":"var(--ast-global-color-5)","background-image":"","background-repeat":"repeat","background-position":"center center","background-size":"auto","background-attachment":"scroll","background-type":"","background-media":"","overlay-type":"","overlay-color":"","overlay-opacity":"","overlay-gradient":""},"tablet":{"background-color":"var(--ast-global-color-5)","background-image":"","background-repeat":"repeat","background-position":"center center","background-size":"auto","background-attachment":"scroll","background-type":"","background-media":"","overlay-type":"","overlay-color":"","overlay-opacity":"","overlay-gradient":""},"mobile":{"background-color":"var(--ast-global-color-5)","background-image":"","background-repeat":"repeat","background-position":"center center","background-size":"auto","background-attachment":"scroll","background-type":"","background-media":"","overlay-type":"","overlay-color":"","overlay-opacity":"","overlay-gradient":""}}},"product_cat":[69,68],"product_tag":[73,66,65,72,71],"class_list":{"0":"post-2749","1":"product","2":"type-product","3":"status-publish","4":"has-post-thumbnail","6":"product_cat-product","7":"product_cat-weighing-system","8":"product_tag-electronic-scale","9":"product_tag-excavator-indicator","10":"product_tag-excavator-lmi","11":"product_tag-weighing","12":"product_tag-weighing-system","13":"desktop-align-left","14":"tablet-align-left","15":"mobile-align-left","17":"first","18":"instock","19":"sale","20":"shipping-taxable","21":"purchasable","22":"product-type-simple"},"aioseo_notices":[],"_links":{"self":[{"href":"https:\/\/szlmi.com\/fr\/wp-json\/wp\/v2\/product\/2749","targetHints":{"allow":["GET"]}}],"collection":[{"href":"https:\/\/szlmi.com\/fr\/wp-json\/wp\/v2\/product"}],"about":[{"href":"https:\/\/szlmi.com\/fr\/wp-json\/wp\/v2\/types\/product"}],"wp:featuredmedia":[{"embeddable":true,"href":"https:\/\/szlmi.com\/fr\/wp-json\/wp\/v2\/media\/4632"}],"wp:attachment":[{"href":"https:\/\/szlmi.com\/fr\/wp-json\/wp\/v2\/media?parent=2749"}],"wp:term":[{"taxonomy":"product_cat","embeddable":true,"href":"https:\/\/szlmi.com\/fr\/wp-json\/wp\/v2\/product_cat?post=2749"},{"taxonomy":"product_tag","embeddable":true,"href":"https:\/\/szlmi.com\/fr\/wp-json\/wp\/v2\/product_tag?post=2749"}],"curies":[{"name":"wp","href":"https:\/\/api.w.org\/{rel}","templated":true}]}}