{"id":2730,"date":"2021-06-10T04:04:56","date_gmt":"2021-06-10T12:04:56","guid":{"rendered":"http:\/\/wh-ng29fgyvclm5x8xhpsh.my3w.com\/?post_type=product&#038;p=2730"},"modified":"2025-11-20T22:39:29","modified_gmt":"2025-11-21T06:39:29","slug":"truck-weighing-system","status":"publish","type":"product","link":"https:\/\/szlmi.com\/fr\/produit\/truck-weighing-system\/","title":{"rendered":"indicateur de charge du camion"},"content":{"rendered":"<p><strong>Description de l'image<\/strong><\/p>\n<p><img fetchpriority=\"high\" decoding=\"async\" class=\"wp-image-3174\" src=\"http:\/\/wh-ng29fgyvclm5x8xhpsh.my3w.com\/wp-content\/uploads\/2021\/06\/\u793a\u610f\u56fe-300x159.gif\" alt=\"indicateur de surcharge du camion\" width=\"396\" height=\"210\" srcset=\"https:\/\/szlmi.com\/wp-content\/uploads\/2021\/06\/\u793a\u610f\u56fe-300x159.gif 300w, https:\/\/szlmi.com\/wp-content\/uploads\/2021\/06\/\u793a\u610f\u56fe-64x34.gif 64w\" sizes=\"(max-width: 396px) 100vw, 396px\" \/><\/p>\n<p><strong>Introduction<\/strong><\/p>\n<p><a href=\"http:\/\/wh-ng29fgyvclm5x8xhpsh.my3w.com\/\">indicateur de charge du camion<\/a> Il collecte le poids du v\u00e9hicule en temps r\u00e9el, affiche les informations de poids sur l'\u00e9cran du v\u00e9hicule et transmet les donn\u00e9es au terminal de surveillance via le module de transmission de positionnement GPS. Il pr\u00e9vient ainsi les surcharges.<\/p>\n<p><strong>Caract\u00e9ristiques<\/strong><\/p>\n<ul>\n<li>Poids en temps r\u00e9el<\/li>\n<li>Charge nominale<\/li>\n<li>Alarme de surcharge<\/li>\n<li>Enregistrement de la surcharge<\/li>\n<li>Donn\u00e9es \u00e0 distance<\/li>\n<\/ul>\n<p><strong>Param\u00e8tres du syst\u00e8me<\/strong><\/p>\n<ul>\n<li>port\u00e9e : 5 \u00e0 100 t<\/li>\n<li>Erreur syst\u00e8me\u00a0: \u00b1\u00a03\u00a0%<\/li>\n<li>erreur d'affichage : \u00b15 %<\/li>\n<li>mode : pes\u00e9e dynamique<\/li>\n<li>Niveau de protection : IP65<\/li>\n<li>Temp\u00e9rature de fonctionnement : -20\u2103\uff5e+70\u2103 ;<\/li>\n<li>Tension de fonctionnement : DC9-36v ;<\/li>\n<\/ul>\n<p><strong>Mod\u00e8le applicable<\/strong><\/p>\n<p>camion 10~100 tonnes, camion \u00e0 benne basculante, camion poubelle et wagonnet.<\/p>\n<p>&nbsp;<\/p>\n<p><strong>Sc\u00e9nario d'application<\/strong><\/p>\n<figure id=\"attachment_3021\" class=\"wp-caption alignnone\" aria-describedby=\"caption-attachment-3021\"><figcaption id=\"caption-attachment-3021\" class=\"wp-caption-text\"><img decoding=\"async\" class=\"alignnone size-medium wp-image-3162\" src=\"http:\/\/wh-ng29fgyvclm5x8xhpsh.my3w.com\/wp-content\/uploads\/2021\/06\/excavators-truck-auto-1673927-300x189.jpg\" alt=\"excavateurs, camion, auto-1673927.jpg\" width=\"300\" height=\"189\" srcset=\"https:\/\/szlmi.com\/wp-content\/uploads\/2021\/06\/excavators-truck-auto-1673927-300x189.jpg 300w, https:\/\/szlmi.com\/wp-content\/uploads\/2021\/06\/excavators-truck-auto-1673927-1024x646.jpg 1024w, https:\/\/szlmi.com\/wp-content\/uploads\/2021\/06\/excavators-truck-auto-1673927-768x484.jpg 768w, https:\/\/szlmi.com\/wp-content\/uploads\/2021\/06\/excavators-truck-auto-1673927-600x378.jpg 600w, https:\/\/szlmi.com\/wp-content\/uploads\/2021\/06\/excavators-truck-auto-1673927-64x40.jpg 64w, https:\/\/szlmi.com\/wp-content\/uploads\/2021\/06\/excavators-truck-auto-1673927.jpg 1280w\" sizes=\"(max-width: 300px) 100vw, 300px\" \/><\/figcaption><\/figure>","protected":false},"excerpt":{"rendered":"<p><a href=\"http:\/\/wh-ng29fgyvclm5x8xhpsh.my3w.com\/\">indicateur de charge du camion<\/a> Il collecte le poids du v\u00e9hicule en temps r\u00e9el, affiche les informations de poids sur l'\u00e9cran du v\u00e9hicule et transmet les donn\u00e9es au terminal de surveillance via le module de transmission de positionnement GPS. Il pr\u00e9vient ainsi les surcharges.<\/p>","protected":false},"featured_media":4643,"template":"","meta":{"_monsterinsights_skip_tracking":false,"_monsterinsights_sitenote_active":false,"_monsterinsights_sitenote_note":"","_monsterinsights_sitenote_category":0,"site-sidebar-layout":"no-sidebar","site-content-layout":"default","ast-site-content-layout":"default","site-content-style":"default","site-sidebar-style":"default","ast-global-header-display":"","ast-banner-title-visibility":"","ast-main-header-display":"","ast-hfb-above-header-display":"","ast-hfb-below-header-display":"","ast-hfb-mobile-header-display":"","site-post-title":"","ast-breadcrumbs-content":"disabled","ast-featured-img":"","footer-sml-layout":"","theme-transparent-header-meta":"enabled","adv-header-id-meta":"","stick-header-meta":"","header-above-stick-meta":"","header-main-stick-meta":"","header-below-stick-meta":"","astra-migrate-meta-layouts":"set","ast-page-background-enabled":"default","ast-page-background-meta":{"desktop":{"background-color":"","background-image":"","background-repeat":"repeat","background-position":"center center","background-size":"auto","background-attachment":"scroll","background-type":"","background-media":"","overlay-type":"","overlay-color":"","overlay-opacity":"","overlay-gradient":""},"tablet":{"background-color":"","background-image":"","background-repeat":"repeat","background-position":"center center","background-size":"auto","background-attachment":"scroll","background-type":"","background-media":"","overlay-type":"","overlay-color":"","overlay-opacity":"","overlay-gradient":""},"mobile":{"background-color":"","background-image":"","background-repeat":"repeat","background-position":"center center","background-size":"auto","background-attachment":"scroll","background-type":"","background-media":"","overlay-type":"","overlay-color":"","overlay-opacity":"","overlay-gradient":""}},"ast-content-background-meta":{"desktop":{"background-color":"var(--ast-global-color-5)","background-image":"","background-repeat":"repeat","background-position":"center center","background-size":"auto","background-attachment":"scroll","background-type":"","background-media":"","overlay-type":"","overlay-color":"","overlay-opacity":"","overlay-gradient":""},"tablet":{"background-color":"var(--ast-global-color-5)","background-image":"","background-repeat":"repeat","background-position":"center center","background-size":"auto","background-attachment":"scroll","background-type":"","background-media":"","overlay-type":"","overlay-color":"","overlay-opacity":"","overlay-gradient":""},"mobile":{"background-color":"var(--ast-global-color-5)","background-image":"","background-repeat":"repeat","background-position":"center center","background-size":"auto","background-attachment":"scroll","background-type":"","background-media":"","overlay-type":"","overlay-color":"","overlay-opacity":"","overlay-gradient":""}}},"product_cat":[69,68],"product_tag":[66,65,88,75,76,71],"class_list":{"0":"post-2730","1":"product","2":"type-product","3":"status-publish","4":"has-post-thumbnail","6":"product_cat-product","7":"product_cat-weighing-system","8":"product_tag-excavator-indicator","9":"product_tag-excavator-lmi","10":"product_tag-lorry-load-indicator","11":"product_tag-truck-loading","12":"product_tag-truck-overload","13":"product_tag-weighing-system","14":"desktop-align-left","15":"tablet-align-left","16":"mobile-align-left","18":"first","19":"instock","20":"sale","21":"shipping-taxable","22":"purchasable","23":"product-type-simple"},"aioseo_notices":[],"_links":{"self":[{"href":"https:\/\/szlmi.com\/fr\/wp-json\/wp\/v2\/product\/2730","targetHints":{"allow":["GET"]}}],"collection":[{"href":"https:\/\/szlmi.com\/fr\/wp-json\/wp\/v2\/product"}],"about":[{"href":"https:\/\/szlmi.com\/fr\/wp-json\/wp\/v2\/types\/product"}],"wp:featuredmedia":[{"embeddable":true,"href":"https:\/\/szlmi.com\/fr\/wp-json\/wp\/v2\/media\/4643"}],"wp:attachment":[{"href":"https:\/\/szlmi.com\/fr\/wp-json\/wp\/v2\/media?parent=2730"}],"wp:term":[{"taxonomy":"product_cat","embeddable":true,"href":"https:\/\/szlmi.com\/fr\/wp-json\/wp\/v2\/product_cat?post=2730"},{"taxonomy":"product_tag","embeddable":true,"href":"https:\/\/szlmi.com\/fr\/wp-json\/wp\/v2\/product_tag?post=2730"}],"curies":[{"name":"wp","href":"https:\/\/api.w.org\/{rel}","templated":true}]}}