{"id":7075,"date":"2026-02-10T18:32:24","date_gmt":"2026-02-11T02:32:24","guid":{"rendered":"https:\/\/szlmi.com\/?post_type=product&#038;p=7075"},"modified":"2026-03-05T01:37:49","modified_gmt":"2026-03-05T09:37:49","slug":"crane-safe-load-limiter","status":"publish","type":"product","link":"https:\/\/szlmi.com\/es\/producto\/crane-safe-load-limiter\/","title":{"rendered":"Indicador de momento de carga (IMC) de cami\u00f3n gr\u00faa"},"content":{"rendered":"<h1 style=\"text-align: center;\"><span style=\"color: #336699;\"><strong>Cami\u00f3n Gr\u00faa de carga<\/strong> monitor<\/span><\/h1>\n<p>&nbsp;<\/p>\n<h3><span style=\"color: #336699;\"><strong>Descripci\u00f3n de la imagen<\/strong><\/span><\/h3>\n<p><img fetchpriority=\"high\" decoding=\"async\" class=\"size-full wp-image-7076 aligncenter\" src=\"https:\/\/szlmi.com\/wp-content\/uploads\/2026\/02\/1-1.jpg\" alt=\"\" width=\"600\" height=\"600\" srcset=\"https:\/\/szlmi.com\/wp-content\/uploads\/2026\/02\/1-1.jpg 1000w, https:\/\/szlmi.com\/wp-content\/uploads\/2026\/02\/1-1-300x300.jpg 300w, https:\/\/szlmi.com\/wp-content\/uploads\/2026\/02\/1-1-150x150.jpg 150w, https:\/\/szlmi.com\/wp-content\/uploads\/2026\/02\/1-1-768x768.jpg 768w, https:\/\/szlmi.com\/wp-content\/uploads\/2026\/02\/1-1-12x12.jpg 12w, https:\/\/szlmi.com\/wp-content\/uploads\/2026\/02\/1-1-600x600.jpg 600w, https:\/\/szlmi.com\/wp-content\/uploads\/2026\/02\/1-1-100x100.jpg 100w, https:\/\/szlmi.com\/wp-content\/uploads\/2026\/02\/1-1-64x64.jpg 64w\" sizes=\"(max-width: 600px) 100vw, 600px\" \/><\/p>\n<hr \/>\n<h3><span style=\"color: #336699;\"><strong>Introducci\u00f3n<\/strong><\/span><\/h3>\n<p class=\"ds-markdown-paragraph\"><span data-imt-p=\"1\">El SZ-TC01 <a class=\"key-tag\" href=\"https:\/\/szlmi.com\/product-category\/product\/load-moment-indicator\/\" target=\"_blank\" rel=\"noopener\"><strong>indicador de momento de carga<\/strong><\/a> (LMI) para un cami\u00f3n gr\u00faa es un dispositivo de seguridad b\u00e1sico que supervisa el estado de carga de la gr\u00faa en tiempo real y evita sobrecargas y vuelcos. Al integrar los datos mec\u00e1nicos con los par\u00e1metros del equipo, proporciona a los operadores advertencias de seguridad precisas para garantizar la seguridad operativa.<\/span><\/p>\n<hr \/>\n<h3><span style=\"color: #336699;\"><strong>Componentes clave del sistema LMI<\/strong><\/span><\/h3>\n<ol class=\"list-paddingleft-2\" start=\"1\">\n<li>\n<p class=\"ds-markdown-paragraph\"><span data-imt-p=\"1\">Unidad de visualizaci\u00f3n<\/span><\/p>\n<ul class=\"list-paddingleft-2\">\n<li>\n<p class=\"ds-markdown-paragraph\"><span data-imt-p=\"1\">Capacidad nominal de elevaci\u00f3n (carga de trabajo segura)<\/span><\/p>\n<\/li>\n<li>\n<p class=\"ds-markdown-paragraph\"><span data-imt-p=\"1\">Carga real (medida por sensores)<\/span><\/p>\n<\/li>\n<li>\n<p class=\"ds-markdown-paragraph\"><span data-imt-p=\"1\">Longitud de la pluma (a partir de los sensores de longitud)<\/span><\/p>\n<\/li>\n<li>\n<p class=\"ds-markdown-paragraph\"><span data-imt-p=\"1\">\u00c1ngulo de la pluma (de los sensores de \u00e1ngulo)<\/span><\/p>\n<\/li>\n<\/ul>\n<ul class=\"list-paddingleft-2\">\n<li>\n<p class=\"ds-markdown-paragraph\"><span data-imt-p=\"1\">Muestra datos en tiempo real como:<\/span><\/p>\n<\/li>\n<li>\n<p class=\"ds-markdown-paragraph\"><span data-imt-p=\"1\">Tambi\u00e9n puede mostrar la velocidad del viento, el estado del estabilizador y el radio (alcance de trabajo).<\/span><\/p>\n<\/li>\n<\/ul>\n<\/li>\n<li>\n<p class=\"ds-markdown-paragraph\"><span data-imt-p=\"1\">Sensores de presi\u00f3n hidr\u00e1ulica<\/span><\/p>\n<ul class=\"list-paddingleft-2\">\n<li>\n<p class=\"ds-markdown-paragraph\"><span data-imt-p=\"1\">Mida la carga de la gr\u00faa detectando la presi\u00f3n en el sistema hidr\u00e1ulico de elevaci\u00f3n.<\/span><\/p>\n<\/li>\n<li>\n<p class=\"ds-markdown-paragraph\"><span data-imt-p=\"1\">Convierte la fuerza hidr\u00e1ulica en una se\u00f1al el\u00e9ctrica para el procesador LMI.<\/span><\/p>\n<\/li>\n<\/ul>\n<\/li>\n<li>\n<p class=\"ds-markdown-paragraph\"><span data-imt-p=\"1\">Sensores de longitud de la pluma<\/span><\/p>\n<ul class=\"list-paddingleft-2\">\n<li>\n<p class=\"ds-markdown-paragraph\"><span data-imt-p=\"1\">Normalmente un potenci\u00f3metro o codificador que controla la extensi\u00f3n de la pluma telesc\u00f3pica.<\/span><\/p>\n<\/li>\n<\/ul>\n<\/li>\n<li>\n<p class=\"ds-markdown-paragraph\"><span data-imt-p=\"1\">Sensor de \u00e1ngulo de la pluma (inclin\u00f3metro)<\/span><\/p>\n<ul class=\"list-paddingleft-2\">\n<li>\n<p class=\"ds-markdown-paragraph\"><span data-imt-p=\"1\">Mide el \u00e1ngulo de la pluma respecto al suelo.<\/span><\/p>\n<\/li>\n<li>\n<p class=\"ds-markdown-paragraph\"><span data-imt-p=\"1\">Cr\u00edtico para calcular la capacidad de carga (los \u00e1ngulos m\u00e1s altos suelen permitir cargas m\u00e1s pesadas).<\/span><\/p>\n<\/li>\n<\/ul>\n<\/li>\n<li>\n<p class=\"ds-markdown-paragraph\"><span data-imt-p=\"1\">Unidad de control (procesador)<\/span><\/p>\n<ul class=\"list-paddingleft-2\">\n<li>\n<p class=\"ds-markdown-paragraph\"><span data-imt-p=\"1\">Calcula los l\u00edmites de trabajo seguros en funci\u00f3n de las entradas de los sensores.<\/span><\/p>\n<\/li>\n<li>\n<p class=\"ds-markdown-paragraph\"><span data-imt-p=\"1\">Compara la carga real con la capacidad nominal y activa alarmas si se superan los l\u00edmites.<\/span><\/p>\n<\/li>\n<\/ul>\n<\/li>\n<\/ol>\n<p><img decoding=\"async\" class=\"size-full wp-image-7077 aligncenter\" src=\"https:\/\/szlmi.com\/wp-content\/uploads\/2026\/02\/\u672a\u6807\u9898-1.jpg\" alt=\"\" width=\"1656\" height=\"300\" srcset=\"https:\/\/szlmi.com\/wp-content\/uploads\/2026\/02\/\u672a\u6807\u9898-1.jpg 1656w, https:\/\/szlmi.com\/wp-content\/uploads\/2026\/02\/\u672a\u6807\u9898-1-300x54.jpg 300w, https:\/\/szlmi.com\/wp-content\/uploads\/2026\/02\/\u672a\u6807\u9898-1-1024x186.jpg 1024w, https:\/\/szlmi.com\/wp-content\/uploads\/2026\/02\/\u672a\u6807\u9898-1-768x139.jpg 768w, https:\/\/szlmi.com\/wp-content\/uploads\/2026\/02\/\u672a\u6807\u9898-1-1536x278.jpg 1536w, https:\/\/szlmi.com\/wp-content\/uploads\/2026\/02\/\u672a\u6807\u9898-1-18x3.jpg 18w, https:\/\/szlmi.com\/wp-content\/uploads\/2026\/02\/\u672a\u6807\u9898-1-600x109.jpg 600w, https:\/\/szlmi.com\/wp-content\/uploads\/2026\/02\/\u672a\u6807\u9898-1-64x12.jpg 64w\" sizes=\"(max-width: 1656px) 100vw, 1656px\" \/><\/p>\n<hr \/>\n<h3><span style=\"color: #336699;\"><strong>Caracter\u00edsticas\u00a0<\/strong><\/span><\/h3>\n<ul>\n<li>F\u00e1cil de instalar, inst\u00e1lelo usted mismo.<\/li>\n<li>Visualizaci\u00f3n de datos de peso, radio y altura<\/li>\n<li>Advertencia de altura, peso y sobrecarga<\/li>\n<li>registro de datos de sobrecarga<\/li>\n<li>Alarma por Audible<\/li>\n<\/ul>\n<hr \/>\n<h3><span style=\"color: #336699;\"><strong>Par\u00e1metros del sistema<\/strong><\/span><\/h3>\n<table style=\"line-height: 30px;\" width=\"809\" cellspacing=\"0\" align=\"center\">\n<tbody>\n<tr class=\"firstRow\">\n<td align=\"center\" valign=\"middle\" width=\"200\">\n<p data-imt-p=\"1\">Rango de medida<\/p>\n<\/td>\n<td align=\"center\" valign=\"middle\" width=\"200\">\n<p data-imt-p=\"1\">1 \uff5e 60T<\/p>\n<\/td>\n<\/tr>\n<tr>\n<td align=\"center\" valign=\"middle\" width=\"154\">\n<p data-imt-p=\"1\">Capacidad resolutiva<\/p>\n<\/td>\n<td align=\"center\" valign=\"middle\" width=\"154\">0.02T<\/td>\n<\/tr>\n<tr>\n<td align=\"center\" valign=\"middle\" width=\"154\">\n<p data-imt-p=\"1\">Precisi\u00f3n combinada<\/p>\n<\/td>\n<td align=\"center\" valign=\"middle\" width=\"154\">\n<p data-imt-p=\"1\">\u00b13%\uff08F.S.\uff09<\/p>\n<\/td>\n<\/tr>\n<tr>\n<td align=\"center\" valign=\"middle\" width=\"154\">\n<p data-imt-p=\"1\">Tensi\u00f3n el\u00e9ctrica<\/p>\n<\/td>\n<td align=\"center\" valign=\"middle\" width=\"154\">\n<p data-imt-p=\"1\">CC12-36V \u00b1 5%<\/p>\n<\/td>\n<\/tr>\n<tr>\n<td align=\"center\" valign=\"middle\" width=\"154\">\n<p data-imt-p=\"1\">Temperatura<\/p>\n<\/td>\n<td align=\"center\" valign=\"middle\" width=\"154\">\n<p data-imt-p=\"1\">-20\u2103 - +70\u2103<\/p>\n<\/td>\n<\/tr>\n<tr>\n<td align=\"center\" valign=\"middle\" width=\"154\">\n<p data-imt-p=\"1\">Humedad relativa<\/p>\n<\/td>\n<td align=\"center\" valign=\"middle\" width=\"154\">\n<p data-imt-p=\"1\">90%(20\u2103)<\/p>\n<\/td>\n<\/tr>\n<tr>\n<td align=\"center\" valign=\"middle\" width=\"154\">\n<p data-imt-p=\"1\">Error de acci\u00f3n<\/p>\n<\/td>\n<td align=\"center\" valign=\"middle\" width=\"154\">\n<p data-imt-p=\"1\">&lt;\u00b11%\uff08F.S.\uff09<\/p>\n<\/td>\n<\/tr>\n<tr>\n<td align=\"center\" valign=\"middle\" width=\"154\">\n<p data-imt-p=\"1\">Protecci\u00f3n contra la entrada de agua y polvo<\/p>\n<\/td>\n<td align=\"center\" valign=\"middle\" width=\"154\">IP65<\/td>\n<\/tr>\n<\/tbody>\n<\/table>\n<hr \/>\n<h3><span style=\"color: #336699;\">Modelos de camiones gr\u00faa compatibles<\/span><\/h3>\n<p><img decoding=\"async\" class=\"size-full wp-image-7078 aligncenter\" src=\"https:\/\/szlmi.com\/wp-content\/uploads\/2026\/02\/1.jpg\" alt=\"\" width=\"1656\" height=\"300\" srcset=\"https:\/\/szlmi.com\/wp-content\/uploads\/2026\/02\/1.jpg 1656w, https:\/\/szlmi.com\/wp-content\/uploads\/2026\/02\/1-300x54.jpg 300w, https:\/\/szlmi.com\/wp-content\/uploads\/2026\/02\/1-1024x186.jpg 1024w, https:\/\/szlmi.com\/wp-content\/uploads\/2026\/02\/1-768x139.jpg 768w, https:\/\/szlmi.com\/wp-content\/uploads\/2026\/02\/1-1536x278.jpg 1536w, https:\/\/szlmi.com\/wp-content\/uploads\/2026\/02\/1-18x3.jpg 18w, https:\/\/szlmi.com\/wp-content\/uploads\/2026\/02\/1-600x109.jpg 600w, https:\/\/szlmi.com\/wp-content\/uploads\/2026\/02\/1-64x12.jpg 64w\" sizes=\"(max-width: 1656px) 100vw, 1656px\" \/><\/p>","protected":false},"excerpt":{"rendered":"<p>Truck Crane load indicator &nbsp; Picture Description Introduction The SZ-TC01 load moment indicator (LMI) system for a Truck\u00a0 Crane is a core safety device that monitors the crane&#8217;s load status in real time and prevents overloading and tipping. By integrating mechanical data with equipment parameters, it provides operators with accurate safety warnings to ensure operational [&hellip;]<\/p>","protected":false},"featured_media":7079,"template":"","meta":{"_monsterinsights_skip_tracking":false,"_monsterinsights_sitenote_active":false,"_monsterinsights_sitenote_note":"","_monsterinsights_sitenote_category":0,"site-sidebar-layout":"default","site-content-layout":"","ast-site-content-layout":"default","site-content-style":"default","site-sidebar-style":"default","ast-global-header-display":"","ast-banner-title-visibility":"","ast-main-header-display":"","ast-hfb-above-header-display":"","ast-hfb-below-header-display":"","ast-hfb-mobile-header-display":"","site-post-title":"","ast-breadcrumbs-content":"","ast-featured-img":"","footer-sml-layout":"","theme-transparent-header-meta":"default","adv-header-id-meta":"","stick-header-meta":"","header-above-stick-meta":"","header-main-stick-meta":"","header-below-stick-meta":"","astra-migrate-meta-layouts":"set","ast-page-background-enabled":"default","ast-page-background-meta":{"desktop":{"background-color":"","background-image":"","background-repeat":"repeat","background-position":"center center","background-size":"auto","background-attachment":"scroll","background-type":"","background-media":"","overlay-type":"","overlay-color":"","overlay-opacity":"","overlay-gradient":""},"tablet":{"background-color":"","background-image":"","background-repeat":"repeat","background-position":"center center","background-size":"auto","background-attachment":"scroll","background-type":"","background-media":"","overlay-type":"","overlay-color":"","overlay-opacity":"","overlay-gradient":""},"mobile":{"background-color":"","background-image":"","background-repeat":"repeat","background-position":"center center","background-size":"auto","background-attachment":"scroll","background-type":"","background-media":"","overlay-type":"","overlay-color":"","overlay-opacity":"","overlay-gradient":""}},"ast-content-background-meta":{"desktop":{"background-color":"var(--ast-global-color-5)","background-image":"","background-repeat":"repeat","background-position":"center center","background-size":"auto","background-attachment":"scroll","background-type":"","background-media":"","overlay-type":"","overlay-color":"","overlay-opacity":"","overlay-gradient":""},"tablet":{"background-color":"var(--ast-global-color-5)","background-image":"","background-repeat":"repeat","background-position":"center center","background-size":"auto","background-attachment":"scroll","background-type":"","background-media":"","overlay-type":"","overlay-color":"","overlay-opacity":"","overlay-gradient":""},"mobile":{"background-color":"var(--ast-global-color-5)","background-image":"","background-repeat":"repeat","background-position":"center center","background-size":"auto","background-attachment":"scroll","background-type":"","background-media":"","overlay-type":"","overlay-color":"","overlay-opacity":"","overlay-gradient":""}}},"product_cat":[64],"product_tag":[84,198,80],"class_list":{"0":"post-7075","1":"product","2":"type-product","3":"status-publish","4":"has-post-thumbnail","6":"product_cat-load-moment-indicator","7":"product_tag-crane-load-moment-indicator","8":"product_tag-crane-safe-load-indicator-sli","9":"product_tag-lmi","10":"desktop-align-left","11":"tablet-align-left","12":"mobile-align-left","14":"first","15":"instock","16":"shipping-taxable","17":"product-type-simple"},"aioseo_notices":[],"_links":{"self":[{"href":"https:\/\/szlmi.com\/es\/wp-json\/wp\/v2\/product\/7075","targetHints":{"allow":["GET"]}}],"collection":[{"href":"https:\/\/szlmi.com\/es\/wp-json\/wp\/v2\/product"}],"about":[{"href":"https:\/\/szlmi.com\/es\/wp-json\/wp\/v2\/types\/product"}],"wp:featuredmedia":[{"embeddable":true,"href":"https:\/\/szlmi.com\/es\/wp-json\/wp\/v2\/media\/7079"}],"wp:attachment":[{"href":"https:\/\/szlmi.com\/es\/wp-json\/wp\/v2\/media?parent=7075"}],"wp:term":[{"taxonomy":"product_cat","embeddable":true,"href":"https:\/\/szlmi.com\/es\/wp-json\/wp\/v2\/product_cat?post=7075"},{"taxonomy":"product_tag","embeddable":true,"href":"https:\/\/szlmi.com\/es\/wp-json\/wp\/v2\/product_tag?post=7075"}],"curies":[{"name":"wp","href":"https:\/\/api.w.org\/{rel}","templated":true}]}}