{"id":6866,"date":"2024-12-21T18:21:56","date_gmt":"2024-12-22T02:21:56","guid":{"rendered":"https:\/\/szlmi.com\/?post_type=product&#038;p=6866"},"modified":"2026-03-05T20:47:10","modified_gmt":"2026-03-06T04:47:10","slug":"weight-sensor","status":"publish","type":"product","link":"https:\/\/szlmi.com\/es\/producto\/weight-sensor\/","title":{"rendered":"Sensor de peso"},"content":{"rendered":"<h3><span style=\"color: #336699;\"><strong>Descripci\u00f3n de la imagen<\/strong><\/span><\/h3>\n<p><img fetchpriority=\"high\" decoding=\"async\" class=\"size-full wp-image-6867 aligncenter\" src=\"https:\/\/szlmi.com\/wp-content\/uploads\/2025\/12\/1-3-3.jpg\" alt=\"\" width=\"400\" height=\"1000\" \/><\/p>\n<hr \/>\n<h3><span style=\"color: #336699;\"><strong>Introducci\u00f3n<\/strong><\/span><\/h3>\n<div class=\"br-block\">La c\u00e9lula de carga de tipo anillo es un componente de pesaje de alta precisi\u00f3n con una abertura central y una estructura en forma de anillo. Convierte la presi\u00f3n o la tensi\u00f3n en se\u00f1ales el\u00e9ctricas para medir el peso. Gracias a su dise\u00f1o compacto y a su gran resistencia a la carga descentrada, se utiliza ampliamente en situaciones que requieren un espacio de instalaci\u00f3n limitado y un rendimiento de medici\u00f3n estable.<\/div>\n<hr \/>\n<h3><span style=\"color: #336699;\"><strong>Principio de funcionamiento<\/strong><\/span><\/h3>\n<div class=\"br-block\">Cuando un peso (o presi\u00f3n, tensi\u00f3n) act\u00faa sobre el sensor anular, el cuerpo el\u00e1stico anular sufre una ligera deformaci\u00f3n que provoca el estiramiento o la compresi\u00f3n de la galga extensom\u00e9trica. El cambio en la resistencia de la galga extensom\u00e9trica genera una d\u00e9bil se\u00f1al de tensi\u00f3n (normalmente a nivel de milivoltios) procedente del puente de Wheatstone. Esta se\u00f1al es amplificada por un amplificador y transmitida al instrumento de pesaje o al controlador, convirti\u00e9ndose finalmente en una lectura visual del peso.<\/div>\n<div>\n<div>\n<div id=\"lTZJPScUORWG-text\" class=\"lc-a-text show\">\n<hr \/>\n<h3><span style=\"color: #336699;\"><strong>Par\u00e1metros<\/strong><\/span><\/h3>\n<\/div>\n<\/div>\n<\/div>\n<div>\n<div>\n<div class=\"lc-a-table\" data-atom-id=\"HfwQgFVhHYka-table\">\n<table class=\"rich-text-table fill-zebra\">\n<colgroup>\n<col width=\"300\" \/><\/colgroup>\n<colgroup>\n<col width=\"300\" \/><\/colgroup>\n<tbody>\n<tr>\n<td class=\"td-view\" colspan=\"1\" rowspan=\"1\" data-row=\"0\" data-col=\"0\">\n<div style=\"text-align: center;\">Capacidad<\/div>\n<\/td>\n<td class=\"td-view\" style=\"text-align: center;\" colspan=\"1\" rowspan=\"1\" data-row=\"0\" data-col=\"1\">\n<div>10t<\/div>\n<\/td>\n<\/tr>\n<tr>\n<td class=\"td-view\" colspan=\"1\" rowspan=\"1\" data-row=\"1\" data-col=\"0\">\n<div style=\"text-align: center;\">Clase de precisi\u00f3n<\/div>\n<\/td>\n<td class=\"td-view\" style=\"text-align: center;\" colspan=\"1\" rowspan=\"1\" data-row=\"1\" data-col=\"1\">\n<div>C3<\/div>\n<\/td>\n<\/tr>\n<tr>\n<td class=\"td-view\" colspan=\"1\" rowspan=\"1\" data-row=\"2\" data-col=\"0\">\n<div style=\"text-align: center;\">Sensibilidad<\/div>\n<\/td>\n<td class=\"td-view\" style=\"text-align: center;\" colspan=\"1\" rowspan=\"1\" data-row=\"2\" data-col=\"1\">\n<div data-imt_insert_failed=\"1\">2,0 \u00b1 0,02mV\/V<\/div>\n<\/td>\n<\/tr>\n<tr>\n<td class=\"td-view\" colspan=\"1\" rowspan=\"1\" data-row=\"3\" data-col=\"0\">\n<div style=\"text-align: center;\">Error de no linealidad<\/div>\n<\/td>\n<td class=\"td-view\" colspan=\"1\" rowspan=\"1\" data-row=\"3\" data-col=\"1\">\n<div style=\"text-align: center;\" data-imt_insert_failed=\"1\">\u2264\u00b1 0,02% FS<\/div>\n<\/td>\n<\/tr>\n<tr>\n<td class=\"td-view\" style=\"text-align: center;\" colspan=\"1\" rowspan=\"1\" data-row=\"4\" data-col=\"0\">\n<div>Grado de protecci\u00f3n contra la penetraci\u00f3n<\/div>\n<\/td>\n<td class=\"td-view\" colspan=\"1\" rowspan=\"1\" data-row=\"4\" data-col=\"1\">\n<div style=\"text-align: center;\">IP67<\/div>\n<\/td>\n<\/tr>\n<tr>\n<td class=\"td-view\" style=\"text-align: center;\" colspan=\"1\" rowspan=\"1\" data-row=\"5\" data-col=\"0\">\n<div>Temperatura de funcionamiento<\/div>\n<\/td>\n<td class=\"td-view\" colspan=\"1\" rowspan=\"1\" data-row=\"5\" data-col=\"1\">\n<div style=\"text-align: center;\" data-imt_insert_failed=\"1\">-40\u2103~+80\u2103<\/div>\n<\/td>\n<\/tr>\n<tr>\n<td class=\"td-view\" style=\"text-align: center;\" colspan=\"1\" rowspan=\"1\" data-row=\"6\" data-col=\"0\">\n<div>Resistencia a golpes y vibraciones<\/div>\n<\/td>\n<td class=\"td-view\" colspan=\"1\" rowspan=\"1\" data-row=\"6\" data-col=\"1\">\n<div style=\"text-align: center;\">100g\/11ms 5g\/10-2000Hz<\/div>\n<\/td>\n<\/tr>\n<tr>\n<td class=\"td-view\" style=\"text-align: center;\" colspan=\"1\" rowspan=\"1\" data-row=\"7\" data-col=\"0\">\n<div>Tensi\u00f3n de excitaci\u00f3n<\/div>\n<\/td>\n<td class=\"td-view\" colspan=\"1\" rowspan=\"1\" data-row=\"7\" data-col=\"1\">\n<div style=\"text-align: center;\">5V~15V CC<\/div>\n<\/td>\n<\/tr>\n<\/tbody>\n<\/table>\n<\/div>\n<\/div>\n<\/div>\n<div>\n<div>\n<div id=\"cfOQLTWyJRkA-text\" class=\"lc-a-text show\">\n<hr \/>\n<h3><span style=\"color: #336699;\"><strong>Funci\u00f3n:<\/strong><\/span><\/h3>\n<\/div>\n<\/div>\n<\/div>\n<div>\n<div>\n<div class=\"lc-a-text show\">\n<div>\n<div>Fuerte resistencia a la descarga<br \/>\nLa estructura anular garantiza una distribuci\u00f3n m\u00e1s uniforme de los puntos de tensi\u00f3n, reduciendo el impacto en la precisi\u00f3n de la medici\u00f3n incluso cuando la carga est\u00e1 ligeramente desplazada del centro (carga descentrada). Es adecuada para situaciones en las que no se puede garantizar que la carga est\u00e9 absolutamente centrada (p. ej., b\u00e1sculas puente giratorias, pesaje suspendido).<\/div>\n<div class=\"br-block\">Espacio de instalaci\u00f3n compacto<br \/>\nEl dise\u00f1o anular no requiere un gran espacio de instalaci\u00f3n adicional, ya que la abertura central permite el paso directo de pernos, ejes de transmisi\u00f3n o cables, lo que lo hace especialmente adecuado para escenarios con espacio interno limitado (como l\u00edneas de producci\u00f3n automatizadas o peque\u00f1os dispositivos de pesaje).<\/div>\n<div class=\"br-block\">Amplio rango de medici\u00f3n<br \/>\nEl rango de medici\u00f3n puede ajustarse desde unos pocos kilogramos (p. ej., para el pesaje de equipos peque\u00f1os) hasta cientos de toneladas (p. ej., para el pesaje de grandes industrias), lo que se consigue modificando el grosor del material y el tama\u00f1o de la abertura del cuerpo el\u00e1stico en forma de anillo para adaptarse a los distintos rangos.<\/div>\n<div class=\"br-block\">Gran estabilidad<br \/>\nLas propiedades mec\u00e1nicas de los elast\u00f3meros met\u00e1licos son estables, con una excelente recuperaci\u00f3n de la deformaci\u00f3n tras un esfuerzo prolongado. Adem\u00e1s, su estructura anular proporciona una gran capacidad de amortiguaci\u00f3n frente a vibraciones e impactos, lo que los hace adecuados para un funcionamiento continuo a largo plazo en entornos industriales.<\/div>\n<hr \/>\n<h3><span style=\"color: #336699;\"><strong>Casos<\/strong><\/span><\/h3>\n<div style=\"text-align: center;\"><img decoding=\"async\" style=\"display: inline;\" src=\"https:\/\/szlmi.com\/wp-content\/uploads\/2025\/12\/Factory-Direct-Selling-Weight-Sensor-for-Load-Moment-Indicator-LMI-Load-Indicator-1.webp\" alt=\"\" width=\"300\" height=\"300\" \/>\u00a0 \u00a0 <img decoding=\"async\" style=\"display: inline;\" src=\"https:\/\/szlmi.com\/wp-content\/uploads\/2025\/12\/Factory-Direct-Selling-Weight-Sensor-for-Load-Moment-Indicator-LMI-Load-Indicator-2.webp\" alt=\"\" width=\"300\" height=\"300\" \/>\u00a0 \u00a0 <img loading=\"lazy\" decoding=\"async\" class=\"alignnone size-full wp-image-6872\" src=\"https:\/\/szlmi.com\/wp-content\/uploads\/2025\/12\/Factory-Direct-Selling-Weight-Sensor-for-Load-Moment-Indicator-LMI-Load-Indicator-e1772770668390.webp\" alt=\"\" width=\"300\" height=\"300\" srcset=\"https:\/\/szlmi.com\/wp-content\/uploads\/2025\/12\/Factory-Direct-Selling-Weight-Sensor-for-Load-Moment-Indicator-LMI-Load-Indicator-e1772770668390.webp 618w, https:\/\/szlmi.com\/wp-content\/uploads\/2025\/12\/Factory-Direct-Selling-Weight-Sensor-for-Load-Moment-Indicator-LMI-Load-Indicator-e1772770668390-300x300.webp 300w, https:\/\/szlmi.com\/wp-content\/uploads\/2025\/12\/Factory-Direct-Selling-Weight-Sensor-for-Load-Moment-Indicator-LMI-Load-Indicator-e1772770668390-150x150.webp 150w, https:\/\/szlmi.com\/wp-content\/uploads\/2025\/12\/Factory-Direct-Selling-Weight-Sensor-for-Load-Moment-Indicator-LMI-Load-Indicator-e1772770668390-12x12.webp 12w, https:\/\/szlmi.com\/wp-content\/uploads\/2025\/12\/Factory-Direct-Selling-Weight-Sensor-for-Load-Moment-Indicator-LMI-Load-Indicator-e1772770668390-600x600.webp 600w, https:\/\/szlmi.com\/wp-content\/uploads\/2025\/12\/Factory-Direct-Selling-Weight-Sensor-for-Load-Moment-Indicator-LMI-Load-Indicator-e1772770668390-100x100.webp 100w, https:\/\/szlmi.com\/wp-content\/uploads\/2025\/12\/Factory-Direct-Selling-Weight-Sensor-for-Load-Moment-Indicator-LMI-Load-Indicator-e1772770668390-64x64.webp 64w\" sizes=\"(max-width: 300px) 100vw, 300px\" \/><\/div>\n<\/div>\n<\/div>\n<\/div>\n<\/div>","protected":false},"excerpt":{"rendered":"<p>Picture Description Introduction The ring-type load cell is a high-precision weighing component with a central aperture and ring-shaped structure. It converts pressure or tension into electrical signals for weight measurement. Due to its compact design and strong resistance to off-center loading, it is widely used in scenarios requiring limited installation space and stable measurement performance. [&hellip;]<\/p>","protected":false},"featured_media":6867,"template":"","meta":{"_monsterinsights_skip_tracking":false,"_monsterinsights_sitenote_active":false,"_monsterinsights_sitenote_note":"","_monsterinsights_sitenote_category":0,"site-sidebar-layout":"default","site-content-layout":"","ast-site-content-layout":"default","site-content-style":"default","site-sidebar-style":"default","ast-global-header-display":"","ast-banner-title-visibility":"","ast-main-header-display":"","ast-hfb-above-header-display":"","ast-hfb-below-header-display":"","ast-hfb-mobile-header-display":"","site-post-title":"","ast-breadcrumbs-content":"","ast-featured-img":"","footer-sml-layout":"","theme-transparent-header-meta":"default","adv-header-id-meta":"","stick-header-meta":"","header-above-stick-meta":"","header-main-stick-meta":"","header-below-stick-meta":"","astra-migrate-meta-layouts":"set","ast-page-background-enabled":"default","ast-page-background-meta":{"desktop":{"background-color":"","background-image":"","background-repeat":"repeat","background-position":"center center","background-size":"auto","background-attachment":"scroll","background-type":"","background-media":"","overlay-type":"","overlay-color":"","overlay-opacity":"","overlay-gradient":""},"tablet":{"background-color":"","background-image":"","background-repeat":"repeat","background-position":"center center","background-size":"auto","background-attachment":"scroll","background-type":"","background-media":"","overlay-type":"","overlay-color":"","overlay-opacity":"","overlay-gradient":""},"mobile":{"background-color":"","background-image":"","background-repeat":"repeat","background-position":"center center","background-size":"auto","background-attachment":"scroll","background-type":"","background-media":"","overlay-type":"","overlay-color":"","overlay-opacity":"","overlay-gradient":""}},"ast-content-background-meta":{"desktop":{"background-color":"var(--ast-global-color-5)","background-image":"","background-repeat":"repeat","background-position":"center center","background-size":"auto","background-attachment":"scroll","background-type":"","background-media":"","overlay-type":"","overlay-color":"","overlay-opacity":"","overlay-gradient":""},"tablet":{"background-color":"var(--ast-global-color-5)","background-image":"","background-repeat":"repeat","background-position":"center center","background-size":"auto","background-attachment":"scroll","background-type":"","background-media":"","overlay-type":"","overlay-color":"","overlay-opacity":"","overlay-gradient":""},"mobile":{"background-color":"var(--ast-global-color-5)","background-image":"","background-repeat":"repeat","background-position":"center center","background-size":"auto","background-attachment":"scroll","background-type":"","background-media":"","overlay-type":"","overlay-color":"","overlay-opacity":"","overlay-gradient":""}}},"product_cat":[146],"product_tag":[235,242,148],"class_list":{"0":"post-6866","1":"product","2":"type-product","3":"status-publish","4":"has-post-thumbnail","6":"product_cat-sensor","7":"product_tag-sensor","8":"product_tag-weight","9":"product_tag-weight-sensor","10":"desktop-align-left","11":"tablet-align-left","12":"mobile-align-left","14":"first","15":"instock","16":"shipping-taxable","17":"product-type-simple"},"aioseo_notices":[],"_links":{"self":[{"href":"https:\/\/szlmi.com\/es\/wp-json\/wp\/v2\/product\/6866","targetHints":{"allow":["GET"]}}],"collection":[{"href":"https:\/\/szlmi.com\/es\/wp-json\/wp\/v2\/product"}],"about":[{"href":"https:\/\/szlmi.com\/es\/wp-json\/wp\/v2\/types\/product"}],"wp:featuredmedia":[{"embeddable":true,"href":"https:\/\/szlmi.com\/es\/wp-json\/wp\/v2\/media\/6867"}],"wp:attachment":[{"href":"https:\/\/szlmi.com\/es\/wp-json\/wp\/v2\/media?parent=6866"}],"wp:term":[{"taxonomy":"product_cat","embeddable":true,"href":"https:\/\/szlmi.com\/es\/wp-json\/wp\/v2\/product_cat?post=6866"},{"taxonomy":"product_tag","embeddable":true,"href":"https:\/\/szlmi.com\/es\/wp-json\/wp\/v2\/product_tag?post=6866"}],"curies":[{"name":"wp","href":"https:\/\/api.w.org\/{rel}","templated":true}]}}