{"id":6855,"date":"2024-12-21T18:14:46","date_gmt":"2024-12-22T02:14:46","guid":{"rendered":"https:\/\/szlmi.com\/?post_type=product&#038;p=6855"},"modified":"2026-03-05T20:55:28","modified_gmt":"2026-03-06T04:55:28","slug":"trigger-sensor","status":"publish","type":"product","link":"https:\/\/szlmi.com\/es\/producto\/trigger-sensor\/","title":{"rendered":"Sensor de disparo"},"content":{"rendered":"<h3><span style=\"color: #336699;\"><strong>Descripci\u00f3n de la imagen<\/strong><\/span><\/h3>\n<p><img fetchpriority=\"high\" decoding=\"async\" class=\"size-full wp-image-6861 aligncenter\" src=\"https:\/\/szlmi.com\/wp-content\/uploads\/2025\/12\/\u5fae\u4fe1\u56fe\u7247_20251105154305.jpg\" alt=\"\" width=\"400\" height=\"1000\" \/><\/p>\n<hr \/>\n<h3><span style=\"color: #336699;\"><strong>Introducci\u00f3n<\/strong><\/span><\/h3>\n<div class=\"br-block\">Un sensor de proximidad magn\u00e9tico utiliza los cambios del campo magn\u00e9tico para detectar la proximidad de un objeto (especialmente materiales magn\u00e9ticos o conductores) y activar autom\u00e1ticamente una se\u00f1al de conmutaci\u00f3n. Su principal ventaja es la detecci\u00f3n sin contacto, que lo hace adaptable a entornos dif\u00edciles como el polvo y la humedad. Se utiliza ampliamente en la automatizaci\u00f3n industrial, la seguridad y otros campos.<\/div>\n<div>\n<div>\n<div id=\"hnTJSqKxmLAE-text\" class=\"lc-a-text show\">\n<hr \/>\n<h3><span style=\"color: #336699;\"><strong>Par\u00e1metros<\/strong><\/span><\/h3>\n<\/div>\n<\/div>\n<\/div>\n<div>\n<div>\n<div class=\"lc-a-table\" data-atom-id=\"VnaJSsKuVgAx-table\">\n<table class=\"rich-text-table fill-zebra\">\n<colgroup>\n<col width=\"300\" \/> <\/colgroup>\n<colgroup>\n<col width=\"300\" \/><\/colgroup>\n<tbody>\n<tr>\n<td class=\"td-view\" colspan=\"1\" rowspan=\"1\" data-row=\"0\" data-col=\"0\">\n<div style=\"text-align: center;\">Distancia de detecci\u00f3n<\/div>\n<\/td>\n<td class=\"td-view\" style=\"text-align: center;\" colspan=\"1\" rowspan=\"1\" data-row=\"0\" data-col=\"1\">\n<div>25-120 mm<\/div>\n<\/td>\n<\/tr>\n<tr>\n<td class=\"td-view\" colspan=\"1\" rowspan=\"1\" data-row=\"1\" data-col=\"0\">\n<div style=\"text-align: center;\">Rango de ajuste<\/div>\n<\/td>\n<td class=\"td-view\" style=\"text-align: center;\" colspan=\"1\" rowspan=\"1\" data-row=\"1\" data-col=\"1\">\n<div>25-120 mm<\/div>\n<\/td>\n<\/tr>\n<tr>\n<td class=\"td-view\" colspan=\"1\" rowspan=\"1\" data-row=\"2\" data-col=\"0\">\n<div style=\"text-align: center;\">3. Tiempo de respuesta<\/div>\n<\/td>\n<td class=\"td-view\" style=\"text-align: center;\" colspan=\"1\" rowspan=\"1\" data-row=\"2\" data-col=\"1\">\n<div>125\u00b5s<\/div>\n<\/td>\n<\/tr>\n<tr>\n<td class=\"td-view\" colspan=\"1\" rowspan=\"1\" data-row=\"3\" data-col=\"0\">\n<div style=\"text-align: center;\">Frecuencia de conmutaci\u00f3n<\/div>\n<\/td>\n<td class=\"td-view\" style=\"text-align: center;\" colspan=\"1\" rowspan=\"1\" data-row=\"3\" data-col=\"1\">\n<div>3300 Hz<\/div>\n<\/td>\n<\/tr>\n<tr>\n<td class=\"td-view\" style=\"text-align: center;\" colspan=\"1\" rowspan=\"1\" data-row=\"4\" data-col=\"0\">\n<div>Tipos de salida<\/div>\n<\/td>\n<td class=\"td-view\" colspan=\"1\" rowspan=\"1\" data-row=\"4\" data-col=\"1\">\n<div style=\"text-align: center;\">NPN normalmente abierto\/luz encendida, PNP normalmente cerrado\/oscuridad encendida<\/div>\n<\/td>\n<\/tr>\n<tr>\n<td class=\"td-view\" style=\"text-align: center;\" colspan=\"1\" rowspan=\"1\" data-row=\"5\" data-col=\"0\">\n<div>Tensi\u00f3n de funcionamiento<\/div>\n<\/td>\n<td class=\"td-view\" colspan=\"1\" rowspan=\"1\" data-row=\"5\" data-col=\"1\">\n<div style=\"text-align: center;\">10-30 V CC<\/div>\n<\/td>\n<\/tr>\n<tr>\n<td class=\"td-view\" style=\"text-align: center;\" colspan=\"1\" rowspan=\"1\" data-row=\"6\" data-col=\"0\">\n<div>Grado de protecci\u00f3n<\/div>\n<\/td>\n<td class=\"td-view\" colspan=\"1\" rowspan=\"1\" data-row=\"6\" data-col=\"1\">\n<div style=\"text-align: center;\">IP67<\/div>\n<\/td>\n<\/tr>\n<tr>\n<td class=\"td-view\" style=\"text-align: center;\" colspan=\"1\" rowspan=\"1\" data-row=\"7\" data-col=\"0\">\n<div>Temperatura<\/div>\n<\/td>\n<td class=\"td-view\" colspan=\"1\" rowspan=\"1\" data-row=\"7\" data-col=\"1\">\n<div style=\"text-align: center;\">-40\u00b0C a 70\u00b0C<\/div>\n<\/td>\n<\/tr>\n<\/tbody>\n<\/table>\n<\/div>\n<\/div>\n<\/div>\n<div>\n<div>\n<div id=\"omAJSxKMTufE-text\" class=\"lc-a-text show\">\n<hr \/>\n<h3><span style=\"color: #336699;\"><strong>Funci\u00f3n:<\/strong><\/span><\/h3>\n<\/div>\n<\/div>\n<\/div>\n<div>\n<div>\n<div class=\"lc-a-text show\">\n<div>\n<div>Detecci\u00f3n sin contacto, sin desgaste, y larga vida \u00fatil (m\u00e1s de 10 millones de operaciones);No se ve afectado por el polvo, el aceite y la luz, adaptable a las duras condiciones de funcionamiento;R\u00e1pida velocidad de respuesta (en milisegundos), adecuado para la detecci\u00f3n de objetos en movimiento de alta velocidad;Capaz de detectar metales magn\u00e9ticos y no magn\u00e9ticos, y algunos modelos tambi\u00e9n pueden detectar non.metals(reguires un im\u00e1n).<\/div>\n<hr \/>\n<h3><span style=\"color: #336699;\"><strong>Casos<\/strong><\/span><\/h3>\n<div style=\"text-align: center;\"><img decoding=\"async\" style=\"display: inline;\" src=\"https:\/\/szlmi.com\/wp-content\/uploads\/2025\/12\/Factory-Direct-Selling-Trigger-Sensor-for-Weighing-Scale-Load-Indicator-1.webp\" alt=\"\" width=\"300\" height=\"300\" \/>\u00a0 \u00a0 <img decoding=\"async\" style=\"display: inline;\" src=\"https:\/\/szlmi.com\/wp-content\/uploads\/2025\/12\/Factory-Direct-Selling-Trigger-Sensor-for-Weighing-Scale-Load-Indicator-2.webp\" alt=\"\" width=\"300\" height=\"300\" \/>\u00a0 \u00a0 <img loading=\"lazy\" decoding=\"async\" style=\"display: inline;\" src=\"https:\/\/szlmi.com\/wp-content\/uploads\/2025\/12\/Factory-Direct-Selling-Trigger-Sensor-for-Weighing-Scale-Load-Indicator.webp\" alt=\"\" width=\"300\" height=\"300\" \/><\/div>\n<\/div>\n<\/div>\n<\/div>\n<\/div>","protected":false},"excerpt":{"rendered":"<p>Picture Description Introduction A magnetic proximity trigger sensor uses magnetic field changes to detect the proximity of an objectespecially magnetic or conductive materials) and automatically trigger a switch signal. lts core advantagelies in its non-contact detection, making it adaptable to harsh environments such as dust and moisture. ltis widely used in industrial automation, security, and [&hellip;]<\/p>","protected":false},"featured_media":6861,"template":"","meta":{"_monsterinsights_skip_tracking":false,"_monsterinsights_sitenote_active":false,"_monsterinsights_sitenote_note":"","_monsterinsights_sitenote_category":0,"site-sidebar-layout":"default","site-content-layout":"","ast-site-content-layout":"default","site-content-style":"default","site-sidebar-style":"default","ast-global-header-display":"","ast-banner-title-visibility":"","ast-main-header-display":"","ast-hfb-above-header-display":"","ast-hfb-below-header-display":"","ast-hfb-mobile-header-display":"","site-post-title":"","ast-breadcrumbs-content":"","ast-featured-img":"","footer-sml-layout":"","theme-transparent-header-meta":"default","adv-header-id-meta":"","stick-header-meta":"","header-above-stick-meta":"","header-main-stick-meta":"","header-below-stick-meta":"","astra-migrate-meta-layouts":"set","ast-page-background-enabled":"default","ast-page-background-meta":{"desktop":{"background-color":"","background-image":"","background-repeat":"repeat","background-position":"center center","background-size":"auto","background-attachment":"scroll","background-type":"","background-media":"","overlay-type":"","overlay-color":"","overlay-opacity":"","overlay-gradient":""},"tablet":{"background-color":"","background-image":"","background-repeat":"repeat","background-position":"center center","background-size":"auto","background-attachment":"scroll","background-type":"","background-media":"","overlay-type":"","overlay-color":"","overlay-opacity":"","overlay-gradient":""},"mobile":{"background-color":"","background-image":"","background-repeat":"repeat","background-position":"center center","background-size":"auto","background-attachment":"scroll","background-type":"","background-media":"","overlay-type":"","overlay-color":"","overlay-opacity":"","overlay-gradient":""}},"ast-content-background-meta":{"desktop":{"background-color":"var(--ast-global-color-5)","background-image":"","background-repeat":"repeat","background-position":"center center","background-size":"auto","background-attachment":"scroll","background-type":"","background-media":"","overlay-type":"","overlay-color":"","overlay-opacity":"","overlay-gradient":""},"tablet":{"background-color":"var(--ast-global-color-5)","background-image":"","background-repeat":"repeat","background-position":"center center","background-size":"auto","background-attachment":"scroll","background-type":"","background-media":"","overlay-type":"","overlay-color":"","overlay-opacity":"","overlay-gradient":""},"mobile":{"background-color":"var(--ast-global-color-5)","background-image":"","background-repeat":"repeat","background-position":"center center","background-size":"auto","background-attachment":"scroll","background-type":"","background-media":"","overlay-type":"","overlay-color":"","overlay-opacity":"","overlay-gradient":""}}},"product_cat":[146],"product_tag":[235,241,240],"class_list":{"0":"post-6855","1":"product","2":"type-product","3":"status-publish","4":"has-post-thumbnail","6":"product_cat-sensor","7":"product_tag-sensor","8":"product_tag-trigger","9":"product_tag-trigger-sensor","10":"desktop-align-left","11":"tablet-align-left","12":"mobile-align-left","14":"first","15":"instock","16":"shipping-taxable","17":"product-type-simple"},"aioseo_notices":[],"_links":{"self":[{"href":"https:\/\/szlmi.com\/es\/wp-json\/wp\/v2\/product\/6855","targetHints":{"allow":["GET"]}}],"collection":[{"href":"https:\/\/szlmi.com\/es\/wp-json\/wp\/v2\/product"}],"about":[{"href":"https:\/\/szlmi.com\/es\/wp-json\/wp\/v2\/types\/product"}],"wp:featuredmedia":[{"embeddable":true,"href":"https:\/\/szlmi.com\/es\/wp-json\/wp\/v2\/media\/6861"}],"wp:attachment":[{"href":"https:\/\/szlmi.com\/es\/wp-json\/wp\/v2\/media?parent=6855"}],"wp:term":[{"taxonomy":"product_cat","embeddable":true,"href":"https:\/\/szlmi.com\/es\/wp-json\/wp\/v2\/product_cat?post=6855"},{"taxonomy":"product_tag","embeddable":true,"href":"https:\/\/szlmi.com\/es\/wp-json\/wp\/v2\/product_tag?post=6855"}],"curies":[{"name":"wp","href":"https:\/\/api.w.org\/{rel}","templated":true}]}}