{"id":6831,"date":"2024-12-21T17:40:13","date_gmt":"2024-12-22T01:40:13","guid":{"rendered":"https:\/\/szlmi.com\/?post_type=product&#038;p=6831"},"modified":"2026-03-05T21:37:39","modified_gmt":"2026-03-06T05:37:39","slug":"hydraulic-pressure-sensor","status":"publish","type":"product","link":"https:\/\/szlmi.com\/es\/producto\/hydraulic-pressure-sensor\/","title":{"rendered":"Sensor de presi\u00f3n hidr\u00e1ulica"},"content":{"rendered":"<h3><span style=\"color: #336699;\"><strong>Descripci\u00f3n de la imagen<\/strong><\/span><\/h3>\n<div style=\"text-align: center;\"><img fetchpriority=\"high\" decoding=\"async\" style=\"display: inline;\" src=\"https:\/\/szlmi.com\/wp-content\/uploads\/2025\/12\/111.jpg\" alt=\"\" width=\"300\" height=\"238\" \/>\u00a0 \u00a0 <img decoding=\"async\" style=\"display: inline;\" src=\"https:\/\/szlmi.com\/wp-content\/uploads\/2025\/12\/\u5fae\u4fe1\u56fe\u7247_20251105150013.jpg\" alt=\"\" width=\"300\" height=\"234\" \/><\/div>\n<hr \/>\n<h3><span style=\"color: #336699;\"><strong>Introducci\u00f3n<\/strong><\/span><\/h3>\n<p>Los sensores de presi\u00f3n hidr\u00e1ulica son productos industriales estandarizados y modulares. Son adecuados para la medici\u00f3n precisa de la presi\u00f3n hidr\u00e1ulica en los cilindros de la pluma de las gr\u00faas accionadas hidr\u00e1ulicamente. El elemento sensor est\u00e1 fabricado con n\u00facleos piezorresistivos importados de silicio difuso o cer\u00e1mica, que ofrecen una gran capacidad antiinterferente, alta sensibilidad y una deriva t\u00e9rmica m\u00ednima.<\/p>\n<div>\n<div>\n<div id=\"wETmvKJFOIft-text\" class=\"lc-a-text show\">\n<hr \/>\n<h3><span style=\"color: #336699;\"><strong>Par\u00e1metros<\/strong><\/span><\/h3>\n<\/div>\n<\/div>\n<\/div>\n<div>\n<div>\n<div class=\"lc-a-table\" data-atom-id=\"wmaQSOErIDTf-table\">\n<table class=\"rich-text-table fill-zebra\">\n<colgroup>\n<col width=\"200\" \/><\/colgroup>\n<colgroup>\n<col width=\"200\" \/><\/colgroup>\n<tbody>\n<tr>\n<td class=\"td-view\" style=\"text-align: center;\" colspan=\"1\" rowspan=\"1\" data-row=\"0\" data-col=\"0\">\n<div>Gama<\/div>\n<\/td>\n<td class=\"td-view\" colspan=\"1\" rowspan=\"1\" data-row=\"0\" data-col=\"1\">\n<div style=\"text-align: center;\">0-400bar<\/div>\n<\/td>\n<\/tr>\n<tr>\n<td class=\"td-view\" colspan=\"1\" rowspan=\"1\" data-row=\"1\" data-col=\"0\">\n<div style=\"text-align: center;\">Salidas<\/div>\n<\/td>\n<td class=\"td-view\" style=\"text-align: center;\" colspan=\"1\" rowspan=\"1\" data-row=\"1\" data-col=\"1\">\n<div data-imt_insert_failed=\"1\">4-20 mA<\/div>\n<\/td>\n<\/tr>\n<tr>\n<td class=\"td-view\" colspan=\"1\" rowspan=\"1\" data-row=\"2\" data-col=\"0\">\n<div style=\"text-align: center;\">Acc<\/div>\n<\/td>\n<td class=\"td-view\" style=\"text-align: center;\" colspan=\"1\" rowspan=\"1\" data-row=\"2\" data-col=\"1\">\n<div>0,5%F.S<\/div>\n<\/td>\n<\/tr>\n<tr>\n<td class=\"td-view\" colspan=\"1\" rowspan=\"1\" data-row=\"3\" data-col=\"0\">\n<div style=\"text-align: center;\">Rango de medici\u00f3n<\/div>\n<\/td>\n<td class=\"td-view\" style=\"text-align: center;\" colspan=\"1\" rowspan=\"1\" data-row=\"3\" data-col=\"1\">\n<div>\u00b110 grados a \u00b190 grados<\/div>\n<\/td>\n<\/tr>\n<tr>\n<td class=\"td-view\" style=\"text-align: center;\" colspan=\"1\" rowspan=\"1\" data-row=\"4\" data-col=\"0\">\n<div>Entrada<\/div>\n<\/td>\n<td class=\"td-view\" colspan=\"1\" rowspan=\"1\" data-row=\"4\" data-col=\"1\">\n<div style=\"text-align: center;\">12-30 Vcc<\/div>\n<\/td>\n<\/tr>\n<tr>\n<td class=\"td-view\" style=\"text-align: center;\" colspan=\"1\" rowspan=\"1\" data-row=\"5\" data-col=\"0\">\n<div>Precisi\u00f3n absoluta<\/div>\n<\/td>\n<td class=\"td-view\" colspan=\"1\" rowspan=\"1\" data-row=\"5\" data-col=\"1\">\n<div style=\"text-align: center;\">0,1bar<\/div>\n<\/td>\n<\/tr>\n<tr>\n<td class=\"td-view\" style=\"text-align: center;\" colspan=\"1\" rowspan=\"1\" data-row=\"6\" data-col=\"0\">\n<div>3. Tiempo de respuesta<\/div>\n<\/td>\n<td class=\"td-view\" colspan=\"1\" rowspan=\"1\" data-row=\"6\" data-col=\"1\">\n<div style=\"text-align: center;\">0.02s<\/div>\n<\/td>\n<\/tr>\n<tr>\n<td class=\"td-view\" style=\"text-align: center;\" colspan=\"1\" rowspan=\"1\" data-row=\"7\" data-col=\"0\">\n<div>Protecci\u00f3n<\/div>\n<\/td>\n<td class=\"td-view\" colspan=\"1\" rowspan=\"1\" data-row=\"7\" data-col=\"1\">\n<div style=\"text-align: center;\">IP67<\/div>\n<\/td>\n<\/tr>\n<\/tbody>\n<\/table>\n<\/div>\n<\/div>\n<\/div>\n<hr \/>\n<h3><span style=\"color: #336699;\"><strong>Funci\u00f3n:<\/strong><\/span><\/h3>\n<p>Detecci\u00f3n de presi\u00f3n: Mide con precisi\u00f3n los valores de presi\u00f3n din\u00e1mica o est\u00e1tica de medios como el aceite y el agua dentro del sistema hidr\u00e1ulico, incluida la presi\u00f3n de pico y la presi\u00f3n en estado estacionario.<\/p>\n<p>Conversi\u00f3n de se\u00f1ales: Convierte la cantidad de presi\u00f3n f\u00edsica detectada (por ejemplo, presi\u00f3n mec\u00e1nica) en se\u00f1ales el\u00e9ctricas (por ejemplo, se\u00f1ales anal\u00f3gicas como 4-20 mA, 0-10 V o se\u00f1ales digitales) para su posterior procesamiento.<\/p>\n<p>Transmisi\u00f3n de datos: Transmite se\u00f1ales de presi\u00f3n al sistema de control (por ejemplo, PLC, panel de instrumentos, ordenador central) mediante cable (por ejemplo, cable) o inal\u00e1mbrica (por ejemplo, Bluetooth, LoRa).<\/p>\n<p>Monitorizaci\u00f3n de estado: Proporciona informaci\u00f3n en tiempo real sobre los cambios de presi\u00f3n del sistema hidr\u00e1ulico, ayudando a determinar si el sistema est\u00e1 funcionando normalmente (por ejemplo, sobrecarga, fuga).<\/p>\n<p>Protecci\u00f3n de seguridad: Combinado con la funcionalidad de presostato, dispara alarmas o se apaga autom\u00e1ticamente cuando la presi\u00f3n supera o cae por debajo de un umbral establecido para evitar da\u00f1os en el equipo.<\/p>\n<p>Control de procesos: Proporciona datos para la regulaci\u00f3n de la presi\u00f3n del sistema hidr\u00e1ulico, trabajando con v\u00e1lvulas, bombas y otros componentes para lograr un control de la presi\u00f3n en bucle cerrado y garantizar un funcionamiento estable del sistema.<\/p>\n<hr \/>\n<h3><span style=\"color: #336699;\"><strong>Casos<\/strong><\/span><\/h3>\n<div style=\"text-align: center;\"><img decoding=\"async\" style=\"display: inline;\" src=\"https:\/\/szlmi.com\/wp-content\/uploads\/2025\/12\/OEM-Factory-Direct-Selling-Hydraulic-Pressure-Sensors-for-Crane-Lmi-1.webp\" alt=\"\" width=\"300\" height=\"238\" \/>\u00a0 \u00a0 <img loading=\"lazy\" decoding=\"async\" style=\"display: inline;\" src=\"https:\/\/szlmi.com\/wp-content\/uploads\/2025\/12\/OEM-Factory-Direct-Selling-Hydraulic-Pressure-Sensors-for-Crane-Lmi-2.webp\" alt=\"\" width=\"300\" height=\"234\" \/>\u00a0 \u00a0 <img loading=\"lazy\" decoding=\"async\" style=\"display: inline;\" src=\"https:\/\/szlmi.com\/wp-content\/uploads\/2025\/12\/OEM-Factory-Direct-Selling-Hydraulic-Pressure-Sensors-for-Crane-Lmi.webp\" alt=\"\" width=\"300\" height=\"234\" \/><\/div>","protected":false},"excerpt":{"rendered":"<p>Picture Description \u00a0 \u00a0 Introduction Hydraulic pressure sensors are standardized, modular industrial products. They are suitable for the precise measurement of hydraulic pressure in the boom cylinders of hydraulically powered cranes. The sensing element is made of imported piezoresistive diffused silicon or ceramic cores, offering strong anti-interference capabilities, high sensitivity, and minimal temperature drift. Parameters [&hellip;]<\/p>","protected":false},"featured_media":6843,"template":"","meta":{"_monsterinsights_skip_tracking":false,"_monsterinsights_sitenote_active":false,"_monsterinsights_sitenote_note":"","_monsterinsights_sitenote_category":0,"site-sidebar-layout":"default","site-content-layout":"","ast-site-content-layout":"default","site-content-style":"default","site-sidebar-style":"default","ast-global-header-display":"","ast-banner-title-visibility":"","ast-main-header-display":"","ast-hfb-above-header-display":"","ast-hfb-below-header-display":"","ast-hfb-mobile-header-display":"","site-post-title":"","ast-breadcrumbs-content":"","ast-featured-img":"","footer-sml-layout":"","theme-transparent-header-meta":"default","adv-header-id-meta":"","stick-header-meta":"","header-above-stick-meta":"","header-main-stick-meta":"","header-below-stick-meta":"","astra-migrate-meta-layouts":"set","ast-page-background-enabled":"default","ast-page-background-meta":{"desktop":{"background-color":"","background-image":"","background-repeat":"repeat","background-position":"center center","background-size":"auto","background-attachment":"scroll","background-type":"","background-media":"","overlay-type":"","overlay-color":"","overlay-opacity":"","overlay-gradient":""},"tablet":{"background-color":"","background-image":"","background-repeat":"repeat","background-position":"center center","background-size":"auto","background-attachment":"scroll","background-type":"","background-media":"","overlay-type":"","overlay-color":"","overlay-opacity":"","overlay-gradient":""},"mobile":{"background-color":"","background-image":"","background-repeat":"repeat","background-position":"center center","background-size":"auto","background-attachment":"scroll","background-type":"","background-media":"","overlay-type":"","overlay-color":"","overlay-opacity":"","overlay-gradient":""}},"ast-content-background-meta":{"desktop":{"background-color":"var(--ast-global-color-5)","background-image":"","background-repeat":"repeat","background-position":"center center","background-size":"auto","background-attachment":"scroll","background-type":"","background-media":"","overlay-type":"","overlay-color":"","overlay-opacity":"","overlay-gradient":""},"tablet":{"background-color":"var(--ast-global-color-5)","background-image":"","background-repeat":"repeat","background-position":"center center","background-size":"auto","background-attachment":"scroll","background-type":"","background-media":"","overlay-type":"","overlay-color":"","overlay-opacity":"","overlay-gradient":""},"mobile":{"background-color":"var(--ast-global-color-5)","background-image":"","background-repeat":"repeat","background-position":"center center","background-size":"auto","background-attachment":"scroll","background-type":"","background-media":"","overlay-type":"","overlay-color":"","overlay-opacity":"","overlay-gradient":""}}},"product_cat":[146],"product_tag":[237,236,235],"class_list":{"0":"post-6831","1":"product","2":"type-product","3":"status-publish","4":"has-post-thumbnail","6":"product_cat-sensor","7":"product_tag-pressure","8":"product_tag-pressure-sensor","9":"product_tag-sensor","10":"desktop-align-left","11":"tablet-align-left","12":"mobile-align-left","14":"first","15":"instock","16":"shipping-taxable","17":"product-type-simple"},"aioseo_notices":[],"_links":{"self":[{"href":"https:\/\/szlmi.com\/es\/wp-json\/wp\/v2\/product\/6831","targetHints":{"allow":["GET"]}}],"collection":[{"href":"https:\/\/szlmi.com\/es\/wp-json\/wp\/v2\/product"}],"about":[{"href":"https:\/\/szlmi.com\/es\/wp-json\/wp\/v2\/types\/product"}],"wp:featuredmedia":[{"embeddable":true,"href":"https:\/\/szlmi.com\/es\/wp-json\/wp\/v2\/media\/6843"}],"wp:attachment":[{"href":"https:\/\/szlmi.com\/es\/wp-json\/wp\/v2\/media?parent=6831"}],"wp:term":[{"taxonomy":"product_cat","embeddable":true,"href":"https:\/\/szlmi.com\/es\/wp-json\/wp\/v2\/product_cat?post=6831"},{"taxonomy":"product_tag","embeddable":true,"href":"https:\/\/szlmi.com\/es\/wp-json\/wp\/v2\/product_tag?post=6831"}],"curies":[{"name":"wp","href":"https:\/\/api.w.org\/{rel}","templated":true}]}}