{"id":6815,"date":"2025-05-01T17:50:37","date_gmt":"2025-05-02T01:50:37","guid":{"rendered":"https:\/\/szlmi.com\/?post_type=product&#038;p=6815"},"modified":"2026-03-29T20:05:40","modified_gmt":"2026-03-30T04:05:40","slug":"wheel-loader-safe-load-limiter","status":"publish","type":"product","link":"https:\/\/szlmi.com\/es\/producto\/wheel-loader-safe-load-limiter\/","title":{"rendered":"Indicador de carga de seguridad del cargador (limitador de carga)"},"content":{"rendered":"<h1 style=\"text-align: center;\"><span style=\"color: #336699;\"><strong>Limitador de seguridad de carga de la cargadora de ruedas<\/strong><\/span><\/h1>\n<h3><span style=\"color: #336699;\"><strong>Descripci\u00f3n de la imagen<\/strong><\/span><\/h3>\n<p><img fetchpriority=\"high\" decoding=\"async\" class=\"size-full wp-image-7108 aligncenter\" src=\"https:\/\/szlmi.com\/wp-content\/uploads\/2025\/05\/1-1.jpg\" alt=\"\" width=\"600\" height=\"1205\" \/><\/p>\n<hr \/>\n<h3><span style=\"color: #336699;\"><strong>Introducci\u00f3n<\/strong><\/span><\/h3>\n<div class=\"br-block\">El limitador de carga seguro para cargadoras de ruedas SZ-LD01, tambi\u00e9n conocido como indicador de momento de carga (LMI) o indicador de carga segura (SLI), es un dispositivo de seguridad instalado en una cargadora de ruedas para supervisar el peso de la carga y el centro de gravedad en tiempo real durante el funcionamiento de la cargadora. Cuando la pala cargadora supera el umbral de seguridad permitido, el sistema activa una alarma sonora y visual para record\u00e1rselo al operador, permiti\u00e9ndole utilizar la pala cargadora de forma segura dentro del rango permitido para garantizar un funcionamiento seguro de la pala cargadora.<br \/>\nSe compone principalmente de un host de visualizaci\u00f3n y un sensor de peso, y tambi\u00e9n puede equiparse con sensores de \u00e1ngulo, impresoras, transmisi\u00f3n remota de datos y otras funciones seg\u00fan sea necesario.<\/div>\n<div class=\"br-block\">\n<hr \/>\n<h3><span style=\"color: #336699;\"><strong>Principio de funcionamiento<\/strong><\/span><\/h3>\n<p>El principio de funcionamiento de este sistema consiste en medir los datos de peso durante la carga a trav\u00e9s del sensor instalado en la cargadora. Estos datos se transmiten al controlador de la pantalla de pesaje en la cabina a trav\u00e9s del transmisor de conversi\u00f3n de adquisici\u00f3n de datos; el controlador procesa y analiza los datos y calcula el peso en tiempo real. Si el peso supera el valor preestablecido, el instrumento emite una alarma para avisar al operador.<\/p>\n<\/div>\n<div>\n<div>\n<div id=\"XnZmqDzTVitE-text\" class=\"lc-a-text show\">\n<hr \/>\n<h3><span style=\"color: #336699;\"><strong>Par\u00e1metros<\/strong><\/span><\/h3>\n<\/div>\n<\/div>\n<\/div>\n<div>\n<div>\n<div class=\"lc-a-table\" data-atom-id=\"XJwxoMLHJIGm-table\">\n<table class=\"rich-text-table fill-zebra\" style=\"height: 423px;\" width=\"690\">\n<colgroup>\n<col width=\"300\" \/><\/colgroup>\n<colgroup>\n<col width=\"300\" \/><\/colgroup>\n<tbody>\n<tr>\n<td class=\"td-view\" colspan=\"1\" rowspan=\"1\" data-row=\"0\" data-col=\"0\">\n<div style=\"text-align: center;\">Rango de medida<\/div>\n<\/td>\n<td class=\"td-view\" style=\"text-align: center;\" colspan=\"1\" rowspan=\"1\" data-row=\"0\" data-col=\"1\">\n<div>1-20T (peso de un cubo)<\/div>\n<\/td>\n<\/tr>\n<tr>\n<td class=\"td-view\" colspan=\"1\" rowspan=\"1\" data-row=\"1\" data-col=\"0\">\n<div style=\"text-align: center;\">Capacidad de resoluci\u00f3n<\/div>\n<\/td>\n<td class=\"td-view\" style=\"text-align: center;\" colspan=\"1\" rowspan=\"1\" data-row=\"1\" data-col=\"1\">\n<div>0.02T<\/div>\n<\/td>\n<\/tr>\n<tr>\n<td class=\"td-view\" colspan=\"1\" rowspan=\"1\" data-row=\"2\" data-col=\"0\">\n<div style=\"text-align: center;\">Precisi\u00f3n combinada<\/div>\n<\/td>\n<td class=\"td-view\" style=\"text-align: center;\" colspan=\"1\" rowspan=\"1\" data-row=\"2\" data-col=\"1\">\n<div>\u00b11%(F.S.)<\/div>\n<\/td>\n<\/tr>\n<tr>\n<td class=\"td-view\" colspan=\"1\" rowspan=\"1\" data-row=\"3\" data-col=\"0\">\n<div style=\"text-align: center;\">Voltaje el\u00e9ctrico<\/div>\n<\/td>\n<td class=\"td-view\" colspan=\"1\" rowspan=\"1\" data-row=\"3\" data-col=\"1\">\n<div style=\"text-align: center;\">DC12-36V\u00b15%<\/div>\n<\/td>\n<\/tr>\n<tr>\n<td class=\"td-view\" style=\"text-align: center;\" colspan=\"1\" rowspan=\"1\" data-row=\"4\" data-col=\"0\">\n<div>Temperatura<\/div>\n<\/td>\n<td class=\"td-view\" colspan=\"1\" rowspan=\"1\" data-row=\"4\" data-col=\"1\">\n<div style=\"text-align: center;\">-20\u2103 -+70\u2103<\/div>\n<\/td>\n<\/tr>\n<tr>\n<td class=\"td-view\" colspan=\"1\" rowspan=\"1\" data-row=\"5\" data-col=\"0\">\n<div style=\"text-align: center;\">Humedad relativa<\/div>\n<\/td>\n<td class=\"td-view\" colspan=\"1\" rowspan=\"1\" data-row=\"5\" data-col=\"1\">\n<div style=\"text-align: center;\">90%(20\u2103)<\/div>\n<\/td>\n<\/tr>\n<tr>\n<td class=\"td-view\" style=\"text-align: center;\" colspan=\"1\" rowspan=\"1\" data-row=\"6\" data-col=\"0\">\n<div>Error de acci\u00f3n<\/div>\n<\/td>\n<td class=\"td-view\" colspan=\"1\" rowspan=\"1\" data-row=\"6\" data-col=\"1\">\n<div style=\"text-align: center;\">&lt;\u00b11%(F.S.)<\/div>\n<\/td>\n<\/tr>\n<tr>\n<td class=\"td-view\" style=\"text-align: center;\" colspan=\"1\" rowspan=\"1\" data-row=\"7\" data-col=\"0\">\n<div>Protecci\u00f3n contra la entrada de agua y polvo<\/div>\n<\/td>\n<td class=\"td-view\" colspan=\"1\" rowspan=\"1\" data-row=\"7\" data-col=\"1\">\n<div style=\"text-align: center;\">IP65<\/div>\n<\/td>\n<\/tr>\n<\/tbody>\n<\/table>\n<\/div>\n<\/div>\n<\/div>\n<div>\n<div>\n<div id=\"SQOxeNLybIfE-text\" class=\"lc-a-text show\">\n<hr \/>\n<h3><span style=\"color: #336699;\"><strong>Funci\u00f3n:<\/strong><\/span><\/h3>\n<\/div>\n<\/div>\n<\/div>\n<div>\n<div>\n<div class=\"lc-a-text show\">\n<div>\n<ul>\n<li>Protecci\u00f3n de seguridad contra sobrecargas<\/li>\n<li>Gesti\u00f3n inteligente del centro de gravedad<\/li>\n<li>Mecanismo de alarma multidimensional<\/li>\n<li>Registro de datos y trazabilidad<\/li>\n<li>Adaptabilidad y f\u00e1cil instalaci\u00f3n<\/li>\n<\/ul>\n<\/div>\n<div>\n<hr \/>\n<h3><span style=\"color: #336699;\"><strong>Regiones<\/strong><\/span><\/h3>\n<p><img decoding=\"async\" class=\"size-full wp-image-7109 aligncenter\" src=\"https:\/\/szlmi.com\/wp-content\/uploads\/2025\/05\/Fullset.jpg\" alt=\"\" width=\"1000\" height=\"434\" \/><\/p>\n<div class=\"ast-oembed-container\" style=\"height: 100%;\"><iframe title=\"Indicador de carga segura del cargador\" width=\"500\" height=\"281\" src=\"https:\/\/www.youtube.com\/embed\/q9yMprNkbnc?feature=oembed\" frameborder=\"0\" allow=\"accelerometer; autoplay; clipboard-write; encrypted-media; gyroscope; picture-in-picture; web-share\" referrerpolicy=\"strict-origin-when-cross-origin\" allowfullscreen><\/iframe><\/div>\n<\/div>\n<\/div>\n<\/div>\n<\/div>","protected":false},"excerpt":{"rendered":"<p>El limitador de carga segura para cargadora de ruedas SZ-LD01, tambi\u00e9n conocido como indicador de momento de carga (LMI) o indicador de carga segura (SLI), es un dispositivo de seguridad instalado en una cargadora de ruedas para controlar el peso de la carga y el centro de gravedad en tiempo real durante el funcionamiento de la cargadora.<\/p>\n<p>&nbsp;<\/p>","protected":false},"featured_media":7322,"template":"","meta":{"_monsterinsights_skip_tracking":false,"_monsterinsights_sitenote_active":false,"_monsterinsights_sitenote_note":"","_monsterinsights_sitenote_category":0,"site-sidebar-layout":"default","site-content-layout":"","ast-site-content-layout":"default","site-content-style":"default","site-sidebar-style":"default","ast-global-header-display":"","ast-banner-title-visibility":"","ast-main-header-display":"","ast-hfb-above-header-display":"","ast-hfb-below-header-display":"","ast-hfb-mobile-header-display":"","site-post-title":"","ast-breadcrumbs-content":"","ast-featured-img":"","footer-sml-layout":"","theme-transparent-header-meta":"default","adv-header-id-meta":"","stick-header-meta":"","header-above-stick-meta":"","header-main-stick-meta":"","header-below-stick-meta":"","astra-migrate-meta-layouts":"set","ast-page-background-enabled":"default","ast-page-background-meta":{"desktop":{"background-color":"","background-image":"","background-repeat":"repeat","background-position":"center center","background-size":"auto","background-attachment":"scroll","background-type":"","background-media":"","overlay-type":"","overlay-color":"","overlay-opacity":"","overlay-gradient":""},"tablet":{"background-color":"","background-image":"","background-repeat":"repeat","background-position":"center center","background-size":"auto","background-attachment":"scroll","background-type":"","background-media":"","overlay-type":"","overlay-color":"","overlay-opacity":"","overlay-gradient":""},"mobile":{"background-color":"","background-image":"","background-repeat":"repeat","background-position":"center center","background-size":"auto","background-attachment":"scroll","background-type":"","background-media":"","overlay-type":"","overlay-color":"","overlay-opacity":"","overlay-gradient":""}},"ast-content-background-meta":{"desktop":{"background-color":"var(--ast-global-color-5)","background-image":"","background-repeat":"repeat","background-position":"center center","background-size":"auto","background-attachment":"scroll","background-type":"","background-media":"","overlay-type":"","overlay-color":"","overlay-opacity":"","overlay-gradient":""},"tablet":{"background-color":"var(--ast-global-color-5)","background-image":"","background-repeat":"repeat","background-position":"center center","background-size":"auto","background-attachment":"scroll","background-type":"","background-media":"","overlay-type":"","overlay-color":"","overlay-opacity":"","overlay-gradient":""},"mobile":{"background-color":"var(--ast-global-color-5)","background-image":"","background-repeat":"repeat","background-position":"center center","background-size":"auto","background-attachment":"scroll","background-type":"","background-media":"","overlay-type":"","overlay-color":"","overlay-opacity":"","overlay-gradient":""}}},"product_cat":[64],"product_tag":[87,234,193],"class_list":{"0":"post-6815","1":"product","2":"type-product","3":"status-publish","4":"has-post-thumbnail","6":"product_cat-load-moment-indicator","7":"product_tag-load-indicator","8":"product_tag-load-limiter","9":"product_tag-safe-load-indicator-sll","10":"desktop-align-left","11":"tablet-align-left","12":"mobile-align-left","14":"first","15":"instock","16":"shipping-taxable","17":"product-type-simple"},"aioseo_notices":[],"_links":{"self":[{"href":"https:\/\/szlmi.com\/es\/wp-json\/wp\/v2\/product\/6815","targetHints":{"allow":["GET"]}}],"collection":[{"href":"https:\/\/szlmi.com\/es\/wp-json\/wp\/v2\/product"}],"about":[{"href":"https:\/\/szlmi.com\/es\/wp-json\/wp\/v2\/types\/product"}],"wp:featuredmedia":[{"embeddable":true,"href":"https:\/\/szlmi.com\/es\/wp-json\/wp\/v2\/media\/7322"}],"wp:attachment":[{"href":"https:\/\/szlmi.com\/es\/wp-json\/wp\/v2\/media?parent=6815"}],"wp:term":[{"taxonomy":"product_cat","embeddable":true,"href":"https:\/\/szlmi.com\/es\/wp-json\/wp\/v2\/product_cat?post=6815"},{"taxonomy":"product_tag","embeddable":true,"href":"https:\/\/szlmi.com\/es\/wp-json\/wp\/v2\/product_tag?post=6815"}],"curies":[{"name":"wp","href":"https:\/\/api.w.org\/{rel}","templated":true}]}}