{"id":6011,"date":"2025-03-18T00:37:35","date_gmt":"2025-03-18T08:37:35","guid":{"rendered":"https:\/\/szlmi.com\/?post_type=product&#038;p=6011"},"modified":"2026-03-05T20:04:40","modified_gmt":"2026-03-06T04:04:40","slug":"marine-ship-cranes-load-indicator-indicator","status":"publish","type":"product","link":"https:\/\/szlmi.com\/es\/producto\/marine-ship-cranes-load-indicator-indicator\/","title":{"rendered":"Indicador de momento de carga de gr\u00faas navales"},"content":{"rendered":"<h1 style=\"text-align: center;\"><span style=\"color: #336699;\"><strong>Indicador de momento de carga de gr\u00faas navales<\/strong><\/span><\/h1>\n<h3><span style=\"color: #336699;\"><strong>Descripci\u00f3n de la imagen<\/strong><\/span><\/h3>\n<p><img fetchpriority=\"high\" decoding=\"async\" class=\"wp-image-6012 size-full aligncenter\" src=\"https:\/\/szlmi.com\/wp-content\/uploads\/2025\/11\/\u8239\u540a2-e1772082233850.jpg\" alt=\"\" width=\"600\" height=\"888\" \/><\/p>\n<hr \/>\n<h3><span style=\"color: #336699;\"><strong>Introducci\u00f3n<\/strong><\/span><\/h3>\n<p>La gr\u00faa naval SZ-S100<a style=\"box-sizing: border-box; font-family: Arial, sans-serif; word-break: break-word; color: #4f81bd; text-decoration: underline; background-color: #ffffff; -webkit-tap-highlight-color: transparent; cursor: pointer; transition: 0.5s; font-size: 14px; font-style: normal; font-variant-ligatures: normal; font-variant-caps: normal; font-weight: 400; letter-spacing: normal; orphans: 2; text-align: left; text-indent: 0px; text-transform: none; widows: 2; word-spacing: 0px; -webkit-text-stroke-width: 0px; white-space: normal;\" href=\"https:\/\/szlmi.com\/product-category\/product\/load-moment-indicator\/\" target=\"_self\"><strong>\u00a0indicador de momento de carga<\/strong><\/a>, producido por\u00a0<a href=\"https:\/\/szlmi.com\" target=\"_self\"><strong>Tecnolog\u00eda SeeZol<\/strong><\/a>, es un dispositivo de seguridad cr\u00edtico instalado en las gr\u00faas de los barcos para evitar accidentes como vuelcos o da\u00f1os estructurales debido a sobrecarga o funcionamiento inadecuado.<\/p>\n<div class=\"br-block\">Funciona como el \u00abcerebro de seguridad\u00bb de las operaciones de gr\u00faas navales, mediante la monitorizaci\u00f3n y el c\u00e1lculo en tiempo real, alertas de sobrecarga y una s\u00f3lida protecci\u00f3n, registro de datos rastreables y adaptaci\u00f3n a las condiciones mar\u00edtimas para un funcionamiento estable. No solo previene accidentes causados \u200b\u200bpor errores humanos, sino que tambi\u00e9n contribuye a mejorar la eficiencia operativa, convirti\u00e9ndose as\u00ed en un dispositivo de seguridad indispensable y obligatorio para las gr\u00faas navales.<\/div>\n<div class=\"br-block\">El indicador de momento de carga para gr\u00faas navales SZ-S100 se compone principalmente de sensores, un m\u00f3dulo de adquisici\u00f3n y procesamiento de se\u00f1ales, un microprocesador, una unidad de visualizaci\u00f3n y operaci\u00f3n, una unidad de alarma y control, y un m\u00f3dulo de alimentaci\u00f3n. Estos componentes trabajan conjuntamente para garantizar un funcionamiento seguro y fiable de la gr\u00faa naval.<\/div>\n<div>\n<div>\n<div>\n<div id=\"rxAnEUOdIFYQ-text\" class=\"lc-a-text show\">\n<hr \/>\n<h3><span style=\"color: #336699;\"><strong>Par\u00e1metros<\/strong><\/span><\/h3>\n<\/div>\n<\/div>\n<\/div>\n<div>\n<div>\n<div class=\"lc-a-table\" data-atom-id=\"UJaEQidKIFrm-table\">\n<table class=\"rich-text-table fill-zebra\">\n<colgroup>\n<col width=\"480\" \/>\n<col width=\"480\" \/><\/colgroup>\n<tbody>\n<tr>\n<td class=\"td-view\" colspan=\"1\" rowspan=\"1\" data-row=\"0\" data-col=\"0\">\n<div style=\"text-align: center;\">Rango de medida<\/div>\n<\/td>\n<td class=\"td-view\" style=\"text-align: center;\" colspan=\"1\" rowspan=\"1\" data-row=\"0\" data-col=\"1\">\n<div>5 - 260T<\/div>\n<\/td>\n<\/tr>\n<tr>\n<td class=\"td-view\" colspan=\"1\" rowspan=\"1\" data-row=\"1\" data-col=\"0\">\n<div style=\"text-align: center;\">Capacidad de resoluci\u00f3n<\/div>\n<\/td>\n<td class=\"td-view\" colspan=\"1\" rowspan=\"1\" data-row=\"1\" data-col=\"1\">\n<div style=\"text-align: center;\">0.01T<\/div>\n<\/td>\n<\/tr>\n<tr>\n<td class=\"td-view\" colspan=\"1\" rowspan=\"1\" data-row=\"2\" data-col=\"0\">\n<div style=\"text-align: center;\">Precisi\u00f3n combinada<\/div>\n<\/td>\n<td class=\"td-view\" style=\"text-align: center;\" colspan=\"1\" rowspan=\"1\" data-row=\"2\" data-col=\"1\">\n<div>\u00b13%(F.S.)<\/div>\n<\/td>\n<\/tr>\n<tr>\n<td class=\"td-view\" style=\"text-align: center;\" colspan=\"1\" rowspan=\"1\" data-row=\"3\" data-col=\"0\">\n<div>Voltaje el\u00e9ctrico<\/div>\n<\/td>\n<td class=\"td-view\" colspan=\"1\" rowspan=\"1\" data-row=\"3\" data-col=\"1\">\n<div style=\"text-align: center;\">DC12-36V\u00b1 5%<\/div>\n<\/td>\n<\/tr>\n<tr>\n<td class=\"td-view\" colspan=\"1\" rowspan=\"1\" data-row=\"4\" data-col=\"0\">\n<div style=\"text-align: center;\">Temperatura<\/div>\n<\/td>\n<td class=\"td-view\" style=\"text-align: center;\" colspan=\"1\" rowspan=\"1\" data-row=\"4\" data-col=\"1\">\n<div>-20\u2103 -+70\u2103<\/div>\n<\/td>\n<\/tr>\n<tr>\n<td class=\"td-view\" colspan=\"1\" rowspan=\"1\" data-row=\"5\" data-col=\"0\">\n<div style=\"text-align: center;\">Humedad relativa<\/div>\n<\/td>\n<td class=\"td-view\" colspan=\"1\" rowspan=\"1\" data-row=\"5\" data-col=\"1\">\n<div style=\"text-align: center;\">90%(20\u2103)<\/div>\n<\/td>\n<\/tr>\n<tr>\n<td class=\"td-view\" style=\"text-align: center;\" colspan=\"1\" rowspan=\"1\" data-row=\"6\" data-col=\"0\">\n<div>Error de acci\u00f3n<\/div>\n<\/td>\n<td class=\"td-view\" colspan=\"1\" rowspan=\"1\" data-row=\"6\" data-col=\"1\">\n<div style=\"text-align: center;\">&lt;\u00b11%(F.S.)<\/div>\n<\/td>\n<\/tr>\n<tr>\n<td class=\"td-view\" style=\"text-align: center;\" colspan=\"1\" rowspan=\"1\" data-row=\"7\" data-col=\"0\">\n<div>Protecci\u00f3n contra la entrada de agua y polvo<\/div>\n<\/td>\n<td class=\"td-view\" colspan=\"1\" rowspan=\"1\" data-row=\"7\" data-col=\"1\">\n<div style=\"text-align: center;\">IP65<\/div>\n<\/td>\n<\/tr>\n<\/tbody>\n<\/table>\n<\/div>\n<\/div>\n<\/div>\n<div>\n<div>\n<div id=\"rnAEmqOJFwRQ-text\" class=\"lc-a-text show\">\n<hr \/>\n<h3><span style=\"color: #336699;\"><strong>Funci\u00f3n:<\/strong><\/span><\/h3>\n<\/div>\n<\/div>\n<\/div>\n<div>\n<div>\n<div class=\"lc-a-text show\">\n<div>\n<div>Visualizaci\u00f3n del peso en tiempo real<br \/>\nVisualizaci\u00f3n de altura en tiempo real<br \/>\nVisualizaci\u00f3n del par<br \/>\nAlarma y control de sobrecarga<br \/>\nControlar la salida<br \/>\nRegistro de datos hist\u00f3ricos<\/div>\n<div><\/div>\n<\/div>\n<div>\n<hr \/>\n<h3><span style=\"color: #336699;\"><strong>Caso<\/strong><\/span><\/h3>\n<\/div>\n<div>\n<div>\n<div id='gallery-1' class='gallery galleryid-6011 gallery-columns-3 gallery-size-thumbnail'><figure class='gallery-item'>\n\t\t\t<div class='gallery-icon landscape'>\n\t\t\t\t<a href='https:\/\/szlmi.com\/wp-content\/uploads\/2025\/11\/211-e1762159314939.jpg'><img decoding=\"async\" width=\"150\" height=\"150\" src=\"https:\/\/szlmi.com\/wp-content\/uploads\/2025\/11\/211-150x150.jpg\" class=\"attachment-thumbnail size-thumbnail\" alt=\"\" srcset=\"https:\/\/szlmi.com\/wp-content\/uploads\/2025\/11\/211-150x150.jpg 150w, https:\/\/szlmi.com\/wp-content\/uploads\/2025\/11\/211-300x300.jpg 300w, https:\/\/szlmi.com\/wp-content\/uploads\/2025\/11\/211-768x768.jpg 768w, https:\/\/szlmi.com\/wp-content\/uploads\/2025\/11\/211-12x12.jpg 12w, https:\/\/szlmi.com\/wp-content\/uploads\/2025\/11\/211-600x600.jpg 600w, https:\/\/szlmi.com\/wp-content\/uploads\/2025\/11\/211-100x100.jpg 100w, https:\/\/szlmi.com\/wp-content\/uploads\/2025\/11\/211-64x64.jpg 64w, https:\/\/szlmi.com\/wp-content\/uploads\/2025\/11\/211-e1762159314939.jpg 400w\" sizes=\"(max-width: 150px) 100vw, 150px\" \/><\/a>\n\t\t\t<\/div><\/figure><figure class='gallery-item'>\n\t\t\t<div class='gallery-icon landscape'>\n\t\t\t\t<a href='https:\/\/szlmi.com\/wp-content\/uploads\/2025\/11\/1212-e1762159303149.jpg'><img decoding=\"async\" width=\"150\" height=\"150\" src=\"https:\/\/szlmi.com\/wp-content\/uploads\/2025\/11\/1212-150x150.jpg\" class=\"attachment-thumbnail size-thumbnail\" alt=\"\" srcset=\"https:\/\/szlmi.com\/wp-content\/uploads\/2025\/11\/1212-150x150.jpg 150w, https:\/\/szlmi.com\/wp-content\/uploads\/2025\/11\/1212-300x300.jpg 300w, https:\/\/szlmi.com\/wp-content\/uploads\/2025\/11\/1212-768x768.jpg 768w, https:\/\/szlmi.com\/wp-content\/uploads\/2025\/11\/1212-12x12.jpg 12w, https:\/\/szlmi.com\/wp-content\/uploads\/2025\/11\/1212-600x600.jpg 600w, https:\/\/szlmi.com\/wp-content\/uploads\/2025\/11\/1212-100x100.jpg 100w, https:\/\/szlmi.com\/wp-content\/uploads\/2025\/11\/1212-64x64.jpg 64w, https:\/\/szlmi.com\/wp-content\/uploads\/2025\/11\/1212-e1762159303149.jpg 400w\" sizes=\"(max-width: 150px) 100vw, 150px\" \/><\/a>\n\t\t\t<\/div><\/figure><figure class='gallery-item'>\n\t\t\t<div class='gallery-icon landscape'>\n\t\t\t\t<a href='https:\/\/szlmi.com\/wp-content\/uploads\/2025\/11\/IMG_20171221_084807R-e1762159291676.jpg'><img loading=\"lazy\" decoding=\"async\" width=\"150\" height=\"150\" src=\"https:\/\/szlmi.com\/wp-content\/uploads\/2025\/11\/IMG_20171221_084807R-150x150.jpg\" class=\"attachment-thumbnail size-thumbnail\" alt=\"\" srcset=\"https:\/\/szlmi.com\/wp-content\/uploads\/2025\/11\/IMG_20171221_084807R-150x150.jpg 150w, https:\/\/szlmi.com\/wp-content\/uploads\/2025\/11\/IMG_20171221_084807R-300x300.jpg 300w, https:\/\/szlmi.com\/wp-content\/uploads\/2025\/11\/IMG_20171221_084807R-1024x1024.jpg 1024w, https:\/\/szlmi.com\/wp-content\/uploads\/2025\/11\/IMG_20171221_084807R-768x768.jpg 768w, https:\/\/szlmi.com\/wp-content\/uploads\/2025\/11\/IMG_20171221_084807R-1536x1536.jpg 1536w, https:\/\/szlmi.com\/wp-content\/uploads\/2025\/11\/IMG_20171221_084807R-12x12.jpg 12w, https:\/\/szlmi.com\/wp-content\/uploads\/2025\/11\/IMG_20171221_084807R-600x600.jpg 600w, https:\/\/szlmi.com\/wp-content\/uploads\/2025\/11\/IMG_20171221_084807R-100x100.jpg 100w, https:\/\/szlmi.com\/wp-content\/uploads\/2025\/11\/IMG_20171221_084807R-64x64.jpg 64w, https:\/\/szlmi.com\/wp-content\/uploads\/2025\/11\/IMG_20171221_084807R-e1762159291676.jpg 400w\" sizes=\"(max-width: 150px) 100vw, 150px\" \/><\/a>\n\t\t\t<\/div><\/figure><figure class='gallery-item'>\n\t\t\t<div class='gallery-icon landscape'>\n\t\t\t\t<a href='https:\/\/szlmi.com\/wp-content\/uploads\/2025\/11\/mmexport1514083910895-e1762158541513.jpg'><img loading=\"lazy\" decoding=\"async\" width=\"150\" height=\"150\" src=\"https:\/\/szlmi.com\/wp-content\/uploads\/2025\/11\/mmexport1514083910895-150x150.jpg\" class=\"attachment-thumbnail size-thumbnail\" alt=\"\" srcset=\"https:\/\/szlmi.com\/wp-content\/uploads\/2025\/11\/mmexport1514083910895-150x150.jpg 150w, https:\/\/szlmi.com\/wp-content\/uploads\/2025\/11\/mmexport1514083910895-300x300.jpg 300w, https:\/\/szlmi.com\/wp-content\/uploads\/2025\/11\/mmexport1514083910895-1024x1024.jpg 1024w, https:\/\/szlmi.com\/wp-content\/uploads\/2025\/11\/mmexport1514083910895-768x768.jpg 768w, https:\/\/szlmi.com\/wp-content\/uploads\/2025\/11\/mmexport1514083910895-12x12.jpg 12w, https:\/\/szlmi.com\/wp-content\/uploads\/2025\/11\/mmexport1514083910895-600x600.jpg 600w, https:\/\/szlmi.com\/wp-content\/uploads\/2025\/11\/mmexport1514083910895-100x100.jpg 100w, https:\/\/szlmi.com\/wp-content\/uploads\/2025\/11\/mmexport1514083910895-64x64.jpg 64w, https:\/\/szlmi.com\/wp-content\/uploads\/2025\/11\/mmexport1514083910895-e1762158541513.jpg 400w\" sizes=\"(max-width: 150px) 100vw, 150px\" \/><\/a>\n\t\t\t<\/div><\/figure><figure class='gallery-item'>\n\t\t\t<div class='gallery-icon landscape'>\n\t\t\t\t<a href='https:\/\/szlmi.com\/wp-content\/uploads\/2025\/11\/212-e1762159425496.jpg'><img loading=\"lazy\" decoding=\"async\" width=\"150\" height=\"150\" src=\"https:\/\/szlmi.com\/wp-content\/uploads\/2025\/11\/212-150x150.jpg\" class=\"attachment-thumbnail size-thumbnail\" alt=\"\" srcset=\"https:\/\/szlmi.com\/wp-content\/uploads\/2025\/11\/212-150x150.jpg 150w, https:\/\/szlmi.com\/wp-content\/uploads\/2025\/11\/212-300x300.jpg 300w, https:\/\/szlmi.com\/wp-content\/uploads\/2025\/11\/212-768x768.jpg 768w, https:\/\/szlmi.com\/wp-content\/uploads\/2025\/11\/212-12x12.jpg 12w, https:\/\/szlmi.com\/wp-content\/uploads\/2025\/11\/212-600x600.jpg 600w, https:\/\/szlmi.com\/wp-content\/uploads\/2025\/11\/212-100x100.jpg 100w, https:\/\/szlmi.com\/wp-content\/uploads\/2025\/11\/212-64x64.jpg 64w, https:\/\/szlmi.com\/wp-content\/uploads\/2025\/11\/212-e1762159425496.jpg 400w\" sizes=\"(max-width: 150px) 100vw, 150px\" \/><\/a>\n\t\t\t<\/div><\/figure><figure class='gallery-item'>\n\t\t\t<div class='gallery-icon landscape'>\n\t\t\t\t<a href='https:\/\/szlmi.com\/wp-content\/uploads\/2025\/11\/2015010813230971971-e1762159414637.jpg'><img loading=\"lazy\" decoding=\"async\" width=\"150\" height=\"150\" src=\"https:\/\/szlmi.com\/wp-content\/uploads\/2025\/11\/2015010813230971971-150x150.jpg\" class=\"attachment-thumbnail size-thumbnail\" alt=\"\" srcset=\"https:\/\/szlmi.com\/wp-content\/uploads\/2025\/11\/2015010813230971971-150x150.jpg 150w, https:\/\/szlmi.com\/wp-content\/uploads\/2025\/11\/2015010813230971971-300x300.jpg 300w, https:\/\/szlmi.com\/wp-content\/uploads\/2025\/11\/2015010813230971971-768x768.jpg 768w, https:\/\/szlmi.com\/wp-content\/uploads\/2025\/11\/2015010813230971971-12x12.jpg 12w, https:\/\/szlmi.com\/wp-content\/uploads\/2025\/11\/2015010813230971971-600x600.jpg 600w, https:\/\/szlmi.com\/wp-content\/uploads\/2025\/11\/2015010813230971971-100x100.jpg 100w, https:\/\/szlmi.com\/wp-content\/uploads\/2025\/11\/2015010813230971971-64x64.jpg 64w, https:\/\/szlmi.com\/wp-content\/uploads\/2025\/11\/2015010813230971971-e1762159414637.jpg 400w\" sizes=\"(max-width: 150px) 100vw, 150px\" \/><\/a>\n\t\t\t<\/div><\/figure>\n\t\t<\/div>\n\n<\/div>\n<\/div>\n<\/div>\n<\/div>\n<\/div>\n<\/div>","protected":false},"excerpt":{"rendered":"<p>La gr\u00faa naval SZ-S100<a href=\"https:\/\/szlmi.com\/product-category\/product\/load-moment-indicator\/\" target=\"_self\"><strong>\u00a0indicador de momento de carga<\/strong><\/a>, producido por\u00a0<a href=\"https:\/\/szlmi.com\" target=\"_self\"><strong>Tecnolog\u00eda SeeZol<\/strong><\/a>, es un dispositivo de seguridad cr\u00edtico instalado en las gr\u00faas de los barcos para evitar accidentes como vuelcos o da\u00f1os estructurales debido a sobrecarga o funcionamiento inadecuado.<\/p>\n<div class=\"br-block\">Funciona como el \u00abcerebro de seguridad\u00bb de las operaciones de gr\u00faas navales, mediante la monitorizaci\u00f3n y el c\u00e1lculo en tiempo real, alertas de sobrecarga y una s\u00f3lida protecci\u00f3n, registro de datos rastreables y adaptaci\u00f3n a las condiciones mar\u00edtimas para un funcionamiento estable. No solo previene accidentes causados \u200b\u200bpor errores humanos, sino que tambi\u00e9n contribuye a mejorar la eficiencia operativa, convirti\u00e9ndose as\u00ed en un dispositivo de seguridad indispensable y obligatorio para las gr\u00faas navales.<\/div>","protected":false},"featured_media":6017,"template":"","meta":{"_monsterinsights_skip_tracking":false,"_monsterinsights_sitenote_active":false,"_monsterinsights_sitenote_note":"","_monsterinsights_sitenote_category":0,"site-sidebar-layout":"default","site-content-layout":"","ast-site-content-layout":"default","site-content-style":"default","site-sidebar-style":"default","ast-global-header-display":"","ast-banner-title-visibility":"","ast-main-header-display":"","ast-hfb-above-header-display":"","ast-hfb-below-header-display":"","ast-hfb-mobile-header-display":"","site-post-title":"","ast-breadcrumbs-content":"","ast-featured-img":"","footer-sml-layout":"","theme-transparent-header-meta":"default","adv-header-id-meta":"","stick-header-meta":"","header-above-stick-meta":"","header-main-stick-meta":"","header-below-stick-meta":"","astra-migrate-meta-layouts":"set","ast-page-background-enabled":"default","ast-page-background-meta":{"desktop":{"background-color":"","background-image":"","background-repeat":"repeat","background-position":"center center","background-size":"auto","background-attachment":"scroll","background-type":"","background-media":"","overlay-type":"","overlay-color":"","overlay-opacity":"","overlay-gradient":""},"tablet":{"background-color":"","background-image":"","background-repeat":"repeat","background-position":"center center","background-size":"auto","background-attachment":"scroll","background-type":"","background-media":"","overlay-type":"","overlay-color":"","overlay-opacity":"","overlay-gradient":""},"mobile":{"background-color":"","background-image":"","background-repeat":"repeat","background-position":"center center","background-size":"auto","background-attachment":"scroll","background-type":"","background-media":"","overlay-type":"","overlay-color":"","overlay-opacity":"","overlay-gradient":""}},"ast-content-background-meta":{"desktop":{"background-color":"var(--ast-global-color-5)","background-image":"","background-repeat":"repeat","background-position":"center center","background-size":"auto","background-attachment":"scroll","background-type":"","background-media":"","overlay-type":"","overlay-color":"","overlay-opacity":"","overlay-gradient":""},"tablet":{"background-color":"var(--ast-global-color-5)","background-image":"","background-repeat":"repeat","background-position":"center center","background-size":"auto","background-attachment":"scroll","background-type":"","background-media":"","overlay-type":"","overlay-color":"","overlay-opacity":"","overlay-gradient":""},"mobile":{"background-color":"var(--ast-global-color-5)","background-image":"","background-repeat":"repeat","background-position":"center center","background-size":"auto","background-attachment":"scroll","background-type":"","background-media":"","overlay-type":"","overlay-color":"","overlay-opacity":"","overlay-gradient":""}}},"product_cat":[64],"product_tag":[255,84],"class_list":{"0":"post-6011","1":"product","2":"type-product","3":"status-publish","4":"has-post-thumbnail","6":"product_cat-load-moment-indicator","7":"product_tag-crane-lmi","8":"product_tag-crane-load-moment-indicator","9":"desktop-align-left","10":"tablet-align-left","11":"mobile-align-left","13":"first","14":"instock","15":"shipping-taxable","16":"product-type-simple"},"aioseo_notices":[],"_links":{"self":[{"href":"https:\/\/szlmi.com\/es\/wp-json\/wp\/v2\/product\/6011","targetHints":{"allow":["GET"]}}],"collection":[{"href":"https:\/\/szlmi.com\/es\/wp-json\/wp\/v2\/product"}],"about":[{"href":"https:\/\/szlmi.com\/es\/wp-json\/wp\/v2\/types\/product"}],"wp:featuredmedia":[{"embeddable":true,"href":"https:\/\/szlmi.com\/es\/wp-json\/wp\/v2\/media\/6017"}],"wp:attachment":[{"href":"https:\/\/szlmi.com\/es\/wp-json\/wp\/v2\/media?parent=6011"}],"wp:term":[{"taxonomy":"product_cat","embeddable":true,"href":"https:\/\/szlmi.com\/es\/wp-json\/wp\/v2\/product_cat?post=6011"},{"taxonomy":"product_tag","embeddable":true,"href":"https:\/\/szlmi.com\/es\/wp-json\/wp\/v2\/product_tag?post=6011"}],"curies":[{"name":"wp","href":"https:\/\/api.w.org\/{rel}","templated":true}]}}