{"id":5218,"date":"2025-03-08T18:35:54","date_gmt":"2025-03-09T02:35:54","guid":{"rendered":"https:\/\/szlmi.com\/?post_type=product&#038;p=5218"},"modified":"2026-03-05T21:02:44","modified_gmt":"2026-03-06T05:02:44","slug":"ps-on-line-liquid-concentration-sensor","status":"publish","type":"product","link":"https:\/\/szlmi.com\/es\/producto\/ps-on-line-liquid-concentration-sensor\/","title":{"rendered":"Sensor de concentraci\u00f3n de l\u00edquido en l\u00ednea PS"},"content":{"rendered":"<h3><span style=\"color: #336699;\"><strong>Presentaci\u00f3n del producto<\/strong><\/span><\/h3>\n<p data-immersive-translate-paragraph=\"1\" data-spm-anchor-id=\"a2700.details-description.0.i2.6c37VtCNVtCNIW\" data-immersive-translate-walked=\"75aacf22-5f62-41f9-ac75-efc12976376e\">El sensor de concentraci\u00f3n de l\u00edquidos sumergidos serie SZ-PS es un instrumento \u00f3ptico de alta precisi\u00f3n basado en el principio de refracci\u00f3n de la luz y reflexi\u00f3n total para medir la concentraci\u00f3n de l\u00edquidos. Es adecuado para la detecci\u00f3n de concentraciones de todo tipo de soluciones a temperaturas inferiores a 0\u00b0C-80\u00b0C. Se instala habitualmente en contenedores, piscinas, tanques y otras aplicaciones abiertas. El producto integra medici\u00f3n, visualizaci\u00f3n y salida de se\u00f1al de control de conmutaci\u00f3n, lo que facilita su instalaci\u00f3n y mantenimiento.<\/p>\n<hr \/>\n<h3><span style=\"color: #336699;\"><strong>Par\u00e1metros<\/strong><\/span><\/h3>\n<p data-immersive-translate-paragraph=\"1\" data-spm-anchor-id=\"a2700.details-description.0.i2.6c37VtCNVtCNIW\" data-immersive-translate-walked=\"75aacf22-5f62-41f9-ac75-efc12976376e\"><img fetchpriority=\"high\" decoding=\"async\" class=\"wp-image-5224 size-full aligncenter\" src=\"https:\/\/szlmi.com\/wp-content\/uploads\/2025\/06\/freecompress-6-e1749435752301.jpg\" alt=\"\" width=\"500\" height=\"380\" srcset=\"https:\/\/szlmi.com\/wp-content\/uploads\/2025\/06\/freecompress-6-e1749435752301.jpg 500w, https:\/\/szlmi.com\/wp-content\/uploads\/2025\/06\/freecompress-6-e1749435752301-300x228.jpg 300w, https:\/\/szlmi.com\/wp-content\/uploads\/2025\/06\/freecompress-6-e1749435752301-16x12.jpg 16w, https:\/\/szlmi.com\/wp-content\/uploads\/2025\/06\/freecompress-6-e1749435752301-64x49.jpg 64w\" sizes=\"(max-width: 500px) 100vw, 500px\" \/><\/p>\n<hr \/>\n<h3><span style=\"color: #336699;\"><strong>Principales caracter\u00edsticas t\u00e9cnicas<\/strong><\/span><\/h3>\n<p data-immersive-translate-walked=\"eec4a8c8-19c7-459b-87ae-6ab1768e3ab4\"><strong data-immersive-translate-walked=\"eec4a8c8-19c7-459b-87ae-6ab1768e3ab4\"><span data-immersive-translate-walked=\"eec4a8c8-19c7-459b-87ae-6ab1768e3ab4\" data-immersive-translate-paragraph=\"1\">1.Monitoreo continuo y en tiempo real<\/span><\/strong><\/p>\n<p data-immersive-translate-walked=\"eec4a8c8-19c7-459b-87ae-6ab1768e3ab4\"><span data-immersive-translate-walked=\"eec4a8c8-19c7-459b-87ae-6ab1768e3ab4\" data-immersive-translate-paragraph=\"1\">Se instala directamente en l\u00edneas de proceso (por ejemplo, tuber\u00edas, reactores) sin muestreo manual, lo que permite un monitoreo continuo las 24 horas del d\u00eda, los 7 d\u00edas de la semana, con una respuesta en fracciones de segundo.<\/span><\/p>\n<p data-immersive-translate-paragraph=\"1\" data-immersive-translate-walked=\"eec4a8c8-19c7-459b-87ae-6ab1768e3ab4\"><strong data-immersive-translate-walked=\"eec4a8c8-19c7-459b-87ae-6ab1768e3ab4\"><span data-immersive-translate-walked=\"eec4a8c8-19c7-459b-87ae-6ab1768e3ab4\">2.<\/span><\/strong><strong data-immersive-translate-walked=\"eec4a8c8-19c7-459b-87ae-6ab1768e3ab4\"><span data-immersive-translate-walked=\"eec4a8c8-19c7-459b-87ae-6ab1768e3ab4\">Alta precisi\u00f3n y estabilidad<\/span><\/strong><\/p>\n<p data-immersive-translate-walked=\"eec4a8c8-19c7-459b-87ae-6ab1768e3ab4\"><span data-immersive-translate-walked=\"eec4a8c8-19c7-459b-87ae-6ab1768e3ab4\" data-immersive-translate-paragraph=\"1\">Incorpora tecnolog\u00edas como compensaci\u00f3n de temperatura y calibraci\u00f3n autom\u00e1tica (por ejemplo, inyecci\u00f3n peri\u00f3dica de soluci\u00f3n est\u00e1ndar) para reducir la interferencia ambiental (temperatura, presi\u00f3n, impurezas).<\/span><\/p>\n<p data-immersive-translate-paragraph=\"1\" data-immersive-translate-walked=\"eec4a8c8-19c7-459b-87ae-6ab1768e3ab4\"><strong data-immersive-translate-walked=\"eec4a8c8-19c7-459b-87ae-6ab1768e3ab4\"><span data-immersive-translate-walked=\"eec4a8c8-19c7-459b-87ae-6ab1768e3ab4\">3.<\/span><\/strong><strong data-immersive-translate-walked=\"eec4a8c8-19c7-459b-87ae-6ab1768e3ab4\"><span data-immersive-translate-walked=\"eec4a8c8-19c7-459b-87ae-6ab1768e3ab4\">Inteligencia e Integraci\u00f3n<\/span><\/strong><\/p>\n<p data-immersive-translate-walked=\"eec4a8c8-19c7-459b-87ae-6ab1768e3ab4\"><span data-immersive-translate-walked=\"eec4a8c8-19c7-459b-87ae-6ab1768e3ab4\" data-immersive-translate-paragraph=\"1\">Los microprocesadores incorporados admiten el almacenamiento de datos, el an\u00e1lisis de tendencias y la integraci\u00f3n perfecta con sistemas PLC\/DCS a trav\u00e9s de se\u00f1ales de corriente de 4-20 mA o interfaces RS485 para un control automatizado.<\/span><\/p>\n<p data-immersive-translate-paragraph=\"1\" data-immersive-translate-walked=\"eec4a8c8-19c7-459b-87ae-6ab1768e3ab4\"><strong data-immersive-translate-walked=\"eec4a8c8-19c7-459b-87ae-6ab1768e3ab4\"><span data-immersive-translate-walked=\"eec4a8c8-19c7-459b-87ae-6ab1768e3ab4\">4.<\/span><\/strong><strong data-immersive-translate-walked=\"eec4a8c8-19c7-459b-87ae-6ab1768e3ab4\"><span data-immersive-translate-walked=\"eec4a8c8-19c7-459b-87ae-6ab1768e3ab4\">Dise\u00f1o duradero<\/span><\/strong><\/p>\n<p data-immersive-translate-walked=\"eec4a8c8-19c7-459b-87ae-6ab1768e3ab4\" data-spm-anchor-id=\"a2700.details-description.0.i7.6c37VtCNVtCNIW\"><span data-immersive-translate-walked=\"eec4a8c8-19c7-459b-87ae-6ab1768e3ab4\" data-immersive-translate-paragraph=\"1\">Los materiales de las sondas suelen ser acero inoxidable, aleaci\u00f3n de titanio o PTFE, y ofrecen una fuerte resistencia a la corrosi\u00f3n para entornos de alta temperatura, alta presi\u00f3n y altamente corrosivos (por ejemplo, reacciones qu\u00edmicas, tratamiento de aguas residuales).<\/span><\/p>\n<hr \/>\n<h3><span style=\"color: #336699;\"><strong>Escenarios t\u00edpicos de aplicaci\u00f3n<\/strong><\/span><\/h3>\n<table border=\"0\" cellspacing=\"0\" data-immersive-translate-walked=\"c91d0338-99d6-4fb5-9e69-3e51b3c1ecd1\">\n<tbody data-immersive-translate-walked=\"c91d0338-99d6-4fb5-9e69-3e51b3c1ecd1\">\n<tr data-immersive-translate-walked=\"c91d0338-99d6-4fb5-9e69-3e51b3c1ecd1\">\n<td valign=\"center\" data-immersive-translate-walked=\"c91d0338-99d6-4fb5-9e69-3e51b3c1ecd1\">\n<p align=\"center\" data-immersive-translate-walked=\"c91d0338-99d6-4fb5-9e69-3e51b3c1ecd1\"><strong data-immersive-translate-walked=\"c91d0338-99d6-4fb5-9e69-3e51b3c1ecd1\"><span data-immersive-translate-walked=\"c91d0338-99d6-4fb5-9e69-3e51b3c1ecd1\" data-immersive-translate-paragraph=\"1\">Industria<\/span><\/strong><\/p>\n<\/td>\n<td valign=\"center\" data-immersive-translate-walked=\"c91d0338-99d6-4fb5-9e69-3e51b3c1ecd1\">\n<p align=\"center\" data-immersive-translate-walked=\"c91d0338-99d6-4fb5-9e69-3e51b3c1ecd1\"><strong data-immersive-translate-walked=\"c91d0338-99d6-4fb5-9e69-3e51b3c1ecd1\"><span data-immersive-translate-walked=\"c91d0338-99d6-4fb5-9e69-3e51b3c1ecd1\" data-immersive-translate-paragraph=\"1\">Escenario de aplicaci\u00f3n<\/span><\/strong><\/p>\n<\/td>\n<td valign=\"center\" data-immersive-translate-walked=\"c91d0338-99d6-4fb5-9e69-3e51b3c1ecd1\" data-spm-anchor-id=\"a2700.details-description.0.i10.6c37VtCNVtCNIW\">\n<p align=\"center\" data-immersive-translate-walked=\"c91d0338-99d6-4fb5-9e69-3e51b3c1ecd1\"><strong data-immersive-translate-walked=\"c91d0338-99d6-4fb5-9e69-3e51b3c1ecd1\"><span data-immersive-translate-walked=\"c91d0338-99d6-4fb5-9e69-3e51b3c1ecd1\" data-immersive-translate-paragraph=\"1\">Objetivos de detecci\u00f3n<\/span><\/strong><\/p>\n<\/td>\n<\/tr>\n<tr data-immersive-translate-walked=\"c91d0338-99d6-4fb5-9e69-3e51b3c1ecd1\">\n<td valign=\"center\" data-immersive-translate-walked=\"c91d0338-99d6-4fb5-9e69-3e51b3c1ecd1\">\n<p data-immersive-translate-walked=\"c91d0338-99d6-4fb5-9e69-3e51b3c1ecd1\"><strong data-immersive-translate-walked=\"c91d0338-99d6-4fb5-9e69-3e51b3c1ecd1\"><span data-immersive-translate-walked=\"c91d0338-99d6-4fb5-9e69-3e51b3c1ecd1\" data-immersive-translate-paragraph=\"1\">Qu\u00edmica y petroqu\u00edmica<\/span><\/strong><\/p>\n<\/td>\n<td valign=\"center\" data-immersive-translate-walked=\"c91d0338-99d6-4fb5-9e69-3e51b3c1ecd1\">\n<p data-immersive-translate-walked=\"c91d0338-99d6-4fb5-9e69-3e51b3c1ecd1\"><span data-immersive-translate-walked=\"c91d0338-99d6-4fb5-9e69-3e51b3c1ecd1\" data-immersive-translate-paragraph=\"1\">Monitoreo de concentraci\u00f3n en reactores, an\u00e1lisis de componentes de columnas de destilaci\u00f3n<\/span><\/p>\n<\/td>\n<td valign=\"center\" data-immersive-translate-walked=\"c91d0338-99d6-4fb5-9e69-3e51b3c1ecd1\">\n<p data-immersive-translate-walked=\"c91d0338-99d6-4fb5-9e69-3e51b3c1ecd1\"><span data-immersive-translate-walked=\"c91d0338-99d6-4fb5-9e69-3e51b3c1ecd1\" data-immersive-translate-paragraph=\"1\">Concentraci\u00f3n de \u00e1cido\/\u00e1lcali, contenido de metanol, corte de agua del petr\u00f3leo crudo<\/span><\/p>\n<\/td>\n<\/tr>\n<tr data-immersive-translate-walked=\"c91d0338-99d6-4fb5-9e69-3e51b3c1ecd1\">\n<td valign=\"center\" data-immersive-translate-walked=\"c91d0338-99d6-4fb5-9e69-3e51b3c1ecd1\">\n<p data-immersive-translate-walked=\"c91d0338-99d6-4fb5-9e69-3e51b3c1ecd1\"><strong data-immersive-translate-walked=\"c91d0338-99d6-4fb5-9e69-3e51b3c1ecd1\"><span data-immersive-translate-walked=\"c91d0338-99d6-4fb5-9e69-3e51b3c1ecd1\" data-immersive-translate-paragraph=\"1\">Alimentos y bebidas<\/span><\/strong><\/p>\n<\/td>\n<td valign=\"center\" data-immersive-translate-walked=\"c91d0338-99d6-4fb5-9e69-3e51b3c1ecd1\">\n<p data-immersive-translate-walked=\"c91d0338-99d6-4fb5-9e69-3e51b3c1ecd1\"><span data-immersive-translate-walked=\"c91d0338-99d6-4fb5-9e69-3e51b3c1ecd1\" data-immersive-translate-paragraph=\"1\">Mezcla de jarabe en l\u00edneas de producci\u00f3n, detecci\u00f3n de componentes l\u00e1cteos, mezcla de vinos<\/span><\/p>\n<\/td>\n<td valign=\"center\" data-immersive-translate-walked=\"c91d0338-99d6-4fb5-9e69-3e51b3c1ecd1\">\n<p data-immersive-translate-walked=\"c91d0338-99d6-4fb5-9e69-3e51b3c1ecd1\" data-spm-anchor-id=\"a2700.details-description.0.i12.6c37VtCNVtCNIW\"><span data-immersive-translate-walked=\"c91d0338-99d6-4fb5-9e69-3e51b3c1ecd1\" data-immersive-translate-paragraph=\"1\" data-spm-anchor-id=\"a2700.details-description.0.i11.6c37VtCNVtCNIW\">Valor Brix, contenido de grasa de la leche, concentraci\u00f3n de alcohol<\/span><\/p>\n<\/td>\n<\/tr>\n<tr data-immersive-translate-walked=\"c91d0338-99d6-4fb5-9e69-3e51b3c1ecd1\">\n<td valign=\"center\" data-immersive-translate-walked=\"c91d0338-99d6-4fb5-9e69-3e51b3c1ecd1\">\n<p data-immersive-translate-walked=\"c91d0338-99d6-4fb5-9e69-3e51b3c1ecd1\"><strong data-immersive-translate-walked=\"c91d0338-99d6-4fb5-9e69-3e51b3c1ecd1\"><span data-immersive-translate-walked=\"c91d0338-99d6-4fb5-9e69-3e51b3c1ecd1\" data-immersive-translate-paragraph=\"1\">Productos farmac\u00e9uticos y biotecnolog\u00eda<\/span><\/strong><\/p>\n<\/td>\n<td valign=\"center\" data-immersive-translate-walked=\"c91d0338-99d6-4fb5-9e69-3e51b3c1ecd1\">\n<p data-immersive-translate-walked=\"c91d0338-99d6-4fb5-9e69-3e51b3c1ecd1\"><span data-immersive-translate-walked=\"c91d0338-99d6-4fb5-9e69-3e51b3c1ecd1\" data-immersive-translate-paragraph=\"1\" data-spm-anchor-id=\"a2700.details-description.0.i14.6c37VtCNVtCNIW\">Monitoreo de concentraci\u00f3n de sustrato en tanques de fermentaci\u00f3n, control de impurezas en procesos de purificaci\u00f3n.<\/span><\/p>\n<\/td>\n<td valign=\"center\" data-immersive-translate-walked=\"c91d0338-99d6-4fb5-9e69-3e51b3c1ecd1\">\n<p data-immersive-translate-walked=\"c91d0338-99d6-4fb5-9e69-3e51b3c1ecd1\"><span data-immersive-translate-walked=\"c91d0338-99d6-4fb5-9e69-3e51b3c1ecd1\" data-immersive-translate-paragraph=\"1\">Concentraci\u00f3n de glucosa, contenido proteico, pureza intermedia farmac\u00e9utica<\/span><\/p>\n<\/td>\n<\/tr>\n<tr data-immersive-translate-walked=\"c91d0338-99d6-4fb5-9e69-3e51b3c1ecd1\">\n<td valign=\"center\" data-immersive-translate-walked=\"c91d0338-99d6-4fb5-9e69-3e51b3c1ecd1\">\n<p data-immersive-translate-walked=\"c91d0338-99d6-4fb5-9e69-3e51b3c1ecd1\"><strong data-immersive-translate-walked=\"c91d0338-99d6-4fb5-9e69-3e51b3c1ecd1\"><span data-immersive-translate-walked=\"c91d0338-99d6-4fb5-9e69-3e51b3c1ecd1\" data-immersive-translate-paragraph=\"1\">Protecci\u00f3n del medio ambiente y tratamiento del agua<\/span><\/strong><\/p>\n<\/td>\n<td valign=\"center\" data-immersive-translate-walked=\"c91d0338-99d6-4fb5-9e69-3e51b3c1ecd1\">\n<p data-immersive-translate-walked=\"c91d0338-99d6-4fb5-9e69-3e51b3c1ecd1\"><span data-immersive-translate-walked=\"c91d0338-99d6-4fb5-9e69-3e51b3c1ecd1\" data-immersive-translate-paragraph=\"1\">Monitoreo de concentraci\u00f3n de metales pesados \u200b\u200ben aguas residuales, detecci\u00f3n de cloro residual en agua potable<\/span><\/p>\n<\/td>\n<td valign=\"center\" data-immersive-translate-walked=\"c91d0338-99d6-4fb5-9e69-3e51b3c1ecd1\">\n<p data-immersive-translate-walked=\"c91d0338-99d6-4fb5-9e69-3e51b3c1ecd1\"><span data-immersive-translate-walked=\"c91d0338-99d6-4fb5-9e69-3e51b3c1ecd1\" data-immersive-translate-paragraph=\"1\">Concentraci\u00f3n de iones de cobre\/n\u00edquel, DQO (demanda qu\u00edmica de ox\u00edgeno), pH<\/span><\/p>\n<\/td>\n<\/tr>\n<tr data-immersive-translate-walked=\"c91d0338-99d6-4fb5-9e69-3e51b3c1ecd1\">\n<td valign=\"center\" data-immersive-translate-walked=\"c91d0338-99d6-4fb5-9e69-3e51b3c1ecd1\">\n<p data-immersive-translate-walked=\"c91d0338-99d6-4fb5-9e69-3e51b3c1ecd1\"><strong data-immersive-translate-walked=\"c91d0338-99d6-4fb5-9e69-3e51b3c1ecd1\"><span data-immersive-translate-walked=\"c91d0338-99d6-4fb5-9e69-3e51b3c1ecd1\" data-immersive-translate-paragraph=\"1\">Agricultura y elaboraci\u00f3n de cerveza<\/span><\/strong><\/p>\n<\/td>\n<td valign=\"center\" data-immersive-translate-walked=\"c91d0338-99d6-4fb5-9e69-3e51b3c1ecd1\">\n<p data-immersive-translate-walked=\"c91d0338-99d6-4fb5-9e69-3e51b3c1ecd1\"><span data-immersive-translate-walked=\"c91d0338-99d6-4fb5-9e69-3e51b3c1ecd1\" data-immersive-translate-paragraph=\"1\">Control de concentraci\u00f3n en el prensado de mostos, seguimiento de los procesos de fermentaci\u00f3n del vino.<\/span><\/p>\n<\/td>\n<td valign=\"center\" data-immersive-translate-walked=\"c91d0338-99d6-4fb5-9e69-3e51b3c1ecd1\">\n<p data-immersive-translate-walked=\"c91d0338-99d6-4fb5-9e69-3e51b3c1ecd1\" data-spm-anchor-id=\"a2700.details-description.0.i8.6c37VtCNVtCNIW\"><span data-immersive-translate-walked=\"c91d0338-99d6-4fb5-9e69-3e51b3c1ecd1\" data-immersive-translate-paragraph=\"1\" data-spm-anchor-id=\"a2700.details-description.0.i13.6c37VtCNVtCNIW\">Tasa de conversi\u00f3n de az\u00facar, concentraci\u00f3n de levadura, contenido de \u00e1cido ac\u00e9tico.<\/span><\/p>\n<\/td>\n<\/tr>\n<\/tbody>\n<\/table>\n<p data-immersive-translate-walked=\"c91d0338-99d6-4fb5-9e69-3e51b3c1ecd1\">","protected":false},"excerpt":{"rendered":"<p>El sensor de concentraci\u00f3n de l\u00edquidos sumergidos serie SZ-PS es un instrumento \u00f3ptico de alta precisi\u00f3n basado en el principio de refracci\u00f3n de la luz y reflexi\u00f3n total para medir la concentraci\u00f3n de l\u00edquidos. Es adecuado para la detecci\u00f3n de concentraciones de todo tipo de soluciones a temperaturas inferiores a 0\u00b0C-80\u00b0C. Se instala habitualmente en contenedores, piscinas, tanques y otras aplicaciones abiertas. El producto integra medici\u00f3n, visualizaci\u00f3n y salida de se\u00f1al de control de conmutaci\u00f3n, lo que facilita su instalaci\u00f3n y mantenimiento.<\/p>","protected":false},"featured_media":5536,"template":"","meta":{"_monsterinsights_skip_tracking":false,"_monsterinsights_sitenote_active":false,"_monsterinsights_sitenote_note":"","_monsterinsights_sitenote_category":0,"site-sidebar-layout":"default","site-content-layout":"","ast-site-content-layout":"default","site-content-style":"default","site-sidebar-style":"default","ast-global-header-display":"","ast-banner-title-visibility":"","ast-main-header-display":"","ast-hfb-above-header-display":"","ast-hfb-below-header-display":"","ast-hfb-mobile-header-display":"","site-post-title":"","ast-breadcrumbs-content":"","ast-featured-img":"","footer-sml-layout":"","theme-transparent-header-meta":"default","adv-header-id-meta":"","stick-header-meta":"","header-above-stick-meta":"","header-main-stick-meta":"","header-below-stick-meta":"","astra-migrate-meta-layouts":"set","ast-page-background-enabled":"default","ast-page-background-meta":{"desktop":{"background-color":"","background-image":"","background-repeat":"repeat","background-position":"center center","background-size":"auto","background-attachment":"scroll","background-type":"","background-media":"","overlay-type":"","overlay-color":"","overlay-opacity":"","overlay-gradient":""},"tablet":{"background-color":"","background-image":"","background-repeat":"repeat","background-position":"center center","background-size":"auto","background-attachment":"scroll","background-type":"","background-media":"","overlay-type":"","overlay-color":"","overlay-opacity":"","overlay-gradient":""},"mobile":{"background-color":"","background-image":"","background-repeat":"repeat","background-position":"center center","background-size":"auto","background-attachment":"scroll","background-type":"","background-media":"","overlay-type":"","overlay-color":"","overlay-opacity":"","overlay-gradient":""}},"ast-content-background-meta":{"desktop":{"background-color":"var(--ast-global-color-5)","background-image":"","background-repeat":"repeat","background-position":"center center","background-size":"auto","background-attachment":"scroll","background-type":"","background-media":"","overlay-type":"","overlay-color":"","overlay-opacity":"","overlay-gradient":""},"tablet":{"background-color":"var(--ast-global-color-5)","background-image":"","background-repeat":"repeat","background-position":"center center","background-size":"auto","background-attachment":"scroll","background-type":"","background-media":"","overlay-type":"","overlay-color":"","overlay-opacity":"","overlay-gradient":""},"mobile":{"background-color":"var(--ast-global-color-5)","background-image":"","background-repeat":"repeat","background-position":"center center","background-size":"auto","background-attachment":"scroll","background-type":"","background-media":"","overlay-type":"","overlay-color":"","overlay-opacity":"","overlay-gradient":""}}},"product_cat":[146],"product_tag":[212,211],"class_list":{"0":"post-5218","1":"product","2":"type-product","3":"status-publish","4":"has-post-thumbnail","6":"product_cat-sensor","7":"product_tag-liquid-concentration-sensor","8":"product_tag-online-solution-concentration-meter","9":"desktop-align-left","10":"tablet-align-left","11":"mobile-align-left","13":"first","14":"instock","15":"shipping-taxable","16":"product-type-simple"},"aioseo_notices":[],"_links":{"self":[{"href":"https:\/\/szlmi.com\/es\/wp-json\/wp\/v2\/product\/5218","targetHints":{"allow":["GET"]}}],"collection":[{"href":"https:\/\/szlmi.com\/es\/wp-json\/wp\/v2\/product"}],"about":[{"href":"https:\/\/szlmi.com\/es\/wp-json\/wp\/v2\/types\/product"}],"wp:featuredmedia":[{"embeddable":true,"href":"https:\/\/szlmi.com\/es\/wp-json\/wp\/v2\/media\/5536"}],"wp:attachment":[{"href":"https:\/\/szlmi.com\/es\/wp-json\/wp\/v2\/media?parent=5218"}],"wp:term":[{"taxonomy":"product_cat","embeddable":true,"href":"https:\/\/szlmi.com\/es\/wp-json\/wp\/v2\/product_cat?post=5218"},{"taxonomy":"product_tag","embeddable":true,"href":"https:\/\/szlmi.com\/es\/wp-json\/wp\/v2\/product_tag?post=5218"}],"curies":[{"name":"wp","href":"https:\/\/api.w.org\/{rel}","templated":true}]}}