{"id":5080,"date":"2025-03-20T22:33:04","date_gmt":"2025-03-21T06:33:04","guid":{"rendered":"https:\/\/szlmi.com\/?post_type=product&#038;p=5080"},"modified":"2026-02-25T17:54:30","modified_gmt":"2026-02-26T01:54:30","slug":"self-loading-concrete-mixer-batching-weighing-system","status":"publish","type":"product","link":"https:\/\/szlmi.com\/es\/producto\/self-loading-concrete-mixer-batching-weighing-system\/","title":{"rendered":"Sistema de pesaje por dosificaci\u00f3n para hormigonera autocargable"},"content":{"rendered":"<h1 style=\"text-align: center;\"><span style=\"color: #336699;\"><strong>Sistema de pesaje por dosificaci\u00f3n para hormigonera autocargable<\/strong><\/span><\/h1>\n<h3><span style=\"color: #336699;\"><strong>Descripci\u00f3n de la imagen<\/strong><\/span><\/h3>\n<p><img fetchpriority=\"high\" decoding=\"async\" class=\"size-full wp-image-5081 aligncenter\" src=\"https:\/\/szlmi.com\/wp-content\/uploads\/2025\/05\/\u4e3b\u56fe.jpg\" alt=\"\" width=\"600\" height=\"870\" \/><\/p>\n<hr \/>\n<h3><span style=\"color: #336699;\"><strong>Introducci\u00f3n<\/strong><\/span><\/h3>\n<p>El sistema de pesaje para hormigoneras m\u00f3viles autocargables, tambi\u00e9n conocido como sistema de dosificaci\u00f3n, es una soluci\u00f3n integral de pesaje de materiales dise\u00f1ada espec\u00edficamente para camiones hormigonera. Este sistema monitoriza principalmente el peso en tiempo real de los ingredientes entrantes, midiendo los materiales de forma din\u00e1mica y precisa durante la carga para controlar la carga \u00fatil y garantizar la precisi\u00f3n de la dosificaci\u00f3n. Permite personalizar las proporciones de mezcla para los diferentes requisitos del proyecto, a la vez que evita la sobrecarga, optimiza la producci\u00f3n de hormig\u00f3n en obra, mejora la calidad de la construcci\u00f3n, reduce los costes de mano de obra y aumenta la productividad general.<\/p>\n<hr \/>\n<h3><span style=\"color: #336699;\"><strong>Ventajas principales<\/strong><\/span><\/h3>\n<ol class=\"auto-hide-last-sibling-br\">\n<li>\n<div class=\"auto-hide-last-sibling-br paragraph-fz9qvc paragraph-element br-paragraph-space\"><strong>Control inteligente<\/strong><\/div>\n<ul class=\"auto-hide-last-sibling-br\">\n<li>Inicio con un solo bot\u00f3n con una interfaz intuitiva, que permite la operaci\u00f3n por un solo operador.<\/li>\n<\/ul>\n<\/li>\n<li>\n<div class=\"auto-hide-last-sibling-br paragraph-fz9qvc paragraph-element br-paragraph-space\"><strong>Pesaje de precisi\u00f3n<\/strong><\/div>\n<ul class=\"auto-hide-last-sibling-br\">\n<li>Utiliza algoritmos avanzados con un margen de error inferior al 1%.<\/li>\n<\/ul>\n<\/li>\n<li>\n<div class=\"auto-hide-last-sibling-br paragraph-fz9qvc paragraph-element br-paragraph-space\"><strong>Operaci\u00f3n f\u00e1cil de usar<\/strong><\/div>\n<ul class=\"auto-hide-last-sibling-br\">\n<li>Pantalla t\u00e1ctil de alta definici\u00f3n de 7 pulgadas con respuesta r\u00e1pida, tan intuitiva como un tel\u00e9fono inteligente.<\/li>\n<\/ul>\n<\/li>\n<li>\n<div class=\"auto-hide-last-sibling-br paragraph-fz9qvc paragraph-element br-paragraph-space\"><strong>Gesti\u00f3n de recetas<\/strong><\/div>\n<ul class=\"auto-hide-last-sibling-br\">\n<li>Admite m\u00faltiples modos de procesamiento por lotes y se adapta f\u00e1cilmente a diversos requisitos de producci\u00f3n.<\/li>\n<\/ul>\n<\/li>\n<\/ol>\n<hr \/>\n<h3><span style=\"color: #336699;\"><strong>Componentes del sistema<\/strong><\/span><\/h3>\n<ol class=\"auto-hide-last-sibling-br\">\n<li>\n<div class=\"auto-hide-last-sibling-br paragraph-fz9qvc paragraph-element br-paragraph-space\"><strong>Sensores de carga<\/strong><\/div>\n<ul class=\"auto-hide-last-sibling-br\">\n<li><strong>Funci\u00f3n:<\/strong>:Detecta directamente los cambios de peso en la tolva de carga del cami\u00f3n mezclador y los convierte en se\u00f1ales el\u00e9ctricas.<\/li>\n<li><strong>Tipo<\/strong>:Sensores de presi\u00f3n instalados en las tuber\u00edas de elevaci\u00f3n hidr\u00e1ulica de la tolva.<\/li>\n<\/ul>\n<\/li>\n<li>\n<div class=\"auto-hide-last-sibling-br paragraph-fz9qvc paragraph-element br-paragraph-space\"><strong>Sensor de disparo<\/strong><\/div>\n<ul class=\"auto-hide-last-sibling-br\">\n<li><strong>Funci\u00f3n:<\/strong>:Activa la grabaci\u00f3n de datos de peso en funci\u00f3n de la posici\u00f3n de elevaci\u00f3n de la tolva.<\/li>\n<li><strong>Tipo<\/strong>:Interruptores de proximidad magn\u00e9ticos instalados en el brazo de la tolva y en los puntos de pivote.<\/li>\n<\/ul>\n<\/li>\n<li>\n<div class=\"auto-hide-last-sibling-br paragraph-fz9qvc paragraph-element br-paragraph-space\"><strong>M\u00f3dulo de procesamiento de se\u00f1ales<\/strong><\/div>\n<ul class=\"auto-hide-last-sibling-br\">\n<li><strong>Funci\u00f3n:<\/strong>:Amplifica y filtra se\u00f1ales d\u00e9biles del sensor para mejorar la relaci\u00f3n se\u00f1al-ruido y realizar la conversi\u00f3n AD.<\/li>\n<li><strong>Caracter\u00edsticas<\/strong>:Compensaci\u00f3n de temperatura, velocidad y vibraci\u00f3n (reduce las imprecisiones causadas por la temperatura ambiental, la velocidad de elevaci\u00f3n, el movimiento del veh\u00edculo o la rotaci\u00f3n del tambor), correcci\u00f3n de linealidad.<\/li>\n<\/ul>\n<\/li>\n<li>\n<div class=\"auto-hide-last-sibling-br paragraph-fz9qvc paragraph-element br-paragraph-space\"><strong>Terminal de pantalla<\/strong><\/div>\n<ul class=\"auto-hide-last-sibling-br\">\n<li><strong>Funci\u00f3n:<\/strong>:Visualizaci\u00f3n y almacenamiento en tiempo real de datos de peso procesados.<\/li>\n<li><strong>Formatos<\/strong>:\n<ul class=\"auto-hide-last-sibling-br\">\n<li><strong>Pantalla de 7 pulgadas en el veh\u00edculo<\/strong>:Montado en la cabina, muestra el peso en tiempo real, totales acumulados, etc.<\/li>\n<li><strong>Terminal inteligente<\/strong>:Se conecta a tel\u00e9fonos inteligentes o PC industriales a trav\u00e9s de Bluetooth\/Wi-Fi para monitoreo remoto y exportaci\u00f3n de datos.<\/li>\n<\/ul>\n<\/li>\n<\/ul>\n<\/li>\n<\/ol>\n<hr \/>\n<h3><span style=\"color: #336699;\"><strong>Interacci\u00f3n y control de datos<\/strong><\/span><\/h3>\n<ul class=\"auto-hide-last-sibling-br\">\n<li>\n<div class=\"auto-hide-last-sibling-br paragraph-fz9qvc paragraph-element br-paragraph-space\"><strong>Integraci\u00f3n con el sistema de control de camiones mezcladores<\/strong><br class=\"container-at6D_3 wrapper-iJdwc2 undefined\" \/>Preconfigura m\u00faltiples modos de dosificaci\u00f3n. Cuando el peso alcanza el valor predefinido, detiene autom\u00e1ticamente la alimentaci\u00f3n o activa una alarma.<\/div>\n<\/li>\n<li>\n<div class=\"auto-hide-last-sibling-br paragraph-fz9qvc paragraph-element br-paragraph-space\"><strong>Acoplamiento con la plataforma de gesti\u00f3n empresarial<\/strong><br class=\"container-at6D_3 wrapper-iJdwc2 undefined\" \/>Carga datos a trav\u00e9s de GPS o IoT para la programaci\u00f3n de la producci\u00f3n y la contabilidad de costos.<\/div>\n<\/li>\n<\/ul>\n<hr \/>\n<h3><span style=\"color: #336699;\"><strong>Par\u00e1metros del sistema<\/strong><\/span><\/h3>\n<div class=\"auto-hide-last-sibling-br table-container-thXsRO\">\n<table>\n<thead>\n<tr>\n<th style=\"text-align: center;\"><strong>Param\u00e8tre<\/strong><\/th>\n<th style=\"text-align: center;\"><strong>Especificaci\u00f3n<\/strong><\/th>\n<\/tr>\n<\/thead>\n<tbody>\n<tr>\n<td style=\"text-align: center;\"><strong>Fuente de alimentaci\u00f3n<\/strong><\/td>\n<td style=\"text-align: center;\">12-36 V CC<\/td>\n<\/tr>\n<tr>\n<td style=\"text-align: center;\"><strong>Rango de medici\u00f3n<\/strong><\/td>\n<td style=\"text-align: center;\">Cubre totalmente la capacidad m\u00e1xima de la tolva de carga.<\/td>\n<\/tr>\n<tr>\n<td style=\"text-align: center;\"><strong>Exactitud<\/strong><\/td>\n<td style=\"text-align: center;\">Error est\u00e1tico \u2264\u00b10,5%, Error din\u00e1mico \u2264\u00b11%<\/td>\n<\/tr>\n<tr>\n<td style=\"text-align: center;\"><strong>Clase de protecci\u00f3n<\/strong><\/td>\n<td style=\"text-align: center;\">IP67 (a prueba de polvo y agua)<\/td>\n<\/tr>\n<tr>\n<td style=\"text-align: center;\"><strong>Tiempo de respuesta<\/strong><\/td>\n<td style=\"text-align: center;\">\u226450 ms<\/td>\n<\/tr>\n<tr>\n<td style=\"text-align: center;\"><strong>Compatibilidad<\/strong><\/td>\n<td style=\"text-align: center;\">Admite m\u00faltiples salidas de se\u00f1al (por ejemplo, 4~20 mA, RS485, bus CAN)<\/td>\n<\/tr>\n<\/tbody>\n<\/table>\n<\/div>\n<p>&nbsp;<\/p>","protected":false},"excerpt":{"rendered":"<p>El sistema de pesaje para hormigoneras m\u00f3viles autocargables, tambi\u00e9n conocido como sistema de dosificaci\u00f3n, es una soluci\u00f3n integral de pesaje de materiales dise\u00f1ada espec\u00edficamente para camiones hormigonera. Este sistema monitoriza principalmente el peso en tiempo real de los ingredientes entrantes, midiendo los materiales de forma din\u00e1mica y precisa durante la carga para controlar la carga \u00fatil y garantizar la precisi\u00f3n de la dosificaci\u00f3n. Permite personalizar las proporciones de mezcla para los diferentes requisitos del proyecto, a la vez que evita la sobrecarga, optimiza la producci\u00f3n de hormig\u00f3n en obra, mejora la calidad de la construcci\u00f3n, reduce los costes de mano de obra y aumenta la productividad general.<\/p>","protected":false},"featured_media":5083,"template":"","meta":{"_monsterinsights_skip_tracking":false,"_monsterinsights_sitenote_active":false,"_monsterinsights_sitenote_note":"","_monsterinsights_sitenote_category":0,"site-sidebar-layout":"default","site-content-layout":"","ast-site-content-layout":"default","site-content-style":"default","site-sidebar-style":"default","ast-global-header-display":"","ast-banner-title-visibility":"","ast-main-header-display":"","ast-hfb-above-header-display":"","ast-hfb-below-header-display":"","ast-hfb-mobile-header-display":"","site-post-title":"","ast-breadcrumbs-content":"","ast-featured-img":"","footer-sml-layout":"","theme-transparent-header-meta":"default","adv-header-id-meta":"","stick-header-meta":"","header-above-stick-meta":"","header-main-stick-meta":"","header-below-stick-meta":"","astra-migrate-meta-layouts":"set","ast-page-background-enabled":"default","ast-page-background-meta":{"desktop":{"background-color":"","background-image":"","background-repeat":"repeat","background-position":"center center","background-size":"auto","background-attachment":"scroll","background-type":"","background-media":"","overlay-type":"","overlay-color":"","overlay-opacity":"","overlay-gradient":""},"tablet":{"background-color":"","background-image":"","background-repeat":"repeat","background-position":"center center","background-size":"auto","background-attachment":"scroll","background-type":"","background-media":"","overlay-type":"","overlay-color":"","overlay-opacity":"","overlay-gradient":""},"mobile":{"background-color":"","background-image":"","background-repeat":"repeat","background-position":"center center","background-size":"auto","background-attachment":"scroll","background-type":"","background-media":"","overlay-type":"","overlay-color":"","overlay-opacity":"","overlay-gradient":""}},"ast-content-background-meta":{"desktop":{"background-color":"var(--ast-global-color-5)","background-image":"","background-repeat":"repeat","background-position":"center center","background-size":"auto","background-attachment":"scroll","background-type":"","background-media":"","overlay-type":"","overlay-color":"","overlay-opacity":"","overlay-gradient":""},"tablet":{"background-color":"var(--ast-global-color-5)","background-image":"","background-repeat":"repeat","background-position":"center center","background-size":"auto","background-attachment":"scroll","background-type":"","background-media":"","overlay-type":"","overlay-color":"","overlay-opacity":"","overlay-gradient":""},"mobile":{"background-color":"var(--ast-global-color-5)","background-image":"","background-repeat":"repeat","background-position":"center center","background-size":"auto","background-attachment":"scroll","background-type":"","background-media":"","overlay-type":"","overlay-color":"","overlay-opacity":"","overlay-gradient":""}}},"product_cat":[69,68],"product_tag":[207,174,206,71],"class_list":{"0":"post-5080","1":"product","2":"type-product","3":"status-publish","4":"has-post-thumbnail","6":"product_cat-product","7":"product_cat-weighing-system","8":"product_tag-batching-proportion-system","9":"product_tag-on-board-weighing-system","10":"product_tag-self-loading-concrete-mixer-batching-scales","11":"product_tag-weighing-system","12":"desktop-align-left","13":"tablet-align-left","14":"mobile-align-left","16":"first","17":"instock","18":"shipping-taxable","19":"purchasable","20":"product-type-simple"},"aioseo_notices":[],"_links":{"self":[{"href":"https:\/\/szlmi.com\/es\/wp-json\/wp\/v2\/product\/5080","targetHints":{"allow":["GET"]}}],"collection":[{"href":"https:\/\/szlmi.com\/es\/wp-json\/wp\/v2\/product"}],"about":[{"href":"https:\/\/szlmi.com\/es\/wp-json\/wp\/v2\/types\/product"}],"wp:featuredmedia":[{"embeddable":true,"href":"https:\/\/szlmi.com\/es\/wp-json\/wp\/v2\/media\/5083"}],"wp:attachment":[{"href":"https:\/\/szlmi.com\/es\/wp-json\/wp\/v2\/media?parent=5080"}],"wp:term":[{"taxonomy":"product_cat","embeddable":true,"href":"https:\/\/szlmi.com\/es\/wp-json\/wp\/v2\/product_cat?post=5080"},{"taxonomy":"product_tag","embeddable":true,"href":"https:\/\/szlmi.com\/es\/wp-json\/wp\/v2\/product_tag?post=5080"}],"curies":[{"name":"wp","href":"https:\/\/api.w.org\/{rel}","templated":true}]}}