{"id":4814,"date":"2025-03-10T17:31:59","date_gmt":"2025-03-11T01:31:59","guid":{"rendered":"https:\/\/szlmi.com\/?post_type=product&#038;p=4814"},"modified":"2026-03-05T19:57:22","modified_gmt":"2026-03-06T03:57:22","slug":"crawler-crane-load-moment-indicator","status":"publish","type":"product","link":"https:\/\/szlmi.com\/es\/producto\/crawler-crane-load-moment-indicator\/","title":{"rendered":"Indicador de momento de carga de gr\u00faa sobre orugas"},"content":{"rendered":"<h1 style=\"text-align: center;\"><span style=\"color: #336699;\"><strong>Indicador de carga de gr\u00faa sobre orugas<\/strong><\/span><\/h1>\n<h3><span style=\"color: #336699;\"><strong>Descripci\u00f3n de la imagen<\/strong><\/span><\/h3>\n<p><img fetchpriority=\"high\" decoding=\"async\" class=\"wp-image-5534 aligncenter\" src=\"https:\/\/szlmi.com\/wp-content\/uploads\/2025\/03\/\u672a\u6807\u9898-1-1.jpg\" alt=\"\" width=\"600\" height=\"375\" \/><\/p>\n<hr \/>\n<h3><span style=\"color: #336699;\"><strong>Introducci\u00f3n<\/strong><\/span><\/h3>\n<p><a href=\"https:\/\/szlmi.com\/product\/crawler-crane-load-moment-indicator\/\">La gr\u00faa sobre orugas LMI<\/a> tambi\u00e9n conocida como gr\u00faa<a title=\"El sistema de gesti\u00f3n de maquinaria de ingenier\u00eda SeeZol\" href=\"https:\/\/szlmi.com\/product-category\/product\/load-moment-indicator\/\">\u00a0Indicador de momento de carga<\/a> (LMI) o gr\u00faa <a href=\"https:\/\/szlmi.com\/product-category\/product\/load-moment-indicator\/\">Indicador de carga segura (SLI)<\/a> Es un dispositivo de protecci\u00f3n de seguridad para gr\u00faas pluma. Este producto utiliza un microprocesador de alto rendimiento de 32 bits como plataforma de hardware. El algoritmo de software adopta el algoritmo de toma de fuerza hidr\u00e1ulica m\u00e1s avanzado de China. Este algoritmo se basa en a\u00f1os de experiencia de campo y se perfecciona continuamente.<\/p>\n<hr \/>\n<h3><span style=\"color: #336699;\"><strong>Modelos aplicables<\/strong><\/span><\/h3>\n<p>Gr\u00faa m\u00f3vil 5~260 toneladas.<\/p>\n<hr \/>\n<h3><span style=\"color: #336699;\"><strong>Caracter\u00edsticas<\/strong><\/span><\/h3>\n<ul>\n<li>Visualizaci\u00f3n del peso en tiempo real<\/li>\n<li>Visualizaci\u00f3n de altura en tiempo real<\/li>\n<li>Visualizaci\u00f3n del par<\/li>\n<li>Alarma y control de sobrecarga<\/li>\n<li>Controlar la salida<\/li>\n<li>Registro de datos hist\u00f3ricos<\/li>\n<\/ul>\n<hr \/>\n<h3><span style=\"color: #336699;\"><strong>Par\u00e1metros del sistema<\/strong><\/span><\/h3>\n<ul>\n<li>Rango: 5~260T<\/li>\n<li>Error sistem\u00e1tico: \u00b13%<\/li>\n<li>Error de visualizaci\u00f3n: \u00b15%<\/li>\n<li>Modo: Pesaje din\u00e1mico<\/li>\n<li>Grado de protecci\u00f3n: IP65<\/li>\n<li>Temperatura de funcionamiento: -20 \u00b0 C ~ + 70 \u00b0 C;<\/li>\n<li>Voltaje de funcionamiento: DC9-36v;<\/li>\n<\/ul>\n<hr \/>\n<h3><span style=\"color: #336699;\"><strong>Caso<\/strong><\/span><\/h3>\n<div style=\"text-align: center;\">\u00a0 <img decoding=\"async\" class=\"alignnone size-full wp-image-4826\" src=\"https:\/\/szlmi.com\/wp-content\/uploads\/2025\/03\/1721355192661541-e1772769042802.jpg\" alt=\"\" width=\"200\" height=\"400\" \/> \u00a0<img decoding=\"async\" class=\"alignnone size-full wp-image-4825\" src=\"https:\/\/szlmi.com\/wp-content\/uploads\/2025\/03\/1721355141553650-e1772768973216.jpg\" alt=\"\" width=\"200\" height=\"380\" \/> \u00a0 <img loading=\"lazy\" decoding=\"async\" class=\"alignnone size-full wp-image-4824\" src=\"https:\/\/szlmi.com\/wp-content\/uploads\/2025\/03\/1721355083497901-e1772768931554.jpg\" alt=\"\" width=\"200\" height=\"399\" \/> \u00a0 <img loading=\"lazy\" decoding=\"async\" class=\"alignnone size-full wp-image-4823\" src=\"https:\/\/szlmi.com\/wp-content\/uploads\/2025\/03\/1721354863524986-1-e1772769007236.jpg\" alt=\"\" width=\"200\" height=\"420\" \/> \u00a0<img loading=\"lazy\" decoding=\"async\" class=\"alignnone size-full wp-image-4822\" src=\"https:\/\/szlmi.com\/wp-content\/uploads\/2025\/03\/66e2b91d1cb4e-e1772768886236.jpg\" alt=\"\" width=\"200\" height=\"640\" \/><\/div>","protected":false},"excerpt":{"rendered":"<p><a href=\"https:\/\/szlmi.com\/product\/crawler-crane-load-moment-indicator\/\">La gr\u00faa sobre orugas LMI<\/a> tambi\u00e9n conocida como gr\u00faa<a title=\"El sistema de gesti\u00f3n de maquinaria de ingenier\u00eda SeeZol\" href=\"https:\/\/szlmi.com\/product-category\/product\/load-moment-indicator\/\">\u00a0Indicador de momento de carga<\/a> (LMI) o gr\u00faa <a href=\"https:\/\/szlmi.com\/product-category\/product\/load-moment-indicator\/\">Indicador de carga segura (SLI)<\/a> Es un dispositivo de protecci\u00f3n de seguridad para gr\u00faas pluma. Este producto utiliza un microprocesador de alto rendimiento de 32 bits como plataforma de hardware. El algoritmo de software adopta el algoritmo de toma de fuerza hidr\u00e1ulica m\u00e1s avanzado de China. Este algoritmo se basa en a\u00f1os de experiencia de campo y se perfecciona continuamente.<\/p>","protected":false},"featured_media":5528,"template":"","meta":{"_monsterinsights_skip_tracking":false,"_monsterinsights_sitenote_active":false,"_monsterinsights_sitenote_note":"","_monsterinsights_sitenote_category":0,"site-sidebar-layout":"default","site-content-layout":"","ast-site-content-layout":"default","site-content-style":"default","site-sidebar-style":"default","ast-global-header-display":"","ast-banner-title-visibility":"","ast-main-header-display":"","ast-hfb-above-header-display":"","ast-hfb-below-header-display":"","ast-hfb-mobile-header-display":"","site-post-title":"","ast-breadcrumbs-content":"","ast-featured-img":"","footer-sml-layout":"","theme-transparent-header-meta":"default","adv-header-id-meta":"","stick-header-meta":"","header-above-stick-meta":"","header-main-stick-meta":"","header-below-stick-meta":"","astra-migrate-meta-layouts":"set","ast-page-background-enabled":"default","ast-page-background-meta":{"desktop":{"background-color":"","background-image":"","background-repeat":"repeat","background-position":"center center","background-size":"auto","background-attachment":"scroll","background-type":"","background-media":"","overlay-type":"","overlay-color":"","overlay-opacity":"","overlay-gradient":""},"tablet":{"background-color":"","background-image":"","background-repeat":"repeat","background-position":"center center","background-size":"auto","background-attachment":"scroll","background-type":"","background-media":"","overlay-type":"","overlay-color":"","overlay-opacity":"","overlay-gradient":""},"mobile":{"background-color":"","background-image":"","background-repeat":"repeat","background-position":"center center","background-size":"auto","background-attachment":"scroll","background-type":"","background-media":"","overlay-type":"","overlay-color":"","overlay-opacity":"","overlay-gradient":""}},"ast-content-background-meta":{"desktop":{"background-color":"var(--ast-global-color-5)","background-image":"","background-repeat":"repeat","background-position":"center center","background-size":"auto","background-attachment":"scroll","background-type":"","background-media":"","overlay-type":"","overlay-color":"","overlay-opacity":"","overlay-gradient":""},"tablet":{"background-color":"var(--ast-global-color-5)","background-image":"","background-repeat":"repeat","background-position":"center center","background-size":"auto","background-attachment":"scroll","background-type":"","background-media":"","overlay-type":"","overlay-color":"","overlay-opacity":"","overlay-gradient":""},"mobile":{"background-color":"var(--ast-global-color-5)","background-image":"","background-repeat":"repeat","background-position":"center center","background-size":"auto","background-attachment":"scroll","background-type":"","background-media":"","overlay-type":"","overlay-color":"","overlay-opacity":"","overlay-gradient":""}}},"product_cat":[69,64],"product_tag":[82,80,169,193],"class_list":{"0":"post-4814","1":"product","2":"type-product","3":"status-publish","4":"has-post-thumbnail","6":"product_cat-product","7":"product_cat-load-moment-indicator","8":"product_tag-crawler-crane-load-moment-indicator","9":"product_tag-lmi","10":"product_tag-load-moment-indicator","11":"product_tag-safe-load-indicator-sll","12":"desktop-align-left","13":"tablet-align-left","14":"mobile-align-left","16":"first","17":"instock","18":"shipping-taxable","19":"product-type-simple"},"aioseo_notices":[],"_links":{"self":[{"href":"https:\/\/szlmi.com\/es\/wp-json\/wp\/v2\/product\/4814","targetHints":{"allow":["GET"]}}],"collection":[{"href":"https:\/\/szlmi.com\/es\/wp-json\/wp\/v2\/product"}],"about":[{"href":"https:\/\/szlmi.com\/es\/wp-json\/wp\/v2\/types\/product"}],"wp:featuredmedia":[{"embeddable":true,"href":"https:\/\/szlmi.com\/es\/wp-json\/wp\/v2\/media\/5528"}],"wp:attachment":[{"href":"https:\/\/szlmi.com\/es\/wp-json\/wp\/v2\/media?parent=4814"}],"wp:term":[{"taxonomy":"product_cat","embeddable":true,"href":"https:\/\/szlmi.com\/es\/wp-json\/wp\/v2\/product_cat?post=4814"},{"taxonomy":"product_tag","embeddable":true,"href":"https:\/\/szlmi.com\/es\/wp-json\/wp\/v2\/product_tag?post=4814"}],"curies":[{"name":"wp","href":"https:\/\/api.w.org\/{rel}","templated":true}]}}