{"id":4509,"date":"2025-04-20T21:03:35","date_gmt":"2025-04-21T05:03:35","guid":{"rendered":"https:\/\/szlmi.com\/?post_type=product&#038;p=4509"},"modified":"2025-12-24T17:56:18","modified_gmt":"2025-12-25T01:56:18","slug":"excavator-weighing-system-sz-e300","status":"publish","type":"product","link":"https:\/\/szlmi.com\/es\/producto\/excavator-weighing-system-sz-e300\/","title":{"rendered":"Sistema de pesaje de excavadoras SZ-E300"},"content":{"rendered":"<h1 style=\"text-align: center;\">Sistema de pesaje de excavadoras<\/h1>\n<p>&nbsp;<\/p>\n<h3><span style=\"color: #346b50;\">descripci\u00f3n de la imagen<\/span><\/h3>\n<p>&nbsp;<\/p>\n<p>&nbsp;<\/p>\n<p><img fetchpriority=\"high\" decoding=\"async\" class=\"wp-image-4518 size-full aligncenter\" src=\"https:\/\/szlmi.com\/wp-content\/uploads\/2025\/02\/\u5b89\u88c5\u793a\u610f\u56fe.jpg\" alt=\"\" width=\"1802\" height=\"782\" srcset=\"https:\/\/szlmi.com\/wp-content\/uploads\/2025\/02\/\u5b89\u88c5\u793a\u610f\u56fe.jpg 1802w, https:\/\/szlmi.com\/wp-content\/uploads\/2025\/02\/\u5b89\u88c5\u793a\u610f\u56fe-300x130.jpg 300w, https:\/\/szlmi.com\/wp-content\/uploads\/2025\/02\/\u5b89\u88c5\u793a\u610f\u56fe-1024x444.jpg 1024w, https:\/\/szlmi.com\/wp-content\/uploads\/2025\/02\/\u5b89\u88c5\u793a\u610f\u56fe-768x333.jpg 768w, https:\/\/szlmi.com\/wp-content\/uploads\/2025\/02\/\u5b89\u88c5\u793a\u610f\u56fe-1536x667.jpg 1536w, https:\/\/szlmi.com\/wp-content\/uploads\/2025\/02\/\u5b89\u88c5\u793a\u610f\u56fe-18x8.jpg 18w, https:\/\/szlmi.com\/wp-content\/uploads\/2025\/02\/\u5b89\u88c5\u793a\u610f\u56fe-600x260.jpg 600w, https:\/\/szlmi.com\/wp-content\/uploads\/2025\/02\/\u5b89\u88c5\u793a\u610f\u56fe-64x28.jpg 64w\" sizes=\"(max-width: 1802px) 100vw, 1802px\" \/><\/p>\n<hr \/>\n<h3><span style=\"color: #346b50;\"><strong>Introducci\u00f3n<\/strong><\/span><\/h3>\n<p>El SZ-E300 <a title=\"Mantenimiento del sistema de pesaje de la excavadora\uff08B\u00e1scula para excavadoras\uff09\" href=\"https:\/\/szlmi.com\/maintenance-of-the-excavator-weighing-system%ef%bc%88excavator-scale%ef%bc%89\/\">sistema de pesaje<\/a>,<a title=\"Sistema de pesaje de excavadoras SZ-E300\" href=\"https:\/\/szlmi.com\/product\/excavator-weighing-system-sz-e300\/\"><strong>b\u00e1sculas para excavadoras<\/strong><\/a>Es una versi\u00f3n mejorada del producto de la generaci\u00f3n anterior, el SZ-E02. Se ha actualizado en muchos aspectos, como hardware y software. Se han realizado mejoras significativas en diversos aspectos, como el rango de pesaje, la precisi\u00f3n, el tiempo de respuesta y la interacci\u00f3n hombre-m\u00e1quina.<\/p>\n<p><img decoding=\"async\" class=\"wp-image-4542 aligncenter\" src=\"https:\/\/szlmi.com\/wp-content\/uploads\/2025\/02\/right1.jpg\" alt=\"\" width=\"729\" height=\"971\" srcset=\"https:\/\/szlmi.com\/wp-content\/uploads\/2025\/02\/right1.jpg 1158w, https:\/\/szlmi.com\/wp-content\/uploads\/2025\/02\/right1-225x300.jpg 225w, https:\/\/szlmi.com\/wp-content\/uploads\/2025\/02\/right1-768x1023.jpg 768w, https:\/\/szlmi.com\/wp-content\/uploads\/2025\/02\/right1-1153x1536.jpg 1153w, https:\/\/szlmi.com\/wp-content\/uploads\/2025\/02\/right1-9x12.jpg 9w, https:\/\/szlmi.com\/wp-content\/uploads\/2025\/02\/right1-600x799.jpg 600w, https:\/\/szlmi.com\/wp-content\/uploads\/2025\/02\/right1-64x85.jpg 64w\" sizes=\"(max-width: 729px) 100vw, 729px\" \/><\/p>\n<p><img decoding=\"async\" class=\"wp-image-4543 aligncenter\" src=\"https:\/\/szlmi.com\/wp-content\/uploads\/2025\/02\/right.jpg\" alt=\"\" width=\"704\" height=\"939\" srcset=\"https:\/\/szlmi.com\/wp-content\/uploads\/2025\/02\/right.jpg 1145w, https:\/\/szlmi.com\/wp-content\/uploads\/2025\/02\/right-225x300.jpg 225w, https:\/\/szlmi.com\/wp-content\/uploads\/2025\/02\/right-768x1024.jpg 768w, https:\/\/szlmi.com\/wp-content\/uploads\/2025\/02\/right-9x12.jpg 9w, https:\/\/szlmi.com\/wp-content\/uploads\/2025\/02\/right-600x800.jpg 600w, https:\/\/szlmi.com\/wp-content\/uploads\/2025\/02\/right-64x85.jpg 64w\" sizes=\"(max-width: 704px) 100vw, 704px\" \/><\/p>\n<hr \/>\n<div class=\"ast-oembed-container\" style=\"height: 100%;\"><iframe title=\"Prueba de pesaje del sistema de pesaje de excavadoras SZ-E300\" width=\"500\" height=\"375\" src=\"https:\/\/www.youtube.com\/embed\/MxUw84nhHO0?feature=oembed\" frameborder=\"0\" allow=\"accelerometer; autoplay; clipboard-write; encrypted-media; gyroscope; picture-in-picture; web-share\" referrerpolicy=\"strict-origin-when-cross-origin\" allowfullscreen><\/iframe><\/div>\n<hr \/>\n<h3><span style=\"color: #008080;\">casos<\/span><\/h3>\n<div id='gallery-1' class='gallery galleryid-4509 gallery-columns-5 gallery-size-thumbnail'><figure class='gallery-item'>\n\t\t\t<div class='gallery-icon portrait'>\n\t\t\t\t<img loading=\"lazy\" decoding=\"async\" width=\"150\" height=\"150\" src=\"https:\/\/szlmi.com\/wp-content\/uploads\/2024\/04\/IMG_20240404_113711-150x150.jpg\" class=\"attachment-thumbnail size-thumbnail\" alt=\"indicador de carga de la excavadora\" aria-describedby=\"gallery-1-4342\" srcset=\"https:\/\/szlmi.com\/wp-content\/uploads\/2024\/04\/IMG_20240404_113711-150x150.jpg 150w, https:\/\/szlmi.com\/wp-content\/uploads\/2024\/04\/IMG_20240404_113711-300x300.jpg 300w, https:\/\/szlmi.com\/wp-content\/uploads\/2024\/04\/IMG_20240404_113711-100x100.jpg 100w\" sizes=\"(max-width: 150px) 100vw, 150px\" \/>\n\t\t\t<\/div>\n\t\t\t\t<figcaption class='wp-caption-text gallery-caption' id='gallery-1-4342'>\n\t\t\t\tPiezas completas de excavadora LMI\n\t\t\t\t<\/figcaption><\/figure><figure class='gallery-item'>\n\t\t\t<div class='gallery-icon portrait'>\n\t\t\t\t<img loading=\"lazy\" decoding=\"async\" width=\"150\" height=\"150\" src=\"https:\/\/szlmi.com\/wp-content\/uploads\/2024\/04\/IMG-20230804-WA0012-150x150.jpg\" class=\"attachment-thumbnail size-thumbnail\" alt=\"indicador de carga de la excavadora\" aria-describedby=\"gallery-1-4344\" srcset=\"https:\/\/szlmi.com\/wp-content\/uploads\/2024\/04\/IMG-20230804-WA0012-150x150.jpg 150w, https:\/\/szlmi.com\/wp-content\/uploads\/2024\/04\/IMG-20230804-WA0012-300x300.jpg 300w, https:\/\/szlmi.com\/wp-content\/uploads\/2024\/04\/IMG-20230804-WA0012-100x100.jpg 100w\" sizes=\"(max-width: 150px) 100vw, 150px\" \/>\n\t\t\t<\/div>\n\t\t\t\t<figcaption class='wp-caption-text gallery-caption' id='gallery-1-4344'>\n\t\t\t\tInstalaci\u00f3n del indicador LMI\n\t\t\t\t<\/figcaption><\/figure><figure class='gallery-item'>\n\t\t\t<div class='gallery-icon portrait'>\n\t\t\t\t<img loading=\"lazy\" decoding=\"async\" width=\"150\" height=\"150\" src=\"https:\/\/szlmi.com\/wp-content\/uploads\/2024\/04\/IMG-20241224-WA0010-150x150.jpg\" class=\"attachment-thumbnail size-thumbnail\" alt=\"indicador de carga de la excavadora\" aria-describedby=\"gallery-1-4347\" srcset=\"https:\/\/szlmi.com\/wp-content\/uploads\/2024\/04\/IMG-20241224-WA0010-150x150.jpg 150w, https:\/\/szlmi.com\/wp-content\/uploads\/2024\/04\/IMG-20241224-WA0010-300x300.jpg 300w, https:\/\/szlmi.com\/wp-content\/uploads\/2024\/04\/IMG-20241224-WA0010-100x100.jpg 100w\" sizes=\"(max-width: 150px) 100vw, 150px\" \/>\n\t\t\t<\/div>\n\t\t\t\t<figcaption class='wp-caption-text gallery-caption' id='gallery-1-4347'>\n\t\t\t\tsensor del brazo de la excavadora\n\t\t\t\t<\/figcaption><\/figure><figure class='gallery-item'>\n\t\t\t<div class='gallery-icon portrait'>\n\t\t\t\t<img loading=\"lazy\" decoding=\"async\" width=\"150\" height=\"150\" src=\"https:\/\/szlmi.com\/wp-content\/uploads\/2024\/04\/IMG-20241224-WA0012-150x150.jpg\" class=\"attachment-thumbnail size-thumbnail\" alt=\"\" aria-describedby=\"gallery-1-4348\" srcset=\"https:\/\/szlmi.com\/wp-content\/uploads\/2024\/04\/IMG-20241224-WA0012-150x150.jpg 150w, https:\/\/szlmi.com\/wp-content\/uploads\/2024\/04\/IMG-20241224-WA0012-300x300.jpg 300w, https:\/\/szlmi.com\/wp-content\/uploads\/2024\/04\/IMG-20241224-WA0012-100x100.jpg 100w\" sizes=\"(max-width: 150px) 100vw, 150px\" \/>\n\t\t\t<\/div>\n\t\t\t\t<figcaption class='wp-caption-text gallery-caption' id='gallery-1-4348'>\n\t\t\t\tSensor de presi\u00f3n LMI de excavadora\n\t\t\t\t<\/figcaption><\/figure><figure class='gallery-item'>\n\t\t\t<div class='gallery-icon portrait'>\n\t\t\t\t<img loading=\"lazy\" decoding=\"async\" width=\"150\" height=\"150\" src=\"https:\/\/szlmi.com\/wp-content\/uploads\/2021\/07\/IMG_20190813_134239R-150x150.jpg\" class=\"attachment-thumbnail size-thumbnail\" alt=\"indicador de momento de carga de excavadora\" aria-describedby=\"gallery-1-3322\" srcset=\"https:\/\/szlmi.com\/wp-content\/uploads\/2021\/07\/IMG_20190813_134239R-150x150.jpg 150w, https:\/\/szlmi.com\/wp-content\/uploads\/2021\/07\/IMG_20190813_134239R-100x100.jpg 100w\" sizes=\"(max-width: 150px) 100vw, 150px\" \/>\n\t\t\t<\/div>\n\t\t\t\t<figcaption class='wp-caption-text gallery-caption' id='gallery-1-3322'>\n\t\t\t\tInstalar sensor de \u00e1ngulo\n\t\t\t\t<\/figcaption><\/figure><figure class='gallery-item'>\n\t\t\t<div class='gallery-icon portrait'>\n\t\t\t\t<img loading=\"lazy\" decoding=\"async\" width=\"150\" height=\"150\" src=\"https:\/\/szlmi.com\/wp-content\/uploads\/2021\/06\/\u5fae\u4fe1\u56fe\u7247_20230407223336-150x150.jpg\" class=\"attachment-thumbnail size-thumbnail\" alt=\"brida indicadora\" aria-describedby=\"gallery-1-3881\" srcset=\"https:\/\/szlmi.com\/wp-content\/uploads\/2021\/06\/\u5fae\u4fe1\u56fe\u7247_20230407223336-150x150.jpg 150w, https:\/\/szlmi.com\/wp-content\/uploads\/2021\/06\/\u5fae\u4fe1\u56fe\u7247_20230407223336-300x300.jpg 300w, https:\/\/szlmi.com\/wp-content\/uploads\/2021\/06\/\u5fae\u4fe1\u56fe\u7247_20230407223336-100x100.jpg 100w\" sizes=\"(max-width: 150px) 100vw, 150px\" \/>\n\t\t\t<\/div>\n\t\t\t\t<figcaption class='wp-caption-text gallery-caption' id='gallery-1-3881'>\n\t\t\t\tInstalaci\u00f3n de la brida del sensor de presi\u00f3n\n\t\t\t\t<\/figcaption><\/figure><figure class='gallery-item'>\n\t\t\t<div class='gallery-icon portrait'>\n\t\t\t\t<img loading=\"lazy\" decoding=\"async\" width=\"150\" height=\"150\" src=\"https:\/\/szlmi.com\/wp-content\/uploads\/2021\/07\/IMG_20190813_171138R-150x150.jpg\" class=\"attachment-thumbnail size-thumbnail\" alt=\"indicador de momento de carga de excavadora\" aria-describedby=\"gallery-1-3324\" srcset=\"https:\/\/szlmi.com\/wp-content\/uploads\/2021\/07\/IMG_20190813_171138R-150x150.jpg 150w, https:\/\/szlmi.com\/wp-content\/uploads\/2021\/07\/IMG_20190813_171138R-100x100.jpg 100w\" sizes=\"(max-width: 150px) 100vw, 150px\" \/>\n\t\t\t<\/div>\n\t\t\t\t<figcaption class='wp-caption-text gallery-caption' id='gallery-1-3324'>\n\t\t\t\tPantalla LMI\n\t\t\t\t<\/figcaption><\/figure><figure class='gallery-item'>\n\t\t\t<div class='gallery-icon landscape'>\n\t\t\t\t<img loading=\"lazy\" decoding=\"async\" width=\"150\" height=\"150\" src=\"https:\/\/szlmi.com\/wp-content\/uploads\/2021\/06\/excavator-LMI_2-1-150x150.gif\" class=\"attachment-thumbnail size-thumbnail\" alt=\"indicador de carga de la excavadora\" aria-describedby=\"gallery-1-3218\" srcset=\"https:\/\/szlmi.com\/wp-content\/uploads\/2021\/06\/excavator-LMI_2-1-150x150.gif 150w, https:\/\/szlmi.com\/wp-content\/uploads\/2021\/06\/excavator-LMI_2-1-300x300.gif 300w, https:\/\/szlmi.com\/wp-content\/uploads\/2021\/06\/excavator-LMI_2-1-100x100.gif 100w\" sizes=\"(max-width: 150px) 100vw, 150px\" \/>\n\t\t\t<\/div>\n\t\t\t\t<figcaption class='wp-caption-text gallery-caption' id='gallery-1-3218'>\n\t\t\t\tPantalla LMI\n\t\t\t\t<\/figcaption><\/figure><figure class='gallery-item'>\n\t\t\t<div class='gallery-icon portrait'>\n\t\t\t\t<img loading=\"lazy\" decoding=\"async\" width=\"150\" height=\"150\" src=\"https:\/\/szlmi.com\/wp-content\/uploads\/2024\/04\/IMG-20230804-WA0003-150x150.jpg\" class=\"attachment-thumbnail size-thumbnail\" alt=\"indicador de carga de la excavadora\" aria-describedby=\"gallery-1-4343\" srcset=\"https:\/\/szlmi.com\/wp-content\/uploads\/2024\/04\/IMG-20230804-WA0003-150x150.jpg 150w, https:\/\/szlmi.com\/wp-content\/uploads\/2024\/04\/IMG-20230804-WA0003-300x300.jpg 300w, https:\/\/szlmi.com\/wp-content\/uploads\/2024\/04\/IMG-20230804-WA0003-100x100.jpg 100w\" sizes=\"(max-width: 150px) 100vw, 150px\" \/>\n\t\t\t<\/div>\n\t\t\t\t<figcaption class='wp-caption-text gallery-caption' id='gallery-1-4343'>\n\t\t\t\tsensor de pluma\n\t\t\t\t<\/figcaption><\/figure><figure class='gallery-item'>\n\t\t\t<div class='gallery-icon portrait'>\n\t\t\t\t<img loading=\"lazy\" decoding=\"async\" width=\"150\" height=\"150\" src=\"https:\/\/szlmi.com\/wp-content\/uploads\/2024\/04\/IMG-20240504-WA0002-150x150.jpg\" class=\"attachment-thumbnail size-thumbnail\" alt=\"indicador de carga de la excavadora\" aria-describedby=\"gallery-1-4346\" srcset=\"https:\/\/szlmi.com\/wp-content\/uploads\/2024\/04\/IMG-20240504-WA0002-150x150.jpg 150w, https:\/\/szlmi.com\/wp-content\/uploads\/2024\/04\/IMG-20240504-WA0002-300x300.jpg 300w, https:\/\/szlmi.com\/wp-content\/uploads\/2024\/04\/IMG-20240504-WA0002-100x100.jpg 100w\" sizes=\"(max-width: 150px) 100vw, 150px\" \/>\n\t\t\t<\/div>\n\t\t\t\t<figcaption class='wp-caption-text gallery-caption' id='gallery-1-4346'>\n\t\t\t\tindicador de carga de la excavadora\n\t\t\t\t<\/figcaption><\/figure><figure class='gallery-item'>\n\t\t\t<div class='gallery-icon landscape'>\n\t\t\t\t<img loading=\"lazy\" decoding=\"async\" width=\"150\" height=\"150\" src=\"https:\/\/szlmi.com\/wp-content\/uploads\/2021\/06\/excavator-LMI_part3-1-150x150.gif\" class=\"attachment-thumbnail size-thumbnail\" alt=\"\" aria-describedby=\"gallery-1-3810\" srcset=\"https:\/\/szlmi.com\/wp-content\/uploads\/2021\/06\/excavator-LMI_part3-1-150x150.gif 150w, https:\/\/szlmi.com\/wp-content\/uploads\/2021\/06\/excavator-LMI_part3-1-300x300.gif 300w, https:\/\/szlmi.com\/wp-content\/uploads\/2021\/06\/excavator-LMI_part3-1-100x100.gif 100w\" sizes=\"(max-width: 150px) 100vw, 150px\" \/>\n\t\t\t<\/div>\n\t\t\t\t<figcaption class='wp-caption-text gallery-caption' id='gallery-1-3810'>\n\t\t\t\tInstalaci\u00f3n de mini gr\u00faas\n\t\t\t\t<\/figcaption><\/figure>\n\t\t<\/div>\n\n<p>&nbsp;<\/p>\n<hr \/>\n<h3><span style=\"color: #336699;\">Modelos de excavadoras compatibles<\/span><\/h3>\n<p><img loading=\"lazy\" decoding=\"async\" class=\"wp-image-4034 size-large\" src=\"https:\/\/szlmi.com\/wp-content\/uploads\/2021\/06\/2016062613445219_\u526f\u672c-1024x195.jpg\" alt=\"indicador de carga de la excavadora\" width=\"1024\" height=\"195\" srcset=\"https:\/\/szlmi.com\/wp-content\/uploads\/2021\/06\/2016062613445219_\u526f\u672c-1024x195.jpg 1024w, https:\/\/szlmi.com\/wp-content\/uploads\/2021\/06\/2016062613445219_\u526f\u672c-300x57.jpg 300w, https:\/\/szlmi.com\/wp-content\/uploads\/2021\/06\/2016062613445219_\u526f\u672c-768x146.jpg 768w, https:\/\/szlmi.com\/wp-content\/uploads\/2021\/06\/2016062613445219_\u526f\u672c-1536x292.jpg 1536w, https:\/\/szlmi.com\/wp-content\/uploads\/2021\/06\/2016062613445219_\u526f\u672c-2048x389.jpg 2048w, https:\/\/szlmi.com\/wp-content\/uploads\/2021\/06\/2016062613445219_\u526f\u672c-18x3.jpg 18w, https:\/\/szlmi.com\/wp-content\/uploads\/2021\/06\/2016062613445219_\u526f\u672c-600x114.jpg 600w, https:\/\/szlmi.com\/wp-content\/uploads\/2021\/06\/2016062613445219_\u526f\u672c-64x12.jpg 64w\" sizes=\"(max-width: 1024px) 100vw, 1024px\" \/><\/p>\n<hr \/>\n<h3><span style=\"color: #336699;\"><strong>Caracter\u00edsticas\u00a0<\/strong><\/span><\/h3>\n<ul>\n<li>F\u00e1cil de instalar, inst\u00e1lelo usted mismo.<\/li>\n<li>Visualizaci\u00f3n de datos de peso, radio y altura<\/li>\n<li>Advertencia de altura, peso y sobrecarga<\/li>\n<li>registro de datos de sobrecarga<\/li>\n<li>Alarma por Audible<\/li>\n<\/ul>\n<hr \/>\n<h3><span style=\"color: #336699;\"><strong>Par\u00e1metros del sistema<\/strong><\/span><\/h3>\n<ul>\n<li>Voltaje de trabajo: DC9-36v;<\/li>\n<li>Temperatura de trabajo: -20\u2103\uff5e+70\u2103;<\/li>\n<li>Temperatura de almacenamiento: -20\u2103\uff5e+70\u2103;<\/li>\n<li>Error del sistema: \u00b13%,<\/li>\n<li>Error de visualizaci\u00f3n: \u00b15%<\/li>\n<li>Capacidad de contacto del rel\u00e9: CA 220 V 3 A;<\/li>\n<li>Nivel de protecci\u00f3n: IP65 ;<\/li>\n<\/ul>\n<hr \/>\n<h3><span style=\"color: #336699;\"><strong>Regiones<\/strong><\/span><\/h3>\n<div id='gallery-2' class='gallery galleryid-4509 gallery-columns-5 gallery-size-thumbnail'><figure class='gallery-item'>\n\t\t\t<div class='gallery-icon landscape'>\n\t\t\t\t<img loading=\"lazy\" decoding=\"async\" width=\"150\" height=\"150\" src=\"https:\/\/szlmi.com\/wp-content\/uploads\/2025\/02\/\u663e\u793a\u5c4f--150x150.jpg\" class=\"attachment-thumbnail size-thumbnail\" alt=\"\" aria-describedby=\"gallery-2-4511\" srcset=\"https:\/\/szlmi.com\/wp-content\/uploads\/2025\/02\/\u663e\u793a\u5c4f--150x150.jpg 150w, https:\/\/szlmi.com\/wp-content\/uploads\/2025\/02\/\u663e\u793a\u5c4f--300x300.jpg 300w, https:\/\/szlmi.com\/wp-content\/uploads\/2025\/02\/\u663e\u793a\u5c4f--768x768.jpg 768w, https:\/\/szlmi.com\/wp-content\/uploads\/2025\/02\/\u663e\u793a\u5c4f--12x12.jpg 12w, https:\/\/szlmi.com\/wp-content\/uploads\/2025\/02\/\u663e\u793a\u5c4f--600x600.jpg 600w, https:\/\/szlmi.com\/wp-content\/uploads\/2025\/02\/\u663e\u793a\u5c4f--100x100.jpg 100w, https:\/\/szlmi.com\/wp-content\/uploads\/2025\/02\/\u663e\u793a\u5c4f--64x64.jpg 64w, https:\/\/szlmi.com\/wp-content\/uploads\/2025\/02\/\u663e\u793a\u5c4f-.jpg 850w\" sizes=\"(max-width: 150px) 100vw, 150px\" \/>\n\t\t\t<\/div>\n\t\t\t\t<figcaption class='wp-caption-text gallery-caption' id='gallery-2-4511'>\n\t\t\t\tmonitor\n\t\t\t\t<\/figcaption><\/figure><figure class='gallery-item'>\n\t\t\t<div class='gallery-icon landscape'>\n\t\t\t\t<img loading=\"lazy\" decoding=\"async\" width=\"150\" height=\"150\" src=\"https:\/\/szlmi.com\/wp-content\/uploads\/2021\/06\/IMG_1461-150x150.jpg\" class=\"attachment-thumbnail size-thumbnail\" alt=\"\" aria-describedby=\"gallery-2-4037\" srcset=\"https:\/\/szlmi.com\/wp-content\/uploads\/2021\/06\/IMG_1461-150x150.jpg 150w, https:\/\/szlmi.com\/wp-content\/uploads\/2021\/06\/IMG_1461-300x300.jpg 300w, https:\/\/szlmi.com\/wp-content\/uploads\/2021\/06\/IMG_1461-100x100.jpg 100w\" sizes=\"(max-width: 150px) 100vw, 150px\" \/>\n\t\t\t<\/div>\n\t\t\t\t<figcaption class='wp-caption-text gallery-caption' id='gallery-2-4037'>\n\t\t\t\tmonitor fijo\n\t\t\t\t<\/figcaption><\/figure><figure class='gallery-item'>\n\t\t\t<div class='gallery-icon landscape'>\n\t\t\t\t<img loading=\"lazy\" decoding=\"async\" width=\"150\" height=\"150\" src=\"https:\/\/szlmi.com\/wp-content\/uploads\/2025\/02\/\u89d2\u5ea6\u4f20\u611f\u5668-1-150x150.png\" class=\"attachment-thumbnail size-thumbnail\" alt=\"\" aria-describedby=\"gallery-2-4515\" srcset=\"https:\/\/szlmi.com\/wp-content\/uploads\/2025\/02\/\u89d2\u5ea6\u4f20\u611f\u5668-1-150x150.png 150w, https:\/\/szlmi.com\/wp-content\/uploads\/2025\/02\/\u89d2\u5ea6\u4f20\u611f\u5668-1-300x300.png 300w, https:\/\/szlmi.com\/wp-content\/uploads\/2025\/02\/\u89d2\u5ea6\u4f20\u611f\u5668-1-768x768.png 768w, https:\/\/szlmi.com\/wp-content\/uploads\/2025\/02\/\u89d2\u5ea6\u4f20\u611f\u5668-1-12x12.png 12w, https:\/\/szlmi.com\/wp-content\/uploads\/2025\/02\/\u89d2\u5ea6\u4f20\u611f\u5668-1-600x600.png 600w, https:\/\/szlmi.com\/wp-content\/uploads\/2025\/02\/\u89d2\u5ea6\u4f20\u611f\u5668-1-100x100.png 100w, https:\/\/szlmi.com\/wp-content\/uploads\/2025\/02\/\u89d2\u5ea6\u4f20\u611f\u5668-1-64x64.png 64w, https:\/\/szlmi.com\/wp-content\/uploads\/2025\/02\/\u89d2\u5ea6\u4f20\u611f\u5668-1.png 850w\" sizes=\"(max-width: 150px) 100vw, 150px\" \/>\n\t\t\t<\/div>\n\t\t\t\t<figcaption class='wp-caption-text gallery-caption' id='gallery-2-4515'>\n\t\t\t\tsensor de \u00e1ngulo\n\t\t\t\t<\/figcaption><\/figure><figure class='gallery-item'>\n\t\t\t<div class='gallery-icon landscape'>\n\t\t\t\t<img loading=\"lazy\" decoding=\"async\" width=\"150\" height=\"150\" src=\"https:\/\/szlmi.com\/wp-content\/uploads\/2025\/02\/image-3-150x150.png\" class=\"attachment-thumbnail size-thumbnail\" alt=\"\" aria-describedby=\"gallery-2-4378\" srcset=\"https:\/\/szlmi.com\/wp-content\/uploads\/2025\/02\/image-3-150x150.png 150w, https:\/\/szlmi.com\/wp-content\/uploads\/2025\/02\/image-3-12x12.png 12w, https:\/\/szlmi.com\/wp-content\/uploads\/2025\/02\/image-3-100x100.png 100w, https:\/\/szlmi.com\/wp-content\/uploads\/2025\/02\/image-3-64x64.png 64w, https:\/\/szlmi.com\/wp-content\/uploads\/2025\/02\/image-3.png 229w\" sizes=\"(max-width: 150px) 100vw, 150px\" \/>\n\t\t\t<\/div>\n\t\t\t\t<figcaption class='wp-caption-text gallery-caption' id='gallery-2-4378'>\n\t\t\t\tsensor de \u00e1ngulo\n\t\t\t\t<\/figcaption><\/figure><figure class='gallery-item'>\n\t\t\t<div class='gallery-icon portrait'>\n\t\t\t\t<img loading=\"lazy\" decoding=\"async\" width=\"150\" height=\"150\" src=\"https:\/\/szlmi.com\/wp-content\/uploads\/2021\/06\/\u5fae\u4fe1\u56fe\u7247_20230613093852-150x150.png\" class=\"attachment-thumbnail size-thumbnail\" alt=\"sensor de presi\u00f3n de la excavadora\" aria-describedby=\"gallery-2-3833\" srcset=\"https:\/\/szlmi.com\/wp-content\/uploads\/2021\/06\/\u5fae\u4fe1\u56fe\u7247_20230613093852-150x150.png 150w, https:\/\/szlmi.com\/wp-content\/uploads\/2021\/06\/\u5fae\u4fe1\u56fe\u7247_20230613093852-300x300.png 300w, https:\/\/szlmi.com\/wp-content\/uploads\/2021\/06\/\u5fae\u4fe1\u56fe\u7247_20230613093852-100x100.png 100w\" sizes=\"(max-width: 150px) 100vw, 150px\" \/>\n\t\t\t<\/div>\n\t\t\t\t<figcaption class='wp-caption-text gallery-caption' id='gallery-2-3833'>\n\t\t\t\tsensor de presi\u00f3n de la excavadora\n\t\t\t\t<\/figcaption><\/figure><figure class='gallery-item'>\n\t\t\t<div class='gallery-icon landscape'>\n\t\t\t\t<img loading=\"lazy\" decoding=\"async\" width=\"150\" height=\"150\" src=\"https:\/\/szlmi.com\/wp-content\/uploads\/2021\/06\/IMG_1463-150x150.jpg\" class=\"attachment-thumbnail size-thumbnail\" alt=\"conector del sensor de presi\u00f3n\" aria-describedby=\"gallery-2-4039\" srcset=\"https:\/\/szlmi.com\/wp-content\/uploads\/2021\/06\/IMG_1463-150x150.jpg 150w, https:\/\/szlmi.com\/wp-content\/uploads\/2021\/06\/IMG_1463-300x300.jpg 300w, https:\/\/szlmi.com\/wp-content\/uploads\/2021\/06\/IMG_1463-100x100.jpg 100w\" sizes=\"(max-width: 150px) 100vw, 150px\" \/>\n\t\t\t<\/div>\n\t\t\t\t<figcaption class='wp-caption-text gallery-caption' id='gallery-2-4039'>\n\t\t\t\tconector del sensor de presi\u00f3n\n\t\t\t\t<\/figcaption><\/figure>\n\t\t<\/div>\n\n<p>&nbsp;<\/p>","protected":false},"excerpt":{"rendered":"<p>El SZ-E300 <a title=\"Mantenimiento del sistema de pesaje de la excavadora\uff08B\u00e1scula para excavadoras\uff09\" href=\"https:\/\/szlmi.com\/maintenance-of-the-excavator-weighing-system%ef%bc%88excavator-scale%ef%bc%89\/\">sistema de pesaje<\/a>,<a title=\"Sistema de pesaje de excavadoras SZ-E300\" href=\"https:\/\/szlmi.com\/product\/excavator-weighing-system-sz-e300\/\"><strong>b\u00e1sculas para excavadoras<\/strong><\/a>es una versi\u00f3n mejorada del producto de la generaci\u00f3n anterior, el SZ-E02. Se ha actualizado en muchos aspectos, como el hardware y el software. Se han realizado mejoras significativas en varios aspectos, como el rango de pesaje, la precisi\u00f3n de pesaje, el tiempo de respuesta y la interacci\u00f3n hombre-m\u00e1quina.<\/p>","protected":false},"featured_media":4630,"template":"","meta":{"_monsterinsights_skip_tracking":false,"_monsterinsights_sitenote_active":false,"_monsterinsights_sitenote_note":"","_monsterinsights_sitenote_category":0,"site-sidebar-layout":"no-sidebar","site-content-layout":"default","ast-site-content-layout":"default","site-content-style":"default","site-sidebar-style":"default","ast-global-header-display":"","ast-banner-title-visibility":"","ast-main-header-display":"","ast-hfb-above-header-display":"","ast-hfb-below-header-display":"","ast-hfb-mobile-header-display":"","site-post-title":"","ast-breadcrumbs-content":"","ast-featured-img":"","footer-sml-layout":"","theme-transparent-header-meta":"enabled","adv-header-id-meta":"","stick-header-meta":"","header-above-stick-meta":"","header-main-stick-meta":"","header-below-stick-meta":"","astra-migrate-meta-layouts":"set","ast-page-background-enabled":"default","ast-page-background-meta":{"desktop":{"background-color":"","background-image":"","background-repeat":"repeat","background-position":"center center","background-size":"auto","background-attachment":"scroll","background-type":"","background-media":"","overlay-type":"","overlay-color":"","overlay-opacity":"","overlay-gradient":""},"tablet":{"background-color":"","background-image":"","background-repeat":"repeat","background-position":"center center","background-size":"auto","background-attachment":"scroll","background-type":"","background-media":"","overlay-type":"","overlay-color":"","overlay-opacity":"","overlay-gradient":""},"mobile":{"background-color":"","background-image":"","background-repeat":"repeat","background-position":"center center","background-size":"auto","background-attachment":"scroll","background-type":"","background-media":"","overlay-type":"","overlay-color":"","overlay-opacity":"","overlay-gradient":""}},"ast-content-background-meta":{"desktop":{"background-color":"var(--ast-global-color-5)","background-image":"","background-repeat":"repeat","background-position":"center center","background-size":"auto","background-attachment":"scroll","background-type":"","background-media":"","overlay-type":"","overlay-color":"","overlay-opacity":"","overlay-gradient":""},"tablet":{"background-color":"var(--ast-global-color-5)","background-image":"","background-repeat":"repeat","background-position":"center center","background-size":"auto","background-attachment":"scroll","background-type":"","background-media":"","overlay-type":"","overlay-color":"","overlay-opacity":"","overlay-gradient":""},"mobile":{"background-color":"var(--ast-global-color-5)","background-image":"","background-repeat":"repeat","background-position":"center center","background-size":"auto","background-attachment":"scroll","background-type":"","background-media":"","overlay-type":"","overlay-color":"","overlay-opacity":"","overlay-gradient":""}}},"product_cat":[69,68],"product_tag":[173,171,166,172,167],"class_list":{"0":"post-4509","1":"product","2":"type-product","3":"status-publish","4":"has-post-thumbnail","6":"product_cat-product","7":"product_cat-weighing-system","8":"product_tag-electronic-scales","9":"product_tag-excavator-scales","10":"product_tag-excavator-weighting-system","11":"product_tag-on-weighing","12":"product_tag-weighting-system","13":"desktop-align-left","14":"tablet-align-left","15":"mobile-align-left","17":"first","18":"instock","19":"shipping-taxable","20":"purchasable","21":"product-type-simple"},"aioseo_notices":[],"_links":{"self":[{"href":"https:\/\/szlmi.com\/es\/wp-json\/wp\/v2\/product\/4509","targetHints":{"allow":["GET"]}}],"collection":[{"href":"https:\/\/szlmi.com\/es\/wp-json\/wp\/v2\/product"}],"about":[{"href":"https:\/\/szlmi.com\/es\/wp-json\/wp\/v2\/types\/product"}],"wp:featuredmedia":[{"embeddable":true,"href":"https:\/\/szlmi.com\/es\/wp-json\/wp\/v2\/media\/4630"}],"wp:attachment":[{"href":"https:\/\/szlmi.com\/es\/wp-json\/wp\/v2\/media?parent=4509"}],"wp:term":[{"taxonomy":"product_cat","embeddable":true,"href":"https:\/\/szlmi.com\/es\/wp-json\/wp\/v2\/product_cat?post=4509"},{"taxonomy":"product_tag","embeddable":true,"href":"https:\/\/szlmi.com\/es\/wp-json\/wp\/v2\/product_tag?post=4509"}],"curies":[{"name":"wp","href":"https:\/\/api.w.org\/{rel}","templated":true}]}}