{"id":4331,"date":"2025-04-01T21:12:00","date_gmt":"2025-04-02T05:12:00","guid":{"rendered":"https:\/\/szlmi.com\/?post_type=product&#038;p=4331"},"modified":"2026-03-05T18:45:17","modified_gmt":"2026-03-06T02:45:17","slug":"forklift-weighing-system","status":"publish","type":"product","link":"https:\/\/szlmi.com\/es\/producto\/forklift-weighing-system\/","title":{"rendered":"Sistema de pesaje de carretillas elevadoras"},"content":{"rendered":"<h1 style=\"text-align: center;\"><span style=\"color: #336699;\">Sistema de pesaje a bordo de carretillas elevadoras<\/span><\/h1>\n<h3><span style=\"color: #336699;\"><strong>Descripci\u00f3n de la imagen<\/strong><\/span><\/h3>\n<p><img fetchpriority=\"high\" decoding=\"async\" class=\"size-full wp-image-7091 aligncenter\" src=\"https:\/\/szlmi.com\/wp-content\/uploads\/2025\/04\/1-1.jpg\" alt=\"\" width=\"600\" height=\"1920\" \/><\/p>\n<hr \/>\n<h3><span style=\"color: #336699;\"><strong>Introducci\u00f3n<\/strong><\/span><\/h3>\n<p>El sistema de pesaje a bordo de la carretilla elevadora, tambi\u00e9n llamado b\u00e1scula electr\u00f3nica para carretilla elevadora, es un dispositivo electr\u00f3nico instalado en la carretilla elevadora para calcular el peso. Puede proporcionar diversa informaci\u00f3n de carga, como el valor de la pala \u00fanica y el valor acumulativo del material pesado, y mostrarlo. Imprima la lista, mientras se carga, refleje din\u00e1mica y sincr\u00f3nicamente el volumen de carga, lo que ayuda a los clientes a completar las operaciones de pesaje de forma r\u00e1pida y a bajo coste, cargando y descargando con precisi\u00f3n, evitando la sobrecarga y mejorando la eficiencia del trabajo. Es ampliamente utilizado en f\u00e1bricas, minas, ferrocarriles, puertos y otras cargas a granel. Operaciones de carga y descarga.<\/p>\n<hr \/>\n<h3><span style=\"color: #336699;\"><strong>Caracter\u00edsticas<\/strong><\/span><\/h3>\n<ul>\n<li>Peso \u00fanico<\/li>\n<li>Peso acumulado<\/li>\n<li>tiempos de elevaci\u00f3n<\/li>\n<li>Advertencia de sobrecarga<\/li>\n<li>Imprimir recibo<\/li>\n<\/ul>\n<hr \/>\n<h3><span style=\"color: #336699;\"><strong>Par\u00e1metros del sistema<\/strong><\/span><\/h3>\n<ul>\n<li>Rango: 0 ~ 10 t (se requiere fabricaci\u00f3n personalizada a partir de 10 t)<\/li>\n<li>Error del sistema: \u00b11%<\/li>\n<li>Error de visualizaci\u00f3n: \u00b13%<\/li>\n<li>modo:Pesaje din\u00e1mico<\/li>\n<li>Nivel de protecci\u00f3n: IP65<\/li>\n<li>Temperatura de trabajo: -20\u2103\uff5e+70\u2103;<\/li>\n<li>Voltaje de trabajo: DC9-36v;<\/li>\n<\/ul>\n<hr \/>\n<h3><span style=\"color: #336699;\"><strong>Modelo aplicable<\/strong><\/span><\/h3>\n<p>Carretilla elevadora 1 ~ 10ton, agarradores y cargadoras.<\/p>\n<hr \/>\n<h3><span style=\"color: #336699;\"><strong>Regiones<\/strong><\/span><\/h3>\n<p><img decoding=\"async\" class=\"size-full wp-image-7097 aligncenter\" src=\"https:\/\/szlmi.com\/wp-content\/uploads\/2025\/04\/Fullset-1.jpg\" alt=\"\" width=\"1000\" height=\"434\" \/><\/p>","protected":false},"excerpt":{"rendered":"<p style=\"text-align: left;\">El sistema de pesaje a bordo de la carretilla elevadora, tambi\u00e9n llamado b\u00e1scula electr\u00f3nica para carretilla elevadora, es un dispositivo electr\u00f3nico instalado en la carretilla elevadora para calcular el peso. Puede proporcionar diversa informaci\u00f3n de carga, como el valor de la pala \u00fanica y el valor acumulativo del material pesado, y mostrarlo. Imprima la lista, mientras se carga, refleje din\u00e1mica y sincr\u00f3nicamente el volumen de carga, lo que ayuda a los clientes a completar las operaciones de pesaje de forma r\u00e1pida y a bajo coste, cargando y descargando con precisi\u00f3n, evitando la sobrecarga y mejorando la eficiencia del trabajo. Es ampliamente utilizado en f\u00e1bricas, minas, ferrocarriles, puertos y otras cargas a granel. Operaciones de carga y descarga.<\/p>","protected":false},"featured_media":4634,"template":"","meta":{"_monsterinsights_skip_tracking":false,"_monsterinsights_sitenote_active":false,"_monsterinsights_sitenote_note":"","_monsterinsights_sitenote_category":0,"site-sidebar-layout":"no-sidebar","site-content-layout":"default","ast-site-content-layout":"default","site-content-style":"default","site-sidebar-style":"default","ast-global-header-display":"","ast-banner-title-visibility":"","ast-main-header-display":"","ast-hfb-above-header-display":"","ast-hfb-below-header-display":"","ast-hfb-mobile-header-display":"","site-post-title":"","ast-breadcrumbs-content":"","ast-featured-img":"","footer-sml-layout":"","theme-transparent-header-meta":"enabled","adv-header-id-meta":"","stick-header-meta":"","header-above-stick-meta":"","header-main-stick-meta":"","header-below-stick-meta":"","astra-migrate-meta-layouts":"set","ast-page-background-enabled":"default","ast-page-background-meta":{"desktop":{"background-color":"","background-image":"","background-repeat":"repeat","background-position":"center center","background-size":"auto","background-attachment":"scroll","background-type":"","background-media":"","overlay-type":"","overlay-color":"","overlay-opacity":"","overlay-gradient":""},"tablet":{"background-color":"","background-image":"","background-repeat":"repeat","background-position":"center center","background-size":"auto","background-attachment":"scroll","background-type":"","background-media":"","overlay-type":"","overlay-color":"","overlay-opacity":"","overlay-gradient":""},"mobile":{"background-color":"","background-image":"","background-repeat":"repeat","background-position":"center center","background-size":"auto","background-attachment":"scroll","background-type":"","background-media":"","overlay-type":"","overlay-color":"","overlay-opacity":"","overlay-gradient":""}},"ast-content-background-meta":{"desktop":{"background-color":"var(--ast-global-color-5)","background-image":"","background-repeat":"repeat","background-position":"center center","background-size":"auto","background-attachment":"scroll","background-type":"","background-media":"","overlay-type":"","overlay-color":"","overlay-opacity":"","overlay-gradient":""},"tablet":{"background-color":"var(--ast-global-color-5)","background-image":"","background-repeat":"repeat","background-position":"center center","background-size":"auto","background-attachment":"scroll","background-type":"","background-media":"","overlay-type":"","overlay-color":"","overlay-opacity":"","overlay-gradient":""},"mobile":{"background-color":"var(--ast-global-color-5)","background-image":"","background-repeat":"repeat","background-position":"center center","background-size":"auto","background-attachment":"scroll","background-type":"","background-media":"","overlay-type":"","overlay-color":"","overlay-opacity":"","overlay-gradient":""}}},"product_cat":[69,68],"product_tag":[73,176,175,174,72,71],"class_list":{"0":"post-4331","1":"product","2":"type-product","3":"status-publish","4":"has-post-thumbnail","6":"product_cat-product","7":"product_cat-weighing-system","8":"product_tag-electronic-scale","9":"product_tag-forklift-scale","10":"product_tag-forklift-weighing-system","11":"product_tag-on-board-weighing-system","12":"product_tag-weighing","13":"product_tag-weighing-system","14":"desktop-align-left","15":"tablet-align-left","16":"mobile-align-left","18":"first","19":"instock","20":"sale","21":"shipping-taxable","22":"purchasable","23":"product-type-simple"},"aioseo_notices":[],"_links":{"self":[{"href":"https:\/\/szlmi.com\/es\/wp-json\/wp\/v2\/product\/4331","targetHints":{"allow":["GET"]}}],"collection":[{"href":"https:\/\/szlmi.com\/es\/wp-json\/wp\/v2\/product"}],"about":[{"href":"https:\/\/szlmi.com\/es\/wp-json\/wp\/v2\/types\/product"}],"wp:featuredmedia":[{"embeddable":true,"href":"https:\/\/szlmi.com\/es\/wp-json\/wp\/v2\/media\/4634"}],"wp:attachment":[{"href":"https:\/\/szlmi.com\/es\/wp-json\/wp\/v2\/media?parent=4331"}],"wp:term":[{"taxonomy":"product_cat","embeddable":true,"href":"https:\/\/szlmi.com\/es\/wp-json\/wp\/v2\/product_cat?post=4331"},{"taxonomy":"product_tag","embeddable":true,"href":"https:\/\/szlmi.com\/es\/wp-json\/wp\/v2\/product_tag?post=4331"}],"curies":[{"name":"wp","href":"https:\/\/api.w.org\/{rel}","templated":true}]}}