{"id":4157,"date":"2025-03-12T19:37:56","date_gmt":"2025-03-13T03:37:56","guid":{"rendered":"https:\/\/szlmi.com\/?post_type=product&#038;p=4157"},"modified":"2026-02-25T20:45:24","modified_gmt":"2026-02-26T04:45:24","slug":"articulated-boom-crane-load-moment-indicator","status":"publish","type":"product","link":"https:\/\/szlmi.com\/es\/producto\/articulated-boom-crane-load-moment-indicator\/","title":{"rendered":"Indicador de momento de carga de gr\u00faa con pluma articulada"},"content":{"rendered":"<h1 style=\"text-align: center;\"><span style=\"color: #336699;\"><strong>Carga de la gr\u00faa de brazo articulado<\/strong> Indicador de momento<\/span><\/h1>\n<h3><span style=\"color: #336699;\"><strong>Descripci\u00f3n de la imagen<\/strong><\/span><\/h3>\n<p><img fetchpriority=\"high\" decoding=\"async\" class=\"size-full wp-image-6903 aligncenter\" src=\"https:\/\/szlmi.com\/wp-content\/uploads\/2025\/03\/1-1-1.jpg\" alt=\"\" width=\"600\" height=\"1000\" \/><\/p>\n<hr \/>\n<h3><span style=\"color: #336699;\"><strong>Introducci\u00f3n<\/strong><\/span><\/h3>\n<p><a href=\"https:\/\/szlmi.com\/product\/articulated-boom-crane-load-moment-indicator\/\"><strong>Indicador de momento de carga de gr\u00faa con pluma articulada<\/strong><\/a> Tambi\u00e9n conocido como <a href=\"https:\/\/szlmi.com\/product-category\/product\/load-moment-indicator\/\"><strong>gr\u00faa LMI<\/strong><\/a> o <a href=\"https:\/\/szlmi.com\/product-category\/product\/load-moment-indicator\/\"><strong>Indicador de carga segura (SLI) de gr\u00faa<\/strong><\/a> Es un dispositivo de protecci\u00f3n de seguridad aplicado a maquinaria de elevaci\u00f3n tipo pluma. Previene la sobrecarga de la gr\u00faa y errores de operaci\u00f3n causados \u200b\u200bpor accidentes, garantizando as\u00ed un uso seguro y estandarizado. Su funci\u00f3n principal es la de proporcionar protecci\u00f3n contra sobrecargas. Se utiliza frecuentemente en equipos de elevaci\u00f3n. Al exceder el l\u00edmite de par de elevaci\u00f3n, el equipo se detiene autom\u00e1ticamente y se detiene para protegerlo.<br \/>\nEl indicador de momento de carga utiliza el principio de equilibrio de momentos para calcular la carga de elevaci\u00f3n real. Seg\u00fan este principio, la masa equivalente de la pluma en posici\u00f3n vertical se calcula cuando esta no est\u00e1 cargada. Dado que la masa equivalente de la pluma var\u00eda seg\u00fan la longitud y el \u00e1ngulo, es necesario calibrar una infinidad de valores.<br \/>\nDebido a la existencia de la pluma, el algoritmo del Indicador de Momento de Carga es diferente al de la gr\u00faa de cami\u00f3n, por lo que se debe proponer un algoritmo espec\u00edfico de calibraci\u00f3n en vac\u00edo para igualar el peso muerto de la pluma y la pluma en la cabeza de la pluma. Seg\u00fan la estructura y las caracter\u00edsticas de fuerza de la gr\u00faa con brazo plegable, se establece el modelo matem\u00e1tico del dispositivo de trabajo, y la calibraci\u00f3n en vac\u00edo se realiza calibrando el peso y el centro de gravedad del brazo de elevaci\u00f3n.<\/p>\n<hr \/>\n<h3><span style=\"color: #336699;\"><strong>Funci\u00f3n:<\/strong><\/span><\/h3>\n<ul>\n<li><span class=\"OYPEnA text-decoration-none text-strikethrough-none\">Visualizaci\u00f3n de datos: Muestra el peso actual, la altura, el radio y el \u00e1ngulo.<\/span><\/li>\n<li><span class=\"OYPEnA text-decoration-none text-strikethrough-none\">Advertencia de peligro: Indicaciones de alarma de sobrecarga y fuera de rango<\/span><\/li>\n<li><span class=\"OYPEnA text-decoration-none text-strikethrough-none\">registro de sobrecarga: Almacenar registros de sobrecarga durante dos semanas<\/span><\/li>\n<li><span class=\"OYPEnA text-decoration-none text-strikethrough-none\">Inal\u00e1mbrico: Transmisi\u00f3n inal\u00e1mbrica personalizable, monitoreo de seguridad remoto<\/span><\/li>\n<\/ul>\n<hr \/>\n<h3><span style=\"color: #336699;\"><strong>Par\u00e1metros del sistema<\/strong><\/span><\/h3>\n<ul>\n<li>Voltaje de trabajo: DC9-36v;<\/li>\n<li>Temperatura de trabajo: -20\u2103\uff5e+70\u2103;<\/li>\n<li>Temperatura de almacenamiento: -20\u2103\uff5e+70\u2103;<\/li>\n<li>Error del sistema: \u00b13%,<\/li>\n<li>Error de visualizaci\u00f3n: \u00b15%<\/li>\n<li>Capacidad de contacto del rel\u00e9: CA 220 V 3 A;<\/li>\n<li>Nivel de protecci\u00f3n: IP65 ;<\/li>\n<\/ul>\n<hr \/>\n<h3><span style=\"color: #336699;\"><strong>Regiones<\/strong><\/span><\/h3>\n<p><img decoding=\"async\" class=\"size-full wp-image-7133 aligncenter\" src=\"https:\/\/szlmi.com\/wp-content\/uploads\/2025\/03\/parts.jpg\" alt=\"\" width=\"1000\" height=\"164\" srcset=\"https:\/\/szlmi.com\/wp-content\/uploads\/2025\/03\/parts.jpg 1000w, https:\/\/szlmi.com\/wp-content\/uploads\/2025\/03\/parts-300x49.jpg 300w, https:\/\/szlmi.com\/wp-content\/uploads\/2025\/03\/parts-768x126.jpg 768w, https:\/\/szlmi.com\/wp-content\/uploads\/2025\/03\/parts-18x3.jpg 18w, https:\/\/szlmi.com\/wp-content\/uploads\/2025\/03\/parts-600x98.jpg 600w, https:\/\/szlmi.com\/wp-content\/uploads\/2025\/03\/parts-64x10.jpg 64w\" sizes=\"(max-width: 1000px) 100vw, 1000px\" \/><\/p>\n<hr \/>\n<h3><span style=\"color: #336699;\"><strong>Caso<\/strong><\/span><\/h3>\n<div style=\"text-align: center;\"><img decoding=\"async\" style=\"display: inline;\" src=\"https:\/\/szlmi.com\/wp-content\/uploads\/2025\/03\/\u5fae\u4fe1\u622a\u56fe_20251031163829.jpg\" alt=\"\" width=\"300\" height=\"800\" \/> <img loading=\"lazy\" decoding=\"async\" style=\"display: inline;\" src=\"https:\/\/szlmi.com\/wp-content\/uploads\/2025\/03\/\u5fae\u4fe1\u622a\u56fe_20251031163853.jpg\" alt=\"\" width=\"300\" height=\"800\" \/> <img loading=\"lazy\" decoding=\"async\" style=\"display: inline;\" src=\"https:\/\/szlmi.com\/wp-content\/uploads\/2025\/03\/\u5fae\u4fe1\u622a\u56fe_20251031163934.jpg\" alt=\"\" width=\"300\" height=\"800\" \/><\/div>","protected":false},"excerpt":{"rendered":"<p><a href=\"https:\/\/szlmi.com\/product\/articulated-boom-crane-load-moment-indicator\/\"><strong>Indicador de momento de carga de gr\u00faa con pluma articulada<\/strong><\/a> Tambi\u00e9n conocido como <a href=\"https:\/\/szlmi.com\/product-category\/product\/load-moment-indicator\/\"><strong>gr\u00faa LMI<\/strong><\/a> o <a href=\"https:\/\/szlmi.com\/product-category\/product\/load-moment-indicator\/\"><strong>Indicador de carga segura (SLI) de gr\u00faa<\/strong><\/a> Es un dispositivo de protecci\u00f3n de seguridad aplicado a maquinaria de elevaci\u00f3n tipo pluma. Previene la sobrecarga de la gr\u00faa y errores de operaci\u00f3n causados \u200b\u200bpor accidentes, garantizando as\u00ed un uso seguro y estandarizado. Su funci\u00f3n principal es la de proporcionar protecci\u00f3n contra sobrecargas. Se utiliza frecuentemente en equipos de elevaci\u00f3n. Al exceder el l\u00edmite de par de elevaci\u00f3n, el equipo se detiene autom\u00e1ticamente y se detiene para protegerlo.<br \/>\nEl indicador de momento de carga utiliza el principio de equilibrio de momentos para calcular la carga de elevaci\u00f3n real. Seg\u00fan este principio, la masa equivalente de la pluma en posici\u00f3n vertical se calcula cuando esta no est\u00e1 cargada. Dado que la masa equivalente de la pluma var\u00eda seg\u00fan la longitud y el \u00e1ngulo, es necesario calibrar una infinidad de valores.<br \/>\nDebido a la existencia de la pluma, el algoritmo del Indicador de Momento de Carga es diferente al de la gr\u00faa de cami\u00f3n, por lo que se debe proponer un algoritmo espec\u00edfico de calibraci\u00f3n en vac\u00edo para igualar el peso muerto de la pluma y la pluma en la cabeza de la pluma. Seg\u00fan la estructura y las caracter\u00edsticas de fuerza de la gr\u00faa con brazo plegable, se establece el modelo matem\u00e1tico del dispositivo de trabajo, y la calibraci\u00f3n en vac\u00edo se realiza calibrando el peso y el centro de gravedad del brazo de elevaci\u00f3n.<\/p>","protected":false},"featured_media":5512,"template":"","meta":{"_monsterinsights_skip_tracking":false,"_monsterinsights_sitenote_active":false,"_monsterinsights_sitenote_note":"","_monsterinsights_sitenote_category":0,"site-sidebar-layout":"default","site-content-layout":"","ast-site-content-layout":"default","site-content-style":"default","site-sidebar-style":"default","ast-global-header-display":"","ast-banner-title-visibility":"","ast-main-header-display":"","ast-hfb-above-header-display":"","ast-hfb-below-header-display":"","ast-hfb-mobile-header-display":"","site-post-title":"","ast-breadcrumbs-content":"","ast-featured-img":"","footer-sml-layout":"","theme-transparent-header-meta":"default","adv-header-id-meta":"","stick-header-meta":"","header-above-stick-meta":"","header-main-stick-meta":"","header-below-stick-meta":"","astra-migrate-meta-layouts":"set","ast-page-background-enabled":"default","ast-page-background-meta":{"desktop":{"background-color":"","background-image":"","background-repeat":"repeat","background-position":"center center","background-size":"auto","background-attachment":"scroll","background-type":"","background-media":"","overlay-type":"","overlay-color":"","overlay-opacity":"","overlay-gradient":""},"tablet":{"background-color":"","background-image":"","background-repeat":"repeat","background-position":"center center","background-size":"auto","background-attachment":"scroll","background-type":"","background-media":"","overlay-type":"","overlay-color":"","overlay-opacity":"","overlay-gradient":""},"mobile":{"background-color":"","background-image":"","background-repeat":"repeat","background-position":"center center","background-size":"auto","background-attachment":"scroll","background-type":"","background-media":"","overlay-type":"","overlay-color":"","overlay-opacity":"","overlay-gradient":""}},"ast-content-background-meta":{"desktop":{"background-color":"var(--ast-global-color-5)","background-image":"","background-repeat":"repeat","background-position":"center center","background-size":"auto","background-attachment":"scroll","background-type":"","background-media":"","overlay-type":"","overlay-color":"","overlay-opacity":"","overlay-gradient":""},"tablet":{"background-color":"var(--ast-global-color-5)","background-image":"","background-repeat":"repeat","background-position":"center center","background-size":"auto","background-attachment":"scroll","background-type":"","background-media":"","overlay-type":"","overlay-color":"","overlay-opacity":"","overlay-gradient":""},"mobile":{"background-color":"var(--ast-global-color-5)","background-image":"","background-repeat":"repeat","background-position":"center center","background-size":"auto","background-attachment":"scroll","background-type":"","background-media":"","overlay-type":"","overlay-color":"","overlay-opacity":"","overlay-gradient":""}}},"product_cat":[69,64],"product_tag":[179,80,169,194,193],"class_list":{"0":"post-4157","1":"product","2":"type-product","3":"status-publish","4":"has-post-thumbnail","6":"product_cat-product","7":"product_cat-load-moment-indicator","8":"product_tag-articulated-boom-crane-lmi","9":"product_tag-lmi","10":"product_tag-load-moment-indicator","11":"product_tag-load-moment-indicator-crane","12":"product_tag-safe-load-indicator-sll","13":"desktop-align-left","14":"tablet-align-left","15":"mobile-align-left","17":"first","18":"instock","19":"shipping-taxable","20":"product-type-simple"},"aioseo_notices":[],"_links":{"self":[{"href":"https:\/\/szlmi.com\/es\/wp-json\/wp\/v2\/product\/4157","targetHints":{"allow":["GET"]}}],"collection":[{"href":"https:\/\/szlmi.com\/es\/wp-json\/wp\/v2\/product"}],"about":[{"href":"https:\/\/szlmi.com\/es\/wp-json\/wp\/v2\/types\/product"}],"wp:featuredmedia":[{"embeddable":true,"href":"https:\/\/szlmi.com\/es\/wp-json\/wp\/v2\/media\/5512"}],"wp:attachment":[{"href":"https:\/\/szlmi.com\/es\/wp-json\/wp\/v2\/media?parent=4157"}],"wp:term":[{"taxonomy":"product_cat","embeddable":true,"href":"https:\/\/szlmi.com\/es\/wp-json\/wp\/v2\/product_cat?post=4157"},{"taxonomy":"product_tag","embeddable":true,"href":"https:\/\/szlmi.com\/es\/wp-json\/wp\/v2\/product_tag?post=4157"}],"curies":[{"name":"wp","href":"https:\/\/api.w.org\/{rel}","templated":true}]}}