{"id":3553,"date":"2025-03-10T05:16:54","date_gmt":"2025-03-10T13:16:54","guid":{"rendered":"http:\/\/wh-ng29fgyvclm5x8xhpsh.my3w.com\/?post_type=product&#038;p=3553"},"modified":"2026-02-23T23:56:46","modified_gmt":"2026-02-24T07:56:46","slug":"material-handler-load-indicator","status":"publish","type":"product","link":"https:\/\/szlmi.com\/es\/producto\/material-handler-load-indicator\/","title":{"rendered":"Indicador de carga del manipulador de materiales hidr\u00e1ulico"},"content":{"rendered":"<h1 style=\"text-align: center;\"><span style=\"color: #336699;\">Indicador de carga de manipuladores de materiales hidr\u00e1ulicos<\/span><\/h1>\n<h3><span style=\"color: #336699;\"><strong>Descripci\u00f3n de la imagen<\/strong><\/span><\/h3>\n<p><img fetchpriority=\"high\" decoding=\"async\" class=\"size-full wp-image-7100 aligncenter\" src=\"https:\/\/szlmi.com\/wp-content\/uploads\/2025\/03\/1111.jpg\" alt=\"\" width=\"600\" height=\"1304\" \/><\/p>\n<hr \/>\n<h3><span style=\"color: #336699;\"><strong>Introducci\u00f3n<\/strong><\/span><\/h3>\n<p class=\" translation-block\">Indicador de carga del manipulador de materiales tambi\u00e9n como sistema de pesaje del manipulador de materiales. Cuando el manipulador de materiales est\u00e1 funcionando, es necesario cambiar con frecuencia las condiciones de trabajo de acuerdo con la situaci\u00f3n real en el sitio para las operaciones de elevaci\u00f3n, como cambiar el \u00e1ngulo de elevaci\u00f3n (rango), la altura de elevaci\u00f3n, etc., y el peso de elevaci\u00f3n nominal m\u00e1ximo que se puede levantar en diferentes condiciones y par\u00e1metros de trabajo. Las amplitudes de trabajo m\u00e1ximas y m\u00ednimas son diferentes, por lo que se requiere un conjunto de equipos para monitorear y juzgar exhaustivamente los par\u00e1metros anteriores, y dar instrucciones sobre las condiciones de trabajo de la gr\u00faa, como operaci\u00f3n normal, carga completa, sobrecarga, amplitud excesiva y l\u00edmite inferior, y alarmas y avisos correspondientes. , Control para garantizar el funcionamiento normal de la pinza. El sistema de monitoreo de seguridad del manipulador de materiales hidr\u00e1ulico es el dispositivo de protecci\u00f3n de seguridad aplicado al manipulador de materiales hidr\u00e1ulico en respuesta a los requisitos anteriores.<\/p>\n<hr \/>\n<h3><span style=\"color: #336699;\"><strong>Caracter\u00edsticas<\/strong><\/span><\/h3>\n<ul>\n<li>Visualizaci\u00f3n del peso de la carga<\/li>\n<li>visualizaci\u00f3n del radio<\/li>\n<li>visualizaci\u00f3n de altura<\/li>\n<li>advertencia de altura<\/li>\n<li>advertencia de peso<\/li>\n<li>registro de datos de sobrecarga<\/li>\n<\/ul>\n<hr \/>\n<h3><span style=\"color: #336699;\"><strong>Par\u00e1metros del sistema<\/strong><\/span><\/h3>\n<ul>\n<li style=\"list-style-type: none;\">\n<ul>\n<li>Voltaje de trabajo: DC9-36v;<\/li>\n<li>Temperatura de trabajo: -20\u2103\uff5e+70\u2103;<\/li>\n<li>Temperatura de almacenamiento: -20\u2103\uff5e+70\u2103;<\/li>\n<li>Error del sistema: \u00b13%,<br \/>\nError de visualizaci\u00f3n: \u00b13%<\/li>\n<li>Capacidad de contacto del rel\u00e9: CA 220 V 3 A;<\/li>\n<li>Nivel de protecci\u00f3n: IP65 ;<\/li>\n<\/ul>\n<\/li>\n<\/ul>\n<hr \/>\n<h3><span style=\"color: #336699;\"><strong>Regiones<\/strong><\/span><\/h3>\n<p><img decoding=\"async\" class=\"size-full wp-image-7101 aligncenter\" src=\"https:\/\/szlmi.com\/wp-content\/uploads\/2025\/03\/Fullset.jpg\" alt=\"\" width=\"1000\" height=\"434\" \/><\/p>\n<hr \/>\n<div class=\"ast-oembed-container\" style=\"height: 100%;\"><iframe title=\"Indicador hidr\u00e1ulico de carga del manipulador de materiales\" width=\"500\" height=\"281\" src=\"https:\/\/www.youtube.com\/embed\/9lHFiEIB_04?feature=oembed\" frameborder=\"0\" allow=\"accelerometer; autoplay; clipboard-write; encrypted-media; gyroscope; picture-in-picture; web-share\" referrerpolicy=\"strict-origin-when-cross-origin\" allowfullscreen><\/iframe><\/div>\n<p><img decoding=\"async\" class=\"alignnone wp-image-4369\" src=\"https:\/\/szlmi.com\/wp-content\/uploads\/2020\/08\/Hydraulic-Material-Handler5-scaled.jpg\" alt=\"\" width=\"452\" height=\"603\" srcset=\"https:\/\/szlmi.com\/wp-content\/uploads\/2020\/08\/Hydraulic-Material-Handler5-scaled.jpg 1920w, https:\/\/szlmi.com\/wp-content\/uploads\/2020\/08\/Hydraulic-Material-Handler5-225x300.jpg 225w, https:\/\/szlmi.com\/wp-content\/uploads\/2020\/08\/Hydraulic-Material-Handler5-768x1024.jpg 768w, https:\/\/szlmi.com\/wp-content\/uploads\/2020\/08\/Hydraulic-Material-Handler5-1152x1536.jpg 1152w, https:\/\/szlmi.com\/wp-content\/uploads\/2020\/08\/Hydraulic-Material-Handler5-1536x2048.jpg 1536w, https:\/\/szlmi.com\/wp-content\/uploads\/2020\/08\/Hydraulic-Material-Handler5-9x12.jpg 9w, https:\/\/szlmi.com\/wp-content\/uploads\/2020\/08\/Hydraulic-Material-Handler5-600x800.jpg 600w, https:\/\/szlmi.com\/wp-content\/uploads\/2020\/08\/Hydraulic-Material-Handler5-64x85.jpg 64w\" sizes=\"(max-width: 452px) 100vw, 452px\" \/><\/p>","protected":false},"excerpt":{"rendered":"<p class=\" translation-block\">Indicador de carga del manipulador de materiales tambi\u00e9n como sistema de pesaje del manipulador de materiales. Cuando el manipulador de materiales est\u00e1 funcionando, es necesario cambiar con frecuencia las condiciones de trabajo de acuerdo con la situaci\u00f3n real en el sitio para las operaciones de elevaci\u00f3n, como cambiar el \u00e1ngulo de elevaci\u00f3n (rango), la altura de elevaci\u00f3n, etc., y el peso de elevaci\u00f3n nominal m\u00e1ximo que se puede levantar en diferentes condiciones y par\u00e1metros de trabajo. Las amplitudes de trabajo m\u00e1ximas y m\u00ednimas son diferentes, por lo que se requiere un conjunto de equipos para monitorear y juzgar exhaustivamente los par\u00e1metros anteriores, y dar instrucciones sobre las condiciones de trabajo de la gr\u00faa, como operaci\u00f3n normal, carga completa, sobrecarga, amplitud excesiva y l\u00edmite inferior, y alarmas y avisos correspondientes. , Control para garantizar el funcionamiento normal de la pinza. El sistema de monitoreo de seguridad del manipulador de materiales hidr\u00e1ulico es el dispositivo de protecci\u00f3n de seguridad aplicado al manipulador de materiales hidr\u00e1ulico en respuesta a los requisitos anteriores.<\/p>","protected":false},"featured_media":7098,"template":"","meta":{"_monsterinsights_skip_tracking":false,"_monsterinsights_sitenote_active":false,"_monsterinsights_sitenote_note":"","_monsterinsights_sitenote_category":0,"site-sidebar-layout":"default","site-content-layout":"default","ast-site-content-layout":"default","site-content-style":"default","site-sidebar-style":"default","ast-global-header-display":"","ast-banner-title-visibility":"","ast-main-header-display":"","ast-hfb-above-header-display":"","ast-hfb-below-header-display":"","ast-hfb-mobile-header-display":"","site-post-title":"","ast-breadcrumbs-content":"","ast-featured-img":"","footer-sml-layout":"","theme-transparent-header-meta":"default","adv-header-id-meta":"","stick-header-meta":"","header-above-stick-meta":"","header-main-stick-meta":"","header-below-stick-meta":"","astra-migrate-meta-layouts":"set","ast-page-background-enabled":"default","ast-page-background-meta":{"desktop":{"background-color":"","background-image":"","background-repeat":"repeat","background-position":"center center","background-size":"auto","background-attachment":"scroll","background-type":"","background-media":"","overlay-type":"","overlay-color":"","overlay-opacity":"","overlay-gradient":""},"tablet":{"background-color":"","background-image":"","background-repeat":"repeat","background-position":"center center","background-size":"auto","background-attachment":"scroll","background-type":"","background-media":"","overlay-type":"","overlay-color":"","overlay-opacity":"","overlay-gradient":""},"mobile":{"background-color":"","background-image":"","background-repeat":"repeat","background-position":"center center","background-size":"auto","background-attachment":"scroll","background-type":"","background-media":"","overlay-type":"","overlay-color":"","overlay-opacity":"","overlay-gradient":""}},"ast-content-background-meta":{"desktop":{"background-color":"var(--ast-global-color-5)","background-image":"","background-repeat":"repeat","background-position":"center center","background-size":"auto","background-attachment":"scroll","background-type":"","background-media":"","overlay-type":"","overlay-color":"","overlay-opacity":"","overlay-gradient":""},"tablet":{"background-color":"var(--ast-global-color-5)","background-image":"","background-repeat":"repeat","background-position":"center center","background-size":"auto","background-attachment":"scroll","background-type":"","background-media":"","overlay-type":"","overlay-color":"","overlay-opacity":"","overlay-gradient":""},"mobile":{"background-color":"var(--ast-global-color-5)","background-image":"","background-repeat":"repeat","background-position":"center center","background-size":"auto","background-attachment":"scroll","background-type":"","background-media":"","overlay-type":"","overlay-color":"","overlay-opacity":"","overlay-gradient":""}}},"product_cat":[69,64,68],"product_tag":[137,186,187,87,174,71],"class_list":{"0":"post-3553","1":"product","2":"type-product","3":"status-publish","4":"has-post-thumbnail","6":"product_cat-product","7":"product_cat-load-moment-indicator","8":"product_cat-weighing-system","9":"product_tag-hydraulic-material-handler","10":"product_tag-hydraulic-material-handler-load-indicator","11":"product_tag-hydraulic-material-handlers-scales","12":"product_tag-load-indicator","13":"product_tag-on-board-weighing-system","14":"product_tag-weighing-system","15":"desktop-align-left","16":"tablet-align-left","17":"mobile-align-left","19":"first","20":"instock","21":"shipping-taxable","22":"product-type-simple"},"aioseo_notices":[],"_links":{"self":[{"href":"https:\/\/szlmi.com\/es\/wp-json\/wp\/v2\/product\/3553","targetHints":{"allow":["GET"]}}],"collection":[{"href":"https:\/\/szlmi.com\/es\/wp-json\/wp\/v2\/product"}],"about":[{"href":"https:\/\/szlmi.com\/es\/wp-json\/wp\/v2\/types\/product"}],"wp:featuredmedia":[{"embeddable":true,"href":"https:\/\/szlmi.com\/es\/wp-json\/wp\/v2\/media\/7098"}],"wp:attachment":[{"href":"https:\/\/szlmi.com\/es\/wp-json\/wp\/v2\/media?parent=3553"}],"wp:term":[{"taxonomy":"product_cat","embeddable":true,"href":"https:\/\/szlmi.com\/es\/wp-json\/wp\/v2\/product_cat?post=3553"},{"taxonomy":"product_tag","embeddable":true,"href":"https:\/\/szlmi.com\/es\/wp-json\/wp\/v2\/product_tag?post=3553"}],"curies":[{"name":"wp","href":"https:\/\/api.w.org\/{rel}","templated":true}]}}