{"id":3343,"date":"2025-03-30T23:53:32","date_gmt":"2025-03-31T07:53:32","guid":{"rendered":"http:\/\/wh-ng29fgyvclm5x8xhpsh.my3w.com\/?post_type=product&#038;p=3343"},"modified":"2026-02-25T17:30:12","modified_gmt":"2026-02-26T01:30:12","slug":"loader-electronic-scale","status":"publish","type":"product","link":"https:\/\/szlmi.com\/es\/producto\/loader-electronic-scale\/","title":{"rendered":"B\u00e1scula para cargadoras de ruedas"},"content":{"rendered":"<h1 style=\"text-align: center;\"><span style=\"color: #336699;\"><strong>B\u00e1scula electr\u00f3nica para cargadores<\/strong><\/span><\/h1>\n<h3><span style=\"color: #336699;\"><strong>Descripci\u00f3n de la imagen<\/strong><\/span><\/h3>\n<p><img fetchpriority=\"high\" decoding=\"async\" class=\"size-full wp-image-7118 aligncenter\" src=\"https:\/\/szlmi.com\/wp-content\/uploads\/2025\/03\/\u7ec4\u6210-e1772069378456.jpg\" alt=\"\" width=\"600\" height=\"787\" \/><\/p>\n<hr \/>\n<h3><span style=\"color: #336699;\"><strong>Introducci\u00f3n<\/strong><\/span><\/h3>\n<p>B\u00e1scula para cargadoras de ruedas. El sistema de pesaje para cargadoras de ruedas es un equipo electr\u00f3nico que se instala en cargadoras de ruedas nacionales o importadas para medir la carga. Proporciona informaci\u00f3n diversa, como el valor de la pala y el valor acumulado del material pesado, e imprime una lista. Durante la carga, refleja el volumen de forma din\u00e1mica y sincronizada, lo que ayuda a los clientes a realizar operaciones de pesaje de forma r\u00e1pida y econ\u00f3mica, y a cargar y descargar con precisi\u00f3n. Para evitar sobrecargas y mejorar la eficiencia del trabajo, se utiliza ampliamente en operaciones de manejo de carga a granel, como f\u00e1bricas, minas, ferrocarriles y puertos. Las b\u00e1sculas electr\u00f3nicas para cargadoras son el nombre m\u00e1s com\u00fan para los equipos de pesaje industrial de cargadoras en la industria, y tambi\u00e9n se denominan b\u00e1sculas para cargadoras, b\u00e1sculas para montacargas, b\u00e1sculas electr\u00f3nicas para montacargas, etc.<\/p>\n<p>Principalmente por el host de pantalla, el sensor de presi\u00f3n, el sensor de disparo, tambi\u00e9n se pueden seleccionar seg\u00fan la demanda la impresora, la transmisi\u00f3n remota de datos y otras funciones.<\/p>\n<p>El principio de funcionamiento del sistema es medir los datos de peso durante la carga a trav\u00e9s del sensor instalado en el cargador, que se transmite al instrumento de control de visualizaci\u00f3n de pesaje en la cabina mediante el transmisor de adquisici\u00f3n y conversi\u00f3n de datos; El controlador procesa y analiza los datos y calcula el peso en tiempo real, el peso total, etc.<\/p>\n<hr \/>\n<h3><span style=\"color: #336699;\"><strong>Regiones<\/strong><\/span><\/h3>\n<div id='gallery-1' class='gallery galleryid-3343 gallery-columns-3 gallery-size-thumbnail'><figure class='gallery-item'>\n\t\t\t<div class='gallery-icon landscape'>\n\t\t\t\t<a href='https:\/\/szlmi.com\/es'><img decoding=\"async\" width=\"150\" height=\"150\" src=\"https:\/\/szlmi.com\/wp-content\/uploads\/2021\/03\/\u53d1\u8d27\u5305-150x150.jpg\" class=\"attachment-thumbnail size-thumbnail\" alt=\"\" aria-describedby=\"gallery-1-5047\" srcset=\"https:\/\/szlmi.com\/wp-content\/uploads\/2021\/03\/\u53d1\u8d27\u5305-150x150.jpg 150w, https:\/\/szlmi.com\/wp-content\/uploads\/2021\/03\/\u53d1\u8d27\u5305-300x300.jpg 300w, https:\/\/szlmi.com\/wp-content\/uploads\/2021\/03\/\u53d1\u8d27\u5305-1024x1024.jpg 1024w, https:\/\/szlmi.com\/wp-content\/uploads\/2021\/03\/\u53d1\u8d27\u5305-768x768.jpg 768w, https:\/\/szlmi.com\/wp-content\/uploads\/2021\/03\/\u53d1\u8d27\u5305-1536x1536.jpg 1536w, https:\/\/szlmi.com\/wp-content\/uploads\/2021\/03\/\u53d1\u8d27\u5305-12x12.jpg 12w, https:\/\/szlmi.com\/wp-content\/uploads\/2021\/03\/\u53d1\u8d27\u5305-600x600.jpg 600w, https:\/\/szlmi.com\/wp-content\/uploads\/2021\/03\/\u53d1\u8d27\u5305-100x100.jpg 100w, https:\/\/szlmi.com\/wp-content\/uploads\/2021\/03\/\u53d1\u8d27\u5305-64x64.jpg 64w, https:\/\/szlmi.com\/wp-content\/uploads\/2021\/03\/\u53d1\u8d27\u5305.jpg 1920w\" sizes=\"(max-width: 150px) 100vw, 150px\" \/><\/a>\n\t\t\t<\/div>\n\t\t\t\t<figcaption class='wp-caption-text gallery-caption' id='gallery-1-5047'>\n\t\t\t\tConjunto completo\n\t\t\t\t<\/figcaption><\/figure><figure class='gallery-item'>\n\t\t\t<div class='gallery-icon landscape'>\n\t\t\t\t<a href='https:\/\/szlmi.com\/es\/seezol-technological-innovation-of-wheel-loader-weighing-system\/%e7%bb%84%e6%88%90\/'><img decoding=\"async\" width=\"150\" height=\"150\" src=\"https:\/\/szlmi.com\/wp-content\/uploads\/2025\/05\/\u7ec4\u6210-150x150.jpg\" class=\"attachment-thumbnail size-thumbnail\" alt=\"\" aria-describedby=\"gallery-1-5037\" srcset=\"https:\/\/szlmi.com\/wp-content\/uploads\/2025\/05\/\u7ec4\u6210-150x150.jpg 150w, https:\/\/szlmi.com\/wp-content\/uploads\/2025\/05\/\u7ec4\u6210-300x300.jpg 300w, https:\/\/szlmi.com\/wp-content\/uploads\/2025\/05\/\u7ec4\u6210-100x100.jpg 100w\" sizes=\"(max-width: 150px) 100vw, 150px\" \/><\/a>\n\t\t\t<\/div>\n\t\t\t\t<figcaption class='wp-caption-text gallery-caption' id='gallery-1-5037'>\n\t\t\t\tLugar de instalaci\u00f3n\n\t\t\t\t<\/figcaption><\/figure><figure class='gallery-item'>\n\t\t\t<div class='gallery-icon landscape'>\n\t\t\t\t<a href='https:\/\/szlmi.com\/es'><img loading=\"lazy\" decoding=\"async\" width=\"150\" height=\"150\" src=\"https:\/\/szlmi.com\/wp-content\/uploads\/2021\/03\/\u663e\u793a\u5668-150x150.jpg\" class=\"attachment-thumbnail size-thumbnail\" alt=\"\" aria-describedby=\"gallery-1-5049\" srcset=\"https:\/\/szlmi.com\/wp-content\/uploads\/2021\/03\/\u663e\u793a\u5668-150x150.jpg 150w, https:\/\/szlmi.com\/wp-content\/uploads\/2021\/03\/\u663e\u793a\u5668-300x300.jpg 300w, https:\/\/szlmi.com\/wp-content\/uploads\/2021\/03\/\u663e\u793a\u5668-1024x1024.jpg 1024w, https:\/\/szlmi.com\/wp-content\/uploads\/2021\/03\/\u663e\u793a\u5668-768x768.jpg 768w, https:\/\/szlmi.com\/wp-content\/uploads\/2021\/03\/\u663e\u793a\u5668-1536x1536.jpg 1536w, https:\/\/szlmi.com\/wp-content\/uploads\/2021\/03\/\u663e\u793a\u5668-12x12.jpg 12w, https:\/\/szlmi.com\/wp-content\/uploads\/2021\/03\/\u663e\u793a\u5668-600x600.jpg 600w, https:\/\/szlmi.com\/wp-content\/uploads\/2021\/03\/\u663e\u793a\u5668-100x100.jpg 100w, https:\/\/szlmi.com\/wp-content\/uploads\/2021\/03\/\u663e\u793a\u5668-64x64.jpg 64w, https:\/\/szlmi.com\/wp-content\/uploads\/2021\/03\/\u663e\u793a\u5668.jpg 1920w\" sizes=\"(max-width: 150px) 100vw, 150px\" \/><\/a>\n\t\t\t<\/div>\n\t\t\t\t<figcaption class='wp-caption-text gallery-caption' id='gallery-1-5049'>\n\t\t\t\tMonitor\n\t\t\t\t<\/figcaption><\/figure><figure class='gallery-item'>\n\t\t\t<div class='gallery-icon landscape'>\n\t\t\t\t<a href='https:\/\/szlmi.com\/es'><img loading=\"lazy\" decoding=\"async\" width=\"150\" height=\"150\" src=\"https:\/\/szlmi.com\/wp-content\/uploads\/2021\/03\/3-Pressure-Sensor-150x150.png\" class=\"attachment-thumbnail size-thumbnail\" alt=\"\" aria-describedby=\"gallery-1-4310\" srcset=\"https:\/\/szlmi.com\/wp-content\/uploads\/2021\/03\/3-Pressure-Sensor-150x150.png 150w, https:\/\/szlmi.com\/wp-content\/uploads\/2021\/03\/3-Pressure-Sensor-300x300.png 300w, https:\/\/szlmi.com\/wp-content\/uploads\/2021\/03\/3-Pressure-Sensor-1024x1024.png 1024w, https:\/\/szlmi.com\/wp-content\/uploads\/2021\/03\/3-Pressure-Sensor-768x768.png 768w, https:\/\/szlmi.com\/wp-content\/uploads\/2021\/03\/3-Pressure-Sensor-1536x1536.png 1536w, https:\/\/szlmi.com\/wp-content\/uploads\/2021\/03\/3-Pressure-Sensor-12x12.png 12w, https:\/\/szlmi.com\/wp-content\/uploads\/2021\/03\/3-Pressure-Sensor-600x600.png 600w, https:\/\/szlmi.com\/wp-content\/uploads\/2021\/03\/3-Pressure-Sensor-100x100.png 100w, https:\/\/szlmi.com\/wp-content\/uploads\/2021\/03\/3-Pressure-Sensor-64x64.png 64w, https:\/\/szlmi.com\/wp-content\/uploads\/2021\/03\/3-Pressure-Sensor.png 1920w\" sizes=\"(max-width: 150px) 100vw, 150px\" \/><\/a>\n\t\t\t<\/div>\n\t\t\t\t<figcaption class='wp-caption-text gallery-caption' id='gallery-1-4310'>\n\t\t\t\tSensor de presi\u00f3n\n\t\t\t\t<\/figcaption><\/figure><figure class='gallery-item'>\n\t\t\t<div class='gallery-icon landscape'>\n\t\t\t\t<a href='https:\/\/szlmi.com\/es'><img loading=\"lazy\" decoding=\"async\" width=\"150\" height=\"150\" src=\"https:\/\/szlmi.com\/wp-content\/uploads\/2021\/03\/\u89e6\u53d1-150x150.png\" class=\"attachment-thumbnail size-thumbnail\" alt=\"\" aria-describedby=\"gallery-1-5040\" srcset=\"https:\/\/szlmi.com\/wp-content\/uploads\/2021\/03\/\u89e6\u53d1-150x150.png 150w, https:\/\/szlmi.com\/wp-content\/uploads\/2021\/03\/\u89e6\u53d1-300x300.png 300w, https:\/\/szlmi.com\/wp-content\/uploads\/2021\/03\/\u89e6\u53d1-12x12.png 12w, https:\/\/szlmi.com\/wp-content\/uploads\/2021\/03\/\u89e6\u53d1-100x100.png 100w, https:\/\/szlmi.com\/wp-content\/uploads\/2021\/03\/\u89e6\u53d1-64x64.png 64w, https:\/\/szlmi.com\/wp-content\/uploads\/2021\/03\/\u89e6\u53d1.png 591w\" sizes=\"(max-width: 150px) 100vw, 150px\" \/><\/a>\n\t\t\t<\/div>\n\t\t\t\t<figcaption class='wp-caption-text gallery-caption' id='gallery-1-5040'>\n\t\t\t\tSensor de disparo\n\t\t\t\t<\/figcaption><\/figure><figure class='gallery-item'>\n\t\t\t<div class='gallery-icon landscape'>\n\t\t\t\t<a href='https:\/\/szlmi.com\/es'><img loading=\"lazy\" decoding=\"async\" width=\"150\" height=\"150\" src=\"https:\/\/szlmi.com\/wp-content\/uploads\/2021\/03\/3-Parts-150x150.png\" class=\"attachment-thumbnail size-thumbnail\" alt=\"\" aria-describedby=\"gallery-1-4309\" srcset=\"https:\/\/szlmi.com\/wp-content\/uploads\/2021\/03\/3-Parts-150x150.png 150w, https:\/\/szlmi.com\/wp-content\/uploads\/2021\/03\/3-Parts-300x300.png 300w, https:\/\/szlmi.com\/wp-content\/uploads\/2021\/03\/3-Parts-1024x1024.png 1024w, https:\/\/szlmi.com\/wp-content\/uploads\/2021\/03\/3-Parts-768x768.png 768w, https:\/\/szlmi.com\/wp-content\/uploads\/2021\/03\/3-Parts-1536x1536.png 1536w, https:\/\/szlmi.com\/wp-content\/uploads\/2021\/03\/3-Parts-12x12.png 12w, https:\/\/szlmi.com\/wp-content\/uploads\/2021\/03\/3-Parts-600x600.png 600w, https:\/\/szlmi.com\/wp-content\/uploads\/2021\/03\/3-Parts-100x100.png 100w, https:\/\/szlmi.com\/wp-content\/uploads\/2021\/03\/3-Parts-64x64.png 64w, https:\/\/szlmi.com\/wp-content\/uploads\/2021\/03\/3-Parts.png 1920w\" sizes=\"(max-width: 150px) 100vw, 150px\" \/><\/a>\n\t\t\t<\/div>\n\t\t\t\t<figcaption class='wp-caption-text gallery-caption' id='gallery-1-4309'>\n\t\t\t\tRegiones\n\t\t\t\t<\/figcaption><\/figure>\n\t\t<\/div>\n\n<hr \/>\n<h3><span style=\"color: #336699;\"><strong>Especificaciones t\u00e9cnicas<\/strong><\/span><\/h3>\n<p>Rango de medici\u00f3n: 1 \uff5e 20T (peso de un solo cubo)<\/p>\n<p>Capacidad de resoluci\u00f3n: 0,01T<\/p>\n<p>Precisi\u00f3n combinada: \u00b11 % (fondo de escala)<\/p>\n<p>Voltaje el\u00e9ctrico: DC12-36V\u00a0\u00b1\u00a05%<\/p>\n<p>Temperatura\u00a0: -20\u2103 \u2013\u00a0+70\u2103<\/p>\n<p>Humedad relativa: 90 % (20 \u2103)<\/p>\n<p>Error de acci\u00f3n: &lt;\u00b11 % (fondo de escala)<\/p>\n<p>Protecci\u00f3n de entrada: IP65<\/p>\n<hr \/>\n<h3><span style=\"color: #336699;\"><strong>Casos<\/strong><\/span><\/h3>\n<div id='gallery-2' class='gallery galleryid-3343 gallery-columns-3 gallery-size-thumbnail'><figure class='gallery-item'>\n\t\t\t<div class='gallery-icon portrait'>\n\t\t\t\t<a href='https:\/\/szlmi.com\/es'><img loading=\"lazy\" decoding=\"async\" width=\"150\" height=\"150\" src=\"https:\/\/szlmi.com\/wp-content\/uploads\/2021\/03\/wheel-loader-scale4-150x150.jpg\" class=\"attachment-thumbnail size-thumbnail\" alt=\"\" aria-describedby=\"gallery-2-4361\" srcset=\"https:\/\/szlmi.com\/wp-content\/uploads\/2021\/03\/wheel-loader-scale4-150x150.jpg 150w, https:\/\/szlmi.com\/wp-content\/uploads\/2021\/03\/wheel-loader-scale4-300x300.jpg 300w, https:\/\/szlmi.com\/wp-content\/uploads\/2021\/03\/wheel-loader-scale4-100x100.jpg 100w\" sizes=\"(max-width: 150px) 100vw, 150px\" \/><\/a>\n\t\t\t<\/div>\n\t\t\t\t<figcaption class='wp-caption-text gallery-caption' id='gallery-2-4361'>\n\t\t\t\tb\u00e1scula para cargadoras de ruedas\n\t\t\t\t<\/figcaption><\/figure><figure class='gallery-item'>\n\t\t\t<div class='gallery-icon landscape'>\n\t\t\t\t<a href='https:\/\/szlmi.com\/es'><img loading=\"lazy\" decoding=\"async\" width=\"150\" height=\"150\" src=\"https:\/\/szlmi.com\/wp-content\/uploads\/2021\/03\/\u5fae\u4fe1\u56fe\u7247_20250509152204-150x150.jpg\" class=\"attachment-thumbnail size-thumbnail\" alt=\"\" aria-describedby=\"gallery-2-5041\" srcset=\"https:\/\/szlmi.com\/wp-content\/uploads\/2021\/03\/\u5fae\u4fe1\u56fe\u7247_20250509152204-150x150.jpg 150w, https:\/\/szlmi.com\/wp-content\/uploads\/2021\/03\/\u5fae\u4fe1\u56fe\u7247_20250509152204-300x300.jpg 300w, https:\/\/szlmi.com\/wp-content\/uploads\/2021\/03\/\u5fae\u4fe1\u56fe\u7247_20250509152204-1024x1024.jpg 1024w, https:\/\/szlmi.com\/wp-content\/uploads\/2021\/03\/\u5fae\u4fe1\u56fe\u7247_20250509152204-768x768.jpg 768w, https:\/\/szlmi.com\/wp-content\/uploads\/2021\/03\/\u5fae\u4fe1\u56fe\u7247_20250509152204-12x12.jpg 12w, https:\/\/szlmi.com\/wp-content\/uploads\/2021\/03\/\u5fae\u4fe1\u56fe\u7247_20250509152204-600x600.jpg 600w, https:\/\/szlmi.com\/wp-content\/uploads\/2021\/03\/\u5fae\u4fe1\u56fe\u7247_20250509152204-100x100.jpg 100w, https:\/\/szlmi.com\/wp-content\/uploads\/2021\/03\/\u5fae\u4fe1\u56fe\u7247_20250509152204-64x64.jpg 64w, https:\/\/szlmi.com\/wp-content\/uploads\/2021\/03\/\u5fae\u4fe1\u56fe\u7247_20250509152204.jpg 1080w\" sizes=\"(max-width: 150px) 100vw, 150px\" \/><\/a>\n\t\t\t<\/div>\n\t\t\t\t<figcaption class='wp-caption-text gallery-caption' id='gallery-2-5041'>\n\t\t\t\tb\u00e1scula para cargadoras de ruedas\n\t\t\t\t<\/figcaption><\/figure><figure class='gallery-item'>\n\t\t\t<div class='gallery-icon landscape'>\n\t\t\t\t<a href='https:\/\/szlmi.com\/es'><img loading=\"lazy\" decoding=\"async\" width=\"150\" height=\"150\" src=\"https:\/\/szlmi.com\/wp-content\/uploads\/2021\/03\/\u5fae\u4fe1\u56fe\u7247_20250509152223-150x150.jpg\" class=\"attachment-thumbnail size-thumbnail\" alt=\"\" aria-describedby=\"gallery-2-5042\" srcset=\"https:\/\/szlmi.com\/wp-content\/uploads\/2021\/03\/\u5fae\u4fe1\u56fe\u7247_20250509152223-150x150.jpg 150w, https:\/\/szlmi.com\/wp-content\/uploads\/2021\/03\/\u5fae\u4fe1\u56fe\u7247_20250509152223-300x300.jpg 300w, https:\/\/szlmi.com\/wp-content\/uploads\/2021\/03\/\u5fae\u4fe1\u56fe\u7247_20250509152223-1024x1024.jpg 1024w, https:\/\/szlmi.com\/wp-content\/uploads\/2021\/03\/\u5fae\u4fe1\u56fe\u7247_20250509152223-768x768.jpg 768w, https:\/\/szlmi.com\/wp-content\/uploads\/2021\/03\/\u5fae\u4fe1\u56fe\u7247_20250509152223-12x12.jpg 12w, https:\/\/szlmi.com\/wp-content\/uploads\/2021\/03\/\u5fae\u4fe1\u56fe\u7247_20250509152223-600x600.jpg 600w, https:\/\/szlmi.com\/wp-content\/uploads\/2021\/03\/\u5fae\u4fe1\u56fe\u7247_20250509152223-100x100.jpg 100w, https:\/\/szlmi.com\/wp-content\/uploads\/2021\/03\/\u5fae\u4fe1\u56fe\u7247_20250509152223-64x64.jpg 64w, https:\/\/szlmi.com\/wp-content\/uploads\/2021\/03\/\u5fae\u4fe1\u56fe\u7247_20250509152223.jpg 1120w\" sizes=\"(max-width: 150px) 100vw, 150px\" \/><\/a>\n\t\t\t<\/div>\n\t\t\t\t<figcaption class='wp-caption-text gallery-caption' id='gallery-2-5042'>\n\t\t\t\tb\u00e1scula para cargadoras de ruedas\n\t\t\t\t<\/figcaption><\/figure><figure class='gallery-item'>\n\t\t\t<div class='gallery-icon portrait'>\n\t\t\t\t<a href='https:\/\/szlmi.com\/es'><img loading=\"lazy\" decoding=\"async\" width=\"150\" height=\"150\" src=\"https:\/\/szlmi.com\/wp-content\/uploads\/2021\/03\/\u89e6\u53d1\u4f20\u611f\u5668\u5b89\u88c5\u4f4d\u7f6e-150x150.jpg\" class=\"attachment-thumbnail size-thumbnail\" alt=\"\" aria-describedby=\"gallery-2-5046\" srcset=\"https:\/\/szlmi.com\/wp-content\/uploads\/2021\/03\/\u89e6\u53d1\u4f20\u611f\u5668\u5b89\u88c5\u4f4d\u7f6e-150x150.jpg 150w, https:\/\/szlmi.com\/wp-content\/uploads\/2021\/03\/\u89e6\u53d1\u4f20\u611f\u5668\u5b89\u88c5\u4f4d\u7f6e-298x300.jpg 298w, https:\/\/szlmi.com\/wp-content\/uploads\/2021\/03\/\u89e6\u53d1\u4f20\u611f\u5668\u5b89\u88c5\u4f4d\u7f6e-1018x1024.jpg 1018w, https:\/\/szlmi.com\/wp-content\/uploads\/2021\/03\/\u89e6\u53d1\u4f20\u611f\u5668\u5b89\u88c5\u4f4d\u7f6e-768x772.jpg 768w, https:\/\/szlmi.com\/wp-content\/uploads\/2021\/03\/\u89e6\u53d1\u4f20\u611f\u5668\u5b89\u88c5\u4f4d\u7f6e-12x12.jpg 12w, https:\/\/szlmi.com\/wp-content\/uploads\/2021\/03\/\u89e6\u53d1\u4f20\u611f\u5668\u5b89\u88c5\u4f4d\u7f6e-300x300.jpg 300w, https:\/\/szlmi.com\/wp-content\/uploads\/2021\/03\/\u89e6\u53d1\u4f20\u611f\u5668\u5b89\u88c5\u4f4d\u7f6e-600x603.jpg 600w, https:\/\/szlmi.com\/wp-content\/uploads\/2021\/03\/\u89e6\u53d1\u4f20\u611f\u5668\u5b89\u88c5\u4f4d\u7f6e-100x100.jpg 100w, https:\/\/szlmi.com\/wp-content\/uploads\/2021\/03\/\u89e6\u53d1\u4f20\u611f\u5668\u5b89\u88c5\u4f4d\u7f6e-64x64.jpg 64w, https:\/\/szlmi.com\/wp-content\/uploads\/2021\/03\/\u89e6\u53d1\u4f20\u611f\u5668\u5b89\u88c5\u4f4d\u7f6e.jpg 1080w\" sizes=\"(max-width: 150px) 100vw, 150px\" \/><\/a>\n\t\t\t<\/div>\n\t\t\t\t<figcaption class='wp-caption-text gallery-caption' id='gallery-2-5046'>\n\t\t\t\tb\u00e1scula para cargadoras de ruedas\n\t\t\t\t<\/figcaption><\/figure><figure class='gallery-item'>\n\t\t\t<div class='gallery-icon portrait'>\n\t\t\t\t<a href='https:\/\/szlmi.com\/es'><img loading=\"lazy\" decoding=\"async\" width=\"150\" height=\"150\" src=\"https:\/\/szlmi.com\/wp-content\/uploads\/2021\/03\/8521e7e8bceb1062b835a7e45138e32-150x150.jpg\" class=\"attachment-thumbnail size-thumbnail\" alt=\"\" aria-describedby=\"gallery-2-5050\" srcset=\"https:\/\/szlmi.com\/wp-content\/uploads\/2021\/03\/8521e7e8bceb1062b835a7e45138e32-150x150.jpg 150w, https:\/\/szlmi.com\/wp-content\/uploads\/2021\/03\/8521e7e8bceb1062b835a7e45138e32-300x300.jpg 300w, https:\/\/szlmi.com\/wp-content\/uploads\/2021\/03\/8521e7e8bceb1062b835a7e45138e32-100x100.jpg 100w\" sizes=\"(max-width: 150px) 100vw, 150px\" \/><\/a>\n\t\t\t<\/div>\n\t\t\t\t<figcaption class='wp-caption-text gallery-caption' id='gallery-2-5050'>\n\t\t\t\tb\u00e1scula para cargadoras de ruedas\n\t\t\t\t<\/figcaption><\/figure><figure class='gallery-item'>\n\t\t\t<div class='gallery-icon landscape'>\n\t\t\t\t<a href='https:\/\/szlmi.com\/es'><img loading=\"lazy\" decoding=\"async\" width=\"150\" height=\"150\" src=\"https:\/\/szlmi.com\/wp-content\/uploads\/2021\/03\/135013b72af371e9a0bbc74bdb3fe4f-150x150.png\" class=\"attachment-thumbnail size-thumbnail\" alt=\"\" aria-describedby=\"gallery-2-5051\" srcset=\"https:\/\/szlmi.com\/wp-content\/uploads\/2021\/03\/135013b72af371e9a0bbc74bdb3fe4f-150x150.png 150w, https:\/\/szlmi.com\/wp-content\/uploads\/2021\/03\/135013b72af371e9a0bbc74bdb3fe4f-13x12.png 13w, https:\/\/szlmi.com\/wp-content\/uploads\/2021\/03\/135013b72af371e9a0bbc74bdb3fe4f-300x300.png 300w, https:\/\/szlmi.com\/wp-content\/uploads\/2021\/03\/135013b72af371e9a0bbc74bdb3fe4f-100x100.png 100w\" sizes=\"(max-width: 150px) 100vw, 150px\" \/><\/a>\n\t\t\t<\/div>\n\t\t\t\t<figcaption class='wp-caption-text gallery-caption' id='gallery-2-5051'>\n\t\t\t\tb\u00e1scula para cargadoras de ruedas\n\t\t\t\t<\/figcaption><\/figure>\n\t\t<\/div>\n\n<div class=\"ast-oembed-container\" style=\"height: 100%;\"><iframe title=\"Prueba de precisi\u00f3n de la b\u00e1scula para cargadoras sobre ruedas SZ-LD100\" width=\"500\" height=\"281\" src=\"https:\/\/www.youtube.com\/embed\/39E5JAemMuU?feature=oembed\" frameborder=\"0\" allow=\"accelerometer; autoplay; clipboard-write; encrypted-media; gyroscope; picture-in-picture; web-share\" referrerpolicy=\"strict-origin-when-cross-origin\" allowfullscreen><\/iframe><\/div>","protected":false},"excerpt":{"rendered":"<p>B\u00e1scula para cargadoras de ruedas. El sistema de pesaje para cargadoras de ruedas es un equipo electr\u00f3nico que se instala en cargadoras de ruedas nacionales o importadas para medir la carga. Proporciona informaci\u00f3n diversa, como el valor de la pala y el valor acumulado del material pesado, e imprime una lista. Durante la carga, refleja el volumen de forma din\u00e1mica y sincronizada, lo que ayuda a los clientes a realizar operaciones de pesaje de forma r\u00e1pida y econ\u00f3mica, y a cargar y descargar con precisi\u00f3n. Para evitar sobrecargas y mejorar la eficiencia del trabajo, se utiliza ampliamente en operaciones de manejo de carga a granel, como f\u00e1bricas, minas, ferrocarriles y puertos. Las b\u00e1sculas electr\u00f3nicas para cargadoras son el nombre m\u00e1s com\u00fan para los equipos de pesaje industrial de cargadoras en la industria, y tambi\u00e9n se denominan b\u00e1sculas para cargadoras, b\u00e1sculas para montacargas, b\u00e1sculas electr\u00f3nicas para montacargas, etc.<\/p>","protected":false},"featured_media":5045,"template":"","meta":{"_monsterinsights_skip_tracking":false,"_monsterinsights_sitenote_active":false,"_monsterinsights_sitenote_note":"","_monsterinsights_sitenote_category":0,"site-sidebar-layout":"default","site-content-layout":"default","ast-site-content-layout":"default","site-content-style":"default","site-sidebar-style":"default","ast-global-header-display":"","ast-banner-title-visibility":"","ast-main-header-display":"","ast-hfb-above-header-display":"","ast-hfb-below-header-display":"","ast-hfb-mobile-header-display":"","site-post-title":"","ast-breadcrumbs-content":"","ast-featured-img":"","footer-sml-layout":"","theme-transparent-header-meta":"default","adv-header-id-meta":"","stick-header-meta":"","header-above-stick-meta":"","header-main-stick-meta":"","header-below-stick-meta":"","astra-migrate-meta-layouts":"set","ast-page-background-enabled":"default","ast-page-background-meta":{"desktop":{"background-color":"","background-image":"","background-repeat":"repeat","background-position":"center center","background-size":"auto","background-attachment":"scroll","background-type":"","background-media":"","overlay-type":"","overlay-color":"","overlay-opacity":"","overlay-gradient":""},"tablet":{"background-color":"","background-image":"","background-repeat":"repeat","background-position":"center center","background-size":"auto","background-attachment":"scroll","background-type":"","background-media":"","overlay-type":"","overlay-color":"","overlay-opacity":"","overlay-gradient":""},"mobile":{"background-color":"","background-image":"","background-repeat":"repeat","background-position":"center center","background-size":"auto","background-attachment":"scroll","background-type":"","background-media":"","overlay-type":"","overlay-color":"","overlay-opacity":"","overlay-gradient":""}},"ast-content-background-meta":{"desktop":{"background-color":"var(--ast-global-color-5)","background-image":"","background-repeat":"repeat","background-position":"center center","background-size":"auto","background-attachment":"scroll","background-type":"","background-media":"","overlay-type":"","overlay-color":"","overlay-opacity":"","overlay-gradient":""},"tablet":{"background-color":"var(--ast-global-color-5)","background-image":"","background-repeat":"repeat","background-position":"center center","background-size":"auto","background-attachment":"scroll","background-type":"","background-media":"","overlay-type":"","overlay-color":"","overlay-opacity":"","overlay-gradient":""},"mobile":{"background-color":"var(--ast-global-color-5)","background-image":"","background-repeat":"repeat","background-position":"center center","background-size":"auto","background-attachment":"scroll","background-type":"","background-media":"","overlay-type":"","overlay-color":"","overlay-opacity":"","overlay-gradient":""}}},"product_cat":[69,68],"product_tag":[140,174,184,185],"class_list":{"0":"post-3343","1":"product","2":"type-product","3":"status-publish","4":"has-post-thumbnail","6":"product_cat-product","7":"product_cat-weighing-system","8":"product_tag-loader-electronic-scale","9":"product_tag-on-board-weighing-system","10":"product_tag-wheel-loader-scale","11":"product_tag-wheel-loader-weighing-system","12":"desktop-align-left","13":"tablet-align-left","14":"mobile-align-left","16":"first","17":"instock","18":"shipping-taxable","19":"product-type-simple"},"aioseo_notices":[],"_links":{"self":[{"href":"https:\/\/szlmi.com\/es\/wp-json\/wp\/v2\/product\/3343","targetHints":{"allow":["GET"]}}],"collection":[{"href":"https:\/\/szlmi.com\/es\/wp-json\/wp\/v2\/product"}],"about":[{"href":"https:\/\/szlmi.com\/es\/wp-json\/wp\/v2\/types\/product"}],"wp:featuredmedia":[{"embeddable":true,"href":"https:\/\/szlmi.com\/es\/wp-json\/wp\/v2\/media\/5045"}],"wp:attachment":[{"href":"https:\/\/szlmi.com\/es\/wp-json\/wp\/v2\/media?parent=3343"}],"wp:term":[{"taxonomy":"product_cat","embeddable":true,"href":"https:\/\/szlmi.com\/es\/wp-json\/wp\/v2\/product_cat?post=3343"},{"taxonomy":"product_tag","embeddable":true,"href":"https:\/\/szlmi.com\/es\/wp-json\/wp\/v2\/product_tag?post=3343"}],"curies":[{"name":"wp","href":"https:\/\/api.w.org\/{rel}","templated":true}]}}