{"id":2750,"date":"2025-04-30T20:10:25","date_gmt":"2025-05-01T04:10:25","guid":{"rendered":"http:\/\/wh-ng29fgyvclm5x8xhpsh.my3w.com\/?post_type=product&#038;p=2750"},"modified":"2026-03-29T20:07:02","modified_gmt":"2026-03-30T04:07:02","slug":"excavator-load-moment-indicator","status":"publish","type":"product","link":"https:\/\/szlmi.com\/es\/producto\/excavator-load-moment-indicator\/","title":{"rendered":"Indicador de carga de excavadora (LMI)"},"content":{"rendered":"<h1 style=\"text-align: center;\" class=\" translation-block\">Indicador de carga de la excavadora<\/h1>\n<h3><span style=\"color: #336699;\"><strong>Descripci\u00f3n de la imagen<\/strong><\/span><\/h3>\n<p><img fetchpriority=\"high\" decoding=\"async\" class=\"size-full wp-image-7230 aligncenter\" src=\"https:\/\/szlmi.com\/wp-content\/uploads\/2025\/04\/\u5b89\u88c5\u793a\u610f\u56fe.gif\" alt=\"\" width=\"600\" height=\"391\" \/><\/p>\n<hr \/>\n<h3><span style=\"color: #336699;\"><strong>Introducci\u00f3n<\/strong><\/span><\/h3>\n<p class=\" translation-block\">Indicador de carga de excavadora, tambi\u00e9n llamado indicador de momento de carga (LMI) e indicador de carga segura (SLI). Muestra la altura, la amplitud, el peso, la sobrecarga y otra informaci\u00f3n en el monitor en tiempo real mediante la interfaz de interacci\u00f3n hombre-m\u00e1quina y diversos sensores, para que el operador pueda utilizar la excavadora eficazmente dentro de un rango seguro. Cuando la excavadora excede el rango de seguridad permitido, el sistema emite una alarma para avisar al operador. Es adecuado para excavadoras, pinzas, cargadoras y otros equipos.<\/p>\n<p><img decoding=\"async\" class=\"size-full wp-image-7210 aligncenter\" src=\"https:\/\/szlmi.com\/wp-content\/uploads\/2025\/04\/3-1.jpg\" alt=\"\" width=\"1414\" height=\"2000\" srcset=\"https:\/\/szlmi.com\/wp-content\/uploads\/2025\/04\/3-1.jpg 1414w, https:\/\/szlmi.com\/wp-content\/uploads\/2025\/04\/3-1-212x300.jpg 212w, https:\/\/szlmi.com\/wp-content\/uploads\/2025\/04\/3-1-724x1024.jpg 724w, https:\/\/szlmi.com\/wp-content\/uploads\/2025\/04\/3-1-768x1086.jpg 768w, https:\/\/szlmi.com\/wp-content\/uploads\/2025\/04\/3-1-1086x1536.jpg 1086w, https:\/\/szlmi.com\/wp-content\/uploads\/2025\/04\/3-1-8x12.jpg 8w, https:\/\/szlmi.com\/wp-content\/uploads\/2025\/04\/3-1-600x849.jpg 600w, https:\/\/szlmi.com\/wp-content\/uploads\/2025\/04\/3-1-64x91.jpg 64w\" sizes=\"(max-width: 1414px) 100vw, 1414px\" \/><\/p>\n<hr \/>\n<h3><span style=\"color: #336699;\">Modelos de excavadoras compatibles<\/span><\/h3>\n<p><img decoding=\"async\" class=\"wp-image-4034 size-large\" src=\"https:\/\/szlmi.com\/wp-content\/uploads\/2021\/06\/2016062613445219_\u526f\u672c-1024x195.jpg\" alt=\"indicador de carga de la excavadora\" width=\"1024\" height=\"195\" srcset=\"https:\/\/szlmi.com\/wp-content\/uploads\/2021\/06\/2016062613445219_\u526f\u672c-1024x195.jpg 1024w, https:\/\/szlmi.com\/wp-content\/uploads\/2021\/06\/2016062613445219_\u526f\u672c-300x57.jpg 300w, https:\/\/szlmi.com\/wp-content\/uploads\/2021\/06\/2016062613445219_\u526f\u672c-768x146.jpg 768w, https:\/\/szlmi.com\/wp-content\/uploads\/2021\/06\/2016062613445219_\u526f\u672c-1536x292.jpg 1536w, https:\/\/szlmi.com\/wp-content\/uploads\/2021\/06\/2016062613445219_\u526f\u672c-2048x389.jpg 2048w, https:\/\/szlmi.com\/wp-content\/uploads\/2021\/06\/2016062613445219_\u526f\u672c-18x3.jpg 18w, https:\/\/szlmi.com\/wp-content\/uploads\/2021\/06\/2016062613445219_\u526f\u672c-600x114.jpg 600w, https:\/\/szlmi.com\/wp-content\/uploads\/2021\/06\/2016062613445219_\u526f\u672c-64x12.jpg 64w\" sizes=\"(max-width: 1024px) 100vw, 1024px\" \/><\/p>\n<hr \/>\n<h3><span style=\"color: #336699;\"><strong>Caracter\u00edsticas\u00a0<\/strong><\/span><\/h3>\n<ul>\n<li>F\u00e1cil de instalar, inst\u00e1lelo usted mismo.<\/li>\n<li>Visualizaci\u00f3n de datos de peso, radio y altura<\/li>\n<li>Advertencia de altura, peso y sobrecarga<\/li>\n<li>registro de datos de sobrecarga<\/li>\n<li>Alarma por Audible<\/li>\n<\/ul>\n<hr \/>\n<h3><span style=\"color: #336699;\"><strong>Par\u00e1metros del sistema<\/strong><\/span><\/h3>\n<ul>\n<li>Voltaje de trabajo: DC9-36v;<\/li>\n<li>Temperatura de trabajo: -20\u2103\uff5e+70\u2103;<\/li>\n<li>Temperatura de almacenamiento: -20\u2103\uff5e+70\u2103;<\/li>\n<li>Error del sistema: \u00b13%,<\/li>\n<li>Error de visualizaci\u00f3n: \u00b15%<\/li>\n<li>Capacidad de contacto del rel\u00e9: CA 220 V 3 A;<\/li>\n<li>Nivel de protecci\u00f3n: IP65 ;<\/li>\n<\/ul>\n<hr \/>\n<h3><span style=\"color: #336699;\"><strong>Regiones<\/strong><\/span><\/h3>\n<p><img loading=\"lazy\" decoding=\"async\" class=\"size-full wp-image-7212 aligncenter\" src=\"https:\/\/szlmi.com\/wp-content\/uploads\/2025\/04\/22121.jpg\" alt=\"\" width=\"1200\" height=\"210\" srcset=\"https:\/\/szlmi.com\/wp-content\/uploads\/2025\/04\/22121.jpg 1200w, https:\/\/szlmi.com\/wp-content\/uploads\/2025\/04\/22121-300x53.jpg 300w, https:\/\/szlmi.com\/wp-content\/uploads\/2025\/04\/22121-1024x179.jpg 1024w, https:\/\/szlmi.com\/wp-content\/uploads\/2025\/04\/22121-768x134.jpg 768w, https:\/\/szlmi.com\/wp-content\/uploads\/2025\/04\/22121-18x3.jpg 18w, https:\/\/szlmi.com\/wp-content\/uploads\/2025\/04\/22121-600x105.jpg 600w, https:\/\/szlmi.com\/wp-content\/uploads\/2025\/04\/22121-64x11.jpg 64w\" sizes=\"(max-width: 1200px) 100vw, 1200px\" \/><\/p>\n<hr \/>\n<h3><span style=\"color: #336699;\"><strong>Caso<\/strong><\/span><\/h3>\n<p><img loading=\"lazy\" decoding=\"async\" class=\"size-full wp-image-7211 aligncenter\" src=\"https:\/\/szlmi.com\/wp-content\/uploads\/2025\/04\/\u578b\u53f7\uff1aSZ-E02.jpg\" alt=\"\" width=\"1200\" height=\"478\" srcset=\"https:\/\/szlmi.com\/wp-content\/uploads\/2025\/04\/\u578b\u53f7\uff1aSZ-E02.jpg 1200w, https:\/\/szlmi.com\/wp-content\/uploads\/2025\/04\/\u578b\u53f7\uff1aSZ-E02-300x120.jpg 300w, https:\/\/szlmi.com\/wp-content\/uploads\/2025\/04\/\u578b\u53f7\uff1aSZ-E02-1024x408.jpg 1024w, https:\/\/szlmi.com\/wp-content\/uploads\/2025\/04\/\u578b\u53f7\uff1aSZ-E02-768x306.jpg 768w, https:\/\/szlmi.com\/wp-content\/uploads\/2025\/04\/\u578b\u53f7\uff1aSZ-E02-18x7.jpg 18w, https:\/\/szlmi.com\/wp-content\/uploads\/2025\/04\/\u578b\u53f7\uff1aSZ-E02-600x239.jpg 600w, https:\/\/szlmi.com\/wp-content\/uploads\/2025\/04\/\u578b\u53f7\uff1aSZ-E02-64x25.jpg 64w\" sizes=\"(max-width: 1200px) 100vw, 1200px\" \/><\/p>\n<hr \/>\n<div class=\"ast-oembed-container\" style=\"height: 100%;\"><iframe title=\"indicador de carga de excavadora, indicador de carga segura de excavadora\" width=\"500\" height=\"281\" src=\"https:\/\/www.youtube.com\/embed\/Rg52p0lENpU?feature=oembed\" frameborder=\"0\" allow=\"accelerometer; autoplay; clipboard-write; encrypted-media; gyroscope; picture-in-picture; web-share\" referrerpolicy=\"strict-origin-when-cross-origin\" allowfullscreen><\/iframe><\/div>","protected":false},"excerpt":{"rendered":"<p style=\"text-align: left;\" class=\" translation-block\">Indicador de carga de excavadora, tambi\u00e9n llamado indicador de momento de carga (LMI) e indicador de carga segura (SLI). Muestra la altura, la amplitud, el peso, la sobrecarga y otra informaci\u00f3n en el monitor en tiempo real mediante la interfaz de interacci\u00f3n hombre-m\u00e1quina y diversos sensores, para que el operador pueda utilizar la excavadora eficazmente dentro de un rango seguro. Cuando la excavadora excede el rango de seguridad permitido, el sistema emite una alarma para avisar al operador. Es adecuado para excavadoras, pinzas, cargadoras y otros equipos.<\/p>","protected":false},"featured_media":7323,"template":"","meta":{"_monsterinsights_skip_tracking":false,"_monsterinsights_sitenote_active":false,"_monsterinsights_sitenote_note":"","_monsterinsights_sitenote_category":0,"site-sidebar-layout":"no-sidebar","site-content-layout":"default","ast-site-content-layout":"default","site-content-style":"default","site-sidebar-style":"default","ast-global-header-display":"","ast-banner-title-visibility":"","ast-main-header-display":"","ast-hfb-above-header-display":"","ast-hfb-below-header-display":"","ast-hfb-mobile-header-display":"","site-post-title":"","ast-breadcrumbs-content":"","ast-featured-img":"","footer-sml-layout":"","theme-transparent-header-meta":"enabled","adv-header-id-meta":"","stick-header-meta":"","header-above-stick-meta":"","header-main-stick-meta":"","header-below-stick-meta":"","astra-migrate-meta-layouts":"set","ast-page-background-enabled":"default","ast-page-background-meta":{"desktop":{"background-color":"","background-image":"","background-repeat":"repeat","background-position":"center center","background-size":"auto","background-attachment":"scroll","background-type":"","background-media":"","overlay-type":"","overlay-color":"","overlay-opacity":"","overlay-gradient":""},"tablet":{"background-color":"","background-image":"","background-repeat":"repeat","background-position":"center center","background-size":"auto","background-attachment":"scroll","background-type":"","background-media":"","overlay-type":"","overlay-color":"","overlay-opacity":"","overlay-gradient":""},"mobile":{"background-color":"","background-image":"","background-repeat":"repeat","background-position":"center center","background-size":"auto","background-attachment":"scroll","background-type":"","background-media":"","overlay-type":"","overlay-color":"","overlay-opacity":"","overlay-gradient":""}},"ast-content-background-meta":{"desktop":{"background-color":"var(--ast-global-color-5)","background-image":"","background-repeat":"repeat","background-position":"center center","background-size":"auto","background-attachment":"scroll","background-type":"","background-media":"","overlay-type":"","overlay-color":"","overlay-opacity":"","overlay-gradient":""},"tablet":{"background-color":"var(--ast-global-color-5)","background-image":"","background-repeat":"repeat","background-position":"center center","background-size":"auto","background-attachment":"scroll","background-type":"","background-media":"","overlay-type":"","overlay-color":"","overlay-opacity":"","overlay-gradient":""},"mobile":{"background-color":"var(--ast-global-color-5)","background-image":"","background-repeat":"repeat","background-position":"center center","background-size":"auto","background-attachment":"scroll","background-type":"","background-media":"","overlay-type":"","overlay-color":"","overlay-opacity":"","overlay-gradient":""}}},"product_cat":[69,64],"product_tag":[66,65,87,196],"class_list":{"0":"post-2750","1":"product","2":"type-product","3":"status-publish","4":"has-post-thumbnail","6":"product_cat-product","7":"product_cat-load-moment-indicator","8":"product_tag-excavator-indicator","9":"product_tag-excavator-lmi","10":"product_tag-load-indicator","11":"product_tag-safety-load-indicator-sli","12":"desktop-align-left","13":"tablet-align-left","14":"mobile-align-left","16":"first","17":"instock","18":"shipping-taxable","19":"purchasable","20":"product-type-simple"},"aioseo_notices":[],"_links":{"self":[{"href":"https:\/\/szlmi.com\/es\/wp-json\/wp\/v2\/product\/2750","targetHints":{"allow":["GET"]}}],"collection":[{"href":"https:\/\/szlmi.com\/es\/wp-json\/wp\/v2\/product"}],"about":[{"href":"https:\/\/szlmi.com\/es\/wp-json\/wp\/v2\/types\/product"}],"wp:featuredmedia":[{"embeddable":true,"href":"https:\/\/szlmi.com\/es\/wp-json\/wp\/v2\/media\/7323"}],"wp:attachment":[{"href":"https:\/\/szlmi.com\/es\/wp-json\/wp\/v2\/media?parent=2750"}],"wp:term":[{"taxonomy":"product_cat","embeddable":true,"href":"https:\/\/szlmi.com\/es\/wp-json\/wp\/v2\/product_cat?post=2750"},{"taxonomy":"product_tag","embeddable":true,"href":"https:\/\/szlmi.com\/es\/wp-json\/wp\/v2\/product_tag?post=2750"}],"curies":[{"name":"wp","href":"https:\/\/api.w.org\/{rel}","templated":true}]}}