{"id":2749,"date":"2024-04-01T05:43:08","date_gmt":"2024-04-01T13:43:08","guid":{"rendered":"http:\/\/wh-ng29fgyvclm5x8xhpsh.my3w.com\/?post_type=product&#038;p=2749"},"modified":"2025-11-20T22:39:01","modified_gmt":"2025-11-21T06:39:01","slug":"excavator-weighing-system","status":"publish","type":"product","link":"https:\/\/szlmi.com\/es\/producto\/excavator-weighing-system\/","title":{"rendered":"Sistema de pesaje a bordo de la excavadora"},"content":{"rendered":"<h1 style=\"text-align: center;\"><span style=\"color: #999999;\">Sistema de pesaje a bordo de la excavadora<\/span><\/h1>\n<h3><strong>Descripci\u00f3n de la imagen<\/strong><\/h3>\n<p><img fetchpriority=\"high\" decoding=\"async\" class=\"wp-image-4015 aligncenter\" src=\"https:\/\/szlmi.com\/wp-content\/uploads\/2021\/06\/\u5fae\u4fe1\u56fe\u7247_20231209193229-1024x543.jpg\" alt=\"indicador de carga de la excavadora\" width=\"500\" height=\"265\" srcset=\"https:\/\/szlmi.com\/wp-content\/uploads\/2021\/06\/\u5fae\u4fe1\u56fe\u7247_20231209193229-1024x543.jpg 1024w, https:\/\/szlmi.com\/wp-content\/uploads\/2021\/06\/\u5fae\u4fe1\u56fe\u7247_20231209193229-300x159.jpg 300w, https:\/\/szlmi.com\/wp-content\/uploads\/2021\/06\/\u5fae\u4fe1\u56fe\u7247_20231209193229-768x407.jpg 768w, https:\/\/szlmi.com\/wp-content\/uploads\/2021\/06\/\u5fae\u4fe1\u56fe\u7247_20231209193229-18x10.jpg 18w, https:\/\/szlmi.com\/wp-content\/uploads\/2021\/06\/\u5fae\u4fe1\u56fe\u7247_20231209193229-600x318.jpg 600w, https:\/\/szlmi.com\/wp-content\/uploads\/2021\/06\/\u5fae\u4fe1\u56fe\u7247_20231209193229-64x34.jpg 64w, https:\/\/szlmi.com\/wp-content\/uploads\/2021\/06\/\u5fae\u4fe1\u56fe\u7247_20231209193229.jpg 1190w\" sizes=\"(max-width: 500px) 100vw, 500px\" \/><\/p>\n<h3><strong>Introducci\u00f3n<\/strong><\/h3>\n<p>El <a title=\"Pruebas in situ de la nueva generaci\u00f3n de sistemas de pesaje de excavadoras SEEZOL\" href=\"https:\/\/szlmi.com\/on-site-testing-of-seezol-new-generation-excavator-weighing-system\/\"><strong>Sistema de pesaje a bordo de la excavadora<\/strong><\/a> , Tambi\u00e9n llamado<a title=\"Sistema de pesaje de excavadoras SZ-E300\" href=\"https:\/\/szlmi.com\/product\/excavator-weighing-system-sz-e300\/\"><strong> b\u00e1sculas para excavadoras<\/strong><\/a>Es un dispositivo electr\u00f3nico instalado en la excavadora para calcular el peso. Proporciona informaci\u00f3n diversa de carga, como el valor de la pala individual y el valor acumulado del material pesado, y la muestra. Imprime la lista durante la carga, reflejando din\u00e1mica y sincronizadamente el volumen de carga, lo que ayuda a los clientes a realizar operaciones de pesaje de forma r\u00e1pida y econ\u00f3mica, cargando y descargando con precisi\u00f3n, evitando sobrecargas y mejorando la eficiencia del trabajo. Se utiliza ampliamente en f\u00e1bricas, minas, ferrocarriles, puertos y otras operaciones de carga y descarga de carga a granel.<\/p>\n<p><strong>Nota:<\/strong> Bienvenido a utilizar el nuevo tipo\u00a0 <a href=\"https:\/\/szlmi.com\/product\/excavator-weighing-system-sz-e300\/\">SZ-E300<\/a>, m\u00e1s funciones y es m\u00e1s c\u00f3modo de operar.<\/p>\n<h3>Caso del sistema de pesaje de excavadoras<\/h3>\n<p><img decoding=\"async\" class=\"alignnone wp-image-4363\" src=\"https:\/\/szlmi.com\/wp-content\/uploads\/2024\/04\/excavator-load-.png\" alt=\"\" width=\"658\" height=\"658\" srcset=\"https:\/\/szlmi.com\/wp-content\/uploads\/2024\/04\/excavator-load-.png 1200w, https:\/\/szlmi.com\/wp-content\/uploads\/2024\/04\/excavator-load--300x300.png 300w, https:\/\/szlmi.com\/wp-content\/uploads\/2024\/04\/excavator-load--1024x1024.png 1024w, https:\/\/szlmi.com\/wp-content\/uploads\/2024\/04\/excavator-load--150x150.png 150w, https:\/\/szlmi.com\/wp-content\/uploads\/2024\/04\/excavator-load--768x768.png 768w, https:\/\/szlmi.com\/wp-content\/uploads\/2024\/04\/excavator-load--12x12.png 12w, https:\/\/szlmi.com\/wp-content\/uploads\/2024\/04\/excavator-load--600x600.png 600w, https:\/\/szlmi.com\/wp-content\/uploads\/2024\/04\/excavator-load--100x100.png 100w, https:\/\/szlmi.com\/wp-content\/uploads\/2024\/04\/excavator-load--64x64.png 64w\" sizes=\"(max-width: 658px) 100vw, 658px\" \/><\/p>\n<h3>V\u00eddeo del funcionamiento del sistema de pesaje de excavadoras<\/h3>\n<div class=\"ast-oembed-container\" style=\"height: 100%;\"><iframe title=\"2024E7410670565E5\" width=\"422\" height=\"750\" src=\"https:\/\/www.youtube.com\/embed\/wAxbU6NEuos?feature=oembed\" frameborder=\"0\" allow=\"accelerometer; autoplay; clipboard-write; encrypted-media; gyroscope; picture-in-picture; web-share\" referrerpolicy=\"strict-origin-when-cross-origin\" allowfullscreen><\/iframe><\/div>\n<h3><strong>Caracter\u00edsticas<\/strong><\/h3>\n<ul>\n<li>Peso \u00fanico<\/li>\n<li>Peso acumulado<\/li>\n<li>tiempos de excavaci\u00f3n<\/li>\n<li>Advertencia de sobrecarga<\/li>\n<li>Imprimir recibo<\/li>\n<\/ul>\n<h3><strong>Par\u00e1metros del sistema<\/strong><\/h3>\n<ul>\n<li>rango: 0~100t<\/li>\n<li>Error del sistema: \u00b13%<\/li>\n<li>Error de visualizaci\u00f3n: \u00b15%<\/li>\n<li>modo:Pesaje din\u00e1mico<\/li>\n<li>Nivel de protecci\u00f3n: IP65<\/li>\n<li>Temperatura de trabajo: -20\u2103\uff5e+70\u2103;<\/li>\n<li>Voltaje de trabajo: DC9-36v;<\/li>\n<\/ul>\n<h3><strong>Modelo aplicable<\/strong><\/h3>\n<p>excavadoras de 10 a 100 toneladas, pinzas y cargadoras.<\/p>","protected":false},"excerpt":{"rendered":"<p style=\"text-align: left;\">El <a title=\"Pruebas in situ de la nueva generaci\u00f3n de sistemas de pesaje de excavadoras SEEZOL\" href=\"https:\/\/szlmi.com\/on-site-testing-of-seezol-new-generation-excavator-weighing-system\/\"><strong>Sistema de pesaje a bordo de la excavadora<\/strong><\/a> , Tambi\u00e9n llamado<a title=\"Sistema de pesaje de excavadoras SZ-E300\" href=\"https:\/\/szlmi.com\/product\/excavator-weighing-system-sz-e300\/\"><strong> b\u00e1sculas para excavadoras<\/strong><\/a>Es un dispositivo electr\u00f3nico instalado en la excavadora para calcular el peso. Proporciona informaci\u00f3n diversa de carga, como el valor de la pala individual y el valor acumulado del material pesado, y la muestra. Imprime la lista durante la carga, reflejando din\u00e1mica y sincronizadamente el volumen de carga, lo que ayuda a los clientes a realizar operaciones de pesaje de forma r\u00e1pida y econ\u00f3mica, cargando y descargando con precisi\u00f3n, evitando sobrecargas y mejorando la eficiencia del trabajo. Se utiliza ampliamente en f\u00e1bricas, minas, ferrocarriles, puertos y otras operaciones de carga y descarga de carga a granel.<\/p>","protected":false},"featured_media":4632,"template":"","meta":{"_monsterinsights_skip_tracking":false,"_monsterinsights_sitenote_active":false,"_monsterinsights_sitenote_note":"","_monsterinsights_sitenote_category":0,"site-sidebar-layout":"no-sidebar","site-content-layout":"default","ast-site-content-layout":"default","site-content-style":"default","site-sidebar-style":"default","ast-global-header-display":"","ast-banner-title-visibility":"","ast-main-header-display":"","ast-hfb-above-header-display":"","ast-hfb-below-header-display":"","ast-hfb-mobile-header-display":"","site-post-title":"","ast-breadcrumbs-content":"","ast-featured-img":"","footer-sml-layout":"","theme-transparent-header-meta":"enabled","adv-header-id-meta":"","stick-header-meta":"","header-above-stick-meta":"","header-main-stick-meta":"","header-below-stick-meta":"","astra-migrate-meta-layouts":"set","ast-page-background-enabled":"default","ast-page-background-meta":{"desktop":{"background-color":"","background-image":"","background-repeat":"repeat","background-position":"center center","background-size":"auto","background-attachment":"scroll","background-type":"","background-media":"","overlay-type":"","overlay-color":"","overlay-opacity":"","overlay-gradient":""},"tablet":{"background-color":"","background-image":"","background-repeat":"repeat","background-position":"center center","background-size":"auto","background-attachment":"scroll","background-type":"","background-media":"","overlay-type":"","overlay-color":"","overlay-opacity":"","overlay-gradient":""},"mobile":{"background-color":"","background-image":"","background-repeat":"repeat","background-position":"center center","background-size":"auto","background-attachment":"scroll","background-type":"","background-media":"","overlay-type":"","overlay-color":"","overlay-opacity":"","overlay-gradient":""}},"ast-content-background-meta":{"desktop":{"background-color":"var(--ast-global-color-5)","background-image":"","background-repeat":"repeat","background-position":"center center","background-size":"auto","background-attachment":"scroll","background-type":"","background-media":"","overlay-type":"","overlay-color":"","overlay-opacity":"","overlay-gradient":""},"tablet":{"background-color":"var(--ast-global-color-5)","background-image":"","background-repeat":"repeat","background-position":"center center","background-size":"auto","background-attachment":"scroll","background-type":"","background-media":"","overlay-type":"","overlay-color":"","overlay-opacity":"","overlay-gradient":""},"mobile":{"background-color":"var(--ast-global-color-5)","background-image":"","background-repeat":"repeat","background-position":"center center","background-size":"auto","background-attachment":"scroll","background-type":"","background-media":"","overlay-type":"","overlay-color":"","overlay-opacity":"","overlay-gradient":""}}},"product_cat":[69,68],"product_tag":[73,66,65,72,71],"class_list":{"0":"post-2749","1":"product","2":"type-product","3":"status-publish","4":"has-post-thumbnail","6":"product_cat-product","7":"product_cat-weighing-system","8":"product_tag-electronic-scale","9":"product_tag-excavator-indicator","10":"product_tag-excavator-lmi","11":"product_tag-weighing","12":"product_tag-weighing-system","13":"desktop-align-left","14":"tablet-align-left","15":"mobile-align-left","17":"first","18":"instock","19":"sale","20":"shipping-taxable","21":"purchasable","22":"product-type-simple"},"aioseo_notices":[],"_links":{"self":[{"href":"https:\/\/szlmi.com\/es\/wp-json\/wp\/v2\/product\/2749","targetHints":{"allow":["GET"]}}],"collection":[{"href":"https:\/\/szlmi.com\/es\/wp-json\/wp\/v2\/product"}],"about":[{"href":"https:\/\/szlmi.com\/es\/wp-json\/wp\/v2\/types\/product"}],"wp:featuredmedia":[{"embeddable":true,"href":"https:\/\/szlmi.com\/es\/wp-json\/wp\/v2\/media\/4632"}],"wp:attachment":[{"href":"https:\/\/szlmi.com\/es\/wp-json\/wp\/v2\/media?parent=2749"}],"wp:term":[{"taxonomy":"product_cat","embeddable":true,"href":"https:\/\/szlmi.com\/es\/wp-json\/wp\/v2\/product_cat?post=2749"},{"taxonomy":"product_tag","embeddable":true,"href":"https:\/\/szlmi.com\/es\/wp-json\/wp\/v2\/product_tag?post=2749"}],"curies":[{"name":"wp","href":"https:\/\/api.w.org\/{rel}","templated":true}]}}