{"id":2730,"date":"2021-06-10T04:04:56","date_gmt":"2021-06-10T12:04:56","guid":{"rendered":"http:\/\/wh-ng29fgyvclm5x8xhpsh.my3w.com\/?post_type=product&#038;p=2730"},"modified":"2025-11-20T22:39:29","modified_gmt":"2025-11-21T06:39:29","slug":"truck-weighing-system","status":"publish","type":"product","link":"https:\/\/szlmi.com\/es\/producto\/truck-weighing-system\/","title":{"rendered":"indicador de carga del cami\u00f3n"},"content":{"rendered":"<p><strong>Descripci\u00f3n de la imagen<\/strong><\/p>\n<p><img fetchpriority=\"high\" decoding=\"async\" class=\"wp-image-3174\" src=\"http:\/\/wh-ng29fgyvclm5x8xhpsh.my3w.com\/wp-content\/uploads\/2021\/06\/\u793a\u610f\u56fe-300x159.gif\" alt=\"indicador de sobrecarga de camiones\" width=\"396\" height=\"210\" srcset=\"https:\/\/szlmi.com\/wp-content\/uploads\/2021\/06\/\u793a\u610f\u56fe-300x159.gif 300w, https:\/\/szlmi.com\/wp-content\/uploads\/2021\/06\/\u793a\u610f\u56fe-64x34.gif 64w\" sizes=\"(max-width: 396px) 100vw, 396px\" \/><\/p>\n<p><strong>Introducci\u00f3n<\/strong><\/p>\n<p><a href=\"http:\/\/wh-ng29fgyvclm5x8xhpsh.my3w.com\/\">indicador de carga del cami\u00f3n<\/a> Registra el peso de la carga del veh\u00edculo en tiempo real, lo muestra en la pantalla del veh\u00edculo y lo transmite a la terminal de monitoreo mediante el m\u00f3dulo de transmisi\u00f3n de posicionamiento GPS. Previene la sobrecarga.<\/p>\n<p><strong>Caracter\u00edsticas<\/strong><\/p>\n<ul>\n<li>Peso en tiempo real<\/li>\n<li>Carga nominal<\/li>\n<li>Alarma de sobrecarga<\/li>\n<li>Registro de sobrecarga<\/li>\n<li>Datos remotos<\/li>\n<\/ul>\n<p><strong>Par\u00e1metros del sistema<\/strong><\/p>\n<ul>\n<li>rango: 5~100t<\/li>\n<li>Error del sistema: \u00b13%<\/li>\n<li>Error de visualizaci\u00f3n: \u00b15%<\/li>\n<li>modo:Pesaje din\u00e1mico<\/li>\n<li>Nivel de protecci\u00f3n: IP65<\/li>\n<li>Temperatura de trabajo: -20\u2103\uff5e+70\u2103;<\/li>\n<li>Voltaje de trabajo: DC9-36v;<\/li>\n<\/ul>\n<p><strong>Modelo aplicable<\/strong><\/p>\n<p>Cami\u00f3n de 10 a 100 toneladas, cami\u00f3n volquete, cami\u00f3n de basura y vagoneta minera.<\/p>\n<p>&nbsp;<\/p>\n<p><strong>Escenario de aplicaci\u00f3n<\/strong><\/p>\n<figure id=\"attachment_3021\" class=\"wp-caption alignnone\" aria-describedby=\"caption-attachment-3021\"><figcaption id=\"caption-attachment-3021\" class=\"wp-caption-text\"><img decoding=\"async\" class=\"alignnone size-medium wp-image-3162\" src=\"http:\/\/wh-ng29fgyvclm5x8xhpsh.my3w.com\/wp-content\/uploads\/2021\/06\/excavators-truck-auto-1673927-300x189.jpg\" alt=\"excavadoras, cami\u00f3n, auto-1673927.jpg\" width=\"300\" height=\"189\" srcset=\"https:\/\/szlmi.com\/wp-content\/uploads\/2021\/06\/excavators-truck-auto-1673927-300x189.jpg 300w, https:\/\/szlmi.com\/wp-content\/uploads\/2021\/06\/excavators-truck-auto-1673927-1024x646.jpg 1024w, https:\/\/szlmi.com\/wp-content\/uploads\/2021\/06\/excavators-truck-auto-1673927-768x484.jpg 768w, https:\/\/szlmi.com\/wp-content\/uploads\/2021\/06\/excavators-truck-auto-1673927-600x378.jpg 600w, https:\/\/szlmi.com\/wp-content\/uploads\/2021\/06\/excavators-truck-auto-1673927-64x40.jpg 64w, https:\/\/szlmi.com\/wp-content\/uploads\/2021\/06\/excavators-truck-auto-1673927.jpg 1280w\" sizes=\"(max-width: 300px) 100vw, 300px\" \/><\/figcaption><\/figure>","protected":false},"excerpt":{"rendered":"<p><a href=\"http:\/\/wh-ng29fgyvclm5x8xhpsh.my3w.com\/\">indicador de carga del cami\u00f3n<\/a> Registra el peso de la carga del veh\u00edculo en tiempo real, lo muestra en la pantalla del veh\u00edculo y lo transmite a la terminal de monitoreo mediante el m\u00f3dulo de transmisi\u00f3n de posicionamiento GPS. Previene la sobrecarga.<\/p>","protected":false},"featured_media":4643,"template":"","meta":{"_monsterinsights_skip_tracking":false,"_monsterinsights_sitenote_active":false,"_monsterinsights_sitenote_note":"","_monsterinsights_sitenote_category":0,"site-sidebar-layout":"no-sidebar","site-content-layout":"default","ast-site-content-layout":"default","site-content-style":"default","site-sidebar-style":"default","ast-global-header-display":"","ast-banner-title-visibility":"","ast-main-header-display":"","ast-hfb-above-header-display":"","ast-hfb-below-header-display":"","ast-hfb-mobile-header-display":"","site-post-title":"","ast-breadcrumbs-content":"disabled","ast-featured-img":"","footer-sml-layout":"","theme-transparent-header-meta":"enabled","adv-header-id-meta":"","stick-header-meta":"","header-above-stick-meta":"","header-main-stick-meta":"","header-below-stick-meta":"","astra-migrate-meta-layouts":"set","ast-page-background-enabled":"default","ast-page-background-meta":{"desktop":{"background-color":"","background-image":"","background-repeat":"repeat","background-position":"center center","background-size":"auto","background-attachment":"scroll","background-type":"","background-media":"","overlay-type":"","overlay-color":"","overlay-opacity":"","overlay-gradient":""},"tablet":{"background-color":"","background-image":"","background-repeat":"repeat","background-position":"center center","background-size":"auto","background-attachment":"scroll","background-type":"","background-media":"","overlay-type":"","overlay-color":"","overlay-opacity":"","overlay-gradient":""},"mobile":{"background-color":"","background-image":"","background-repeat":"repeat","background-position":"center center","background-size":"auto","background-attachment":"scroll","background-type":"","background-media":"","overlay-type":"","overlay-color":"","overlay-opacity":"","overlay-gradient":""}},"ast-content-background-meta":{"desktop":{"background-color":"var(--ast-global-color-5)","background-image":"","background-repeat":"repeat","background-position":"center center","background-size":"auto","background-attachment":"scroll","background-type":"","background-media":"","overlay-type":"","overlay-color":"","overlay-opacity":"","overlay-gradient":""},"tablet":{"background-color":"var(--ast-global-color-5)","background-image":"","background-repeat":"repeat","background-position":"center center","background-size":"auto","background-attachment":"scroll","background-type":"","background-media":"","overlay-type":"","overlay-color":"","overlay-opacity":"","overlay-gradient":""},"mobile":{"background-color":"var(--ast-global-color-5)","background-image":"","background-repeat":"repeat","background-position":"center center","background-size":"auto","background-attachment":"scroll","background-type":"","background-media":"","overlay-type":"","overlay-color":"","overlay-opacity":"","overlay-gradient":""}}},"product_cat":[69,68],"product_tag":[66,65,88,75,76,71],"class_list":{"0":"post-2730","1":"product","2":"type-product","3":"status-publish","4":"has-post-thumbnail","6":"product_cat-product","7":"product_cat-weighing-system","8":"product_tag-excavator-indicator","9":"product_tag-excavator-lmi","10":"product_tag-lorry-load-indicator","11":"product_tag-truck-loading","12":"product_tag-truck-overload","13":"product_tag-weighing-system","14":"desktop-align-left","15":"tablet-align-left","16":"mobile-align-left","18":"first","19":"instock","20":"sale","21":"shipping-taxable","22":"purchasable","23":"product-type-simple"},"aioseo_notices":[],"_links":{"self":[{"href":"https:\/\/szlmi.com\/es\/wp-json\/wp\/v2\/product\/2730","targetHints":{"allow":["GET"]}}],"collection":[{"href":"https:\/\/szlmi.com\/es\/wp-json\/wp\/v2\/product"}],"about":[{"href":"https:\/\/szlmi.com\/es\/wp-json\/wp\/v2\/types\/product"}],"wp:featuredmedia":[{"embeddable":true,"href":"https:\/\/szlmi.com\/es\/wp-json\/wp\/v2\/media\/4643"}],"wp:attachment":[{"href":"https:\/\/szlmi.com\/es\/wp-json\/wp\/v2\/media?parent=2730"}],"wp:term":[{"taxonomy":"product_cat","embeddable":true,"href":"https:\/\/szlmi.com\/es\/wp-json\/wp\/v2\/product_cat?post=2730"},{"taxonomy":"product_tag","embeddable":true,"href":"https:\/\/szlmi.com\/es\/wp-json\/wp\/v2\/product_tag?post=2730"}],"curies":[{"name":"wp","href":"https:\/\/api.w.org\/{rel}","templated":true}]}}